{"id":8781,"date":"2023-01-17T11:11:16","date_gmt":"2023-01-17T09:11:16","guid":{"rendered":"http:\/\/actitudpro.com\/cristal-learning-copy\/"},"modified":"2023-01-17T11:11:16","modified_gmt":"2023-01-17T09:11:16","slug":"cristal-learning-copy","status":"publish","type":"page","link":"https:\/\/actitudpro.com\/fr\/cristal-learning-copy\/","title":{"rendered":"CRISTAL LEARNING  Copia"},"content":{"rendered":"","protected":false},"excerpt":{"rendered":"","protected":false},"author":2,"featured_media":0,"parent":0,"menu_order":0,"comment_status":"open","ping_status":"closed","template":"templates\/projects.php","meta":{"_acf_changed":false,"ngg_post_thumbnail":0,"footnotes":""},"class_list":["post-8781","page","type-page","status-publish","hentry"],"acf":[],"yoast_head":"<!-- This site is optimized with the Yoast SEO plugin v25.3.1 - https:\/\/yoast.com\/wordpress\/plugins\/seo\/ -->\n<title>Formaci\u00f3n en Experiencia de Cliente - ActitudPro<\/title>\n<meta name=\"description\" content=\"Technologie propri\u00e9taire visant \u00e0 r\u00e9aliser une exp\u00e9rience d&#039;apprentissage num\u00e9rique identique \u00e0 celle que on a dans une salle de classe \u00e0 l&#039;\u00e9cole ou \u00e0 l&#039;universit\u00e9 : le professeur se tient face \u00e0 l&#039;\u00e9l\u00e8ve, face \u00e0 face, et transmet son savoir \u00e0 l&#039;aide d&#039;un tableau noir (sur lequel il \u00e9crit un texte ou dessin\u00e9 un sch\u00e9ma), ou de tout contenu num\u00e9rique.\" \/>\n<meta name=\"robots\" content=\"index, follow, max-snippet:-1, max-image-preview:large, max-video-preview:-1\" \/>\n<link rel=\"canonical\" href=\"https:\/\/actitudpro.com\/fr\/cristal-learning-copy\/\" \/>\n<meta property=\"og:locale\" content=\"fr_FR\" \/>\n<meta property=\"og:type\" content=\"article\" \/>\n<meta property=\"og:title\" content=\"Formaci\u00f3n en Experiencia de Cliente - ActitudPro\" \/>\n<meta property=\"og:description\" content=\"Technologie propri\u00e9taire visant \u00e0 r\u00e9aliser une exp\u00e9rience d&#039;apprentissage num\u00e9rique identique \u00e0 celle que on a dans une salle de classe \u00e0 l&#039;\u00e9cole ou \u00e0 l&#039;universit\u00e9 : le professeur se tient face \u00e0 l&#039;\u00e9l\u00e8ve, face \u00e0 face, et transmet son savoir \u00e0 l&#039;aide d&#039;un tableau noir (sur lequel il \u00e9crit un texte ou dessin\u00e9 un sch\u00e9ma), ou de tout contenu num\u00e9rique.\" \/>\n<meta property=\"og:url\" content=\"https:\/\/actitudpro.com\/fr\/cristal-learning-copy\/\" \/>\n<meta property=\"og:site_name\" content=\"ActitudPro\" \/>\n<script type=\"application\/ld+json\" class=\"yoast-schema-graph\">{\"@context\":\"https:\/\/schema.org\",\"@graph\":[{\"@type\":\"WebPage\",\"@id\":\"https:\/\/actitudpro.com\/fr\/cristal-learning-copy\/\",\"url\":\"https:\/\/actitudpro.com\/fr\/cristal-learning-copy\/\",\"name\":\"Formaci\u00f3n en Experiencia de Cliente - ActitudPro\",\"isPartOf\":{\"@id\":\"https:\/\/actitudpro.com\/#website\"},\"datePublished\":\"2023-01-17T09:11:16+00:00\",\"description\":\"Technologie propri\u00e9taire visant \u00e0 r\u00e9aliser une exp\u00e9rience d'apprentissage num\u00e9rique identique \u00e0 celle que on a dans une salle de classe \u00e0 l'\u00e9cole ou \u00e0 l'universit\u00e9 : le professeur se tient face \u00e0 l'\u00e9l\u00e8ve, face \u00e0 face, et transmet son savoir \u00e0 l'aide d'un tableau noir (sur lequel il \u00e9crit un texte ou dessin\u00e9 un sch\u00e9ma), ou de tout contenu num\u00e9rique.\",\"breadcrumb\":{\"@id\":\"https:\/\/actitudpro.com\/fr\/cristal-learning-copy\/#breadcrumb\"},\"inLanguage\":\"fr-FR\",\"potentialAction\":[{\"@type\":\"ReadAction\",\"target\":[\"https:\/\/actitudpro.com\/fr\/cristal-learning-copy\/\"]}]},{\"@type\":\"BreadcrumbList\",\"@id\":\"https:\/\/actitudpro.com\/fr\/cristal-learning-copy\/#breadcrumb\",\"itemListElement\":[{\"@type\":\"ListItem\",\"position\":1,\"name\":\"Portada\",\"item\":\"https:\/\/actitudpro.com\/fr\/\"},{\"@type\":\"ListItem\",\"position\":2,\"name\":\"CRISTAL LEARNING Copia\"}]},{\"@type\":\"WebSite\",\"@id\":\"https:\/\/actitudpro.com\/#website\",\"url\":\"https:\/\/actitudpro.com\/\",\"name\":\"ActitudPro\",\"description\":\"Attitude for growth\",\"publisher\":{\"@id\":\"https:\/\/actitudpro.com\/#organization\"},\"potentialAction\":[{\"@type\":\"SearchAction\",\"target\":{\"@type\":\"EntryPoint\",\"urlTemplate\":\"https:\/\/actitudpro.com\/?s={search_term_string}\"},\"query-input\":{\"@type\":\"PropertyValueSpecification\",\"valueRequired\":true,\"valueName\":\"search_term_string\"}}],\"inLanguage\":\"fr-FR\"},{\"@type\":\"Organization\",\"@id\":\"https:\/\/actitudpro.com\/#organization\",\"name\":\"ActitudPro\",\"url\":\"https:\/\/actitudpro.com\/\",\"logo\":{\"@type\":\"ImageObject\",\"inLanguage\":\"fr-FR\",\"@id\":\"https:\/\/actitudpro.com\/#\/schema\/logo\/image\/\",\"url\":\"http:\/\/actitudpro.com\/wp-content\/uploads\/2017\/07\/logo.jpg\",\"contentUrl\":\"http:\/\/actitudpro.com\/wp-content\/uploads\/2017\/07\/logo.jpg\",\"width\":307,\"height\":70,\"caption\":\"ActitudPro\"},\"image\":{\"@id\":\"https:\/\/actitudpro.com\/#\/schema\/logo\/image\/\"}}]}<\/script>\n<!-- \/ Yoast SEO plugin. -->","yoast_head_json":{"title":"Formaci\u00f3n en Experiencia de Cliente - ActitudPro","description":"Technologie propri\u00e9taire visant \u00e0 r\u00e9aliser une exp\u00e9rience d'apprentissage num\u00e9rique identique \u00e0 celle que on a dans une salle de classe \u00e0 l'\u00e9cole ou \u00e0 l'universit\u00e9 : le professeur se tient face \u00e0 l'\u00e9l\u00e8ve, face \u00e0 face, et transmet son savoir \u00e0 l'aide d'un tableau noir (sur lequel il \u00e9crit un texte ou dessin\u00e9 un sch\u00e9ma), ou de tout contenu num\u00e9rique.","robots":{"index":"index","follow":"follow","max-snippet":"max-snippet:-1","max-image-preview":"max-image-preview:large","max-video-preview":"max-video-preview:-1"},"canonical":"https:\/\/actitudpro.com\/fr\/cristal-learning-copy\/","og_locale":"fr_FR","og_type":"article","og_title":"Formaci\u00f3n en Experiencia de Cliente - ActitudPro","og_description":"Technologie propri\u00e9taire visant \u00e0 r\u00e9aliser une exp\u00e9rience d'apprentissage num\u00e9rique identique \u00e0 celle que on a dans une salle de classe \u00e0 l'\u00e9cole ou \u00e0 l'universit\u00e9 : le professeur se tient face \u00e0 l'\u00e9l\u00e8ve, face \u00e0 face, et transmet son savoir \u00e0 l'aide d'un tableau noir (sur lequel il \u00e9crit un texte ou dessin\u00e9 un sch\u00e9ma), ou de tout contenu num\u00e9rique.","og_url":"https:\/\/actitudpro.com\/fr\/cristal-learning-copy\/","og_site_name":"ActitudPro","schema":{"@context":"https:\/\/schema.org","@graph":[{"@type":"WebPage","@id":"https:\/\/actitudpro.com\/fr\/cristal-learning-copy\/","url":"https:\/\/actitudpro.com\/fr\/cristal-learning-copy\/","name":"Formaci\u00f3n en Experiencia de Cliente - ActitudPro","isPartOf":{"@id":"https:\/\/actitudpro.com\/#website"},"datePublished":"2023-01-17T09:11:16+00:00","description":"Technologie propri\u00e9taire visant \u00e0 r\u00e9aliser une exp\u00e9rience d'apprentissage num\u00e9rique identique \u00e0 celle que on a dans une salle de classe \u00e0 l'\u00e9cole ou \u00e0 l'universit\u00e9 : le professeur se tient face \u00e0 l'\u00e9l\u00e8ve, face \u00e0 face, et transmet son savoir \u00e0 l'aide d'un tableau noir (sur lequel il \u00e9crit un texte ou dessin\u00e9 un sch\u00e9ma), ou de tout contenu num\u00e9rique.","breadcrumb":{"@id":"https:\/\/actitudpro.com\/fr\/cristal-learning-copy\/#breadcrumb"},"inLanguage":"fr-FR","potentialAction":[{"@type":"ReadAction","target":["https:\/\/actitudpro.com\/fr\/cristal-learning-copy\/"]}]},{"@type":"BreadcrumbList","@id":"https:\/\/actitudpro.com\/fr\/cristal-learning-copy\/#breadcrumb","itemListElement":[{"@type":"ListItem","position":1,"name":"Portada","item":"https:\/\/actitudpro.com\/fr\/"},{"@type":"ListItem","position":2,"name":"CRISTAL LEARNING Copia"}]},{"@type":"WebSite","@id":"https:\/\/actitudpro.com\/#website","url":"https:\/\/actitudpro.com\/","name":"ActitudPro","description":"Attitude for growth","publisher":{"@id":"https:\/\/actitudpro.com\/#organization"},"potentialAction":[{"@type":"SearchAction","target":{"@type":"EntryPoint","urlTemplate":"https:\/\/actitudpro.com\/?s={search_term_string}"},"query-input":{"@type":"PropertyValueSpecification","valueRequired":true,"valueName":"search_term_string"}}],"inLanguage":"fr-FR"},{"@type":"Organization","@id":"https:\/\/actitudpro.com\/#organization","name":"ActitudPro","url":"https:\/\/actitudpro.com\/","logo":{"@type":"ImageObject","inLanguage":"fr-FR","@id":"https:\/\/actitudpro.com\/#\/schema\/logo\/image\/","url":"http:\/\/actitudpro.com\/wp-content\/uploads\/2017\/07\/logo.jpg","contentUrl":"http:\/\/actitudpro.com\/wp-content\/uploads\/2017\/07\/logo.jpg","width":307,"height":70,"caption":"ActitudPro"},"image":{"@id":"https:\/\/actitudpro.com\/#\/schema\/logo\/image\/"}}]}},"_links":{"self":[{"href":"https:\/\/actitudpro.com\/fr\/wp-json\/wp\/v2\/pages\/8781","targetHints":{"allow":["GET"]}}],"collection":[{"href":"https:\/\/actitudpro.com\/fr\/wp-json\/wp\/v2\/pages"}],"about":[{"href":"https:\/\/actitudpro.com\/fr\/wp-json\/wp\/v2\/types\/page"}],"author":[{"embeddable":true,"href":"https:\/\/actitudpro.com\/fr\/wp-json\/wp\/v2\/users\/2"}],"replies":[{"embeddable":true,"href":"https:\/\/actitudpro.com\/fr\/wp-json\/wp\/v2\/comments?post=8781"}],"version-history":[{"count":0,"href":"https:\/\/actitudpro.com\/fr\/wp-json\/wp\/v2\/pages\/8781\/revisions"}],"wp:attachment":[{"href":"https:\/\/actitudpro.com\/fr\/wp-json\/wp\/v2\/media?parent=8781"}],"curies":[{"name":"wp","href":"https:\/\/api.w.org\/{rel}","templated":true}]}}