{"id":8103,"date":"2013-10-08T10:42:43","date_gmt":"2013-10-08T10:42:43","guid":{"rendered":"http:\/\/actitudpro.com\/contacto\/"},"modified":"2024-07-17T20:34:36","modified_gmt":"2024-07-17T18:34:36","slug":"contacto","status":"publish","type":"page","link":"https:\/\/actitudpro.com\/fr\/contacto\/","title":{"rendered":"Contact"},"content":{"rendered":"<p>NOUS RENFOR\u00c7ONS LES CAPACIT\u00c9S COMMERCIALES DE NOS CLIENTS.<\/p>\n","protected":false},"excerpt":{"rendered":"<p>NOUS RENFOR\u00c7ONS LES CAPACIT\u00c9S COMMERCIALES DE NOS CLIENTS.<\/p>\n","protected":false},"author":1,"featured_media":0,"parent":0,"menu_order":0,"comment_status":"open","ping_status":"closed","template":"templates\/map.php","meta":{"_acf_changed":false,"ngg_post_thumbnail":0,"footnotes":""},"class_list":["post-8103","page","type-page","status-publish","hentry"],"acf":[],"yoast_head":"<!-- This site is optimized with the Yoast SEO plugin v25.3.1 - https:\/\/yoast.com\/wordpress\/plugins\/seo\/ -->\n<title>Cont\u00e1ctanos - ActitudPro<\/title>\n<meta name=\"description\" content=\"Fortalecemos la capacidad comercial de nuestros clientes. Cont\u00e1ctanos para conocer nuestro sistema de consultor\u00eda, formaci\u00f3n y coaching.\" \/>\n<meta name=\"robots\" content=\"index, follow, max-snippet:-1, max-image-preview:large, max-video-preview:-1\" \/>\n<link rel=\"canonical\" href=\"https:\/\/actitudpro.com\/fr\/contacto\/\" \/>\n<meta property=\"og:locale\" content=\"fr_FR\" \/>\n<meta property=\"og:type\" content=\"article\" \/>\n<meta property=\"og:title\" content=\"Cont\u00e1ctanos - ActitudPro\" \/>\n<meta property=\"og:description\" content=\"Fortalecemos la capacidad comercial de nuestros clientes. Cont\u00e1ctanos para conocer nuestro sistema de consultor\u00eda, formaci\u00f3n y coaching.\" \/>\n<meta property=\"og:url\" content=\"https:\/\/actitudpro.com\/fr\/contacto\/\" \/>\n<meta property=\"og:site_name\" content=\"ActitudPro\" \/>\n<meta property=\"article:modified_time\" content=\"2024-07-17T18:34:36+00:00\" \/>\n<meta name=\"twitter:label1\" content=\"Dur\u00e9e de lecture estim\u00e9e\" \/>\n\t<meta name=\"twitter:data1\" content=\"1 minute\" \/>\n<script type=\"application\/ld+json\" class=\"yoast-schema-graph\">{\"@context\":\"https:\/\/schema.org\",\"@graph\":[{\"@type\":\"WebPage\",\"@id\":\"https:\/\/actitudpro.com\/fr\/contacto\/\",\"url\":\"https:\/\/actitudpro.com\/fr\/contacto\/\",\"name\":\"Cont\u00e1ctanos - ActitudPro\",\"isPartOf\":{\"@id\":\"https:\/\/actitudpro.com\/#website\"},\"datePublished\":\"2013-10-08T10:42:43+00:00\",\"dateModified\":\"2024-07-17T18:34:36+00:00\",\"description\":\"Fortalecemos la capacidad comercial de nuestros clientes. Cont\u00e1ctanos para conocer nuestro sistema de consultor\u00eda, formaci\u00f3n y coaching.\",\"breadcrumb\":{\"@id\":\"https:\/\/actitudpro.com\/fr\/contacto\/#breadcrumb\"},\"inLanguage\":\"fr-FR\",\"potentialAction\":[{\"@type\":\"ReadAction\",\"target\":[\"https:\/\/actitudpro.com\/fr\/contacto\/\"]}]},{\"@type\":\"BreadcrumbList\",\"@id\":\"https:\/\/actitudpro.com\/fr\/contacto\/#breadcrumb\",\"itemListElement\":[{\"@type\":\"ListItem\",\"position\":1,\"name\":\"Portada\",\"item\":\"https:\/\/actitudpro.com\/fr\/\"},{\"@type\":\"ListItem\",\"position\":2,\"name\":\"Contact\"}]},{\"@type\":\"WebSite\",\"@id\":\"https:\/\/actitudpro.com\/#website\",\"url\":\"https:\/\/actitudpro.com\/\",\"name\":\"ActitudPro\",\"description\":\"Attitude for growth\",\"publisher\":{\"@id\":\"https:\/\/actitudpro.com\/#organization\"},\"potentialAction\":[{\"@type\":\"SearchAction\",\"target\":{\"@type\":\"EntryPoint\",\"urlTemplate\":\"https:\/\/actitudpro.com\/?s={search_term_string}\"},\"query-input\":{\"@type\":\"PropertyValueSpecification\",\"valueRequired\":true,\"valueName\":\"search_term_string\"}}],\"inLanguage\":\"fr-FR\"},{\"@type\":\"Organization\",\"@id\":\"https:\/\/actitudpro.com\/#organization\",\"name\":\"ActitudPro\",\"url\":\"https:\/\/actitudpro.com\/\",\"logo\":{\"@type\":\"ImageObject\",\"inLanguage\":\"fr-FR\",\"@id\":\"https:\/\/actitudpro.com\/#\/schema\/logo\/image\/\",\"url\":\"http:\/\/actitudpro.com\/wp-content\/uploads\/2017\/07\/logo.jpg\",\"contentUrl\":\"http:\/\/actitudpro.com\/wp-content\/uploads\/2017\/07\/logo.jpg\",\"width\":307,\"height\":70,\"caption\":\"ActitudPro\"},\"image\":{\"@id\":\"https:\/\/actitudpro.com\/#\/schema\/logo\/image\/\"}}]}<\/script>\n<!-- \/ Yoast SEO plugin. -->","yoast_head_json":{"title":"Cont\u00e1ctanos - ActitudPro","description":"Fortalecemos la capacidad comercial de nuestros clientes. Cont\u00e1ctanos para conocer nuestro sistema de consultor\u00eda, formaci\u00f3n y coaching.","robots":{"index":"index","follow":"follow","max-snippet":"max-snippet:-1","max-image-preview":"max-image-preview:large","max-video-preview":"max-video-preview:-1"},"canonical":"https:\/\/actitudpro.com\/fr\/contacto\/","og_locale":"fr_FR","og_type":"article","og_title":"Cont\u00e1ctanos - ActitudPro","og_description":"Fortalecemos la capacidad comercial de nuestros clientes. Cont\u00e1ctanos para conocer nuestro sistema de consultor\u00eda, formaci\u00f3n y coaching.","og_url":"https:\/\/actitudpro.com\/fr\/contacto\/","og_site_name":"ActitudPro","article_modified_time":"2024-07-17T18:34:36+00:00","twitter_misc":{"Dur\u00e9e de lecture estim\u00e9e":"1 minute"},"schema":{"@context":"https:\/\/schema.org","@graph":[{"@type":"WebPage","@id":"https:\/\/actitudpro.com\/fr\/contacto\/","url":"https:\/\/actitudpro.com\/fr\/contacto\/","name":"Cont\u00e1ctanos - ActitudPro","isPartOf":{"@id":"https:\/\/actitudpro.com\/#website"},"datePublished":"2013-10-08T10:42:43+00:00","dateModified":"2024-07-17T18:34:36+00:00","description":"Fortalecemos la capacidad comercial de nuestros clientes. Cont\u00e1ctanos para conocer nuestro sistema de consultor\u00eda, formaci\u00f3n y coaching.","breadcrumb":{"@id":"https:\/\/actitudpro.com\/fr\/contacto\/#breadcrumb"},"inLanguage":"fr-FR","potentialAction":[{"@type":"ReadAction","target":["https:\/\/actitudpro.com\/fr\/contacto\/"]}]},{"@type":"BreadcrumbList","@id":"https:\/\/actitudpro.com\/fr\/contacto\/#breadcrumb","itemListElement":[{"@type":"ListItem","position":1,"name":"Portada","item":"https:\/\/actitudpro.com\/fr\/"},{"@type":"ListItem","position":2,"name":"Contact"}]},{"@type":"WebSite","@id":"https:\/\/actitudpro.com\/#website","url":"https:\/\/actitudpro.com\/","name":"ActitudPro","description":"Attitude for growth","publisher":{"@id":"https:\/\/actitudpro.com\/#organization"},"potentialAction":[{"@type":"SearchAction","target":{"@type":"EntryPoint","urlTemplate":"https:\/\/actitudpro.com\/?s={search_term_string}"},"query-input":{"@type":"PropertyValueSpecification","valueRequired":true,"valueName":"search_term_string"}}],"inLanguage":"fr-FR"},{"@type":"Organization","@id":"https:\/\/actitudpro.com\/#organization","name":"ActitudPro","url":"https:\/\/actitudpro.com\/","logo":{"@type":"ImageObject","inLanguage":"fr-FR","@id":"https:\/\/actitudpro.com\/#\/schema\/logo\/image\/","url":"http:\/\/actitudpro.com\/wp-content\/uploads\/2017\/07\/logo.jpg","contentUrl":"http:\/\/actitudpro.com\/wp-content\/uploads\/2017\/07\/logo.jpg","width":307,"height":70,"caption":"ActitudPro"},"image":{"@id":"https:\/\/actitudpro.com\/#\/schema\/logo\/image\/"}}]}},"_links":{"self":[{"href":"https:\/\/actitudpro.com\/fr\/wp-json\/wp\/v2\/pages\/8103","targetHints":{"allow":["GET"]}}],"collection":[{"href":"https:\/\/actitudpro.com\/fr\/wp-json\/wp\/v2\/pages"}],"about":[{"href":"https:\/\/actitudpro.com\/fr\/wp-json\/wp\/v2\/types\/page"}],"author":[{"embeddable":true,"href":"https:\/\/actitudpro.com\/fr\/wp-json\/wp\/v2\/users\/1"}],"replies":[{"embeddable":true,"href":"https:\/\/actitudpro.com\/fr\/wp-json\/wp\/v2\/comments?post=8103"}],"version-history":[{"count":6,"href":"https:\/\/actitudpro.com\/fr\/wp-json\/wp\/v2\/pages\/8103\/revisions"}],"predecessor-version":[{"id":10469,"href":"https:\/\/actitudpro.com\/fr\/wp-json\/wp\/v2\/pages\/8103\/revisions\/10469"}],"wp:attachment":[{"href":"https:\/\/actitudpro.com\/fr\/wp-json\/wp\/v2\/media?parent=8103"}],"curies":[{"name":"wp","href":"https:\/\/api.w.org\/{rel}","templated":true}]}}