{"id":8099,"date":"2013-10-08T10:42:33","date_gmt":"2013-10-08T10:42:33","guid":{"rendered":"http:\/\/actitudpro.com\/team-building\/"},"modified":"2022-10-28T19:01:36","modified_gmt":"2022-10-28T17:01:36","slug":"team-building","status":"publish","type":"page","link":"https:\/\/actitudpro.com\/fr\/team-building\/","title":{"rendered":"Team Building"},"content":{"rendered":"<p><a href=\"https:\/\/actitudpro.com\/wp-content\/uploads\/2013\/10\/EQUIPOS-Formaci\u00f3n-Team-Building.jpg\"><img fetchpriority=\"high\" decoding=\"async\" class=\"alignnone size-medium wp-image-412\" src=\"https:\/\/actitudpro.com\/wp-content\/uploads\/2013\/10\/EQUIPOS-Formaci\u00f3n-Team-Building-300x224.jpg\" alt=\"Teamwork and team spirit\" width=\"300\" height=\"224\" srcset=\"https:\/\/actitudpro.com\/wp-content\/uploads\/2013\/10\/EQUIPOS-Formaci\u00f3n-Team-Building-300x224.jpg 300w, https:\/\/actitudpro.com\/wp-content\/uploads\/2013\/10\/EQUIPOS-Formaci\u00f3n-Team-Building-600x450.jpg 600w, https:\/\/actitudpro.com\/wp-content\/uploads\/2013\/10\/EQUIPOS-Formaci\u00f3n-Team-Building-1024x767.jpg 1024w, https:\/\/actitudpro.com\/wp-content\/uploads\/2013\/10\/EQUIPOS-Formaci\u00f3n-Team-Building.jpg 1503w\" sizes=\"(max-width: 300px) 100vw, 300px\" \/><\/a><\/p>\n","protected":false},"excerpt":{"rendered":"","protected":false},"author":1,"featured_media":0,"parent":0,"menu_order":0,"comment_status":"open","ping_status":"closed","template":"templates\/projects.php","meta":{"_acf_changed":false,"ngg_post_thumbnail":0,"footnotes":""},"class_list":["post-8099","page","type-page","status-publish","hentry"],"acf":[],"yoast_head":"<!-- This site is optimized with the Yoast SEO plugin v25.3.1 - https:\/\/yoast.com\/wordpress\/plugins\/seo\/ -->\n<title>Trabajo en equipo - ActitudPro<\/title>\n<meta name=\"description\" content=\"Para acelerar el proceso de construcci\u00f3n de un equipo, acompa\u00f1ar a un equipo en momentos clave o mejorar la cohesi\u00f3n y la motivaci\u00f3n del grupo. Para construir un equipo usamos excelentes t\u00e9cnicas de team building y trabajo en equipo.\" \/>\n<meta name=\"robots\" content=\"index, follow, max-snippet:-1, max-image-preview:large, max-video-preview:-1\" \/>\n<link rel=\"canonical\" href=\"https:\/\/actitudpro.com\/fr\/team-building\/\" \/>\n<meta property=\"og:locale\" content=\"fr_FR\" \/>\n<meta property=\"og:type\" content=\"article\" \/>\n<meta property=\"og:title\" content=\"Trabajo en equipo - ActitudPro\" \/>\n<meta property=\"og:description\" content=\"Para acelerar el proceso de construcci\u00f3n de un equipo, acompa\u00f1ar a un equipo en momentos clave o mejorar la cohesi\u00f3n y la motivaci\u00f3n del grupo. Para construir un equipo usamos excelentes t\u00e9cnicas de team building y trabajo en equipo.\" \/>\n<meta property=\"og:url\" content=\"https:\/\/actitudpro.com\/fr\/team-building\/\" \/>\n<meta property=\"og:site_name\" content=\"ActitudPro\" \/>\n<meta property=\"article:modified_time\" content=\"2022-10-28T17:01:36+00:00\" \/>\n<script type=\"application\/ld+json\" class=\"yoast-schema-graph\">{\"@context\":\"https:\/\/schema.org\",\"@graph\":[{\"@type\":\"WebPage\",\"@id\":\"https:\/\/actitudpro.com\/fr\/team-building\/\",\"url\":\"https:\/\/actitudpro.com\/fr\/team-building\/\",\"name\":\"Trabajo en equipo - ActitudPro\",\"isPartOf\":{\"@id\":\"https:\/\/actitudpro.com\/#website\"},\"datePublished\":\"2013-10-08T10:42:33+00:00\",\"dateModified\":\"2022-10-28T17:01:36+00:00\",\"description\":\"Para acelerar el proceso de construcci\u00f3n de un equipo, acompa\u00f1ar a un equipo en momentos clave o mejorar la cohesi\u00f3n y la motivaci\u00f3n del grupo. Para construir un equipo usamos excelentes t\u00e9cnicas de team building y trabajo en equipo.\",\"breadcrumb\":{\"@id\":\"https:\/\/actitudpro.com\/fr\/team-building\/#breadcrumb\"},\"inLanguage\":\"fr-FR\",\"potentialAction\":[{\"@type\":\"ReadAction\",\"target\":[\"https:\/\/actitudpro.com\/fr\/team-building\/\"]}]},{\"@type\":\"BreadcrumbList\",\"@id\":\"https:\/\/actitudpro.com\/fr\/team-building\/#breadcrumb\",\"itemListElement\":[{\"@type\":\"ListItem\",\"position\":1,\"name\":\"Portada\",\"item\":\"https:\/\/actitudpro.com\/fr\/\"},{\"@type\":\"ListItem\",\"position\":2,\"name\":\"Team Building\"}]},{\"@type\":\"WebSite\",\"@id\":\"https:\/\/actitudpro.com\/#website\",\"url\":\"https:\/\/actitudpro.com\/\",\"name\":\"ActitudPro\",\"description\":\"Attitude for growth\",\"publisher\":{\"@id\":\"https:\/\/actitudpro.com\/#organization\"},\"potentialAction\":[{\"@type\":\"SearchAction\",\"target\":{\"@type\":\"EntryPoint\",\"urlTemplate\":\"https:\/\/actitudpro.com\/?s={search_term_string}\"},\"query-input\":{\"@type\":\"PropertyValueSpecification\",\"valueRequired\":true,\"valueName\":\"search_term_string\"}}],\"inLanguage\":\"fr-FR\"},{\"@type\":\"Organization\",\"@id\":\"https:\/\/actitudpro.com\/#organization\",\"name\":\"ActitudPro\",\"url\":\"https:\/\/actitudpro.com\/\",\"logo\":{\"@type\":\"ImageObject\",\"inLanguage\":\"fr-FR\",\"@id\":\"https:\/\/actitudpro.com\/#\/schema\/logo\/image\/\",\"url\":\"http:\/\/actitudpro.com\/wp-content\/uploads\/2017\/07\/logo.jpg\",\"contentUrl\":\"http:\/\/actitudpro.com\/wp-content\/uploads\/2017\/07\/logo.jpg\",\"width\":307,\"height\":70,\"caption\":\"ActitudPro\"},\"image\":{\"@id\":\"https:\/\/actitudpro.com\/#\/schema\/logo\/image\/\"}}]}<\/script>\n<!-- \/ Yoast SEO plugin. -->","yoast_head_json":{"title":"Trabajo en equipo - ActitudPro","description":"Para acelerar el proceso de construcci\u00f3n de un equipo, acompa\u00f1ar a un equipo en momentos clave o mejorar la cohesi\u00f3n y la motivaci\u00f3n del grupo. Para construir un equipo usamos excelentes t\u00e9cnicas de team building y trabajo en equipo.","robots":{"index":"index","follow":"follow","max-snippet":"max-snippet:-1","max-image-preview":"max-image-preview:large","max-video-preview":"max-video-preview:-1"},"canonical":"https:\/\/actitudpro.com\/fr\/team-building\/","og_locale":"fr_FR","og_type":"article","og_title":"Trabajo en equipo - ActitudPro","og_description":"Para acelerar el proceso de construcci\u00f3n de un equipo, acompa\u00f1ar a un equipo en momentos clave o mejorar la cohesi\u00f3n y la motivaci\u00f3n del grupo. Para construir un equipo usamos excelentes t\u00e9cnicas de team building y trabajo en equipo.","og_url":"https:\/\/actitudpro.com\/fr\/team-building\/","og_site_name":"ActitudPro","article_modified_time":"2022-10-28T17:01:36+00:00","schema":{"@context":"https:\/\/schema.org","@graph":[{"@type":"WebPage","@id":"https:\/\/actitudpro.com\/fr\/team-building\/","url":"https:\/\/actitudpro.com\/fr\/team-building\/","name":"Trabajo en equipo - ActitudPro","isPartOf":{"@id":"https:\/\/actitudpro.com\/#website"},"datePublished":"2013-10-08T10:42:33+00:00","dateModified":"2022-10-28T17:01:36+00:00","description":"Para acelerar el proceso de construcci\u00f3n de un equipo, acompa\u00f1ar a un equipo en momentos clave o mejorar la cohesi\u00f3n y la motivaci\u00f3n del grupo. Para construir un equipo usamos excelentes t\u00e9cnicas de team building y trabajo en equipo.","breadcrumb":{"@id":"https:\/\/actitudpro.com\/fr\/team-building\/#breadcrumb"},"inLanguage":"fr-FR","potentialAction":[{"@type":"ReadAction","target":["https:\/\/actitudpro.com\/fr\/team-building\/"]}]},{"@type":"BreadcrumbList","@id":"https:\/\/actitudpro.com\/fr\/team-building\/#breadcrumb","itemListElement":[{"@type":"ListItem","position":1,"name":"Portada","item":"https:\/\/actitudpro.com\/fr\/"},{"@type":"ListItem","position":2,"name":"Team Building"}]},{"@type":"WebSite","@id":"https:\/\/actitudpro.com\/#website","url":"https:\/\/actitudpro.com\/","name":"ActitudPro","description":"Attitude for growth","publisher":{"@id":"https:\/\/actitudpro.com\/#organization"},"potentialAction":[{"@type":"SearchAction","target":{"@type":"EntryPoint","urlTemplate":"https:\/\/actitudpro.com\/?s={search_term_string}"},"query-input":{"@type":"PropertyValueSpecification","valueRequired":true,"valueName":"search_term_string"}}],"inLanguage":"fr-FR"},{"@type":"Organization","@id":"https:\/\/actitudpro.com\/#organization","name":"ActitudPro","url":"https:\/\/actitudpro.com\/","logo":{"@type":"ImageObject","inLanguage":"fr-FR","@id":"https:\/\/actitudpro.com\/#\/schema\/logo\/image\/","url":"http:\/\/actitudpro.com\/wp-content\/uploads\/2017\/07\/logo.jpg","contentUrl":"http:\/\/actitudpro.com\/wp-content\/uploads\/2017\/07\/logo.jpg","width":307,"height":70,"caption":"ActitudPro"},"image":{"@id":"https:\/\/actitudpro.com\/#\/schema\/logo\/image\/"}}]}},"_links":{"self":[{"href":"https:\/\/actitudpro.com\/fr\/wp-json\/wp\/v2\/pages\/8099","targetHints":{"allow":["GET"]}}],"collection":[{"href":"https:\/\/actitudpro.com\/fr\/wp-json\/wp\/v2\/pages"}],"about":[{"href":"https:\/\/actitudpro.com\/fr\/wp-json\/wp\/v2\/types\/page"}],"author":[{"embeddable":true,"href":"https:\/\/actitudpro.com\/fr\/wp-json\/wp\/v2\/users\/1"}],"replies":[{"embeddable":true,"href":"https:\/\/actitudpro.com\/fr\/wp-json\/wp\/v2\/comments?post=8099"}],"version-history":[{"count":4,"href":"https:\/\/actitudpro.com\/fr\/wp-json\/wp\/v2\/pages\/8099\/revisions"}],"predecessor-version":[{"id":8282,"href":"https:\/\/actitudpro.com\/fr\/wp-json\/wp\/v2\/pages\/8099\/revisions\/8282"}],"wp:attachment":[{"href":"https:\/\/actitudpro.com\/fr\/wp-json\/wp\/v2\/media?parent=8099"}],"curies":[{"name":"wp","href":"https:\/\/api.w.org\/{rel}","templated":true}]}}