{"id":8094,"date":"2015-11-30T09:00:39","date_gmt":"2015-11-30T09:00:39","guid":{"rendered":"http:\/\/actitudpro.com\/mindfulness-venta\/"},"modified":"2024-10-14T18:33:47","modified_gmt":"2024-10-14T16:33:47","slug":"mindfulness","status":"publish","type":"page","link":"https:\/\/actitudpro.com\/fr\/mindfulness\/","title":{"rendered":"Mindfulness"},"content":{"rendered":"","protected":false},"excerpt":{"rendered":"","protected":false},"author":2,"featured_media":0,"parent":0,"menu_order":0,"comment_status":"open","ping_status":"closed","template":"templates\/projects.php","meta":{"_acf_changed":false,"ngg_post_thumbnail":0,"footnotes":""},"class_list":["post-8094","page","type-page","status-publish","hentry"],"acf":[],"yoast_head":"<!-- This site is optimized with the Yoast SEO plugin v25.3.1 - https:\/\/yoast.com\/wordpress\/plugins\/seo\/ -->\n<title>Curso de Mindfulness para Empleados en Organizaciones<\/title>\n<meta name=\"description\" content=\"Formaci\u00f3n y cursos de mindfulness y relajaci\u00f3n para gestionar mejor el estr\u00e9s y tomar consciencia de su situaci\u00f3n emocional para posteriormente gestionar las situaciones emocionales con mayor facilidad\" \/>\n<meta name=\"robots\" content=\"index, follow, max-snippet:-1, max-image-preview:large, max-video-preview:-1\" \/>\n<link rel=\"canonical\" href=\"https:\/\/actitudpro.com\/fr\/mindfulness\/\" \/>\n<meta property=\"og:locale\" content=\"fr_FR\" \/>\n<meta property=\"og:type\" content=\"article\" \/>\n<meta property=\"og:title\" content=\"Curso de Mindfulness para Empleados en Organizaciones\" \/>\n<meta property=\"og:description\" content=\"Formaci\u00f3n y cursos de mindfulness y relajaci\u00f3n para gestionar mejor el estr\u00e9s y tomar consciencia de su situaci\u00f3n emocional para posteriormente gestionar las situaciones emocionales con mayor facilidad\" \/>\n<meta property=\"og:url\" content=\"https:\/\/actitudpro.com\/fr\/mindfulness\/\" \/>\n<meta property=\"og:site_name\" content=\"ActitudPro\" \/>\n<meta property=\"article:modified_time\" content=\"2024-10-14T16:33:47+00:00\" \/>\n<script type=\"application\/ld+json\" class=\"yoast-schema-graph\">{\"@context\":\"https:\/\/schema.org\",\"@graph\":[{\"@type\":\"WebPage\",\"@id\":\"https:\/\/actitudpro.com\/fr\/mindfulness\/\",\"url\":\"https:\/\/actitudpro.com\/fr\/mindfulness\/\",\"name\":\"Curso de Mindfulness para Empleados en Organizaciones\",\"isPartOf\":{\"@id\":\"https:\/\/actitudpro.com\/#website\"},\"datePublished\":\"2015-11-30T09:00:39+00:00\",\"dateModified\":\"2024-10-14T16:33:47+00:00\",\"description\":\"Formaci\u00f3n y cursos de mindfulness y relajaci\u00f3n para gestionar mejor el estr\u00e9s y tomar consciencia de su situaci\u00f3n emocional para posteriormente gestionar las situaciones emocionales con mayor facilidad\",\"breadcrumb\":{\"@id\":\"https:\/\/actitudpro.com\/fr\/mindfulness\/#breadcrumb\"},\"inLanguage\":\"fr-FR\",\"potentialAction\":[{\"@type\":\"ReadAction\",\"target\":[\"https:\/\/actitudpro.com\/fr\/mindfulness\/\"]}]},{\"@type\":\"BreadcrumbList\",\"@id\":\"https:\/\/actitudpro.com\/fr\/mindfulness\/#breadcrumb\",\"itemListElement\":[{\"@type\":\"ListItem\",\"position\":1,\"name\":\"Portada\",\"item\":\"https:\/\/actitudpro.com\/fr\/\"},{\"@type\":\"ListItem\",\"position\":2,\"name\":\"Mindfulness\"}]},{\"@type\":\"WebSite\",\"@id\":\"https:\/\/actitudpro.com\/#website\",\"url\":\"https:\/\/actitudpro.com\/\",\"name\":\"ActitudPro\",\"description\":\"Attitude for growth\",\"publisher\":{\"@id\":\"https:\/\/actitudpro.com\/#organization\"},\"potentialAction\":[{\"@type\":\"SearchAction\",\"target\":{\"@type\":\"EntryPoint\",\"urlTemplate\":\"https:\/\/actitudpro.com\/?s={search_term_string}\"},\"query-input\":{\"@type\":\"PropertyValueSpecification\",\"valueRequired\":true,\"valueName\":\"search_term_string\"}}],\"inLanguage\":\"fr-FR\"},{\"@type\":\"Organization\",\"@id\":\"https:\/\/actitudpro.com\/#organization\",\"name\":\"ActitudPro\",\"url\":\"https:\/\/actitudpro.com\/\",\"logo\":{\"@type\":\"ImageObject\",\"inLanguage\":\"fr-FR\",\"@id\":\"https:\/\/actitudpro.com\/#\/schema\/logo\/image\/\",\"url\":\"http:\/\/actitudpro.com\/wp-content\/uploads\/2017\/07\/logo.jpg\",\"contentUrl\":\"http:\/\/actitudpro.com\/wp-content\/uploads\/2017\/07\/logo.jpg\",\"width\":307,\"height\":70,\"caption\":\"ActitudPro\"},\"image\":{\"@id\":\"https:\/\/actitudpro.com\/#\/schema\/logo\/image\/\"}}]}<\/script>\n<!-- \/ Yoast SEO plugin. -->","yoast_head_json":{"title":"Curso de Mindfulness para Empleados en Organizaciones","description":"Formaci\u00f3n y cursos de mindfulness y relajaci\u00f3n para gestionar mejor el estr\u00e9s y tomar consciencia de su situaci\u00f3n emocional para posteriormente gestionar las situaciones emocionales con mayor facilidad","robots":{"index":"index","follow":"follow","max-snippet":"max-snippet:-1","max-image-preview":"max-image-preview:large","max-video-preview":"max-video-preview:-1"},"canonical":"https:\/\/actitudpro.com\/fr\/mindfulness\/","og_locale":"fr_FR","og_type":"article","og_title":"Curso de Mindfulness para Empleados en Organizaciones","og_description":"Formaci\u00f3n y cursos de mindfulness y relajaci\u00f3n para gestionar mejor el estr\u00e9s y tomar consciencia de su situaci\u00f3n emocional para posteriormente gestionar las situaciones emocionales con mayor facilidad","og_url":"https:\/\/actitudpro.com\/fr\/mindfulness\/","og_site_name":"ActitudPro","article_modified_time":"2024-10-14T16:33:47+00:00","schema":{"@context":"https:\/\/schema.org","@graph":[{"@type":"WebPage","@id":"https:\/\/actitudpro.com\/fr\/mindfulness\/","url":"https:\/\/actitudpro.com\/fr\/mindfulness\/","name":"Curso de Mindfulness para Empleados en Organizaciones","isPartOf":{"@id":"https:\/\/actitudpro.com\/#website"},"datePublished":"2015-11-30T09:00:39+00:00","dateModified":"2024-10-14T16:33:47+00:00","description":"Formaci\u00f3n y cursos de mindfulness y relajaci\u00f3n para gestionar mejor el estr\u00e9s y tomar consciencia de su situaci\u00f3n emocional para posteriormente gestionar las situaciones emocionales con mayor facilidad","breadcrumb":{"@id":"https:\/\/actitudpro.com\/fr\/mindfulness\/#breadcrumb"},"inLanguage":"fr-FR","potentialAction":[{"@type":"ReadAction","target":["https:\/\/actitudpro.com\/fr\/mindfulness\/"]}]},{"@type":"BreadcrumbList","@id":"https:\/\/actitudpro.com\/fr\/mindfulness\/#breadcrumb","itemListElement":[{"@type":"ListItem","position":1,"name":"Portada","item":"https:\/\/actitudpro.com\/fr\/"},{"@type":"ListItem","position":2,"name":"Mindfulness"}]},{"@type":"WebSite","@id":"https:\/\/actitudpro.com\/#website","url":"https:\/\/actitudpro.com\/","name":"ActitudPro","description":"Attitude for growth","publisher":{"@id":"https:\/\/actitudpro.com\/#organization"},"potentialAction":[{"@type":"SearchAction","target":{"@type":"EntryPoint","urlTemplate":"https:\/\/actitudpro.com\/?s={search_term_string}"},"query-input":{"@type":"PropertyValueSpecification","valueRequired":true,"valueName":"search_term_string"}}],"inLanguage":"fr-FR"},{"@type":"Organization","@id":"https:\/\/actitudpro.com\/#organization","name":"ActitudPro","url":"https:\/\/actitudpro.com\/","logo":{"@type":"ImageObject","inLanguage":"fr-FR","@id":"https:\/\/actitudpro.com\/#\/schema\/logo\/image\/","url":"http:\/\/actitudpro.com\/wp-content\/uploads\/2017\/07\/logo.jpg","contentUrl":"http:\/\/actitudpro.com\/wp-content\/uploads\/2017\/07\/logo.jpg","width":307,"height":70,"caption":"ActitudPro"},"image":{"@id":"https:\/\/actitudpro.com\/#\/schema\/logo\/image\/"}}]}},"_links":{"self":[{"href":"https:\/\/actitudpro.com\/fr\/wp-json\/wp\/v2\/pages\/8094","targetHints":{"allow":["GET"]}}],"collection":[{"href":"https:\/\/actitudpro.com\/fr\/wp-json\/wp\/v2\/pages"}],"about":[{"href":"https:\/\/actitudpro.com\/fr\/wp-json\/wp\/v2\/types\/page"}],"author":[{"embeddable":true,"href":"https:\/\/actitudpro.com\/fr\/wp-json\/wp\/v2\/users\/2"}],"replies":[{"embeddable":true,"href":"https:\/\/actitudpro.com\/fr\/wp-json\/wp\/v2\/comments?post=8094"}],"version-history":[{"count":5,"href":"https:\/\/actitudpro.com\/fr\/wp-json\/wp\/v2\/pages\/8094\/revisions"}],"predecessor-version":[{"id":10926,"href":"https:\/\/actitudpro.com\/fr\/wp-json\/wp\/v2\/pages\/8094\/revisions\/10926"}],"wp:attachment":[{"href":"https:\/\/actitudpro.com\/fr\/wp-json\/wp\/v2\/media?parent=8094"}],"curies":[{"name":"wp","href":"https:\/\/api.w.org\/{rel}","templated":true}]}}