{"id":8046,"date":"2020-12-15T09:30:04","date_gmt":"2020-12-15T09:30:04","guid":{"rendered":"http:\/\/actitudpro.com\/escape-room-digital\/"},"modified":"2024-10-14T19:16:43","modified_gmt":"2024-10-14T17:16:43","slug":"escape-room-digitale","status":"publish","type":"page","link":"https:\/\/actitudpro.com\/fr\/escape-room-digitale\/","title":{"rendered":"ESCAPE ROOM DIGITALE"},"content":{"rendered":"","protected":false},"excerpt":{"rendered":"","protected":false},"author":1,"featured_media":8475,"parent":0,"menu_order":0,"comment_status":"open","ping_status":"closed","template":"templates\/projects.php","meta":{"_acf_changed":false,"ngg_post_thumbnail":0,"footnotes":""},"class_list":["post-8046","page","type-page","status-publish","has-post-thumbnail","hentry"],"acf":[],"yoast_head":"<!-- This site is optimized with the Yoast SEO plugin v25.3.1 - https:\/\/yoast.com\/wordpress\/plugins\/seo\/ -->\n<title>Escape Room Digital - ActitudPro<\/title>\n<meta name=\"description\" content=\"La dynamique de l&#039;Escape Room, o\u00f9 l&#039;on enferme les participants dans une pi\u00e8ce dont ils ne peuvent sortir qu&#039;en r\u00e9solvant les diff\u00e9rentes \u00e9nigmes, appliqu\u00e9e aux processus de formation ou de s\u00e9lection de profils.\" \/>\n<meta name=\"robots\" content=\"index, follow, max-snippet:-1, max-image-preview:large, max-video-preview:-1\" \/>\n<link rel=\"canonical\" href=\"https:\/\/actitudpro.com\/fr\/escape-room-digitale\/\" \/>\n<meta property=\"og:locale\" content=\"fr_FR\" \/>\n<meta property=\"og:type\" content=\"article\" \/>\n<meta property=\"og:title\" content=\"Escape Room Digital - ActitudPro\" \/>\n<meta property=\"og:description\" content=\"La dynamique de l&#039;Escape Room, o\u00f9 l&#039;on enferme les participants dans une pi\u00e8ce dont ils ne peuvent sortir qu&#039;en r\u00e9solvant les diff\u00e9rentes \u00e9nigmes, appliqu\u00e9e aux processus de formation ou de s\u00e9lection de profils.\" \/>\n<meta property=\"og:url\" content=\"https:\/\/actitudpro.com\/fr\/escape-room-digitale\/\" \/>\n<meta property=\"og:site_name\" content=\"ActitudPro\" \/>\n<meta property=\"article:modified_time\" content=\"2024-10-14T17:16:43+00:00\" \/>\n<meta property=\"og:image\" content=\"https:\/\/actitudpro.com\/wp-content\/uploads\/2022\/11\/digital-earth.jpg\" \/>\n\t<meta property=\"og:image:width\" content=\"1900\" \/>\n\t<meta property=\"og:image:height\" content=\"1156\" \/>\n\t<meta property=\"og:image:type\" content=\"image\/jpeg\" \/>\n<meta name=\"twitter:label1\" content=\"Dur\u00e9e de lecture estim\u00e9e\" \/>\n\t<meta name=\"twitter:data1\" content=\"1 minute\" \/>\n<script type=\"application\/ld+json\" class=\"yoast-schema-graph\">{\"@context\":\"https:\/\/schema.org\",\"@graph\":[{\"@type\":\"WebPage\",\"@id\":\"https:\/\/actitudpro.com\/fr\/escape-room-digitale\/\",\"url\":\"https:\/\/actitudpro.com\/fr\/escape-room-digitale\/\",\"name\":\"Escape Room Digital - ActitudPro\",\"isPartOf\":{\"@id\":\"https:\/\/actitudpro.com\/#website\"},\"primaryImageOfPage\":{\"@id\":\"https:\/\/actitudpro.com\/fr\/escape-room-digitale\/#primaryimage\"},\"image\":{\"@id\":\"https:\/\/actitudpro.com\/fr\/escape-room-digitale\/#primaryimage\"},\"thumbnailUrl\":\"https:\/\/actitudpro.com\/wp-content\/uploads\/2022\/11\/digital-earth.jpg\",\"datePublished\":\"2020-12-15T09:30:04+00:00\",\"dateModified\":\"2024-10-14T17:16:43+00:00\",\"description\":\"La dynamique de l'Escape Room, o\u00f9 l'on enferme les participants dans une pi\u00e8ce dont ils ne peuvent sortir qu'en r\u00e9solvant les diff\u00e9rentes \u00e9nigmes, appliqu\u00e9e aux processus de formation ou de s\u00e9lection de profils.\",\"breadcrumb\":{\"@id\":\"https:\/\/actitudpro.com\/fr\/escape-room-digitale\/#breadcrumb\"},\"inLanguage\":\"fr-FR\",\"potentialAction\":[{\"@type\":\"ReadAction\",\"target\":[\"https:\/\/actitudpro.com\/fr\/escape-room-digitale\/\"]}]},{\"@type\":\"ImageObject\",\"inLanguage\":\"fr-FR\",\"@id\":\"https:\/\/actitudpro.com\/fr\/escape-room-digitale\/#primaryimage\",\"url\":\"https:\/\/actitudpro.com\/wp-content\/uploads\/2022\/11\/digital-earth.jpg\",\"contentUrl\":\"https:\/\/actitudpro.com\/wp-content\/uploads\/2022\/11\/digital-earth.jpg\",\"width\":1900,\"height\":1156},{\"@type\":\"BreadcrumbList\",\"@id\":\"https:\/\/actitudpro.com\/fr\/escape-room-digitale\/#breadcrumb\",\"itemListElement\":[{\"@type\":\"ListItem\",\"position\":1,\"name\":\"Portada\",\"item\":\"https:\/\/actitudpro.com\/fr\/\"},{\"@type\":\"ListItem\",\"position\":2,\"name\":\"ESCAPE ROOM DIGITALE\"}]},{\"@type\":\"WebSite\",\"@id\":\"https:\/\/actitudpro.com\/#website\",\"url\":\"https:\/\/actitudpro.com\/\",\"name\":\"ActitudPro\",\"description\":\"Attitude for growth\",\"publisher\":{\"@id\":\"https:\/\/actitudpro.com\/#organization\"},\"potentialAction\":[{\"@type\":\"SearchAction\",\"target\":{\"@type\":\"EntryPoint\",\"urlTemplate\":\"https:\/\/actitudpro.com\/?s={search_term_string}\"},\"query-input\":{\"@type\":\"PropertyValueSpecification\",\"valueRequired\":true,\"valueName\":\"search_term_string\"}}],\"inLanguage\":\"fr-FR\"},{\"@type\":\"Organization\",\"@id\":\"https:\/\/actitudpro.com\/#organization\",\"name\":\"ActitudPro\",\"url\":\"https:\/\/actitudpro.com\/\",\"logo\":{\"@type\":\"ImageObject\",\"inLanguage\":\"fr-FR\",\"@id\":\"https:\/\/actitudpro.com\/#\/schema\/logo\/image\/\",\"url\":\"http:\/\/actitudpro.com\/wp-content\/uploads\/2017\/07\/logo.jpg\",\"contentUrl\":\"http:\/\/actitudpro.com\/wp-content\/uploads\/2017\/07\/logo.jpg\",\"width\":307,\"height\":70,\"caption\":\"ActitudPro\"},\"image\":{\"@id\":\"https:\/\/actitudpro.com\/#\/schema\/logo\/image\/\"}}]}<\/script>\n<!-- \/ Yoast SEO plugin. -->","yoast_head_json":{"title":"Escape Room Digital - ActitudPro","description":"La dynamique de l'Escape Room, o\u00f9 l'on enferme les participants dans une pi\u00e8ce dont ils ne peuvent sortir qu'en r\u00e9solvant les diff\u00e9rentes \u00e9nigmes, appliqu\u00e9e aux processus de formation ou de s\u00e9lection de profils.","robots":{"index":"index","follow":"follow","max-snippet":"max-snippet:-1","max-image-preview":"max-image-preview:large","max-video-preview":"max-video-preview:-1"},"canonical":"https:\/\/actitudpro.com\/fr\/escape-room-digitale\/","og_locale":"fr_FR","og_type":"article","og_title":"Escape Room Digital - ActitudPro","og_description":"La dynamique de l'Escape Room, o\u00f9 l'on enferme les participants dans une pi\u00e8ce dont ils ne peuvent sortir qu'en r\u00e9solvant les diff\u00e9rentes \u00e9nigmes, appliqu\u00e9e aux processus de formation ou de s\u00e9lection de profils.","og_url":"https:\/\/actitudpro.com\/fr\/escape-room-digitale\/","og_site_name":"ActitudPro","article_modified_time":"2024-10-14T17:16:43+00:00","og_image":[{"width":1900,"height":1156,"url":"https:\/\/actitudpro.com\/wp-content\/uploads\/2022\/11\/digital-earth.jpg","type":"image\/jpeg"}],"twitter_misc":{"Dur\u00e9e de lecture estim\u00e9e":"1 minute"},"schema":{"@context":"https:\/\/schema.org","@graph":[{"@type":"WebPage","@id":"https:\/\/actitudpro.com\/fr\/escape-room-digitale\/","url":"https:\/\/actitudpro.com\/fr\/escape-room-digitale\/","name":"Escape Room Digital - ActitudPro","isPartOf":{"@id":"https:\/\/actitudpro.com\/#website"},"primaryImageOfPage":{"@id":"https:\/\/actitudpro.com\/fr\/escape-room-digitale\/#primaryimage"},"image":{"@id":"https:\/\/actitudpro.com\/fr\/escape-room-digitale\/#primaryimage"},"thumbnailUrl":"https:\/\/actitudpro.com\/wp-content\/uploads\/2022\/11\/digital-earth.jpg","datePublished":"2020-12-15T09:30:04+00:00","dateModified":"2024-10-14T17:16:43+00:00","description":"La dynamique de l'Escape Room, o\u00f9 l'on enferme les participants dans une pi\u00e8ce dont ils ne peuvent sortir qu'en r\u00e9solvant les diff\u00e9rentes \u00e9nigmes, appliqu\u00e9e aux processus de formation ou de s\u00e9lection de profils.","breadcrumb":{"@id":"https:\/\/actitudpro.com\/fr\/escape-room-digitale\/#breadcrumb"},"inLanguage":"fr-FR","potentialAction":[{"@type":"ReadAction","target":["https:\/\/actitudpro.com\/fr\/escape-room-digitale\/"]}]},{"@type":"ImageObject","inLanguage":"fr-FR","@id":"https:\/\/actitudpro.com\/fr\/escape-room-digitale\/#primaryimage","url":"https:\/\/actitudpro.com\/wp-content\/uploads\/2022\/11\/digital-earth.jpg","contentUrl":"https:\/\/actitudpro.com\/wp-content\/uploads\/2022\/11\/digital-earth.jpg","width":1900,"height":1156},{"@type":"BreadcrumbList","@id":"https:\/\/actitudpro.com\/fr\/escape-room-digitale\/#breadcrumb","itemListElement":[{"@type":"ListItem","position":1,"name":"Portada","item":"https:\/\/actitudpro.com\/fr\/"},{"@type":"ListItem","position":2,"name":"ESCAPE ROOM DIGITALE"}]},{"@type":"WebSite","@id":"https:\/\/actitudpro.com\/#website","url":"https:\/\/actitudpro.com\/","name":"ActitudPro","description":"Attitude for growth","publisher":{"@id":"https:\/\/actitudpro.com\/#organization"},"potentialAction":[{"@type":"SearchAction","target":{"@type":"EntryPoint","urlTemplate":"https:\/\/actitudpro.com\/?s={search_term_string}"},"query-input":{"@type":"PropertyValueSpecification","valueRequired":true,"valueName":"search_term_string"}}],"inLanguage":"fr-FR"},{"@type":"Organization","@id":"https:\/\/actitudpro.com\/#organization","name":"ActitudPro","url":"https:\/\/actitudpro.com\/","logo":{"@type":"ImageObject","inLanguage":"fr-FR","@id":"https:\/\/actitudpro.com\/#\/schema\/logo\/image\/","url":"http:\/\/actitudpro.com\/wp-content\/uploads\/2017\/07\/logo.jpg","contentUrl":"http:\/\/actitudpro.com\/wp-content\/uploads\/2017\/07\/logo.jpg","width":307,"height":70,"caption":"ActitudPro"},"image":{"@id":"https:\/\/actitudpro.com\/#\/schema\/logo\/image\/"}}]}},"_links":{"self":[{"href":"https:\/\/actitudpro.com\/fr\/wp-json\/wp\/v2\/pages\/8046","targetHints":{"allow":["GET"]}}],"collection":[{"href":"https:\/\/actitudpro.com\/fr\/wp-json\/wp\/v2\/pages"}],"about":[{"href":"https:\/\/actitudpro.com\/fr\/wp-json\/wp\/v2\/types\/page"}],"author":[{"embeddable":true,"href":"https:\/\/actitudpro.com\/fr\/wp-json\/wp\/v2\/users\/1"}],"replies":[{"embeddable":true,"href":"https:\/\/actitudpro.com\/fr\/wp-json\/wp\/v2\/comments?post=8046"}],"version-history":[{"count":19,"href":"https:\/\/actitudpro.com\/fr\/wp-json\/wp\/v2\/pages\/8046\/revisions"}],"predecessor-version":[{"id":10943,"href":"https:\/\/actitudpro.com\/fr\/wp-json\/wp\/v2\/pages\/8046\/revisions\/10943"}],"wp:featuredmedia":[{"embeddable":true,"href":"https:\/\/actitudpro.com\/fr\/wp-json\/wp\/v2\/media\/8475"}],"wp:attachment":[{"href":"https:\/\/actitudpro.com\/fr\/wp-json\/wp\/v2\/media?parent=8046"}],"curies":[{"name":"wp","href":"https:\/\/api.w.org\/{rel}","templated":true}]}}