{"id":8035,"date":"2021-03-22T08:35:29","date_gmt":"2021-03-22T08:35:29","guid":{"rendered":"http:\/\/actitudpro.com\/corporate-wellness\/"},"modified":"2024-10-14T18:35:54","modified_gmt":"2024-10-14T16:35:54","slug":"corporate-wellness","status":"publish","type":"page","link":"https:\/\/actitudpro.com\/fr\/corporate-wellness\/","title":{"rendered":"Corporate Wellness"},"content":{"rendered":"","protected":false},"excerpt":{"rendered":"","protected":false},"author":1,"featured_media":0,"parent":0,"menu_order":0,"comment_status":"open","ping_status":"closed","template":"templates\/projects.php","meta":{"_acf_changed":false,"ngg_post_thumbnail":0,"footnotes":""},"class_list":["post-8035","page","type-page","status-publish","hentry"],"acf":[],"yoast_head":"<!-- This site is optimized with the Yoast SEO plugin v25.3.1 - https:\/\/yoast.com\/wordpress\/plugins\/seo\/ -->\n<title>Corporate Wellness - ActitudPro<\/title>\n<meta name=\"description\" content=\"Comment faire face \u00e0 la situation caus\u00e9e par la pand\u00e9mie, o\u00f9 la libert\u00e9 a \u00e9t\u00e9 limit\u00e9e et a g\u00e9n\u00e9r\u00e9 une forte d\u00e9pendance au t\u00e9l\u00e9travail.\" \/>\n<meta name=\"robots\" content=\"index, follow, max-snippet:-1, max-image-preview:large, max-video-preview:-1\" \/>\n<link rel=\"canonical\" href=\"https:\/\/actitudpro.com\/fr\/corporate-wellness\/\" \/>\n<meta property=\"og:locale\" content=\"fr_FR\" \/>\n<meta property=\"og:type\" content=\"article\" \/>\n<meta property=\"og:title\" content=\"Corporate Wellness - ActitudPro\" \/>\n<meta property=\"og:description\" content=\"Comment faire face \u00e0 la situation caus\u00e9e par la pand\u00e9mie, o\u00f9 la libert\u00e9 a \u00e9t\u00e9 limit\u00e9e et a g\u00e9n\u00e9r\u00e9 une forte d\u00e9pendance au t\u00e9l\u00e9travail.\" \/>\n<meta property=\"og:url\" content=\"https:\/\/actitudpro.com\/fr\/corporate-wellness\/\" \/>\n<meta property=\"og:site_name\" content=\"ActitudPro\" \/>\n<meta property=\"article:modified_time\" content=\"2024-10-14T16:35:54+00:00\" \/>\n<script type=\"application\/ld+json\" class=\"yoast-schema-graph\">{\"@context\":\"https:\/\/schema.org\",\"@graph\":[{\"@type\":\"WebPage\",\"@id\":\"https:\/\/actitudpro.com\/fr\/corporate-wellness\/\",\"url\":\"https:\/\/actitudpro.com\/fr\/corporate-wellness\/\",\"name\":\"Corporate Wellness - ActitudPro\",\"isPartOf\":{\"@id\":\"https:\/\/actitudpro.com\/#website\"},\"datePublished\":\"2021-03-22T08:35:29+00:00\",\"dateModified\":\"2024-10-14T16:35:54+00:00\",\"description\":\"Comment faire face \u00e0 la situation caus\u00e9e par la pand\u00e9mie, o\u00f9 la libert\u00e9 a \u00e9t\u00e9 limit\u00e9e et a g\u00e9n\u00e9r\u00e9 une forte d\u00e9pendance au t\u00e9l\u00e9travail.\",\"breadcrumb\":{\"@id\":\"https:\/\/actitudpro.com\/fr\/corporate-wellness\/#breadcrumb\"},\"inLanguage\":\"fr-FR\",\"potentialAction\":[{\"@type\":\"ReadAction\",\"target\":[\"https:\/\/actitudpro.com\/fr\/corporate-wellness\/\"]}]},{\"@type\":\"BreadcrumbList\",\"@id\":\"https:\/\/actitudpro.com\/fr\/corporate-wellness\/#breadcrumb\",\"itemListElement\":[{\"@type\":\"ListItem\",\"position\":1,\"name\":\"Portada\",\"item\":\"https:\/\/actitudpro.com\/fr\/\"},{\"@type\":\"ListItem\",\"position\":2,\"name\":\"Corporate Wellness\"}]},{\"@type\":\"WebSite\",\"@id\":\"https:\/\/actitudpro.com\/#website\",\"url\":\"https:\/\/actitudpro.com\/\",\"name\":\"ActitudPro\",\"description\":\"Attitude for growth\",\"publisher\":{\"@id\":\"https:\/\/actitudpro.com\/#organization\"},\"potentialAction\":[{\"@type\":\"SearchAction\",\"target\":{\"@type\":\"EntryPoint\",\"urlTemplate\":\"https:\/\/actitudpro.com\/?s={search_term_string}\"},\"query-input\":{\"@type\":\"PropertyValueSpecification\",\"valueRequired\":true,\"valueName\":\"search_term_string\"}}],\"inLanguage\":\"fr-FR\"},{\"@type\":\"Organization\",\"@id\":\"https:\/\/actitudpro.com\/#organization\",\"name\":\"ActitudPro\",\"url\":\"https:\/\/actitudpro.com\/\",\"logo\":{\"@type\":\"ImageObject\",\"inLanguage\":\"fr-FR\",\"@id\":\"https:\/\/actitudpro.com\/#\/schema\/logo\/image\/\",\"url\":\"http:\/\/actitudpro.com\/wp-content\/uploads\/2017\/07\/logo.jpg\",\"contentUrl\":\"http:\/\/actitudpro.com\/wp-content\/uploads\/2017\/07\/logo.jpg\",\"width\":307,\"height\":70,\"caption\":\"ActitudPro\"},\"image\":{\"@id\":\"https:\/\/actitudpro.com\/#\/schema\/logo\/image\/\"}}]}<\/script>\n<!-- \/ Yoast SEO plugin. -->","yoast_head_json":{"title":"Corporate Wellness - ActitudPro","description":"Comment faire face \u00e0 la situation caus\u00e9e par la pand\u00e9mie, o\u00f9 la libert\u00e9 a \u00e9t\u00e9 limit\u00e9e et a g\u00e9n\u00e9r\u00e9 une forte d\u00e9pendance au t\u00e9l\u00e9travail.","robots":{"index":"index","follow":"follow","max-snippet":"max-snippet:-1","max-image-preview":"max-image-preview:large","max-video-preview":"max-video-preview:-1"},"canonical":"https:\/\/actitudpro.com\/fr\/corporate-wellness\/","og_locale":"fr_FR","og_type":"article","og_title":"Corporate Wellness - ActitudPro","og_description":"Comment faire face \u00e0 la situation caus\u00e9e par la pand\u00e9mie, o\u00f9 la libert\u00e9 a \u00e9t\u00e9 limit\u00e9e et a g\u00e9n\u00e9r\u00e9 une forte d\u00e9pendance au t\u00e9l\u00e9travail.","og_url":"https:\/\/actitudpro.com\/fr\/corporate-wellness\/","og_site_name":"ActitudPro","article_modified_time":"2024-10-14T16:35:54+00:00","schema":{"@context":"https:\/\/schema.org","@graph":[{"@type":"WebPage","@id":"https:\/\/actitudpro.com\/fr\/corporate-wellness\/","url":"https:\/\/actitudpro.com\/fr\/corporate-wellness\/","name":"Corporate Wellness - ActitudPro","isPartOf":{"@id":"https:\/\/actitudpro.com\/#website"},"datePublished":"2021-03-22T08:35:29+00:00","dateModified":"2024-10-14T16:35:54+00:00","description":"Comment faire face \u00e0 la situation caus\u00e9e par la pand\u00e9mie, o\u00f9 la libert\u00e9 a \u00e9t\u00e9 limit\u00e9e et a g\u00e9n\u00e9r\u00e9 une forte d\u00e9pendance au t\u00e9l\u00e9travail.","breadcrumb":{"@id":"https:\/\/actitudpro.com\/fr\/corporate-wellness\/#breadcrumb"},"inLanguage":"fr-FR","potentialAction":[{"@type":"ReadAction","target":["https:\/\/actitudpro.com\/fr\/corporate-wellness\/"]}]},{"@type":"BreadcrumbList","@id":"https:\/\/actitudpro.com\/fr\/corporate-wellness\/#breadcrumb","itemListElement":[{"@type":"ListItem","position":1,"name":"Portada","item":"https:\/\/actitudpro.com\/fr\/"},{"@type":"ListItem","position":2,"name":"Corporate Wellness"}]},{"@type":"WebSite","@id":"https:\/\/actitudpro.com\/#website","url":"https:\/\/actitudpro.com\/","name":"ActitudPro","description":"Attitude for growth","publisher":{"@id":"https:\/\/actitudpro.com\/#organization"},"potentialAction":[{"@type":"SearchAction","target":{"@type":"EntryPoint","urlTemplate":"https:\/\/actitudpro.com\/?s={search_term_string}"},"query-input":{"@type":"PropertyValueSpecification","valueRequired":true,"valueName":"search_term_string"}}],"inLanguage":"fr-FR"},{"@type":"Organization","@id":"https:\/\/actitudpro.com\/#organization","name":"ActitudPro","url":"https:\/\/actitudpro.com\/","logo":{"@type":"ImageObject","inLanguage":"fr-FR","@id":"https:\/\/actitudpro.com\/#\/schema\/logo\/image\/","url":"http:\/\/actitudpro.com\/wp-content\/uploads\/2017\/07\/logo.jpg","contentUrl":"http:\/\/actitudpro.com\/wp-content\/uploads\/2017\/07\/logo.jpg","width":307,"height":70,"caption":"ActitudPro"},"image":{"@id":"https:\/\/actitudpro.com\/#\/schema\/logo\/image\/"}}]}},"_links":{"self":[{"href":"https:\/\/actitudpro.com\/fr\/wp-json\/wp\/v2\/pages\/8035","targetHints":{"allow":["GET"]}}],"collection":[{"href":"https:\/\/actitudpro.com\/fr\/wp-json\/wp\/v2\/pages"}],"about":[{"href":"https:\/\/actitudpro.com\/fr\/wp-json\/wp\/v2\/types\/page"}],"author":[{"embeddable":true,"href":"https:\/\/actitudpro.com\/fr\/wp-json\/wp\/v2\/users\/1"}],"replies":[{"embeddable":true,"href":"https:\/\/actitudpro.com\/fr\/wp-json\/wp\/v2\/comments?post=8035"}],"version-history":[{"count":6,"href":"https:\/\/actitudpro.com\/fr\/wp-json\/wp\/v2\/pages\/8035\/revisions"}],"predecessor-version":[{"id":10927,"href":"https:\/\/actitudpro.com\/fr\/wp-json\/wp\/v2\/pages\/8035\/revisions\/10927"}],"wp:attachment":[{"href":"https:\/\/actitudpro.com\/fr\/wp-json\/wp\/v2\/media?parent=8035"}],"curies":[{"name":"wp","href":"https:\/\/api.w.org\/{rel}","templated":true}]}}