{"id":8031,"date":"2013-10-08T10:32:39","date_gmt":"2013-10-08T10:32:39","guid":{"rendered":"http:\/\/actitudpro.com\/cristal-learning\/"},"modified":"2024-10-14T19:23:38","modified_gmt":"2024-10-14T17:23:38","slug":"cristal-learning","status":"publish","type":"page","link":"https:\/\/actitudpro.com\/fr\/cristal-learning\/","title":{"rendered":"CRISTAL LEARNING"},"content":{"rendered":"","protected":false},"excerpt":{"rendered":"","protected":false},"author":1,"featured_media":7565,"parent":0,"menu_order":0,"comment_status":"open","ping_status":"closed","template":"templates\/projects.php","meta":{"_acf_changed":false,"ngg_post_thumbnail":0,"footnotes":""},"class_list":["post-8031","page","type-page","status-publish","has-post-thumbnail","hentry"],"acf":[],"yoast_head":"<!-- This site is optimized with the Yoast SEO plugin v25.3.1 - https:\/\/yoast.com\/wordpress\/plugins\/seo\/ -->\n<title>Formaci\u00f3n en Experiencia de Cliente - ActitudPro<\/title>\n<meta name=\"description\" content=\"Technologie propri\u00e9taire visant \u00e0 r\u00e9aliser une exp\u00e9rience d&#039;apprentissage num\u00e9rique identique \u00e0 celle que on a dans une salle de classe \u00e0 l&#039;\u00e9cole ou \u00e0 l&#039;universit\u00e9 : le professeur se tient face \u00e0 l&#039;\u00e9l\u00e8ve, face \u00e0 face, et transmet son savoir \u00e0 l&#039;aide d&#039;un tableau noir (sur lequel il \u00e9crit un texte ou dessin\u00e9 un sch\u00e9ma), ou de tout contenu num\u00e9rique.\" \/>\n<meta name=\"robots\" content=\"index, follow, max-snippet:-1, max-image-preview:large, max-video-preview:-1\" \/>\n<link rel=\"canonical\" href=\"https:\/\/actitudpro.com\/fr\/cristal-learning\/\" \/>\n<meta property=\"og:locale\" content=\"fr_FR\" \/>\n<meta property=\"og:type\" content=\"article\" \/>\n<meta property=\"og:title\" content=\"Formaci\u00f3n en Experiencia de Cliente - ActitudPro\" \/>\n<meta property=\"og:description\" content=\"Technologie propri\u00e9taire visant \u00e0 r\u00e9aliser une exp\u00e9rience d&#039;apprentissage num\u00e9rique identique \u00e0 celle que on a dans une salle de classe \u00e0 l&#039;\u00e9cole ou \u00e0 l&#039;universit\u00e9 : le professeur se tient face \u00e0 l&#039;\u00e9l\u00e8ve, face \u00e0 face, et transmet son savoir \u00e0 l&#039;aide d&#039;un tableau noir (sur lequel il \u00e9crit un texte ou dessin\u00e9 un sch\u00e9ma), ou de tout contenu num\u00e9rique.\" \/>\n<meta property=\"og:url\" content=\"https:\/\/actitudpro.com\/fr\/cristal-learning\/\" \/>\n<meta property=\"og:site_name\" content=\"ActitudPro\" \/>\n<meta property=\"article:modified_time\" content=\"2024-10-14T17:23:38+00:00\" \/>\n<meta property=\"og:image\" content=\"https:\/\/actitudpro.com\/wp-content\/uploads\/2022\/08\/digitalizacion.jpg\" \/>\n\t<meta property=\"og:image:width\" content=\"1020\" \/>\n\t<meta property=\"og:image:height\" content=\"678\" \/>\n\t<meta property=\"og:image:type\" content=\"image\/jpeg\" \/>\n<meta name=\"twitter:label1\" content=\"Dur\u00e9e de lecture estim\u00e9e\" \/>\n\t<meta name=\"twitter:data1\" content=\"1 minute\" \/>\n<script type=\"application\/ld+json\" class=\"yoast-schema-graph\">{\"@context\":\"https:\/\/schema.org\",\"@graph\":[{\"@type\":\"WebPage\",\"@id\":\"https:\/\/actitudpro.com\/fr\/cristal-learning\/\",\"url\":\"https:\/\/actitudpro.com\/fr\/cristal-learning\/\",\"name\":\"Formaci\u00f3n en Experiencia de Cliente - ActitudPro\",\"isPartOf\":{\"@id\":\"https:\/\/actitudpro.com\/#website\"},\"primaryImageOfPage\":{\"@id\":\"https:\/\/actitudpro.com\/fr\/cristal-learning\/#primaryimage\"},\"image\":{\"@id\":\"https:\/\/actitudpro.com\/fr\/cristal-learning\/#primaryimage\"},\"thumbnailUrl\":\"https:\/\/actitudpro.com\/wp-content\/uploads\/2022\/08\/digitalizacion.jpg\",\"datePublished\":\"2013-10-08T10:32:39+00:00\",\"dateModified\":\"2024-10-14T17:23:38+00:00\",\"description\":\"Technologie propri\u00e9taire visant \u00e0 r\u00e9aliser une exp\u00e9rience d'apprentissage num\u00e9rique identique \u00e0 celle que on a dans une salle de classe \u00e0 l'\u00e9cole ou \u00e0 l'universit\u00e9 : le professeur se tient face \u00e0 l'\u00e9l\u00e8ve, face \u00e0 face, et transmet son savoir \u00e0 l'aide d'un tableau noir (sur lequel il \u00e9crit un texte ou dessin\u00e9 un sch\u00e9ma), ou de tout contenu num\u00e9rique.\",\"breadcrumb\":{\"@id\":\"https:\/\/actitudpro.com\/fr\/cristal-learning\/#breadcrumb\"},\"inLanguage\":\"fr-FR\",\"potentialAction\":[{\"@type\":\"ReadAction\",\"target\":[\"https:\/\/actitudpro.com\/fr\/cristal-learning\/\"]}]},{\"@type\":\"ImageObject\",\"inLanguage\":\"fr-FR\",\"@id\":\"https:\/\/actitudpro.com\/fr\/cristal-learning\/#primaryimage\",\"url\":\"https:\/\/actitudpro.com\/wp-content\/uploads\/2022\/08\/digitalizacion.jpg\",\"contentUrl\":\"https:\/\/actitudpro.com\/wp-content\/uploads\/2022\/08\/digitalizacion.jpg\",\"width\":1020,\"height\":678,\"caption\":\"la digitalizaci\u00f3n multiplica los canales y la fluidez en la comunicaci\u00f3n entre cliente y empresa\"},{\"@type\":\"BreadcrumbList\",\"@id\":\"https:\/\/actitudpro.com\/fr\/cristal-learning\/#breadcrumb\",\"itemListElement\":[{\"@type\":\"ListItem\",\"position\":1,\"name\":\"Portada\",\"item\":\"https:\/\/actitudpro.com\/fr\/\"},{\"@type\":\"ListItem\",\"position\":2,\"name\":\"CRISTAL LEARNING\"}]},{\"@type\":\"WebSite\",\"@id\":\"https:\/\/actitudpro.com\/#website\",\"url\":\"https:\/\/actitudpro.com\/\",\"name\":\"ActitudPro\",\"description\":\"Attitude for growth\",\"publisher\":{\"@id\":\"https:\/\/actitudpro.com\/#organization\"},\"potentialAction\":[{\"@type\":\"SearchAction\",\"target\":{\"@type\":\"EntryPoint\",\"urlTemplate\":\"https:\/\/actitudpro.com\/?s={search_term_string}\"},\"query-input\":{\"@type\":\"PropertyValueSpecification\",\"valueRequired\":true,\"valueName\":\"search_term_string\"}}],\"inLanguage\":\"fr-FR\"},{\"@type\":\"Organization\",\"@id\":\"https:\/\/actitudpro.com\/#organization\",\"name\":\"ActitudPro\",\"url\":\"https:\/\/actitudpro.com\/\",\"logo\":{\"@type\":\"ImageObject\",\"inLanguage\":\"fr-FR\",\"@id\":\"https:\/\/actitudpro.com\/#\/schema\/logo\/image\/\",\"url\":\"http:\/\/actitudpro.com\/wp-content\/uploads\/2017\/07\/logo.jpg\",\"contentUrl\":\"http:\/\/actitudpro.com\/wp-content\/uploads\/2017\/07\/logo.jpg\",\"width\":307,\"height\":70,\"caption\":\"ActitudPro\"},\"image\":{\"@id\":\"https:\/\/actitudpro.com\/#\/schema\/logo\/image\/\"}}]}<\/script>\n<!-- \/ Yoast SEO plugin. -->","yoast_head_json":{"title":"Formaci\u00f3n en Experiencia de Cliente - ActitudPro","description":"Technologie propri\u00e9taire visant \u00e0 r\u00e9aliser une exp\u00e9rience d'apprentissage num\u00e9rique identique \u00e0 celle que on a dans une salle de classe \u00e0 l'\u00e9cole ou \u00e0 l'universit\u00e9 : le professeur se tient face \u00e0 l'\u00e9l\u00e8ve, face \u00e0 face, et transmet son savoir \u00e0 l'aide d'un tableau noir (sur lequel il \u00e9crit un texte ou dessin\u00e9 un sch\u00e9ma), ou de tout contenu num\u00e9rique.","robots":{"index":"index","follow":"follow","max-snippet":"max-snippet:-1","max-image-preview":"max-image-preview:large","max-video-preview":"max-video-preview:-1"},"canonical":"https:\/\/actitudpro.com\/fr\/cristal-learning\/","og_locale":"fr_FR","og_type":"article","og_title":"Formaci\u00f3n en Experiencia de Cliente - ActitudPro","og_description":"Technologie propri\u00e9taire visant \u00e0 r\u00e9aliser une exp\u00e9rience d'apprentissage num\u00e9rique identique \u00e0 celle que on a dans une salle de classe \u00e0 l'\u00e9cole ou \u00e0 l'universit\u00e9 : le professeur se tient face \u00e0 l'\u00e9l\u00e8ve, face \u00e0 face, et transmet son savoir \u00e0 l'aide d'un tableau noir (sur lequel il \u00e9crit un texte ou dessin\u00e9 un sch\u00e9ma), ou de tout contenu num\u00e9rique.","og_url":"https:\/\/actitudpro.com\/fr\/cristal-learning\/","og_site_name":"ActitudPro","article_modified_time":"2024-10-14T17:23:38+00:00","og_image":[{"width":1020,"height":678,"url":"https:\/\/actitudpro.com\/wp-content\/uploads\/2022\/08\/digitalizacion.jpg","type":"image\/jpeg"}],"twitter_misc":{"Dur\u00e9e de lecture estim\u00e9e":"1 minute"},"schema":{"@context":"https:\/\/schema.org","@graph":[{"@type":"WebPage","@id":"https:\/\/actitudpro.com\/fr\/cristal-learning\/","url":"https:\/\/actitudpro.com\/fr\/cristal-learning\/","name":"Formaci\u00f3n en Experiencia de Cliente - ActitudPro","isPartOf":{"@id":"https:\/\/actitudpro.com\/#website"},"primaryImageOfPage":{"@id":"https:\/\/actitudpro.com\/fr\/cristal-learning\/#primaryimage"},"image":{"@id":"https:\/\/actitudpro.com\/fr\/cristal-learning\/#primaryimage"},"thumbnailUrl":"https:\/\/actitudpro.com\/wp-content\/uploads\/2022\/08\/digitalizacion.jpg","datePublished":"2013-10-08T10:32:39+00:00","dateModified":"2024-10-14T17:23:38+00:00","description":"Technologie propri\u00e9taire visant \u00e0 r\u00e9aliser une exp\u00e9rience d'apprentissage num\u00e9rique identique \u00e0 celle que on a dans une salle de classe \u00e0 l'\u00e9cole ou \u00e0 l'universit\u00e9 : le professeur se tient face \u00e0 l'\u00e9l\u00e8ve, face \u00e0 face, et transmet son savoir \u00e0 l'aide d'un tableau noir (sur lequel il \u00e9crit un texte ou dessin\u00e9 un sch\u00e9ma), ou de tout contenu num\u00e9rique.","breadcrumb":{"@id":"https:\/\/actitudpro.com\/fr\/cristal-learning\/#breadcrumb"},"inLanguage":"fr-FR","potentialAction":[{"@type":"ReadAction","target":["https:\/\/actitudpro.com\/fr\/cristal-learning\/"]}]},{"@type":"ImageObject","inLanguage":"fr-FR","@id":"https:\/\/actitudpro.com\/fr\/cristal-learning\/#primaryimage","url":"https:\/\/actitudpro.com\/wp-content\/uploads\/2022\/08\/digitalizacion.jpg","contentUrl":"https:\/\/actitudpro.com\/wp-content\/uploads\/2022\/08\/digitalizacion.jpg","width":1020,"height":678,"caption":"la digitalizaci\u00f3n multiplica los canales y la fluidez en la comunicaci\u00f3n entre cliente y empresa"},{"@type":"BreadcrumbList","@id":"https:\/\/actitudpro.com\/fr\/cristal-learning\/#breadcrumb","itemListElement":[{"@type":"ListItem","position":1,"name":"Portada","item":"https:\/\/actitudpro.com\/fr\/"},{"@type":"ListItem","position":2,"name":"CRISTAL LEARNING"}]},{"@type":"WebSite","@id":"https:\/\/actitudpro.com\/#website","url":"https:\/\/actitudpro.com\/","name":"ActitudPro","description":"Attitude for growth","publisher":{"@id":"https:\/\/actitudpro.com\/#organization"},"potentialAction":[{"@type":"SearchAction","target":{"@type":"EntryPoint","urlTemplate":"https:\/\/actitudpro.com\/?s={search_term_string}"},"query-input":{"@type":"PropertyValueSpecification","valueRequired":true,"valueName":"search_term_string"}}],"inLanguage":"fr-FR"},{"@type":"Organization","@id":"https:\/\/actitudpro.com\/#organization","name":"ActitudPro","url":"https:\/\/actitudpro.com\/","logo":{"@type":"ImageObject","inLanguage":"fr-FR","@id":"https:\/\/actitudpro.com\/#\/schema\/logo\/image\/","url":"http:\/\/actitudpro.com\/wp-content\/uploads\/2017\/07\/logo.jpg","contentUrl":"http:\/\/actitudpro.com\/wp-content\/uploads\/2017\/07\/logo.jpg","width":307,"height":70,"caption":"ActitudPro"},"image":{"@id":"https:\/\/actitudpro.com\/#\/schema\/logo\/image\/"}}]}},"_links":{"self":[{"href":"https:\/\/actitudpro.com\/fr\/wp-json\/wp\/v2\/pages\/8031","targetHints":{"allow":["GET"]}}],"collection":[{"href":"https:\/\/actitudpro.com\/fr\/wp-json\/wp\/v2\/pages"}],"about":[{"href":"https:\/\/actitudpro.com\/fr\/wp-json\/wp\/v2\/types\/page"}],"author":[{"embeddable":true,"href":"https:\/\/actitudpro.com\/fr\/wp-json\/wp\/v2\/users\/1"}],"replies":[{"embeddable":true,"href":"https:\/\/actitudpro.com\/fr\/wp-json\/wp\/v2\/comments?post=8031"}],"version-history":[{"count":5,"href":"https:\/\/actitudpro.com\/fr\/wp-json\/wp\/v2\/pages\/8031\/revisions"}],"predecessor-version":[{"id":10947,"href":"https:\/\/actitudpro.com\/fr\/wp-json\/wp\/v2\/pages\/8031\/revisions\/10947"}],"wp:featuredmedia":[{"embeddable":true,"href":"https:\/\/actitudpro.com\/fr\/wp-json\/wp\/v2\/media\/7565"}],"wp:attachment":[{"href":"https:\/\/actitudpro.com\/fr\/wp-json\/wp\/v2\/media?parent=8031"}],"curies":[{"name":"wp","href":"https:\/\/api.w.org\/{rel}","templated":true}]}}