{"id":7960,"date":"2022-10-26T17:44:07","date_gmt":"2022-10-26T15:44:07","guid":{"rendered":"http:\/\/actitudpro.com\/?page_id=7960"},"modified":"2024-10-14T18:21:09","modified_gmt":"2024-10-14T16:21:09","slug":"equipes-devaluation","status":"publish","type":"page","link":"https:\/\/actitudpro.com\/fr\/equipes-devaluation\/","title":{"rendered":"\u00c9quipes d&rsquo;\u00e9valuation"},"content":{"rendered":"","protected":false},"excerpt":{"rendered":"","protected":false},"author":2,"featured_media":0,"parent":0,"menu_order":0,"comment_status":"open","ping_status":"closed","template":"templates\/projects.php","meta":{"_acf_changed":false,"ngg_post_thumbnail":0,"footnotes":""},"class_list":["post-7960","page","type-page","status-publish","hentry"],"acf":[],"yoast_head":"<!-- This site is optimized with the Yoast SEO plugin v25.3.1 - https:\/\/yoast.com\/wordpress\/plugins\/seo\/ -->\n<title>\u00c9quipes d&#039;\u00e9valuation - ActitudPro<\/title>\n<meta name=\"description\" content=\"R\u00e9aliser un bilan d&#039;\u00e9quipe permet de prendre des d\u00e9cisions d&#039;action et d&#039;avoir une r\u00e9elle connaissance de l&#039;\u00e9quipe, entre autres avantages.\" \/>\n<meta name=\"robots\" content=\"index, follow, max-snippet:-1, max-image-preview:large, max-video-preview:-1\" \/>\n<link rel=\"canonical\" href=\"https:\/\/actitudpro.com\/fr\/equipes-devaluation\/\" \/>\n<meta property=\"og:locale\" content=\"fr_FR\" \/>\n<meta property=\"og:type\" content=\"article\" \/>\n<meta property=\"og:title\" content=\"\u00c9quipes d&#039;\u00e9valuation - ActitudPro\" \/>\n<meta property=\"og:description\" content=\"R\u00e9aliser un bilan d&#039;\u00e9quipe permet de prendre des d\u00e9cisions d&#039;action et d&#039;avoir une r\u00e9elle connaissance de l&#039;\u00e9quipe, entre autres avantages.\" \/>\n<meta property=\"og:url\" content=\"https:\/\/actitudpro.com\/fr\/equipes-devaluation\/\" \/>\n<meta property=\"og:site_name\" content=\"ActitudPro\" \/>\n<meta property=\"article:modified_time\" content=\"2024-10-14T16:21:09+00:00\" \/>\n<script type=\"application\/ld+json\" class=\"yoast-schema-graph\">{\"@context\":\"https:\/\/schema.org\",\"@graph\":[{\"@type\":\"WebPage\",\"@id\":\"https:\/\/actitudpro.com\/fr\/equipes-devaluation\/\",\"url\":\"https:\/\/actitudpro.com\/fr\/equipes-devaluation\/\",\"name\":\"\u00c9quipes d'\u00e9valuation - ActitudPro\",\"isPartOf\":{\"@id\":\"https:\/\/actitudpro.com\/#website\"},\"datePublished\":\"2022-10-26T15:44:07+00:00\",\"dateModified\":\"2024-10-14T16:21:09+00:00\",\"description\":\"R\u00e9aliser un bilan d'\u00e9quipe permet de prendre des d\u00e9cisions d'action et d'avoir une r\u00e9elle connaissance de l'\u00e9quipe, entre autres avantages.\",\"breadcrumb\":{\"@id\":\"https:\/\/actitudpro.com\/fr\/equipes-devaluation\/#breadcrumb\"},\"inLanguage\":\"fr-FR\",\"potentialAction\":[{\"@type\":\"ReadAction\",\"target\":[\"https:\/\/actitudpro.com\/fr\/equipes-devaluation\/\"]}]},{\"@type\":\"BreadcrumbList\",\"@id\":\"https:\/\/actitudpro.com\/fr\/equipes-devaluation\/#breadcrumb\",\"itemListElement\":[{\"@type\":\"ListItem\",\"position\":1,\"name\":\"Portada\",\"item\":\"https:\/\/actitudpro.com\/fr\/\"},{\"@type\":\"ListItem\",\"position\":2,\"name\":\"\u00c9quipes d&rsquo;\u00e9valuation\"}]},{\"@type\":\"WebSite\",\"@id\":\"https:\/\/actitudpro.com\/#website\",\"url\":\"https:\/\/actitudpro.com\/\",\"name\":\"ActitudPro\",\"description\":\"Attitude for growth\",\"publisher\":{\"@id\":\"https:\/\/actitudpro.com\/#organization\"},\"potentialAction\":[{\"@type\":\"SearchAction\",\"target\":{\"@type\":\"EntryPoint\",\"urlTemplate\":\"https:\/\/actitudpro.com\/?s={search_term_string}\"},\"query-input\":{\"@type\":\"PropertyValueSpecification\",\"valueRequired\":true,\"valueName\":\"search_term_string\"}}],\"inLanguage\":\"fr-FR\"},{\"@type\":\"Organization\",\"@id\":\"https:\/\/actitudpro.com\/#organization\",\"name\":\"ActitudPro\",\"url\":\"https:\/\/actitudpro.com\/\",\"logo\":{\"@type\":\"ImageObject\",\"inLanguage\":\"fr-FR\",\"@id\":\"https:\/\/actitudpro.com\/#\/schema\/logo\/image\/\",\"url\":\"http:\/\/actitudpro.com\/wp-content\/uploads\/2017\/07\/logo.jpg\",\"contentUrl\":\"http:\/\/actitudpro.com\/wp-content\/uploads\/2017\/07\/logo.jpg\",\"width\":307,\"height\":70,\"caption\":\"ActitudPro\"},\"image\":{\"@id\":\"https:\/\/actitudpro.com\/#\/schema\/logo\/image\/\"}}]}<\/script>\n<!-- \/ Yoast SEO plugin. -->","yoast_head_json":{"title":"\u00c9quipes d'\u00e9valuation - ActitudPro","description":"R\u00e9aliser un bilan d'\u00e9quipe permet de prendre des d\u00e9cisions d'action et d'avoir une r\u00e9elle connaissance de l'\u00e9quipe, entre autres avantages.","robots":{"index":"index","follow":"follow","max-snippet":"max-snippet:-1","max-image-preview":"max-image-preview:large","max-video-preview":"max-video-preview:-1"},"canonical":"https:\/\/actitudpro.com\/fr\/equipes-devaluation\/","og_locale":"fr_FR","og_type":"article","og_title":"\u00c9quipes d'\u00e9valuation - ActitudPro","og_description":"R\u00e9aliser un bilan d'\u00e9quipe permet de prendre des d\u00e9cisions d'action et d'avoir une r\u00e9elle connaissance de l'\u00e9quipe, entre autres avantages.","og_url":"https:\/\/actitudpro.com\/fr\/equipes-devaluation\/","og_site_name":"ActitudPro","article_modified_time":"2024-10-14T16:21:09+00:00","schema":{"@context":"https:\/\/schema.org","@graph":[{"@type":"WebPage","@id":"https:\/\/actitudpro.com\/fr\/equipes-devaluation\/","url":"https:\/\/actitudpro.com\/fr\/equipes-devaluation\/","name":"\u00c9quipes d'\u00e9valuation - ActitudPro","isPartOf":{"@id":"https:\/\/actitudpro.com\/#website"},"datePublished":"2022-10-26T15:44:07+00:00","dateModified":"2024-10-14T16:21:09+00:00","description":"R\u00e9aliser un bilan d'\u00e9quipe permet de prendre des d\u00e9cisions d'action et d'avoir une r\u00e9elle connaissance de l'\u00e9quipe, entre autres avantages.","breadcrumb":{"@id":"https:\/\/actitudpro.com\/fr\/equipes-devaluation\/#breadcrumb"},"inLanguage":"fr-FR","potentialAction":[{"@type":"ReadAction","target":["https:\/\/actitudpro.com\/fr\/equipes-devaluation\/"]}]},{"@type":"BreadcrumbList","@id":"https:\/\/actitudpro.com\/fr\/equipes-devaluation\/#breadcrumb","itemListElement":[{"@type":"ListItem","position":1,"name":"Portada","item":"https:\/\/actitudpro.com\/fr\/"},{"@type":"ListItem","position":2,"name":"\u00c9quipes d&rsquo;\u00e9valuation"}]},{"@type":"WebSite","@id":"https:\/\/actitudpro.com\/#website","url":"https:\/\/actitudpro.com\/","name":"ActitudPro","description":"Attitude for growth","publisher":{"@id":"https:\/\/actitudpro.com\/#organization"},"potentialAction":[{"@type":"SearchAction","target":{"@type":"EntryPoint","urlTemplate":"https:\/\/actitudpro.com\/?s={search_term_string}"},"query-input":{"@type":"PropertyValueSpecification","valueRequired":true,"valueName":"search_term_string"}}],"inLanguage":"fr-FR"},{"@type":"Organization","@id":"https:\/\/actitudpro.com\/#organization","name":"ActitudPro","url":"https:\/\/actitudpro.com\/","logo":{"@type":"ImageObject","inLanguage":"fr-FR","@id":"https:\/\/actitudpro.com\/#\/schema\/logo\/image\/","url":"http:\/\/actitudpro.com\/wp-content\/uploads\/2017\/07\/logo.jpg","contentUrl":"http:\/\/actitudpro.com\/wp-content\/uploads\/2017\/07\/logo.jpg","width":307,"height":70,"caption":"ActitudPro"},"image":{"@id":"https:\/\/actitudpro.com\/#\/schema\/logo\/image\/"}}]}},"_links":{"self":[{"href":"https:\/\/actitudpro.com\/fr\/wp-json\/wp\/v2\/pages\/7960","targetHints":{"allow":["GET"]}}],"collection":[{"href":"https:\/\/actitudpro.com\/fr\/wp-json\/wp\/v2\/pages"}],"about":[{"href":"https:\/\/actitudpro.com\/fr\/wp-json\/wp\/v2\/types\/page"}],"author":[{"embeddable":true,"href":"https:\/\/actitudpro.com\/fr\/wp-json\/wp\/v2\/users\/2"}],"replies":[{"embeddable":true,"href":"https:\/\/actitudpro.com\/fr\/wp-json\/wp\/v2\/comments?post=7960"}],"version-history":[{"count":9,"href":"https:\/\/actitudpro.com\/fr\/wp-json\/wp\/v2\/pages\/7960\/revisions"}],"predecessor-version":[{"id":10919,"href":"https:\/\/actitudpro.com\/fr\/wp-json\/wp\/v2\/pages\/7960\/revisions\/10919"}],"wp:attachment":[{"href":"https:\/\/actitudpro.com\/fr\/wp-json\/wp\/v2\/media?parent=7960"}],"curies":[{"name":"wp","href":"https:\/\/api.w.org\/{rel}","templated":true}]}}