{"id":7953,"date":"2021-10-06T08:13:48","date_gmt":"2021-10-06T08:13:48","guid":{"rendered":"http:\/\/actitudpro.com\/servicios-profesionales\/"},"modified":"2024-10-14T18:17:24","modified_gmt":"2024-10-14T16:17:24","slug":"services-professionnels","status":"publish","type":"page","link":"https:\/\/actitudpro.com\/fr\/services-professionnels\/","title":{"rendered":"Services professionnels"},"content":{"rendered":"","protected":false},"excerpt":{"rendered":"","protected":false},"author":2,"featured_media":6468,"parent":0,"menu_order":0,"comment_status":"open","ping_status":"closed","template":"templates\/projects.php","meta":{"_acf_changed":false,"ngg_post_thumbnail":0,"footnotes":""},"class_list":["post-7953","page","type-page","status-publish","has-post-thumbnail","hentry"],"acf":[],"yoast_head":"<!-- This site is optimized with the Yoast SEO plugin v25.3.1 - https:\/\/yoast.com\/wordpress\/plugins\/seo\/ -->\n<title>Servicios Profesionales- ActitudPro<\/title>\n<meta name=\"description\" content=\"En un entorno altamente competitivo y multicanal en el que los servicios cada vez son m\u00e1s dif\u00edciles de diferenciar, las empresas deben tener una clara orientaci\u00f3n a la experiencia de cliente.\" \/>\n<meta name=\"robots\" content=\"index, follow, max-snippet:-1, max-image-preview:large, max-video-preview:-1\" \/>\n<link rel=\"canonical\" href=\"https:\/\/actitudpro.com\/fr\/services-professionnels\/\" \/>\n<meta property=\"og:locale\" content=\"fr_FR\" \/>\n<meta property=\"og:type\" content=\"article\" \/>\n<meta property=\"og:title\" content=\"Servicios Profesionales- ActitudPro\" \/>\n<meta property=\"og:description\" content=\"En un entorno altamente competitivo y multicanal en el que los servicios cada vez son m\u00e1s dif\u00edciles de diferenciar, las empresas deben tener una clara orientaci\u00f3n a la experiencia de cliente.\" \/>\n<meta property=\"og:url\" content=\"https:\/\/actitudpro.com\/fr\/services-professionnels\/\" \/>\n<meta property=\"og:site_name\" content=\"ActitudPro\" \/>\n<meta property=\"article:modified_time\" content=\"2024-10-14T16:17:24+00:00\" \/>\n<meta property=\"og:image\" content=\"https:\/\/actitudpro.com\/wp-content\/uploads\/2021\/10\/240_F_126123873_m5LAvFONqd81VQrUywgi3LUK9ATkpzcS.jpg\" \/>\n\t<meta property=\"og:image:width\" content=\"360\" \/>\n\t<meta property=\"og:image:height\" content=\"240\" \/>\n\t<meta property=\"og:image:type\" content=\"image\/jpeg\" \/>\n<meta name=\"twitter:label1\" content=\"Dur\u00e9e de lecture estim\u00e9e\" \/>\n\t<meta name=\"twitter:data1\" content=\"1 minute\" \/>\n<script type=\"application\/ld+json\" class=\"yoast-schema-graph\">{\"@context\":\"https:\/\/schema.org\",\"@graph\":[{\"@type\":\"WebPage\",\"@id\":\"https:\/\/actitudpro.com\/fr\/services-professionnels\/\",\"url\":\"https:\/\/actitudpro.com\/fr\/services-professionnels\/\",\"name\":\"Servicios Profesionales- ActitudPro\",\"isPartOf\":{\"@id\":\"https:\/\/actitudpro.com\/#website\"},\"primaryImageOfPage\":{\"@id\":\"https:\/\/actitudpro.com\/fr\/services-professionnels\/#primaryimage\"},\"image\":{\"@id\":\"https:\/\/actitudpro.com\/fr\/services-professionnels\/#primaryimage\"},\"thumbnailUrl\":\"https:\/\/actitudpro.com\/wp-content\/uploads\/2021\/10\/240_F_126123873_m5LAvFONqd81VQrUywgi3LUK9ATkpzcS.jpg\",\"datePublished\":\"2021-10-06T08:13:48+00:00\",\"dateModified\":\"2024-10-14T16:17:24+00:00\",\"description\":\"En un entorno altamente competitivo y multicanal en el que los servicios cada vez son m\u00e1s dif\u00edciles de diferenciar, las empresas deben tener una clara orientaci\u00f3n a la experiencia de cliente.\",\"breadcrumb\":{\"@id\":\"https:\/\/actitudpro.com\/fr\/services-professionnels\/#breadcrumb\"},\"inLanguage\":\"fr-FR\",\"potentialAction\":[{\"@type\":\"ReadAction\",\"target\":[\"https:\/\/actitudpro.com\/fr\/services-professionnels\/\"]}]},{\"@type\":\"ImageObject\",\"inLanguage\":\"fr-FR\",\"@id\":\"https:\/\/actitudpro.com\/fr\/services-professionnels\/#primaryimage\",\"url\":\"https:\/\/actitudpro.com\/wp-content\/uploads\/2021\/10\/240_F_126123873_m5LAvFONqd81VQrUywgi3LUK9ATkpzcS.jpg\",\"contentUrl\":\"https:\/\/actitudpro.com\/wp-content\/uploads\/2021\/10\/240_F_126123873_m5LAvFONqd81VQrUywgi3LUK9ATkpzcS.jpg\",\"width\":360,\"height\":240},{\"@type\":\"BreadcrumbList\",\"@id\":\"https:\/\/actitudpro.com\/fr\/services-professionnels\/#breadcrumb\",\"itemListElement\":[{\"@type\":\"ListItem\",\"position\":1,\"name\":\"Portada\",\"item\":\"https:\/\/actitudpro.com\/fr\/\"},{\"@type\":\"ListItem\",\"position\":2,\"name\":\"Services professionnels\"}]},{\"@type\":\"WebSite\",\"@id\":\"https:\/\/actitudpro.com\/#website\",\"url\":\"https:\/\/actitudpro.com\/\",\"name\":\"ActitudPro\",\"description\":\"Attitude for growth\",\"publisher\":{\"@id\":\"https:\/\/actitudpro.com\/#organization\"},\"potentialAction\":[{\"@type\":\"SearchAction\",\"target\":{\"@type\":\"EntryPoint\",\"urlTemplate\":\"https:\/\/actitudpro.com\/?s={search_term_string}\"},\"query-input\":{\"@type\":\"PropertyValueSpecification\",\"valueRequired\":true,\"valueName\":\"search_term_string\"}}],\"inLanguage\":\"fr-FR\"},{\"@type\":\"Organization\",\"@id\":\"https:\/\/actitudpro.com\/#organization\",\"name\":\"ActitudPro\",\"url\":\"https:\/\/actitudpro.com\/\",\"logo\":{\"@type\":\"ImageObject\",\"inLanguage\":\"fr-FR\",\"@id\":\"https:\/\/actitudpro.com\/#\/schema\/logo\/image\/\",\"url\":\"http:\/\/actitudpro.com\/wp-content\/uploads\/2017\/07\/logo.jpg\",\"contentUrl\":\"http:\/\/actitudpro.com\/wp-content\/uploads\/2017\/07\/logo.jpg\",\"width\":307,\"height\":70,\"caption\":\"ActitudPro\"},\"image\":{\"@id\":\"https:\/\/actitudpro.com\/#\/schema\/logo\/image\/\"}}]}<\/script>\n<!-- \/ Yoast SEO plugin. -->","yoast_head_json":{"title":"Servicios Profesionales- ActitudPro","description":"En un entorno altamente competitivo y multicanal en el que los servicios cada vez son m\u00e1s dif\u00edciles de diferenciar, las empresas deben tener una clara orientaci\u00f3n a la experiencia de cliente.","robots":{"index":"index","follow":"follow","max-snippet":"max-snippet:-1","max-image-preview":"max-image-preview:large","max-video-preview":"max-video-preview:-1"},"canonical":"https:\/\/actitudpro.com\/fr\/services-professionnels\/","og_locale":"fr_FR","og_type":"article","og_title":"Servicios Profesionales- ActitudPro","og_description":"En un entorno altamente competitivo y multicanal en el que los servicios cada vez son m\u00e1s dif\u00edciles de diferenciar, las empresas deben tener una clara orientaci\u00f3n a la experiencia de cliente.","og_url":"https:\/\/actitudpro.com\/fr\/services-professionnels\/","og_site_name":"ActitudPro","article_modified_time":"2024-10-14T16:17:24+00:00","og_image":[{"width":360,"height":240,"url":"https:\/\/actitudpro.com\/wp-content\/uploads\/2021\/10\/240_F_126123873_m5LAvFONqd81VQrUywgi3LUK9ATkpzcS.jpg","type":"image\/jpeg"}],"twitter_misc":{"Dur\u00e9e de lecture estim\u00e9e":"1 minute"},"schema":{"@context":"https:\/\/schema.org","@graph":[{"@type":"WebPage","@id":"https:\/\/actitudpro.com\/fr\/services-professionnels\/","url":"https:\/\/actitudpro.com\/fr\/services-professionnels\/","name":"Servicios Profesionales- ActitudPro","isPartOf":{"@id":"https:\/\/actitudpro.com\/#website"},"primaryImageOfPage":{"@id":"https:\/\/actitudpro.com\/fr\/services-professionnels\/#primaryimage"},"image":{"@id":"https:\/\/actitudpro.com\/fr\/services-professionnels\/#primaryimage"},"thumbnailUrl":"https:\/\/actitudpro.com\/wp-content\/uploads\/2021\/10\/240_F_126123873_m5LAvFONqd81VQrUywgi3LUK9ATkpzcS.jpg","datePublished":"2021-10-06T08:13:48+00:00","dateModified":"2024-10-14T16:17:24+00:00","description":"En un entorno altamente competitivo y multicanal en el que los servicios cada vez son m\u00e1s dif\u00edciles de diferenciar, las empresas deben tener una clara orientaci\u00f3n a la experiencia de cliente.","breadcrumb":{"@id":"https:\/\/actitudpro.com\/fr\/services-professionnels\/#breadcrumb"},"inLanguage":"fr-FR","potentialAction":[{"@type":"ReadAction","target":["https:\/\/actitudpro.com\/fr\/services-professionnels\/"]}]},{"@type":"ImageObject","inLanguage":"fr-FR","@id":"https:\/\/actitudpro.com\/fr\/services-professionnels\/#primaryimage","url":"https:\/\/actitudpro.com\/wp-content\/uploads\/2021\/10\/240_F_126123873_m5LAvFONqd81VQrUywgi3LUK9ATkpzcS.jpg","contentUrl":"https:\/\/actitudpro.com\/wp-content\/uploads\/2021\/10\/240_F_126123873_m5LAvFONqd81VQrUywgi3LUK9ATkpzcS.jpg","width":360,"height":240},{"@type":"BreadcrumbList","@id":"https:\/\/actitudpro.com\/fr\/services-professionnels\/#breadcrumb","itemListElement":[{"@type":"ListItem","position":1,"name":"Portada","item":"https:\/\/actitudpro.com\/fr\/"},{"@type":"ListItem","position":2,"name":"Services professionnels"}]},{"@type":"WebSite","@id":"https:\/\/actitudpro.com\/#website","url":"https:\/\/actitudpro.com\/","name":"ActitudPro","description":"Attitude for growth","publisher":{"@id":"https:\/\/actitudpro.com\/#organization"},"potentialAction":[{"@type":"SearchAction","target":{"@type":"EntryPoint","urlTemplate":"https:\/\/actitudpro.com\/?s={search_term_string}"},"query-input":{"@type":"PropertyValueSpecification","valueRequired":true,"valueName":"search_term_string"}}],"inLanguage":"fr-FR"},{"@type":"Organization","@id":"https:\/\/actitudpro.com\/#organization","name":"ActitudPro","url":"https:\/\/actitudpro.com\/","logo":{"@type":"ImageObject","inLanguage":"fr-FR","@id":"https:\/\/actitudpro.com\/#\/schema\/logo\/image\/","url":"http:\/\/actitudpro.com\/wp-content\/uploads\/2017\/07\/logo.jpg","contentUrl":"http:\/\/actitudpro.com\/wp-content\/uploads\/2017\/07\/logo.jpg","width":307,"height":70,"caption":"ActitudPro"},"image":{"@id":"https:\/\/actitudpro.com\/#\/schema\/logo\/image\/"}}]}},"_links":{"self":[{"href":"https:\/\/actitudpro.com\/fr\/wp-json\/wp\/v2\/pages\/7953","targetHints":{"allow":["GET"]}}],"collection":[{"href":"https:\/\/actitudpro.com\/fr\/wp-json\/wp\/v2\/pages"}],"about":[{"href":"https:\/\/actitudpro.com\/fr\/wp-json\/wp\/v2\/types\/page"}],"author":[{"embeddable":true,"href":"https:\/\/actitudpro.com\/fr\/wp-json\/wp\/v2\/users\/2"}],"replies":[{"embeddable":true,"href":"https:\/\/actitudpro.com\/fr\/wp-json\/wp\/v2\/comments?post=7953"}],"version-history":[{"count":4,"href":"https:\/\/actitudpro.com\/fr\/wp-json\/wp\/v2\/pages\/7953\/revisions"}],"predecessor-version":[{"id":10917,"href":"https:\/\/actitudpro.com\/fr\/wp-json\/wp\/v2\/pages\/7953\/revisions\/10917"}],"wp:featuredmedia":[{"embeddable":true,"href":"https:\/\/actitudpro.com\/fr\/wp-json\/wp\/v2\/media\/6468"}],"wp:attachment":[{"href":"https:\/\/actitudpro.com\/fr\/wp-json\/wp\/v2\/media?parent=7953"}],"curies":[{"name":"wp","href":"https:\/\/api.w.org\/{rel}","templated":true}]}}