{"id":7937,"date":"2022-10-26T17:14:23","date_gmt":"2022-10-26T15:14:23","guid":{"rendered":"http:\/\/actitudpro.com\/?page_id=7937"},"modified":"2022-10-26T17:28:20","modified_gmt":"2022-10-26T15:28:20","slug":"gdpr","status":"publish","type":"page","link":"https:\/\/actitudpro.com\/fr\/gdpr\/","title":{"rendered":"GDPR"},"content":{"rendered":"<p>La protection de votre vie priv\u00e9e est tr\u00e8s importante pour nous ; maintenir votre enti\u00e8re confiance est notre objectif premier.<\/p>\n<table class=\" alignleft\" style=\"width: 110.007%; height: 154px;\">\n<tbody>\n<tr style=\"height: 44px;\">\n<td style=\"width: 884.667px; height: 44px;\" colspan=\"2\"><strong>Informations de base sur la protection des donn\u00e9es<\/strong><\/td>\n<\/tr>\n<tr style=\"height: 22px;\">\n<td style=\"width: 116px; height: 22px;\">&nbsp;<span><strong>Responsable<\/strong><\/span><\/td>\n<td style=\"width: 768.667px; height: 22px;\">&nbsp;ACTITUDPRO \u00ae , une marque d\u00e9pos\u00e9e de MARTRAT 4P SL<\/td>\n<\/tr>\n<tr style=\"height: 22px;\">\n<td style=\"width: 116px; height: 22px;\"><span><strong>&nbsp;Objetif<\/strong><\/span><\/td>\n<td style=\"width: 768.667px; height: 22px;\">&nbsp;G\u00e9rer l&rsquo;envoi d&rsquo;informations et la prospection commerciale <span><u>+info<\/u><\/span><\/td>\n<\/tr>\n<tr style=\"height: 22px;\">\n<td style=\"width: 116px; height: 22px;\"><span><strong>&nbsp;L\u00e9gitimation<\/strong><\/span><\/td>\n<td style=\"width: 768.667px; height: 22px;\">&nbsp;Consentement de la personne concern\u00e9e<\/td>\n<\/tr>\n<tr style=\"height: 22px;\">\n<td style=\"width: 116px; height: 22px;\">&nbsp;<strong>Destinataires<\/strong><\/td>\n<td style=\"width: 768.667px; height: 22px;\">&nbsp;Autres soci\u00e9t\u00e9s du groupe et sous-traitants fournissant des services au responsable du traitement des donn\u00e9es <span><u>+info<\/u><\/span><\/td>\n<\/tr>\n<tr style=\"height: 22px;\">\n<td style=\"width: 116px; height: 22px;\">&nbsp;<span><strong>Derechos<\/strong><\/span><\/td>\n<td style=\"width: 768.667px; height: 22px;\">Acc\u00e8s rectification et suppression des donn\u00e9es, ainsi que <span>+info<\/span><\/td>\n<\/tr>\n<\/tbody>\n<\/table>\n<h2><span style=\"font-size: 14pt;\">UTILISATION ET FINALIT\u00c9 DES DONN\u00c9ES PERSONNELLES COLLECT\u00c9ES<\/span><\/h2>\n<p>Nous vous informons que les donn\u00e9es personnelles que vous nous fournissez par voie t\u00e9l\u00e9matique ou en personne seront utilis\u00e9es \u00e0 des fins propres \u00e0 l&rsquo;entreprise, li\u00e9es \u00e0 notre administration g\u00e9n\u00e9rale et pour vous informer des services que nous proposons.<\/p>\n<p>En aucun cas ACTITUDPRO ne demande de donn\u00e9es personnelles aux utilisateurs par le biais du site web, sauf pour le minimum n\u00e9cessaire \u00e0 une communication correcte entre ACTITUDPRO et l&rsquo;utilisateur. Les informations personnelles recueillies sont utilis\u00e9es aux fins suivantes:<\/p>\n<ul style=\"text-align: left;\">\n<li>R\u00e9pondre, par e-mail ou par t\u00e9l\u00e9phone, aux questions pos\u00e9es par le biais des formulaires web, des e-mails ou de l&rsquo;enregistrement de la participation \u00e0 un \u00e9v\u00e9nement ACTITUDPRO.<\/li>\n<li>Envoi d&rsquo;une newsletter p\u00e9riodique avec des rapports, des articles et des communications sur les services d&rsquo;ACTITUDPRO.<\/li>\n<li>Envoi d&rsquo;invitations aux \u00e9v\u00e9nements ACTITUDPRO.<\/li>\n<\/ul>\n<p style=\"text-align: left;\">Il n&rsquo;existe aucun lien sur notre site web qui permette la communication de vos donn\u00e9es \u00e0 une autre entit\u00e9 ou \u00e0 une soci\u00e9t\u00e9 tierce. De m\u00eame, nous vous informons que vos donn\u00e9es personnelles ne seront pas segment\u00e9es ou utilis\u00e9es \u00e0 d&rsquo;autres fins que la simple fourniture d&rsquo;informations sur les services et activit\u00e9s propos\u00e9s par ACTITUDPRO et dont nous pensons qu&rsquo;ils vous seront utiles.<\/p>\n<p style=\"text-align: left;\">L&rsquo;utilisateur sera responsable, dans tous les cas, de la v\u00e9racit\u00e9 des donn\u00e9es fournies, et ACTITUDPRO se r\u00e9serve le droit d&rsquo;exclure des services enregistr\u00e9s tout utilisateur ayant fourni de fausses donn\u00e9es, sans pr\u00e9judice d&rsquo;autres actions l\u00e9gales.<\/p>\n<h3>S\u00c9CURIT\u00c9 DES INFORMATIONS<\/h3>\n<p>ACTITUDPRO respecte toutes les exigences \u00e9tablies par la l\u00e9gislation actuelle sur la protection des donn\u00e9es personnelles, et toutes les donn\u00e9es sous notre responsabilit\u00e9 seront trait\u00e9es conform\u00e9ment aux exigences l\u00e9gales, en maintenant les mesures de s\u00e9curit\u00e9 appropri\u00e9es, \u00e0 la fois techniques et organisationnelles, pour garantir la confidentialit\u00e9 et la protection de vos donn\u00e9es personnelles.<\/p>\n<h3><strong>DROITS SUR VOS DONN\u00c9ES PERSONNELLES<\/strong><\/h3>\n<p>Si vous souhaitez exercer vos droits d&rsquo;acc\u00e8s, de rectification, de limitation ou d&rsquo;opposition, vous pouvez le faire de la mani\u00e8re suivante:<\/p>\n<ul style=\"text-align: left;\">\n<li>En \u00e9crivant \u00e0 ACTITUDPRO, avec adresse au num\u00e9ro 245 6\u00ba 1a, calle Balmes, 08025, Barcelone, en indiquant \u00ab\u00a0Politique de confidentialit\u00e9\u00a0\u00bb sur l&rsquo;enveloppe,<\/li>\n<li>\u00c0 l&rsquo;attention du d\u00e9l\u00e9gu\u00e9 \u00e0 la protection des donn\u00e9es d&rsquo;ActitudPro via l&rsquo;adresse \u00e9lectronique lopd@actitudpro.com en indiquant \u00ab\u00a0Politique de confidentialit\u00e9\u00a0\u00bb dans la ligne d&rsquo;objet.<\/li>\n<\/ul>\n<h3><strong>AVIS POUR LES COOKIES<\/strong><\/h3>\n<p>ACTITUDPRO collecte des informations statistiques lors de l&rsquo;envoi d&#8217;emails afin d&rsquo;\u00e9valuer le succ\u00e8s de ses campagnes. Ces statistiques sont \u00e0 usage interne d&rsquo;ACTITUDPRO et ne seront en aucun cas transmises \u00e0 des tiers.<\/p>\n<p>Par cons\u00e9quent, nous comprenons que dans le cas o\u00f9 vous nous fournissez vos donn\u00e9es, vous nous donnez votre autorisation expresse de les traiter comme d\u00e9crit ci-dessus, et que vous pouvez r\u00e9voquer cette autorisation \u00e0 tout moment. (Veuillez noter que si vous utilisez les param\u00e8tres de votre navigateur pour bloquer tous les cookies, vous ne pourrez peut-\u00eatre pas acc\u00e9der \u00e0 certaines sections de notre site Web).<\/p>\n<p>Les sites web suivants fournissent des informations sur la mani\u00e8re de configurer les cookies dans certains des navigateurs les plus populaires :<\/p>\n<ul style=\"text-align: left;\">\n<li><a href=\"http:\/\/support.apple.com\/kb\/PH5042\">Apple Safari<\/a><\/li>\n<li><a href=\"https:\/\/support.google.com\/chrome\/bin\/answer.py?hl=en&amp;answer=95647&amp;p=cpn_cookies\">Google Chrome<\/a><\/li>\n<li><a href=\"https:\/\/www.microsoft.com\/info\/cookies.mspx\">Microsoft Edge<\/a><\/li>\n<li><a href=\"http:\/\/www.microsoft.com\/info\/cookies.mspx\">Microsoft Internet Explorer<\/a><\/li>\n<li><a href=\"http:\/\/support.mozilla.org\/en-US\/kb\/Cookies\">Mozilla Firefox<\/a><\/li>\n<\/ul>\n<p style=\"text-align: left;\">&nbsp;<\/p>\n<p>Pour d\u00e9sactiver les cookies d&rsquo;analyse de Google Analytics, rendez-vous sur <a href=\"http:\/\/tools.google.com\/dlpage\/gaoptout\">http:\/\/tools.google.com\/dlpage\/gaoptout<\/a><\/p>\n<h3><strong>FOURNISSEURS TIERS<\/strong><\/h3>\n<p>ACTITUDPRO utilise des fournisseurs tiers pour collecter et traiter les donn\u00e9es personnelles en notre nom. Notre pratique consiste \u00e0 exiger que ces fournisseurs traitent les donn\u00e9es personnelles conform\u00e9ment \u00e0 la politique de protection des donn\u00e9es en vigueur.<\/p>\n","protected":false},"excerpt":{"rendered":"<p>La protection de votre vie priv\u00e9e est tr\u00e8s importante pour nous ; maintenir votre enti\u00e8re confiance est notre objectif premier. Informations de base sur la protection des donn\u00e9es &nbsp;Responsable &nbsp;ACTITUDPRO \u00ae , une marque d\u00e9pos\u00e9e de MARTRAT 4P SL &nbsp;Objetif &nbsp;G\u00e9rer l&rsquo;envoi d&rsquo;informations et la prospection commerciale +info &nbsp;L\u00e9gitimation &nbsp;Consentement de la personne concern\u00e9e &nbsp;Destinataires [&hellip;]<\/p>\n","protected":false},"author":2,"featured_media":0,"parent":0,"menu_order":0,"comment_status":"closed","ping_status":"closed","template":"templates\/simple.php","meta":{"_acf_changed":false,"ngg_post_thumbnail":0,"footnotes":""},"class_list":["post-7937","page","type-page","status-publish","hentry"],"acf":[],"yoast_head":"<!-- This site is optimized with the Yoast SEO plugin v25.3.1 - https:\/\/yoast.com\/wordpress\/plugins\/seo\/ -->\n<title>GDPR - ActitudPro<\/title>\n<meta name=\"robots\" content=\"index, follow, max-snippet:-1, max-image-preview:large, max-video-preview:-1\" \/>\n<link rel=\"canonical\" href=\"https:\/\/actitudpro.com\/fr\/gdpr\/\" \/>\n<meta property=\"og:locale\" content=\"fr_FR\" \/>\n<meta property=\"og:type\" content=\"article\" \/>\n<meta property=\"og:title\" content=\"GDPR - ActitudPro\" \/>\n<meta property=\"og:description\" content=\"La protection de votre vie priv\u00e9e est tr\u00e8s importante pour nous ; maintenir votre enti\u00e8re confiance est notre objectif premier. Informations de base sur la protection des donn\u00e9es &nbsp;Responsable &nbsp;ACTITUDPRO \u00ae , une marque d\u00e9pos\u00e9e de MARTRAT 4P SL &nbsp;Objetif &nbsp;G\u00e9rer l&rsquo;envoi d&rsquo;informations et la prospection commerciale +info &nbsp;L\u00e9gitimation &nbsp;Consentement de la personne concern\u00e9e &nbsp;Destinataires [&hellip;]\" \/>\n<meta property=\"og:url\" content=\"https:\/\/actitudpro.com\/fr\/gdpr\/\" \/>\n<meta property=\"og:site_name\" content=\"ActitudPro\" \/>\n<meta property=\"article:modified_time\" content=\"2022-10-26T15:28:20+00:00\" \/>\n<meta name=\"twitter:label1\" content=\"Dur\u00e9e de lecture estim\u00e9e\" \/>\n\t<meta name=\"twitter:data1\" content=\"3 minutes\" \/>\n<script type=\"application\/ld+json\" class=\"yoast-schema-graph\">{\"@context\":\"https:\/\/schema.org\",\"@graph\":[{\"@type\":\"WebPage\",\"@id\":\"https:\/\/actitudpro.com\/fr\/gdpr\/\",\"url\":\"https:\/\/actitudpro.com\/fr\/gdpr\/\",\"name\":\"GDPR - ActitudPro\",\"isPartOf\":{\"@id\":\"https:\/\/actitudpro.com\/#website\"},\"datePublished\":\"2022-10-26T15:14:23+00:00\",\"dateModified\":\"2022-10-26T15:28:20+00:00\",\"breadcrumb\":{\"@id\":\"https:\/\/actitudpro.com\/fr\/gdpr\/#breadcrumb\"},\"inLanguage\":\"fr-FR\",\"potentialAction\":[{\"@type\":\"ReadAction\",\"target\":[\"https:\/\/actitudpro.com\/fr\/gdpr\/\"]}]},{\"@type\":\"BreadcrumbList\",\"@id\":\"https:\/\/actitudpro.com\/fr\/gdpr\/#breadcrumb\",\"itemListElement\":[{\"@type\":\"ListItem\",\"position\":1,\"name\":\"Portada\",\"item\":\"https:\/\/actitudpro.com\/fr\/\"},{\"@type\":\"ListItem\",\"position\":2,\"name\":\"GDPR\"}]},{\"@type\":\"WebSite\",\"@id\":\"https:\/\/actitudpro.com\/#website\",\"url\":\"https:\/\/actitudpro.com\/\",\"name\":\"ActitudPro\",\"description\":\"Attitude for growth\",\"publisher\":{\"@id\":\"https:\/\/actitudpro.com\/#organization\"},\"potentialAction\":[{\"@type\":\"SearchAction\",\"target\":{\"@type\":\"EntryPoint\",\"urlTemplate\":\"https:\/\/actitudpro.com\/?s={search_term_string}\"},\"query-input\":{\"@type\":\"PropertyValueSpecification\",\"valueRequired\":true,\"valueName\":\"search_term_string\"}}],\"inLanguage\":\"fr-FR\"},{\"@type\":\"Organization\",\"@id\":\"https:\/\/actitudpro.com\/#organization\",\"name\":\"ActitudPro\",\"url\":\"https:\/\/actitudpro.com\/\",\"logo\":{\"@type\":\"ImageObject\",\"inLanguage\":\"fr-FR\",\"@id\":\"https:\/\/actitudpro.com\/#\/schema\/logo\/image\/\",\"url\":\"http:\/\/actitudpro.com\/wp-content\/uploads\/2017\/07\/logo.jpg\",\"contentUrl\":\"http:\/\/actitudpro.com\/wp-content\/uploads\/2017\/07\/logo.jpg\",\"width\":307,\"height\":70,\"caption\":\"ActitudPro\"},\"image\":{\"@id\":\"https:\/\/actitudpro.com\/#\/schema\/logo\/image\/\"}}]}<\/script>\n<!-- \/ Yoast SEO plugin. -->","yoast_head_json":{"title":"GDPR - ActitudPro","robots":{"index":"index","follow":"follow","max-snippet":"max-snippet:-1","max-image-preview":"max-image-preview:large","max-video-preview":"max-video-preview:-1"},"canonical":"https:\/\/actitudpro.com\/fr\/gdpr\/","og_locale":"fr_FR","og_type":"article","og_title":"GDPR - ActitudPro","og_description":"La protection de votre vie priv\u00e9e est tr\u00e8s importante pour nous ; maintenir votre enti\u00e8re confiance est notre objectif premier. Informations de base sur la protection des donn\u00e9es &nbsp;Responsable &nbsp;ACTITUDPRO \u00ae , une marque d\u00e9pos\u00e9e de MARTRAT 4P SL &nbsp;Objetif &nbsp;G\u00e9rer l&rsquo;envoi d&rsquo;informations et la prospection commerciale +info &nbsp;L\u00e9gitimation &nbsp;Consentement de la personne concern\u00e9e &nbsp;Destinataires [&hellip;]","og_url":"https:\/\/actitudpro.com\/fr\/gdpr\/","og_site_name":"ActitudPro","article_modified_time":"2022-10-26T15:28:20+00:00","twitter_misc":{"Dur\u00e9e de lecture estim\u00e9e":"3 minutes"},"schema":{"@context":"https:\/\/schema.org","@graph":[{"@type":"WebPage","@id":"https:\/\/actitudpro.com\/fr\/gdpr\/","url":"https:\/\/actitudpro.com\/fr\/gdpr\/","name":"GDPR - ActitudPro","isPartOf":{"@id":"https:\/\/actitudpro.com\/#website"},"datePublished":"2022-10-26T15:14:23+00:00","dateModified":"2022-10-26T15:28:20+00:00","breadcrumb":{"@id":"https:\/\/actitudpro.com\/fr\/gdpr\/#breadcrumb"},"inLanguage":"fr-FR","potentialAction":[{"@type":"ReadAction","target":["https:\/\/actitudpro.com\/fr\/gdpr\/"]}]},{"@type":"BreadcrumbList","@id":"https:\/\/actitudpro.com\/fr\/gdpr\/#breadcrumb","itemListElement":[{"@type":"ListItem","position":1,"name":"Portada","item":"https:\/\/actitudpro.com\/fr\/"},{"@type":"ListItem","position":2,"name":"GDPR"}]},{"@type":"WebSite","@id":"https:\/\/actitudpro.com\/#website","url":"https:\/\/actitudpro.com\/","name":"ActitudPro","description":"Attitude for growth","publisher":{"@id":"https:\/\/actitudpro.com\/#organization"},"potentialAction":[{"@type":"SearchAction","target":{"@type":"EntryPoint","urlTemplate":"https:\/\/actitudpro.com\/?s={search_term_string}"},"query-input":{"@type":"PropertyValueSpecification","valueRequired":true,"valueName":"search_term_string"}}],"inLanguage":"fr-FR"},{"@type":"Organization","@id":"https:\/\/actitudpro.com\/#organization","name":"ActitudPro","url":"https:\/\/actitudpro.com\/","logo":{"@type":"ImageObject","inLanguage":"fr-FR","@id":"https:\/\/actitudpro.com\/#\/schema\/logo\/image\/","url":"http:\/\/actitudpro.com\/wp-content\/uploads\/2017\/07\/logo.jpg","contentUrl":"http:\/\/actitudpro.com\/wp-content\/uploads\/2017\/07\/logo.jpg","width":307,"height":70,"caption":"ActitudPro"},"image":{"@id":"https:\/\/actitudpro.com\/#\/schema\/logo\/image\/"}}]}},"_links":{"self":[{"href":"https:\/\/actitudpro.com\/fr\/wp-json\/wp\/v2\/pages\/7937","targetHints":{"allow":["GET"]}}],"collection":[{"href":"https:\/\/actitudpro.com\/fr\/wp-json\/wp\/v2\/pages"}],"about":[{"href":"https:\/\/actitudpro.com\/fr\/wp-json\/wp\/v2\/types\/page"}],"author":[{"embeddable":true,"href":"https:\/\/actitudpro.com\/fr\/wp-json\/wp\/v2\/users\/2"}],"replies":[{"embeddable":true,"href":"https:\/\/actitudpro.com\/fr\/wp-json\/wp\/v2\/comments?post=7937"}],"version-history":[{"count":5,"href":"https:\/\/actitudpro.com\/fr\/wp-json\/wp\/v2\/pages\/7937\/revisions"}],"predecessor-version":[{"id":7954,"href":"https:\/\/actitudpro.com\/fr\/wp-json\/wp\/v2\/pages\/7937\/revisions\/7954"}],"wp:attachment":[{"href":"https:\/\/actitudpro.com\/fr\/wp-json\/wp\/v2\/media?parent=7937"}],"curies":[{"name":"wp","href":"https:\/\/api.w.org\/{rel}","templated":true}]}}