{"id":7909,"date":"2022-10-26T15:27:09","date_gmt":"2022-10-26T13:27:09","guid":{"rendered":"http:\/\/actitudpro.com\/?page_id=7909"},"modified":"2022-10-26T17:04:35","modified_gmt":"2022-10-26T15:04:35","slug":"recherche-et-publications","status":"publish","type":"page","link":"https:\/\/actitudpro.com\/fr\/recherche-et-publications\/","title":{"rendered":"Recherche et publications"},"content":{"rendered":"<p>Chez <strong>ActitudPro<\/strong>, nous sommes fortement engag\u00e9s dans la recherche en <strong>mati\u00e8re d&rsquo;excellence commerciale et de num\u00e9risation<\/strong>. Notre \u00e9quipe est compos\u00e9e de docteurs et de <strong>collaborateurs universitaires de l&rsquo;ESADE Business School<\/strong>, entre autres. Nous publions des \u00e9tudes, des livres et une publication trimestrielle pr\u00e9sentant les derni\u00e8res tendances en mati\u00e8re d&rsquo;excellence commerciale. Nous organisons des conf\u00e9rences et des \u00e9v\u00e9nements pour diffuser ces connaissances dans le monde des affaires.<\/p>\n","protected":false},"excerpt":{"rendered":"<p>Chez ActitudPro, nous sommes fortement engag\u00e9s dans la recherche en mati\u00e8re d&rsquo;excellence commerciale et de num\u00e9risation. Notre \u00e9quipe est compos\u00e9e de docteurs et de collaborateurs universitaires de l&rsquo;ESADE Business School, entre autres. Nous publions des \u00e9tudes, des livres et une publication trimestrielle pr\u00e9sentant les derni\u00e8res tendances en mati\u00e8re d&rsquo;excellence commerciale. Nous organisons des conf\u00e9rences et [&hellip;]<\/p>\n","protected":false},"author":2,"featured_media":0,"parent":0,"menu_order":0,"comment_status":"closed","ping_status":"closed","template":"templates\/simple.php","meta":{"_acf_changed":false,"ngg_post_thumbnail":0,"footnotes":""},"class_list":["post-7909","page","type-page","status-publish","hentry"],"acf":[],"yoast_head":"<!-- This site is optimized with the Yoast SEO plugin v25.3.1 - https:\/\/yoast.com\/wordpress\/plugins\/seo\/ -->\n<title>Recherche et publications - ActitudPro<\/title>\n<meta name=\"description\" content=\"D\u00e9couvrez nos derni\u00e8res publications: articles, livres, etc.\" \/>\n<meta name=\"robots\" content=\"index, follow, max-snippet:-1, max-image-preview:large, max-video-preview:-1\" \/>\n<link rel=\"canonical\" href=\"https:\/\/actitudpro.com\/fr\/recherche-et-publications\/\" \/>\n<meta property=\"og:locale\" content=\"fr_FR\" \/>\n<meta property=\"og:type\" content=\"article\" \/>\n<meta property=\"og:title\" content=\"Recherche et publications - ActitudPro\" \/>\n<meta property=\"og:description\" content=\"D\u00e9couvrez nos derni\u00e8res publications: articles, livres, etc.\" \/>\n<meta property=\"og:url\" content=\"https:\/\/actitudpro.com\/fr\/recherche-et-publications\/\" \/>\n<meta property=\"og:site_name\" content=\"ActitudPro\" \/>\n<meta property=\"article:modified_time\" content=\"2022-10-26T15:04:35+00:00\" \/>\n<meta name=\"twitter:label1\" content=\"Dur\u00e9e de lecture estim\u00e9e\" \/>\n\t<meta name=\"twitter:data1\" content=\"1 minute\" \/>\n<script type=\"application\/ld+json\" class=\"yoast-schema-graph\">{\"@context\":\"https:\/\/schema.org\",\"@graph\":[{\"@type\":\"WebPage\",\"@id\":\"https:\/\/actitudpro.com\/fr\/recherche-et-publications\/\",\"url\":\"https:\/\/actitudpro.com\/fr\/recherche-et-publications\/\",\"name\":\"Recherche et publications - ActitudPro\",\"isPartOf\":{\"@id\":\"https:\/\/actitudpro.com\/#website\"},\"datePublished\":\"2022-10-26T13:27:09+00:00\",\"dateModified\":\"2022-10-26T15:04:35+00:00\",\"description\":\"D\u00e9couvrez nos derni\u00e8res publications: articles, livres, etc.\",\"breadcrumb\":{\"@id\":\"https:\/\/actitudpro.com\/fr\/recherche-et-publications\/#breadcrumb\"},\"inLanguage\":\"fr-FR\",\"potentialAction\":[{\"@type\":\"ReadAction\",\"target\":[\"https:\/\/actitudpro.com\/fr\/recherche-et-publications\/\"]}]},{\"@type\":\"BreadcrumbList\",\"@id\":\"https:\/\/actitudpro.com\/fr\/recherche-et-publications\/#breadcrumb\",\"itemListElement\":[{\"@type\":\"ListItem\",\"position\":1,\"name\":\"Portada\",\"item\":\"https:\/\/actitudpro.com\/fr\/\"},{\"@type\":\"ListItem\",\"position\":2,\"name\":\"Recherche et publications\"}]},{\"@type\":\"WebSite\",\"@id\":\"https:\/\/actitudpro.com\/#website\",\"url\":\"https:\/\/actitudpro.com\/\",\"name\":\"ActitudPro\",\"description\":\"Attitude for growth\",\"publisher\":{\"@id\":\"https:\/\/actitudpro.com\/#organization\"},\"potentialAction\":[{\"@type\":\"SearchAction\",\"target\":{\"@type\":\"EntryPoint\",\"urlTemplate\":\"https:\/\/actitudpro.com\/?s={search_term_string}\"},\"query-input\":{\"@type\":\"PropertyValueSpecification\",\"valueRequired\":true,\"valueName\":\"search_term_string\"}}],\"inLanguage\":\"fr-FR\"},{\"@type\":\"Organization\",\"@id\":\"https:\/\/actitudpro.com\/#organization\",\"name\":\"ActitudPro\",\"url\":\"https:\/\/actitudpro.com\/\",\"logo\":{\"@type\":\"ImageObject\",\"inLanguage\":\"fr-FR\",\"@id\":\"https:\/\/actitudpro.com\/#\/schema\/logo\/image\/\",\"url\":\"http:\/\/actitudpro.com\/wp-content\/uploads\/2017\/07\/logo.jpg\",\"contentUrl\":\"http:\/\/actitudpro.com\/wp-content\/uploads\/2017\/07\/logo.jpg\",\"width\":307,\"height\":70,\"caption\":\"ActitudPro\"},\"image\":{\"@id\":\"https:\/\/actitudpro.com\/#\/schema\/logo\/image\/\"}}]}<\/script>\n<!-- \/ Yoast SEO plugin. -->","yoast_head_json":{"title":"Recherche et publications - ActitudPro","description":"D\u00e9couvrez nos derni\u00e8res publications: articles, livres, etc.","robots":{"index":"index","follow":"follow","max-snippet":"max-snippet:-1","max-image-preview":"max-image-preview:large","max-video-preview":"max-video-preview:-1"},"canonical":"https:\/\/actitudpro.com\/fr\/recherche-et-publications\/","og_locale":"fr_FR","og_type":"article","og_title":"Recherche et publications - ActitudPro","og_description":"D\u00e9couvrez nos derni\u00e8res publications: articles, livres, etc.","og_url":"https:\/\/actitudpro.com\/fr\/recherche-et-publications\/","og_site_name":"ActitudPro","article_modified_time":"2022-10-26T15:04:35+00:00","twitter_misc":{"Dur\u00e9e de lecture estim\u00e9e":"1 minute"},"schema":{"@context":"https:\/\/schema.org","@graph":[{"@type":"WebPage","@id":"https:\/\/actitudpro.com\/fr\/recherche-et-publications\/","url":"https:\/\/actitudpro.com\/fr\/recherche-et-publications\/","name":"Recherche et publications - ActitudPro","isPartOf":{"@id":"https:\/\/actitudpro.com\/#website"},"datePublished":"2022-10-26T13:27:09+00:00","dateModified":"2022-10-26T15:04:35+00:00","description":"D\u00e9couvrez nos derni\u00e8res publications: articles, livres, etc.","breadcrumb":{"@id":"https:\/\/actitudpro.com\/fr\/recherche-et-publications\/#breadcrumb"},"inLanguage":"fr-FR","potentialAction":[{"@type":"ReadAction","target":["https:\/\/actitudpro.com\/fr\/recherche-et-publications\/"]}]},{"@type":"BreadcrumbList","@id":"https:\/\/actitudpro.com\/fr\/recherche-et-publications\/#breadcrumb","itemListElement":[{"@type":"ListItem","position":1,"name":"Portada","item":"https:\/\/actitudpro.com\/fr\/"},{"@type":"ListItem","position":2,"name":"Recherche et publications"}]},{"@type":"WebSite","@id":"https:\/\/actitudpro.com\/#website","url":"https:\/\/actitudpro.com\/","name":"ActitudPro","description":"Attitude for growth","publisher":{"@id":"https:\/\/actitudpro.com\/#organization"},"potentialAction":[{"@type":"SearchAction","target":{"@type":"EntryPoint","urlTemplate":"https:\/\/actitudpro.com\/?s={search_term_string}"},"query-input":{"@type":"PropertyValueSpecification","valueRequired":true,"valueName":"search_term_string"}}],"inLanguage":"fr-FR"},{"@type":"Organization","@id":"https:\/\/actitudpro.com\/#organization","name":"ActitudPro","url":"https:\/\/actitudpro.com\/","logo":{"@type":"ImageObject","inLanguage":"fr-FR","@id":"https:\/\/actitudpro.com\/#\/schema\/logo\/image\/","url":"http:\/\/actitudpro.com\/wp-content\/uploads\/2017\/07\/logo.jpg","contentUrl":"http:\/\/actitudpro.com\/wp-content\/uploads\/2017\/07\/logo.jpg","width":307,"height":70,"caption":"ActitudPro"},"image":{"@id":"https:\/\/actitudpro.com\/#\/schema\/logo\/image\/"}}]}},"_links":{"self":[{"href":"https:\/\/actitudpro.com\/fr\/wp-json\/wp\/v2\/pages\/7909","targetHints":{"allow":["GET"]}}],"collection":[{"href":"https:\/\/actitudpro.com\/fr\/wp-json\/wp\/v2\/pages"}],"about":[{"href":"https:\/\/actitudpro.com\/fr\/wp-json\/wp\/v2\/types\/page"}],"author":[{"embeddable":true,"href":"https:\/\/actitudpro.com\/fr\/wp-json\/wp\/v2\/users\/2"}],"replies":[{"embeddable":true,"href":"https:\/\/actitudpro.com\/fr\/wp-json\/wp\/v2\/comments?post=7909"}],"version-history":[{"count":4,"href":"https:\/\/actitudpro.com\/fr\/wp-json\/wp\/v2\/pages\/7909\/revisions"}],"predecessor-version":[{"id":7933,"href":"https:\/\/actitudpro.com\/fr\/wp-json\/wp\/v2\/pages\/7909\/revisions\/7933"}],"wp:attachment":[{"href":"https:\/\/actitudpro.com\/fr\/wp-json\/wp\/v2\/media?parent=7909"}],"curies":[{"name":"wp","href":"https:\/\/api.w.org\/{rel}","templated":true}]}}