{"id":7820,"date":"2017-07-05T09:13:58","date_gmt":"2017-07-05T09:13:58","guid":{"rendered":"http:\/\/actitudpro.com\/digital-academies\/"},"modified":"2024-10-14T19:27:11","modified_gmt":"2024-10-14T17:27:11","slug":"digital-academies","status":"publish","type":"page","link":"https:\/\/actitudpro.com\/fr\/digital-academies\/","title":{"rendered":"Digital Academies"},"content":{"rendered":"","protected":false},"excerpt":{"rendered":"","protected":false},"author":2,"featured_media":0,"parent":0,"menu_order":0,"comment_status":"closed","ping_status":"closed","template":"templates\/projects.php","meta":{"_acf_changed":false,"ngg_post_thumbnail":0,"footnotes":""},"class_list":["post-7820","page","type-page","status-publish","hentry"],"acf":[],"yoast_head":"<!-- This site is optimized with the Yoast SEO plugin v25.3.1 - https:\/\/yoast.com\/wordpress\/plugins\/seo\/ -->\n<title>Digital Academies - ActitudPro<\/title>\n<meta name=\"description\" content=\"Afin que les individus et les organisations puissent profiter de toutes les opportunit\u00e9s de la transformation digital, ActitudPro lance et d\u00e9veloppe des projets d&#039;acad\u00e9mie digital, dans lesquels nous sommes en mesure d&#039;assumer la responsabilit\u00e9 tant de la plateforme et de son d\u00e9veloppement que de son contenu.\" \/>\n<meta name=\"robots\" content=\"index, follow, max-snippet:-1, max-image-preview:large, max-video-preview:-1\" \/>\n<link rel=\"canonical\" href=\"https:\/\/actitudpro.com\/fr\/digital-academies\/\" \/>\n<meta property=\"og:locale\" content=\"fr_FR\" \/>\n<meta property=\"og:type\" content=\"article\" \/>\n<meta property=\"og:title\" content=\"Digital Academies - ActitudPro\" \/>\n<meta property=\"og:description\" content=\"Afin que les individus et les organisations puissent profiter de toutes les opportunit\u00e9s de la transformation digital, ActitudPro lance et d\u00e9veloppe des projets d&#039;acad\u00e9mie digital, dans lesquels nous sommes en mesure d&#039;assumer la responsabilit\u00e9 tant de la plateforme et de son d\u00e9veloppement que de son contenu.\" \/>\n<meta property=\"og:url\" content=\"https:\/\/actitudpro.com\/fr\/digital-academies\/\" \/>\n<meta property=\"og:site_name\" content=\"ActitudPro\" \/>\n<meta property=\"article:modified_time\" content=\"2024-10-14T17:27:11+00:00\" \/>\n<script type=\"application\/ld+json\" class=\"yoast-schema-graph\">{\"@context\":\"https:\/\/schema.org\",\"@graph\":[{\"@type\":\"WebPage\",\"@id\":\"https:\/\/actitudpro.com\/fr\/digital-academies\/\",\"url\":\"https:\/\/actitudpro.com\/fr\/digital-academies\/\",\"name\":\"Digital Academies - ActitudPro\",\"isPartOf\":{\"@id\":\"https:\/\/actitudpro.com\/#website\"},\"datePublished\":\"2017-07-05T09:13:58+00:00\",\"dateModified\":\"2024-10-14T17:27:11+00:00\",\"description\":\"Afin que les individus et les organisations puissent profiter de toutes les opportunit\u00e9s de la transformation digital, ActitudPro lance et d\u00e9veloppe des projets d'acad\u00e9mie digital, dans lesquels nous sommes en mesure d'assumer la responsabilit\u00e9 tant de la plateforme et de son d\u00e9veloppement que de son contenu.\",\"breadcrumb\":{\"@id\":\"https:\/\/actitudpro.com\/fr\/digital-academies\/#breadcrumb\"},\"inLanguage\":\"fr-FR\",\"potentialAction\":[{\"@type\":\"ReadAction\",\"target\":[\"https:\/\/actitudpro.com\/fr\/digital-academies\/\"]}]},{\"@type\":\"BreadcrumbList\",\"@id\":\"https:\/\/actitudpro.com\/fr\/digital-academies\/#breadcrumb\",\"itemListElement\":[{\"@type\":\"ListItem\",\"position\":1,\"name\":\"Portada\",\"item\":\"https:\/\/actitudpro.com\/fr\/\"},{\"@type\":\"ListItem\",\"position\":2,\"name\":\"Digital Academies\"}]},{\"@type\":\"WebSite\",\"@id\":\"https:\/\/actitudpro.com\/#website\",\"url\":\"https:\/\/actitudpro.com\/\",\"name\":\"ActitudPro\",\"description\":\"Attitude for growth\",\"publisher\":{\"@id\":\"https:\/\/actitudpro.com\/#organization\"},\"potentialAction\":[{\"@type\":\"SearchAction\",\"target\":{\"@type\":\"EntryPoint\",\"urlTemplate\":\"https:\/\/actitudpro.com\/?s={search_term_string}\"},\"query-input\":{\"@type\":\"PropertyValueSpecification\",\"valueRequired\":true,\"valueName\":\"search_term_string\"}}],\"inLanguage\":\"fr-FR\"},{\"@type\":\"Organization\",\"@id\":\"https:\/\/actitudpro.com\/#organization\",\"name\":\"ActitudPro\",\"url\":\"https:\/\/actitudpro.com\/\",\"logo\":{\"@type\":\"ImageObject\",\"inLanguage\":\"fr-FR\",\"@id\":\"https:\/\/actitudpro.com\/#\/schema\/logo\/image\/\",\"url\":\"http:\/\/actitudpro.com\/wp-content\/uploads\/2017\/07\/logo.jpg\",\"contentUrl\":\"http:\/\/actitudpro.com\/wp-content\/uploads\/2017\/07\/logo.jpg\",\"width\":307,\"height\":70,\"caption\":\"ActitudPro\"},\"image\":{\"@id\":\"https:\/\/actitudpro.com\/#\/schema\/logo\/image\/\"}}]}<\/script>\n<!-- \/ Yoast SEO plugin. -->","yoast_head_json":{"title":"Digital Academies - ActitudPro","description":"Afin que les individus et les organisations puissent profiter de toutes les opportunit\u00e9s de la transformation digital, ActitudPro lance et d\u00e9veloppe des projets d'acad\u00e9mie digital, dans lesquels nous sommes en mesure d'assumer la responsabilit\u00e9 tant de la plateforme et de son d\u00e9veloppement que de son contenu.","robots":{"index":"index","follow":"follow","max-snippet":"max-snippet:-1","max-image-preview":"max-image-preview:large","max-video-preview":"max-video-preview:-1"},"canonical":"https:\/\/actitudpro.com\/fr\/digital-academies\/","og_locale":"fr_FR","og_type":"article","og_title":"Digital Academies - ActitudPro","og_description":"Afin que les individus et les organisations puissent profiter de toutes les opportunit\u00e9s de la transformation digital, ActitudPro lance et d\u00e9veloppe des projets d'acad\u00e9mie digital, dans lesquels nous sommes en mesure d'assumer la responsabilit\u00e9 tant de la plateforme et de son d\u00e9veloppement que de son contenu.","og_url":"https:\/\/actitudpro.com\/fr\/digital-academies\/","og_site_name":"ActitudPro","article_modified_time":"2024-10-14T17:27:11+00:00","schema":{"@context":"https:\/\/schema.org","@graph":[{"@type":"WebPage","@id":"https:\/\/actitudpro.com\/fr\/digital-academies\/","url":"https:\/\/actitudpro.com\/fr\/digital-academies\/","name":"Digital Academies - ActitudPro","isPartOf":{"@id":"https:\/\/actitudpro.com\/#website"},"datePublished":"2017-07-05T09:13:58+00:00","dateModified":"2024-10-14T17:27:11+00:00","description":"Afin que les individus et les organisations puissent profiter de toutes les opportunit\u00e9s de la transformation digital, ActitudPro lance et d\u00e9veloppe des projets d'acad\u00e9mie digital, dans lesquels nous sommes en mesure d'assumer la responsabilit\u00e9 tant de la plateforme et de son d\u00e9veloppement que de son contenu.","breadcrumb":{"@id":"https:\/\/actitudpro.com\/fr\/digital-academies\/#breadcrumb"},"inLanguage":"fr-FR","potentialAction":[{"@type":"ReadAction","target":["https:\/\/actitudpro.com\/fr\/digital-academies\/"]}]},{"@type":"BreadcrumbList","@id":"https:\/\/actitudpro.com\/fr\/digital-academies\/#breadcrumb","itemListElement":[{"@type":"ListItem","position":1,"name":"Portada","item":"https:\/\/actitudpro.com\/fr\/"},{"@type":"ListItem","position":2,"name":"Digital Academies"}]},{"@type":"WebSite","@id":"https:\/\/actitudpro.com\/#website","url":"https:\/\/actitudpro.com\/","name":"ActitudPro","description":"Attitude for growth","publisher":{"@id":"https:\/\/actitudpro.com\/#organization"},"potentialAction":[{"@type":"SearchAction","target":{"@type":"EntryPoint","urlTemplate":"https:\/\/actitudpro.com\/?s={search_term_string}"},"query-input":{"@type":"PropertyValueSpecification","valueRequired":true,"valueName":"search_term_string"}}],"inLanguage":"fr-FR"},{"@type":"Organization","@id":"https:\/\/actitudpro.com\/#organization","name":"ActitudPro","url":"https:\/\/actitudpro.com\/","logo":{"@type":"ImageObject","inLanguage":"fr-FR","@id":"https:\/\/actitudpro.com\/#\/schema\/logo\/image\/","url":"http:\/\/actitudpro.com\/wp-content\/uploads\/2017\/07\/logo.jpg","contentUrl":"http:\/\/actitudpro.com\/wp-content\/uploads\/2017\/07\/logo.jpg","width":307,"height":70,"caption":"ActitudPro"},"image":{"@id":"https:\/\/actitudpro.com\/#\/schema\/logo\/image\/"}}]}},"_links":{"self":[{"href":"https:\/\/actitudpro.com\/fr\/wp-json\/wp\/v2\/pages\/7820","targetHints":{"allow":["GET"]}}],"collection":[{"href":"https:\/\/actitudpro.com\/fr\/wp-json\/wp\/v2\/pages"}],"about":[{"href":"https:\/\/actitudpro.com\/fr\/wp-json\/wp\/v2\/types\/page"}],"author":[{"embeddable":true,"href":"https:\/\/actitudpro.com\/fr\/wp-json\/wp\/v2\/users\/2"}],"replies":[{"embeddable":true,"href":"https:\/\/actitudpro.com\/fr\/wp-json\/wp\/v2\/comments?post=7820"}],"version-history":[{"count":7,"href":"https:\/\/actitudpro.com\/fr\/wp-json\/wp\/v2\/pages\/7820\/revisions"}],"predecessor-version":[{"id":10953,"href":"https:\/\/actitudpro.com\/fr\/wp-json\/wp\/v2\/pages\/7820\/revisions\/10953"}],"wp:attachment":[{"href":"https:\/\/actitudpro.com\/fr\/wp-json\/wp\/v2\/media?parent=7820"}],"curies":[{"name":"wp","href":"https:\/\/api.w.org\/{rel}","templated":true}]}}