{"id":7754,"date":"2022-10-24T17:18:16","date_gmt":"2022-10-24T15:18:16","guid":{"rendered":"http:\/\/actitudpro.com\/?page_id=7754"},"modified":"2022-10-26T09:25:44","modified_gmt":"2022-10-26T07:25:44","slug":"qui-sommes-nous","status":"publish","type":"page","link":"https:\/\/actitudpro.com\/fr\/qui-sommes-nous\/","title":{"rendered":"Qui sommes-nous?"},"content":{"rendered":"<h3>Notre entreprise<\/h3>\n<p>ActitudPro est un <strong>cabinet de conseil, de formation et de coaching<\/strong> qui a pour objectif d&rsquo;accompagner les entreprises dans les principaux processus cl\u00e9s de l&rsquo;entreprise: \u00c9quipes, Excellence commerciale, Business Development et Digitalisation. Compos\u00e9es de professionnels ayant une exp\u00e9rience reconnue par diff\u00e9rentes \u00e9coles de commerce dans les domaines des ressources humaines, de la vente et du marketing, nos \u00e9quipes travaillent sur des solutions sur mesure pour obtenir une meilleure coh\u00e9sion et implication des \u00e9quipes, dynamiser les ventes et d\u00e9velopper les opportunit\u00e9s commerciales.<\/p>\n<h3 style=\"text-align: left;\">Recherche&nbsp;<\/h3>\n<p>Chez ActitudPro, nous sommes fortement engag\u00e9s dans la recherche de l&rsquo;excellence commerciale et de la num\u00e9risation. Notre \u00e9quipe est compos\u00e9e de docteurs de l&rsquo;ESADE et de collaborateurs universitaires, entre autres. Nous publions des \u00e9tudes et des livres sur les derni\u00e8res tendances en mati\u00e8re d&rsquo;excellence commerciale. Nous organisons des conf\u00e9rences et des \u00e9v\u00e9nements pour diffuser ces connaissances dans le monde des affaires.<\/p>\n<h3 style=\"text-align: left;\">Exp\u00e9rience&nbsp;<\/h3>\n<p>Le poids de l&rsquo;exp\u00e9rience est un facteur cl\u00e9 pour faire face aux d\u00e9fis futurs. Nous sommes des professionnels ayant plus de 10 ans d&rsquo;exp\u00e9rience dans le secteur du conseil en management, de la formation et du coaching, destin\u00e9s \u00e0 tout type d&rsquo;organisation.<\/p>\n<h3 style=\"text-align: left;\">Approche multi-comp\u00e9tence&nbsp;<\/h3>\n<p>Les bonnes id\u00e9es et les bons r\u00e9sultats sont obtenus en r\u00e9unissant diff\u00e9rents profils professionnels ayant une expertise dans diff\u00e9rents domaines de connaissances. L&rsquo;intervention de consultants multi-sp\u00e9cialistes est essentielle pour r\u00e9soudre des situations complexes.<\/p>\n<h3 style=\"text-align: left;\">De la th\u00e9orie \u00e0 la pratique<\/h3>\n<p>Plusieurs de nos membres sont professeurs dans des \u00e9coles de commerce et des universit\u00e9s et sont en m\u00eame temps des consultants en contact avec des entreprises. Ce double lien est essentiel pour transf\u00e9rer la th\u00e9orie \u00e0 la pratique, en veillant \u00e0 ce que le transfert de contenu transforme nos clients en ind\u00e9pendants.<\/p>\n<h3 style=\"text-align: left;\">Ind\u00e9pendance et famille<\/h3>\n<p>Nous sommes une entreprise familiale ind\u00e9pendante qui n&rsquo;appartient \u00e0 aucun groupe d&rsquo;entreprises et n&rsquo;est li\u00e9e \u00e0 aucune entit\u00e9. Notre \u00e9quipe est notre plus grand potentiel et nous nous effor\u00e7ons d&rsquo;obtenir un succ\u00e8s commercial durable.<\/p>\n<h3 style=\"text-align: left;\">Pr\u00e9sence internationale<\/h3>\n<p>Depuis sa cr\u00e9ation, ActitudPro a travaill\u00e9 dans plus de 20 pays. ActitudPro a une pr\u00e9sence physique internationale en Europe et en Am\u00e9rique latine et dispose d&rsquo;une \u00e9quipe int\u00e9gr\u00e9e de consultants du monde entier pour assurer une strat\u00e9gie globale et une mise en \u0153uvre locale.<\/p>\n<p><a href=\"https:\/\/actitudpro.com\/wp-content\/uploads\/2021\/04\/Imagen1.png\"><img decoding=\"async\" src=\"https:\/\/actitudpro.com\/wp-content\/uploads\/2021\/04\/Imagen1.png\"><\/a><\/p>\n<h2>Nos valeurs:<\/h2>\n<p>&nbsp;<\/p>\n","protected":false},"excerpt":{"rendered":"<p>Notre entreprise ActitudPro est un cabinet de conseil, de formation et de coaching qui a pour objectif d&rsquo;accompagner les entreprises dans les principaux processus cl\u00e9s de l&rsquo;entreprise: \u00c9quipes, Excellence commerciale, Business Development et Digitalisation. Compos\u00e9es de professionnels ayant une exp\u00e9rience reconnue par diff\u00e9rentes \u00e9coles de commerce dans les domaines des ressources humaines, de la vente [&hellip;]<\/p>\n","protected":false},"author":2,"featured_media":0,"parent":0,"menu_order":0,"comment_status":"open","ping_status":"closed","template":"templates\/twocolumns.php","meta":{"_acf_changed":false,"ngg_post_thumbnail":0,"footnotes":""},"class_list":["post-7754","page","type-page","status-publish","hentry"],"acf":[],"yoast_head":"<!-- This site is optimized with the Yoast SEO plugin v25.3.1 - https:\/\/yoast.com\/wordpress\/plugins\/seo\/ -->\n<title>Qui sommes-nous? - ActitudPro<\/title>\n<meta name=\"robots\" content=\"index, follow, max-snippet:-1, max-image-preview:large, max-video-preview:-1\" \/>\n<link rel=\"canonical\" href=\"https:\/\/actitudpro.com\/fr\/qui-sommes-nous\/\" \/>\n<meta property=\"og:locale\" content=\"fr_FR\" \/>\n<meta property=\"og:type\" content=\"article\" \/>\n<meta property=\"og:title\" content=\"Qui sommes-nous? - ActitudPro\" \/>\n<meta property=\"og:description\" content=\"Notre entreprise ActitudPro est un cabinet de conseil, de formation et de coaching qui a pour objectif d&rsquo;accompagner les entreprises dans les principaux processus cl\u00e9s de l&rsquo;entreprise: \u00c9quipes, Excellence commerciale, Business Development et Digitalisation. Compos\u00e9es de professionnels ayant une exp\u00e9rience reconnue par diff\u00e9rentes \u00e9coles de commerce dans les domaines des ressources humaines, de la vente [&hellip;]\" \/>\n<meta property=\"og:url\" content=\"https:\/\/actitudpro.com\/fr\/qui-sommes-nous\/\" \/>\n<meta property=\"og:site_name\" content=\"ActitudPro\" \/>\n<meta property=\"article:modified_time\" content=\"2022-10-26T07:25:44+00:00\" \/>\n<meta property=\"og:image\" content=\"http:\/\/actitudpro.com\/wp-content\/uploads\/2021\/04\/Imagen1.png\" \/>\n<meta name=\"twitter:label1\" content=\"Dur\u00e9e de lecture estim\u00e9e\" \/>\n\t<meta name=\"twitter:data1\" content=\"2 minutes\" \/>\n<script type=\"application\/ld+json\" class=\"yoast-schema-graph\">{\"@context\":\"https:\/\/schema.org\",\"@graph\":[{\"@type\":\"WebPage\",\"@id\":\"https:\/\/actitudpro.com\/fr\/qui-sommes-nous\/\",\"url\":\"https:\/\/actitudpro.com\/fr\/qui-sommes-nous\/\",\"name\":\"Qui sommes-nous? - ActitudPro\",\"isPartOf\":{\"@id\":\"https:\/\/actitudpro.com\/#website\"},\"primaryImageOfPage\":{\"@id\":\"https:\/\/actitudpro.com\/fr\/qui-sommes-nous\/#primaryimage\"},\"image\":{\"@id\":\"https:\/\/actitudpro.com\/fr\/qui-sommes-nous\/#primaryimage\"},\"thumbnailUrl\":\"http:\/\/actitudpro.com\/wp-content\/uploads\/2021\/04\/Imagen1.png\",\"datePublished\":\"2022-10-24T15:18:16+00:00\",\"dateModified\":\"2022-10-26T07:25:44+00:00\",\"breadcrumb\":{\"@id\":\"https:\/\/actitudpro.com\/fr\/qui-sommes-nous\/#breadcrumb\"},\"inLanguage\":\"fr-FR\",\"potentialAction\":[{\"@type\":\"ReadAction\",\"target\":[\"https:\/\/actitudpro.com\/fr\/qui-sommes-nous\/\"]}]},{\"@type\":\"ImageObject\",\"inLanguage\":\"fr-FR\",\"@id\":\"https:\/\/actitudpro.com\/fr\/qui-sommes-nous\/#primaryimage\",\"url\":\"http:\/\/actitudpro.com\/wp-content\/uploads\/2021\/04\/Imagen1.png\",\"contentUrl\":\"http:\/\/actitudpro.com\/wp-content\/uploads\/2021\/04\/Imagen1.png\"},{\"@type\":\"BreadcrumbList\",\"@id\":\"https:\/\/actitudpro.com\/fr\/qui-sommes-nous\/#breadcrumb\",\"itemListElement\":[{\"@type\":\"ListItem\",\"position\":1,\"name\":\"Portada\",\"item\":\"https:\/\/actitudpro.com\/fr\/\"},{\"@type\":\"ListItem\",\"position\":2,\"name\":\"Qui sommes-nous?\"}]},{\"@type\":\"WebSite\",\"@id\":\"https:\/\/actitudpro.com\/#website\",\"url\":\"https:\/\/actitudpro.com\/\",\"name\":\"ActitudPro\",\"description\":\"Attitude for growth\",\"publisher\":{\"@id\":\"https:\/\/actitudpro.com\/#organization\"},\"potentialAction\":[{\"@type\":\"SearchAction\",\"target\":{\"@type\":\"EntryPoint\",\"urlTemplate\":\"https:\/\/actitudpro.com\/?s={search_term_string}\"},\"query-input\":{\"@type\":\"PropertyValueSpecification\",\"valueRequired\":true,\"valueName\":\"search_term_string\"}}],\"inLanguage\":\"fr-FR\"},{\"@type\":\"Organization\",\"@id\":\"https:\/\/actitudpro.com\/#organization\",\"name\":\"ActitudPro\",\"url\":\"https:\/\/actitudpro.com\/\",\"logo\":{\"@type\":\"ImageObject\",\"inLanguage\":\"fr-FR\",\"@id\":\"https:\/\/actitudpro.com\/#\/schema\/logo\/image\/\",\"url\":\"http:\/\/actitudpro.com\/wp-content\/uploads\/2017\/07\/logo.jpg\",\"contentUrl\":\"http:\/\/actitudpro.com\/wp-content\/uploads\/2017\/07\/logo.jpg\",\"width\":307,\"height\":70,\"caption\":\"ActitudPro\"},\"image\":{\"@id\":\"https:\/\/actitudpro.com\/#\/schema\/logo\/image\/\"}}]}<\/script>\n<!-- \/ Yoast SEO plugin. -->","yoast_head_json":{"title":"Qui sommes-nous? - ActitudPro","robots":{"index":"index","follow":"follow","max-snippet":"max-snippet:-1","max-image-preview":"max-image-preview:large","max-video-preview":"max-video-preview:-1"},"canonical":"https:\/\/actitudpro.com\/fr\/qui-sommes-nous\/","og_locale":"fr_FR","og_type":"article","og_title":"Qui sommes-nous? - ActitudPro","og_description":"Notre entreprise ActitudPro est un cabinet de conseil, de formation et de coaching qui a pour objectif d&rsquo;accompagner les entreprises dans les principaux processus cl\u00e9s de l&rsquo;entreprise: \u00c9quipes, Excellence commerciale, Business Development et Digitalisation. Compos\u00e9es de professionnels ayant une exp\u00e9rience reconnue par diff\u00e9rentes \u00e9coles de commerce dans les domaines des ressources humaines, de la vente [&hellip;]","og_url":"https:\/\/actitudpro.com\/fr\/qui-sommes-nous\/","og_site_name":"ActitudPro","article_modified_time":"2022-10-26T07:25:44+00:00","og_image":[{"url":"http:\/\/actitudpro.com\/wp-content\/uploads\/2021\/04\/Imagen1.png","type":"","width":"","height":""}],"twitter_misc":{"Dur\u00e9e de lecture estim\u00e9e":"2 minutes"},"schema":{"@context":"https:\/\/schema.org","@graph":[{"@type":"WebPage","@id":"https:\/\/actitudpro.com\/fr\/qui-sommes-nous\/","url":"https:\/\/actitudpro.com\/fr\/qui-sommes-nous\/","name":"Qui sommes-nous? - ActitudPro","isPartOf":{"@id":"https:\/\/actitudpro.com\/#website"},"primaryImageOfPage":{"@id":"https:\/\/actitudpro.com\/fr\/qui-sommes-nous\/#primaryimage"},"image":{"@id":"https:\/\/actitudpro.com\/fr\/qui-sommes-nous\/#primaryimage"},"thumbnailUrl":"http:\/\/actitudpro.com\/wp-content\/uploads\/2021\/04\/Imagen1.png","datePublished":"2022-10-24T15:18:16+00:00","dateModified":"2022-10-26T07:25:44+00:00","breadcrumb":{"@id":"https:\/\/actitudpro.com\/fr\/qui-sommes-nous\/#breadcrumb"},"inLanguage":"fr-FR","potentialAction":[{"@type":"ReadAction","target":["https:\/\/actitudpro.com\/fr\/qui-sommes-nous\/"]}]},{"@type":"ImageObject","inLanguage":"fr-FR","@id":"https:\/\/actitudpro.com\/fr\/qui-sommes-nous\/#primaryimage","url":"http:\/\/actitudpro.com\/wp-content\/uploads\/2021\/04\/Imagen1.png","contentUrl":"http:\/\/actitudpro.com\/wp-content\/uploads\/2021\/04\/Imagen1.png"},{"@type":"BreadcrumbList","@id":"https:\/\/actitudpro.com\/fr\/qui-sommes-nous\/#breadcrumb","itemListElement":[{"@type":"ListItem","position":1,"name":"Portada","item":"https:\/\/actitudpro.com\/fr\/"},{"@type":"ListItem","position":2,"name":"Qui sommes-nous?"}]},{"@type":"WebSite","@id":"https:\/\/actitudpro.com\/#website","url":"https:\/\/actitudpro.com\/","name":"ActitudPro","description":"Attitude for growth","publisher":{"@id":"https:\/\/actitudpro.com\/#organization"},"potentialAction":[{"@type":"SearchAction","target":{"@type":"EntryPoint","urlTemplate":"https:\/\/actitudpro.com\/?s={search_term_string}"},"query-input":{"@type":"PropertyValueSpecification","valueRequired":true,"valueName":"search_term_string"}}],"inLanguage":"fr-FR"},{"@type":"Organization","@id":"https:\/\/actitudpro.com\/#organization","name":"ActitudPro","url":"https:\/\/actitudpro.com\/","logo":{"@type":"ImageObject","inLanguage":"fr-FR","@id":"https:\/\/actitudpro.com\/#\/schema\/logo\/image\/","url":"http:\/\/actitudpro.com\/wp-content\/uploads\/2017\/07\/logo.jpg","contentUrl":"http:\/\/actitudpro.com\/wp-content\/uploads\/2017\/07\/logo.jpg","width":307,"height":70,"caption":"ActitudPro"},"image":{"@id":"https:\/\/actitudpro.com\/#\/schema\/logo\/image\/"}}]}},"_links":{"self":[{"href":"https:\/\/actitudpro.com\/fr\/wp-json\/wp\/v2\/pages\/7754","targetHints":{"allow":["GET"]}}],"collection":[{"href":"https:\/\/actitudpro.com\/fr\/wp-json\/wp\/v2\/pages"}],"about":[{"href":"https:\/\/actitudpro.com\/fr\/wp-json\/wp\/v2\/types\/page"}],"author":[{"embeddable":true,"href":"https:\/\/actitudpro.com\/fr\/wp-json\/wp\/v2\/users\/2"}],"replies":[{"embeddable":true,"href":"https:\/\/actitudpro.com\/fr\/wp-json\/wp\/v2\/comments?post=7754"}],"version-history":[{"count":7,"href":"https:\/\/actitudpro.com\/fr\/wp-json\/wp\/v2\/pages\/7754\/revisions"}],"predecessor-version":[{"id":7780,"href":"https:\/\/actitudpro.com\/fr\/wp-json\/wp\/v2\/pages\/7754\/revisions\/7780"}],"wp:attachment":[{"href":"https:\/\/actitudpro.com\/fr\/wp-json\/wp\/v2\/media?parent=7754"}],"curies":[{"name":"wp","href":"https:\/\/api.w.org\/{rel}","templated":true}]}}