{"id":6474,"date":"2021-10-06T16:23:35","date_gmt":"2021-10-06T16:23:35","guid":{"rendered":"http:\/\/actitudpro.com\/consultoria-y-formacion-comercial\/otros\/academia-de-gestion-comercial-copy-2\/"},"modified":"2024-10-14T18:09:06","modified_gmt":"2024-10-14T16:09:06","slug":"ingenierie-construction-et-transformation-de-lacier","status":"publish","type":"page","link":"https:\/\/actitudpro.com\/fr\/ingenierie-construction-et-transformation-de-lacier\/","title":{"rendered":"Ingenierie, Construction et Transformation Siderurgique"},"content":{"rendered":"","protected":false},"excerpt":{"rendered":"","protected":false},"author":2,"featured_media":0,"parent":0,"menu_order":0,"comment_status":"open","ping_status":"closed","template":"templates\/projects.php","meta":{"_acf_changed":false,"ngg_post_thumbnail":0,"footnotes":""},"class_list":["post-6474","page","type-page","status-publish","hentry"],"acf":[],"yoast_head":"<!-- This site is optimized with the Yoast SEO plugin v25.3.1 - https:\/\/yoast.com\/wordpress\/plugins\/seo\/ -->\n<title>Ingenier\u00eda, Construcci\u00f3n y Transformaci\u00f3n Sider\u00fargica- ActitudPro<\/title>\n<meta name=\"description\" content=\"Les secteurs de la construction et de l&#039;industrie continuent de subir des changements acc\u00e9l\u00e9r\u00e9s tout au long de leur cha\u00eene de valeur, sous l&#039;impulsion de la num\u00e9risation et de la comp\u00e9titivit\u00e9. Dans ce contexte, les entreprises doivent \u00e9tablir une strat\u00e9gie claire et bien d\u00e9finie sur la mani\u00e8re de saisir les opportunit\u00e9s offertes par la technologie et l&#039;innovation.\" \/>\n<meta name=\"robots\" content=\"index, follow, max-snippet:-1, max-image-preview:large, max-video-preview:-1\" \/>\n<link rel=\"canonical\" href=\"https:\/\/actitudpro.com\/fr\/ingenierie-construction-et-transformation-de-lacier\/\" \/>\n<meta property=\"og:locale\" content=\"fr_FR\" \/>\n<meta property=\"og:type\" content=\"article\" \/>\n<meta property=\"og:title\" content=\"Ingenier\u00eda, Construcci\u00f3n y Transformaci\u00f3n Sider\u00fargica- ActitudPro\" \/>\n<meta property=\"og:description\" content=\"Les secteurs de la construction et de l&#039;industrie continuent de subir des changements acc\u00e9l\u00e9r\u00e9s tout au long de leur cha\u00eene de valeur, sous l&#039;impulsion de la num\u00e9risation et de la comp\u00e9titivit\u00e9. Dans ce contexte, les entreprises doivent \u00e9tablir une strat\u00e9gie claire et bien d\u00e9finie sur la mani\u00e8re de saisir les opportunit\u00e9s offertes par la technologie et l&#039;innovation.\" \/>\n<meta property=\"og:url\" content=\"https:\/\/actitudpro.com\/fr\/ingenierie-construction-et-transformation-de-lacier\/\" \/>\n<meta property=\"og:site_name\" content=\"ActitudPro\" \/>\n<meta property=\"article:modified_time\" content=\"2024-10-14T16:09:06+00:00\" \/>\n<script type=\"application\/ld+json\" class=\"yoast-schema-graph\">{\"@context\":\"https:\/\/schema.org\",\"@graph\":[{\"@type\":\"WebPage\",\"@id\":\"https:\/\/actitudpro.com\/fr\/ingenierie-construction-et-transformation-de-lacier\/\",\"url\":\"https:\/\/actitudpro.com\/fr\/ingenierie-construction-et-transformation-de-lacier\/\",\"name\":\"Ingenier\u00eda, Construcci\u00f3n y Transformaci\u00f3n Sider\u00fargica- ActitudPro\",\"isPartOf\":{\"@id\":\"https:\/\/actitudpro.com\/#website\"},\"datePublished\":\"2021-10-06T16:23:35+00:00\",\"dateModified\":\"2024-10-14T16:09:06+00:00\",\"description\":\"Les secteurs de la construction et de l'industrie continuent de subir des changements acc\u00e9l\u00e9r\u00e9s tout au long de leur cha\u00eene de valeur, sous l'impulsion de la num\u00e9risation et de la comp\u00e9titivit\u00e9. Dans ce contexte, les entreprises doivent \u00e9tablir une strat\u00e9gie claire et bien d\u00e9finie sur la mani\u00e8re de saisir les opportunit\u00e9s offertes par la technologie et l'innovation.\",\"breadcrumb\":{\"@id\":\"https:\/\/actitudpro.com\/fr\/ingenierie-construction-et-transformation-de-lacier\/#breadcrumb\"},\"inLanguage\":\"fr-FR\",\"potentialAction\":[{\"@type\":\"ReadAction\",\"target\":[\"https:\/\/actitudpro.com\/fr\/ingenierie-construction-et-transformation-de-lacier\/\"]}]},{\"@type\":\"BreadcrumbList\",\"@id\":\"https:\/\/actitudpro.com\/fr\/ingenierie-construction-et-transformation-de-lacier\/#breadcrumb\",\"itemListElement\":[{\"@type\":\"ListItem\",\"position\":1,\"name\":\"Portada\",\"item\":\"https:\/\/actitudpro.com\/fr\/\"},{\"@type\":\"ListItem\",\"position\":2,\"name\":\"Ingenierie, Construction et Transformation Siderurgique\"}]},{\"@type\":\"WebSite\",\"@id\":\"https:\/\/actitudpro.com\/#website\",\"url\":\"https:\/\/actitudpro.com\/\",\"name\":\"ActitudPro\",\"description\":\"Attitude for growth\",\"publisher\":{\"@id\":\"https:\/\/actitudpro.com\/#organization\"},\"potentialAction\":[{\"@type\":\"SearchAction\",\"target\":{\"@type\":\"EntryPoint\",\"urlTemplate\":\"https:\/\/actitudpro.com\/?s={search_term_string}\"},\"query-input\":{\"@type\":\"PropertyValueSpecification\",\"valueRequired\":true,\"valueName\":\"search_term_string\"}}],\"inLanguage\":\"fr-FR\"},{\"@type\":\"Organization\",\"@id\":\"https:\/\/actitudpro.com\/#organization\",\"name\":\"ActitudPro\",\"url\":\"https:\/\/actitudpro.com\/\",\"logo\":{\"@type\":\"ImageObject\",\"inLanguage\":\"fr-FR\",\"@id\":\"https:\/\/actitudpro.com\/#\/schema\/logo\/image\/\",\"url\":\"http:\/\/actitudpro.com\/wp-content\/uploads\/2017\/07\/logo.jpg\",\"contentUrl\":\"http:\/\/actitudpro.com\/wp-content\/uploads\/2017\/07\/logo.jpg\",\"width\":307,\"height\":70,\"caption\":\"ActitudPro\"},\"image\":{\"@id\":\"https:\/\/actitudpro.com\/#\/schema\/logo\/image\/\"}}]}<\/script>\n<!-- \/ Yoast SEO plugin. -->","yoast_head_json":{"title":"Ingenier\u00eda, Construcci\u00f3n y Transformaci\u00f3n Sider\u00fargica- ActitudPro","description":"Les secteurs de la construction et de l'industrie continuent de subir des changements acc\u00e9l\u00e9r\u00e9s tout au long de leur cha\u00eene de valeur, sous l'impulsion de la num\u00e9risation et de la comp\u00e9titivit\u00e9. Dans ce contexte, les entreprises doivent \u00e9tablir une strat\u00e9gie claire et bien d\u00e9finie sur la mani\u00e8re de saisir les opportunit\u00e9s offertes par la technologie et l'innovation.","robots":{"index":"index","follow":"follow","max-snippet":"max-snippet:-1","max-image-preview":"max-image-preview:large","max-video-preview":"max-video-preview:-1"},"canonical":"https:\/\/actitudpro.com\/fr\/ingenierie-construction-et-transformation-de-lacier\/","og_locale":"fr_FR","og_type":"article","og_title":"Ingenier\u00eda, Construcci\u00f3n y Transformaci\u00f3n Sider\u00fargica- ActitudPro","og_description":"Les secteurs de la construction et de l'industrie continuent de subir des changements acc\u00e9l\u00e9r\u00e9s tout au long de leur cha\u00eene de valeur, sous l'impulsion de la num\u00e9risation et de la comp\u00e9titivit\u00e9. Dans ce contexte, les entreprises doivent \u00e9tablir une strat\u00e9gie claire et bien d\u00e9finie sur la mani\u00e8re de saisir les opportunit\u00e9s offertes par la technologie et l'innovation.","og_url":"https:\/\/actitudpro.com\/fr\/ingenierie-construction-et-transformation-de-lacier\/","og_site_name":"ActitudPro","article_modified_time":"2024-10-14T16:09:06+00:00","schema":{"@context":"https:\/\/schema.org","@graph":[{"@type":"WebPage","@id":"https:\/\/actitudpro.com\/fr\/ingenierie-construction-et-transformation-de-lacier\/","url":"https:\/\/actitudpro.com\/fr\/ingenierie-construction-et-transformation-de-lacier\/","name":"Ingenier\u00eda, Construcci\u00f3n y Transformaci\u00f3n Sider\u00fargica- ActitudPro","isPartOf":{"@id":"https:\/\/actitudpro.com\/#website"},"datePublished":"2021-10-06T16:23:35+00:00","dateModified":"2024-10-14T16:09:06+00:00","description":"Les secteurs de la construction et de l'industrie continuent de subir des changements acc\u00e9l\u00e9r\u00e9s tout au long de leur cha\u00eene de valeur, sous l'impulsion de la num\u00e9risation et de la comp\u00e9titivit\u00e9. Dans ce contexte, les entreprises doivent \u00e9tablir une strat\u00e9gie claire et bien d\u00e9finie sur la mani\u00e8re de saisir les opportunit\u00e9s offertes par la technologie et l'innovation.","breadcrumb":{"@id":"https:\/\/actitudpro.com\/fr\/ingenierie-construction-et-transformation-de-lacier\/#breadcrumb"},"inLanguage":"fr-FR","potentialAction":[{"@type":"ReadAction","target":["https:\/\/actitudpro.com\/fr\/ingenierie-construction-et-transformation-de-lacier\/"]}]},{"@type":"BreadcrumbList","@id":"https:\/\/actitudpro.com\/fr\/ingenierie-construction-et-transformation-de-lacier\/#breadcrumb","itemListElement":[{"@type":"ListItem","position":1,"name":"Portada","item":"https:\/\/actitudpro.com\/fr\/"},{"@type":"ListItem","position":2,"name":"Ingenierie, Construction et Transformation Siderurgique"}]},{"@type":"WebSite","@id":"https:\/\/actitudpro.com\/#website","url":"https:\/\/actitudpro.com\/","name":"ActitudPro","description":"Attitude for growth","publisher":{"@id":"https:\/\/actitudpro.com\/#organization"},"potentialAction":[{"@type":"SearchAction","target":{"@type":"EntryPoint","urlTemplate":"https:\/\/actitudpro.com\/?s={search_term_string}"},"query-input":{"@type":"PropertyValueSpecification","valueRequired":true,"valueName":"search_term_string"}}],"inLanguage":"fr-FR"},{"@type":"Organization","@id":"https:\/\/actitudpro.com\/#organization","name":"ActitudPro","url":"https:\/\/actitudpro.com\/","logo":{"@type":"ImageObject","inLanguage":"fr-FR","@id":"https:\/\/actitudpro.com\/#\/schema\/logo\/image\/","url":"http:\/\/actitudpro.com\/wp-content\/uploads\/2017\/07\/logo.jpg","contentUrl":"http:\/\/actitudpro.com\/wp-content\/uploads\/2017\/07\/logo.jpg","width":307,"height":70,"caption":"ActitudPro"},"image":{"@id":"https:\/\/actitudpro.com\/#\/schema\/logo\/image\/"}}]}},"_links":{"self":[{"href":"https:\/\/actitudpro.com\/fr\/wp-json\/wp\/v2\/pages\/6474","targetHints":{"allow":["GET"]}}],"collection":[{"href":"https:\/\/actitudpro.com\/fr\/wp-json\/wp\/v2\/pages"}],"about":[{"href":"https:\/\/actitudpro.com\/fr\/wp-json\/wp\/v2\/types\/page"}],"author":[{"embeddable":true,"href":"https:\/\/actitudpro.com\/fr\/wp-json\/wp\/v2\/users\/2"}],"replies":[{"embeddable":true,"href":"https:\/\/actitudpro.com\/fr\/wp-json\/wp\/v2\/comments?post=6474"}],"version-history":[{"count":16,"href":"https:\/\/actitudpro.com\/fr\/wp-json\/wp\/v2\/pages\/6474\/revisions"}],"predecessor-version":[{"id":10914,"href":"https:\/\/actitudpro.com\/fr\/wp-json\/wp\/v2\/pages\/6474\/revisions\/10914"}],"wp:attachment":[{"href":"https:\/\/actitudpro.com\/fr\/wp-json\/wp\/v2\/media?parent=6474"}],"curies":[{"name":"wp","href":"https:\/\/api.w.org\/{rel}","templated":true}]}}