{"id":9199,"date":"2023-07-03T10:20:45","date_gmt":"2023-07-03T08:20:45","guid":{"rendered":"http:\/\/actitudpro.com\/quienes-somos-copy\/"},"modified":"2023-07-26T10:52:05","modified_gmt":"2023-07-26T08:52:05","slug":"where-we-are-and-where-do-we-implement","status":"publish","type":"page","link":"https:\/\/actitudpro.com\/en\/where-we-are-and-where-do-we-implement\/","title":{"rendered":"Where we are and where do we implement"},"content":{"rendered":"<h3 style=\"text-align: left;\">Internacional presence<\/h3>\n<p>ActitudPro has worked in more than 20 countries since its foundation. ActitudPro has an international physical presence with its own offices in Europe and Latin America and has a team of consultants from around the globe to ensure global strategy and local implementation.<\/p>\n<p><img fetchpriority=\"high\" decoding=\"async\" class=\"aligncenter size-large wp-image-9234\" src=\"https:\/\/actitudpro.com\/wp-content\/uploads\/2023\/07\/donde-estamos-y-donde-trabajamos-1024x576.jpg\" alt=\"\" width=\"604\" height=\"340\" srcset=\"https:\/\/actitudpro.com\/wp-content\/uploads\/2023\/07\/donde-estamos-y-donde-trabajamos-1024x576.jpg 1024w, https:\/\/actitudpro.com\/wp-content\/uploads\/2023\/07\/donde-estamos-y-donde-trabajamos-600x338.jpg 600w, https:\/\/actitudpro.com\/wp-content\/uploads\/2023\/07\/donde-estamos-y-donde-trabajamos-300x169.jpg 300w, https:\/\/actitudpro.com\/wp-content\/uploads\/2023\/07\/donde-estamos-y-donde-trabajamos-768x432.jpg 768w, https:\/\/actitudpro.com\/wp-content\/uploads\/2023\/07\/donde-estamos-y-donde-trabajamos.jpg 1280w\" sizes=\"(max-width: 604px) 100vw, 604px\" \/><\/p>\n<h3 class=\"column middle adress\">WHERE CAN YOU FIND US<\/h3>\n<div class=\"locations\">\n<p><strong>SPAIN<\/strong><\/p>\n<div class=\"location-content\">\n<p class=\"location\"><b>Barcelona<\/b><br \/>\nBalmes 245, 6\u00ba 1\u00aa<br \/>\nTel.<a href=\"tel:0034933682533\">(+34) 93 368 25 33<\/a><\/p>\n<\/div>\n<\/div>\n<div><\/div>\n<div><\/div>\n<div><\/div>\n<div class=\"locations\">\n<div class=\"location-content\">\n<p class=\"location\"><b>Madrid<\/b><br \/>\nVelazquez 27, 1\u00baD<br \/>\nTel.<a href=\"tel:0034918318898\">(+34)<span>91 831 88 98<\/span><\/a><\/p>\n<\/div>\n<\/div>\n<h3>&nbsp;<\/h3>\n<p>&nbsp;<\/p>\n<p><strong>ANDORRA<\/strong><\/p>\n<p><b>Andorra La Vella<\/b><br \/>\n<span>Avda St Antoni 77, 6-1<\/span><br \/>\n<span>AD400 La Massana, Andorra<\/span><br \/>\n<span>Tel.(+376) 85 56 56<\/span><\/p>\n<div><\/div>\n<p><strong>M\u00c9XICO<\/strong><\/p>\n<p>&nbsp;<\/p>\n<div><b>Ciudad de M\u00e9xico&nbsp;<\/b><\/div>\n<div>\n<div class=\"location\">Isaac Newton 186, Dpcho 203, ofi. 203-av.<\/div>\n<div class=\"location\">Col. Polanco v Seccion CP 11560<\/div>\n<p class=\"location\">Tel +52 55 66512853<\/p>\n<\/div>\n<p>&nbsp;<\/p>\n<p>&nbsp;<\/p>\n<h3>Active and consolidated Network of consultants&nbsp;<\/h3>\n<p><strong>Europe; <\/strong>France, Germany, Poland, Russia, UK, Portugal.<\/p>\n<p><strong>Am\u00e9rica:<\/strong> Canada, EE UU, Brasil, Colombia, Argentina.&nbsp;<\/p>\n<p><strong>Asia:<\/strong> Turkey, India, Indonesia China, Japan, Thailand<\/p>\n<p><strong>Africa:<\/strong> Senegal, South Africa)<\/p>\n<p><strong> Ocean\u00eda:<\/strong> Australia<\/p>\n","protected":false},"excerpt":{"rendered":"<p>Internacional presence ActitudPro has worked in more than 20 countries since its foundation. ActitudPro has an international physical presence with its own offices in Europe and Latin America and has a team of consultants from around the globe to ensure global strategy and local implementation. WHERE CAN YOU FIND US SPAIN Barcelona Balmes 245, 6\u00ba [&hellip;]<\/p>\n","protected":false},"author":2,"featured_media":0,"parent":0,"menu_order":0,"comment_status":"open","ping_status":"closed","template":"templates\/twocolumns.php","meta":{"_acf_changed":false,"ngg_post_thumbnail":0,"footnotes":""},"class_list":["post-9199","page","type-page","status-publish","hentry"],"acf":[],"yoast_head":"<!-- This site is optimized with the Yoast SEO plugin v25.3.1 - https:\/\/yoast.com\/wordpress\/plugins\/seo\/ -->\n<title>Qui\u00e9nes Somos - ActitudPro<\/title>\n<meta name=\"description\" content=\"Firma de consultor\u00eda, formaci\u00f3n y coaching, especializada en ayudar a las empresas a alcanzar la excelencia comercial mediante consultor\u00eda de negocio y formaci\u00f3n de sus equipos de venta.\" \/>\n<meta name=\"robots\" content=\"index, follow, max-snippet:-1, max-image-preview:large, max-video-preview:-1\" \/>\n<link rel=\"canonical\" href=\"https:\/\/actitudpro.com\/en\/where-we-are-and-where-do-we-implement\/\" \/>\n<meta property=\"og:locale\" content=\"en_US\" \/>\n<meta property=\"og:type\" content=\"article\" \/>\n<meta property=\"og:title\" content=\"Qui\u00e9nes Somos - ActitudPro\" \/>\n<meta property=\"og:description\" content=\"Firma de consultor\u00eda, formaci\u00f3n y coaching, especializada en ayudar a las empresas a alcanzar la excelencia comercial mediante consultor\u00eda de negocio y formaci\u00f3n de sus equipos de venta.\" \/>\n<meta property=\"og:url\" content=\"https:\/\/actitudpro.com\/en\/where-we-are-and-where-do-we-implement\/\" \/>\n<meta property=\"og:site_name\" content=\"ActitudPro\" \/>\n<meta property=\"article:modified_time\" content=\"2023-07-26T08:52:05+00:00\" \/>\n<meta property=\"og:image\" content=\"http:\/\/actitudpro.com\/wp-content\/uploads\/2023\/07\/donde-estamos-y-donde-trabajamos-1024x576.jpg\" \/>\n<meta name=\"twitter:label1\" content=\"Est. reading time\" \/>\n\t<meta name=\"twitter:data1\" content=\"1 minute\" \/>\n<script type=\"application\/ld+json\" class=\"yoast-schema-graph\">{\"@context\":\"https:\/\/schema.org\",\"@graph\":[{\"@type\":\"WebPage\",\"@id\":\"https:\/\/actitudpro.com\/en\/where-we-are-and-where-do-we-implement\/\",\"url\":\"https:\/\/actitudpro.com\/en\/where-we-are-and-where-do-we-implement\/\",\"name\":\"Qui\u00e9nes Somos - ActitudPro\",\"isPartOf\":{\"@id\":\"https:\/\/actitudpro.com\/#website\"},\"primaryImageOfPage\":{\"@id\":\"https:\/\/actitudpro.com\/en\/where-we-are-and-where-do-we-implement\/#primaryimage\"},\"image\":{\"@id\":\"https:\/\/actitudpro.com\/en\/where-we-are-and-where-do-we-implement\/#primaryimage\"},\"thumbnailUrl\":\"http:\/\/actitudpro.com\/wp-content\/uploads\/2023\/07\/donde-estamos-y-donde-trabajamos-1024x576.jpg\",\"datePublished\":\"2023-07-03T08:20:45+00:00\",\"dateModified\":\"2023-07-26T08:52:05+00:00\",\"description\":\"Firma de consultor\u00eda, formaci\u00f3n y coaching, especializada en ayudar a las empresas a alcanzar la excelencia comercial mediante consultor\u00eda de negocio y formaci\u00f3n de sus equipos de venta.\",\"breadcrumb\":{\"@id\":\"https:\/\/actitudpro.com\/en\/where-we-are-and-where-do-we-implement\/#breadcrumb\"},\"inLanguage\":\"en-US\",\"potentialAction\":[{\"@type\":\"ReadAction\",\"target\":[\"https:\/\/actitudpro.com\/en\/where-we-are-and-where-do-we-implement\/\"]}]},{\"@type\":\"ImageObject\",\"inLanguage\":\"en-US\",\"@id\":\"https:\/\/actitudpro.com\/en\/where-we-are-and-where-do-we-implement\/#primaryimage\",\"url\":\"http:\/\/actitudpro.com\/wp-content\/uploads\/2023\/07\/donde-estamos-y-donde-trabajamos-1024x576.jpg\",\"contentUrl\":\"http:\/\/actitudpro.com\/wp-content\/uploads\/2023\/07\/donde-estamos-y-donde-trabajamos-1024x576.jpg\"},{\"@type\":\"BreadcrumbList\",\"@id\":\"https:\/\/actitudpro.com\/en\/where-we-are-and-where-do-we-implement\/#breadcrumb\",\"itemListElement\":[{\"@type\":\"ListItem\",\"position\":1,\"name\":\"Portada\",\"item\":\"https:\/\/actitudpro.com\/en\/\"},{\"@type\":\"ListItem\",\"position\":2,\"name\":\"Where we are and where do we implement\"}]},{\"@type\":\"WebSite\",\"@id\":\"https:\/\/actitudpro.com\/#website\",\"url\":\"https:\/\/actitudpro.com\/\",\"name\":\"ActitudPro\",\"description\":\"Attitude for growth\",\"publisher\":{\"@id\":\"https:\/\/actitudpro.com\/#organization\"},\"potentialAction\":[{\"@type\":\"SearchAction\",\"target\":{\"@type\":\"EntryPoint\",\"urlTemplate\":\"https:\/\/actitudpro.com\/?s={search_term_string}\"},\"query-input\":{\"@type\":\"PropertyValueSpecification\",\"valueRequired\":true,\"valueName\":\"search_term_string\"}}],\"inLanguage\":\"en-US\"},{\"@type\":\"Organization\",\"@id\":\"https:\/\/actitudpro.com\/#organization\",\"name\":\"ActitudPro\",\"url\":\"https:\/\/actitudpro.com\/\",\"logo\":{\"@type\":\"ImageObject\",\"inLanguage\":\"en-US\",\"@id\":\"https:\/\/actitudpro.com\/#\/schema\/logo\/image\/\",\"url\":\"http:\/\/actitudpro.com\/wp-content\/uploads\/2017\/07\/logo.jpg\",\"contentUrl\":\"http:\/\/actitudpro.com\/wp-content\/uploads\/2017\/07\/logo.jpg\",\"width\":307,\"height\":70,\"caption\":\"ActitudPro\"},\"image\":{\"@id\":\"https:\/\/actitudpro.com\/#\/schema\/logo\/image\/\"}}]}<\/script>\n<!-- \/ Yoast SEO plugin. -->","yoast_head_json":{"title":"Qui\u00e9nes Somos - ActitudPro","description":"Firma de consultor\u00eda, formaci\u00f3n y coaching, especializada en ayudar a las empresas a alcanzar la excelencia comercial mediante consultor\u00eda de negocio y formaci\u00f3n de sus equipos de venta.","robots":{"index":"index","follow":"follow","max-snippet":"max-snippet:-1","max-image-preview":"max-image-preview:large","max-video-preview":"max-video-preview:-1"},"canonical":"https:\/\/actitudpro.com\/en\/where-we-are-and-where-do-we-implement\/","og_locale":"en_US","og_type":"article","og_title":"Qui\u00e9nes Somos - ActitudPro","og_description":"Firma de consultor\u00eda, formaci\u00f3n y coaching, especializada en ayudar a las empresas a alcanzar la excelencia comercial mediante consultor\u00eda de negocio y formaci\u00f3n de sus equipos de venta.","og_url":"https:\/\/actitudpro.com\/en\/where-we-are-and-where-do-we-implement\/","og_site_name":"ActitudPro","article_modified_time":"2023-07-26T08:52:05+00:00","og_image":[{"url":"http:\/\/actitudpro.com\/wp-content\/uploads\/2023\/07\/donde-estamos-y-donde-trabajamos-1024x576.jpg","type":"","width":"","height":""}],"twitter_misc":{"Est. reading time":"1 minute"},"schema":{"@context":"https:\/\/schema.org","@graph":[{"@type":"WebPage","@id":"https:\/\/actitudpro.com\/en\/where-we-are-and-where-do-we-implement\/","url":"https:\/\/actitudpro.com\/en\/where-we-are-and-where-do-we-implement\/","name":"Qui\u00e9nes Somos - ActitudPro","isPartOf":{"@id":"https:\/\/actitudpro.com\/#website"},"primaryImageOfPage":{"@id":"https:\/\/actitudpro.com\/en\/where-we-are-and-where-do-we-implement\/#primaryimage"},"image":{"@id":"https:\/\/actitudpro.com\/en\/where-we-are-and-where-do-we-implement\/#primaryimage"},"thumbnailUrl":"http:\/\/actitudpro.com\/wp-content\/uploads\/2023\/07\/donde-estamos-y-donde-trabajamos-1024x576.jpg","datePublished":"2023-07-03T08:20:45+00:00","dateModified":"2023-07-26T08:52:05+00:00","description":"Firma de consultor\u00eda, formaci\u00f3n y coaching, especializada en ayudar a las empresas a alcanzar la excelencia comercial mediante consultor\u00eda de negocio y formaci\u00f3n de sus equipos de venta.","breadcrumb":{"@id":"https:\/\/actitudpro.com\/en\/where-we-are-and-where-do-we-implement\/#breadcrumb"},"inLanguage":"en-US","potentialAction":[{"@type":"ReadAction","target":["https:\/\/actitudpro.com\/en\/where-we-are-and-where-do-we-implement\/"]}]},{"@type":"ImageObject","inLanguage":"en-US","@id":"https:\/\/actitudpro.com\/en\/where-we-are-and-where-do-we-implement\/#primaryimage","url":"http:\/\/actitudpro.com\/wp-content\/uploads\/2023\/07\/donde-estamos-y-donde-trabajamos-1024x576.jpg","contentUrl":"http:\/\/actitudpro.com\/wp-content\/uploads\/2023\/07\/donde-estamos-y-donde-trabajamos-1024x576.jpg"},{"@type":"BreadcrumbList","@id":"https:\/\/actitudpro.com\/en\/where-we-are-and-where-do-we-implement\/#breadcrumb","itemListElement":[{"@type":"ListItem","position":1,"name":"Portada","item":"https:\/\/actitudpro.com\/en\/"},{"@type":"ListItem","position":2,"name":"Where we are and where do we implement"}]},{"@type":"WebSite","@id":"https:\/\/actitudpro.com\/#website","url":"https:\/\/actitudpro.com\/","name":"ActitudPro","description":"Attitude for growth","publisher":{"@id":"https:\/\/actitudpro.com\/#organization"},"potentialAction":[{"@type":"SearchAction","target":{"@type":"EntryPoint","urlTemplate":"https:\/\/actitudpro.com\/?s={search_term_string}"},"query-input":{"@type":"PropertyValueSpecification","valueRequired":true,"valueName":"search_term_string"}}],"inLanguage":"en-US"},{"@type":"Organization","@id":"https:\/\/actitudpro.com\/#organization","name":"ActitudPro","url":"https:\/\/actitudpro.com\/","logo":{"@type":"ImageObject","inLanguage":"en-US","@id":"https:\/\/actitudpro.com\/#\/schema\/logo\/image\/","url":"http:\/\/actitudpro.com\/wp-content\/uploads\/2017\/07\/logo.jpg","contentUrl":"http:\/\/actitudpro.com\/wp-content\/uploads\/2017\/07\/logo.jpg","width":307,"height":70,"caption":"ActitudPro"},"image":{"@id":"https:\/\/actitudpro.com\/#\/schema\/logo\/image\/"}}]}},"_links":{"self":[{"href":"https:\/\/actitudpro.com\/en\/wp-json\/wp\/v2\/pages\/9199","targetHints":{"allow":["GET"]}}],"collection":[{"href":"https:\/\/actitudpro.com\/en\/wp-json\/wp\/v2\/pages"}],"about":[{"href":"https:\/\/actitudpro.com\/en\/wp-json\/wp\/v2\/types\/page"}],"author":[{"embeddable":true,"href":"https:\/\/actitudpro.com\/en\/wp-json\/wp\/v2\/users\/2"}],"replies":[{"embeddable":true,"href":"https:\/\/actitudpro.com\/en\/wp-json\/wp\/v2\/comments?post=9199"}],"version-history":[{"count":13,"href":"https:\/\/actitudpro.com\/en\/wp-json\/wp\/v2\/pages\/9199\/revisions"}],"predecessor-version":[{"id":9281,"href":"https:\/\/actitudpro.com\/en\/wp-json\/wp\/v2\/pages\/9199\/revisions\/9281"}],"wp:attachment":[{"href":"https:\/\/actitudpro.com\/en\/wp-json\/wp\/v2\/media?parent=9199"}],"curies":[{"name":"wp","href":"https:\/\/api.w.org\/{rel}","templated":true}]}}