{"id":7443,"date":"2022-07-08T10:02:20","date_gmt":"2022-07-08T08:02:20","guid":{"rendered":"http:\/\/actitudpro.com\/liderazgo-y-equipos\/formacion\/lego-serious-play-equipos-copy\/"},"modified":"2022-12-01T16:48:36","modified_gmt":"2022-12-01T14:48:36","slug":"showtimepro","status":"publish","type":"page","link":"https:\/\/actitudpro.com\/en\/showtimepro\/","title":{"rendered":"ShowTime Pro"},"content":{"rendered":"","protected":false},"excerpt":{"rendered":"","protected":false},"author":2,"featured_media":0,"parent":0,"menu_order":4,"comment_status":"closed","ping_status":"closed","template":"templates\/projects.php","meta":{"_acf_changed":false,"ngg_post_thumbnail":0,"footnotes":""},"class_list":["post-7443","page","type-page","status-publish","hentry"],"acf":[],"yoast_head":"<!-- This site is optimized with the Yoast SEO plugin v25.3.1 - https:\/\/yoast.com\/wordpress\/plugins\/seo\/ -->\n<title>ShowTime Pro - ActitudPro<\/title>\n<meta name=\"description\" content=\"ShowTime Pro es una metodolog\u00eda para trabajar la creatividad, cohesi\u00f3n, pertenencia y motivaci\u00f3n del equipo. \u00a1Creamos el videoclip del equipo!\" \/>\n<meta name=\"robots\" content=\"index, follow, max-snippet:-1, max-image-preview:large, max-video-preview:-1\" \/>\n<link rel=\"canonical\" href=\"https:\/\/actitudpro.com\/en\/showtimepro\/\" \/>\n<meta property=\"og:locale\" content=\"en_US\" \/>\n<meta property=\"og:type\" content=\"article\" \/>\n<meta property=\"og:title\" content=\"ShowTime Pro - ActitudPro\" \/>\n<meta property=\"og:description\" content=\"ShowTime Pro es una metodolog\u00eda para trabajar la creatividad, cohesi\u00f3n, pertenencia y motivaci\u00f3n del equipo. \u00a1Creamos el videoclip del equipo!\" \/>\n<meta property=\"og:url\" content=\"https:\/\/actitudpro.com\/en\/showtimepro\/\" \/>\n<meta property=\"og:site_name\" content=\"ActitudPro\" \/>\n<meta property=\"article:modified_time\" content=\"2022-12-01T14:48:36+00:00\" \/>\n<script type=\"application\/ld+json\" class=\"yoast-schema-graph\">{\"@context\":\"https:\/\/schema.org\",\"@graph\":[{\"@type\":\"WebPage\",\"@id\":\"https:\/\/actitudpro.com\/en\/showtimepro\/\",\"url\":\"https:\/\/actitudpro.com\/en\/showtimepro\/\",\"name\":\"ShowTime Pro - ActitudPro\",\"isPartOf\":{\"@id\":\"https:\/\/actitudpro.com\/#website\"},\"datePublished\":\"2022-07-08T08:02:20+00:00\",\"dateModified\":\"2022-12-01T14:48:36+00:00\",\"description\":\"ShowTime Pro es una metodolog\u00eda para trabajar la creatividad, cohesi\u00f3n, pertenencia y motivaci\u00f3n del equipo. \u00a1Creamos el videoclip del equipo!\",\"breadcrumb\":{\"@id\":\"https:\/\/actitudpro.com\/en\/showtimepro\/#breadcrumb\"},\"inLanguage\":\"en-US\",\"potentialAction\":[{\"@type\":\"ReadAction\",\"target\":[\"https:\/\/actitudpro.com\/en\/showtimepro\/\"]}]},{\"@type\":\"BreadcrumbList\",\"@id\":\"https:\/\/actitudpro.com\/en\/showtimepro\/#breadcrumb\",\"itemListElement\":[{\"@type\":\"ListItem\",\"position\":1,\"name\":\"Portada\",\"item\":\"https:\/\/actitudpro.com\/en\/\"},{\"@type\":\"ListItem\",\"position\":2,\"name\":\"ShowTime Pro\"}]},{\"@type\":\"WebSite\",\"@id\":\"https:\/\/actitudpro.com\/#website\",\"url\":\"https:\/\/actitudpro.com\/\",\"name\":\"ActitudPro\",\"description\":\"Attitude for growth\",\"publisher\":{\"@id\":\"https:\/\/actitudpro.com\/#organization\"},\"potentialAction\":[{\"@type\":\"SearchAction\",\"target\":{\"@type\":\"EntryPoint\",\"urlTemplate\":\"https:\/\/actitudpro.com\/?s={search_term_string}\"},\"query-input\":{\"@type\":\"PropertyValueSpecification\",\"valueRequired\":true,\"valueName\":\"search_term_string\"}}],\"inLanguage\":\"en-US\"},{\"@type\":\"Organization\",\"@id\":\"https:\/\/actitudpro.com\/#organization\",\"name\":\"ActitudPro\",\"url\":\"https:\/\/actitudpro.com\/\",\"logo\":{\"@type\":\"ImageObject\",\"inLanguage\":\"en-US\",\"@id\":\"https:\/\/actitudpro.com\/#\/schema\/logo\/image\/\",\"url\":\"http:\/\/actitudpro.com\/wp-content\/uploads\/2017\/07\/logo.jpg\",\"contentUrl\":\"http:\/\/actitudpro.com\/wp-content\/uploads\/2017\/07\/logo.jpg\",\"width\":307,\"height\":70,\"caption\":\"ActitudPro\"},\"image\":{\"@id\":\"https:\/\/actitudpro.com\/#\/schema\/logo\/image\/\"}}]}<\/script>\n<!-- \/ Yoast SEO plugin. -->","yoast_head_json":{"title":"ShowTime Pro - ActitudPro","description":"ShowTime Pro es una metodolog\u00eda para trabajar la creatividad, cohesi\u00f3n, pertenencia y motivaci\u00f3n del equipo. \u00a1Creamos el videoclip del equipo!","robots":{"index":"index","follow":"follow","max-snippet":"max-snippet:-1","max-image-preview":"max-image-preview:large","max-video-preview":"max-video-preview:-1"},"canonical":"https:\/\/actitudpro.com\/en\/showtimepro\/","og_locale":"en_US","og_type":"article","og_title":"ShowTime Pro - ActitudPro","og_description":"ShowTime Pro es una metodolog\u00eda para trabajar la creatividad, cohesi\u00f3n, pertenencia y motivaci\u00f3n del equipo. \u00a1Creamos el videoclip del equipo!","og_url":"https:\/\/actitudpro.com\/en\/showtimepro\/","og_site_name":"ActitudPro","article_modified_time":"2022-12-01T14:48:36+00:00","schema":{"@context":"https:\/\/schema.org","@graph":[{"@type":"WebPage","@id":"https:\/\/actitudpro.com\/en\/showtimepro\/","url":"https:\/\/actitudpro.com\/en\/showtimepro\/","name":"ShowTime Pro - ActitudPro","isPartOf":{"@id":"https:\/\/actitudpro.com\/#website"},"datePublished":"2022-07-08T08:02:20+00:00","dateModified":"2022-12-01T14:48:36+00:00","description":"ShowTime Pro es una metodolog\u00eda para trabajar la creatividad, cohesi\u00f3n, pertenencia y motivaci\u00f3n del equipo. \u00a1Creamos el videoclip del equipo!","breadcrumb":{"@id":"https:\/\/actitudpro.com\/en\/showtimepro\/#breadcrumb"},"inLanguage":"en-US","potentialAction":[{"@type":"ReadAction","target":["https:\/\/actitudpro.com\/en\/showtimepro\/"]}]},{"@type":"BreadcrumbList","@id":"https:\/\/actitudpro.com\/en\/showtimepro\/#breadcrumb","itemListElement":[{"@type":"ListItem","position":1,"name":"Portada","item":"https:\/\/actitudpro.com\/en\/"},{"@type":"ListItem","position":2,"name":"ShowTime Pro"}]},{"@type":"WebSite","@id":"https:\/\/actitudpro.com\/#website","url":"https:\/\/actitudpro.com\/","name":"ActitudPro","description":"Attitude for growth","publisher":{"@id":"https:\/\/actitudpro.com\/#organization"},"potentialAction":[{"@type":"SearchAction","target":{"@type":"EntryPoint","urlTemplate":"https:\/\/actitudpro.com\/?s={search_term_string}"},"query-input":{"@type":"PropertyValueSpecification","valueRequired":true,"valueName":"search_term_string"}}],"inLanguage":"en-US"},{"@type":"Organization","@id":"https:\/\/actitudpro.com\/#organization","name":"ActitudPro","url":"https:\/\/actitudpro.com\/","logo":{"@type":"ImageObject","inLanguage":"en-US","@id":"https:\/\/actitudpro.com\/#\/schema\/logo\/image\/","url":"http:\/\/actitudpro.com\/wp-content\/uploads\/2017\/07\/logo.jpg","contentUrl":"http:\/\/actitudpro.com\/wp-content\/uploads\/2017\/07\/logo.jpg","width":307,"height":70,"caption":"ActitudPro"},"image":{"@id":"https:\/\/actitudpro.com\/#\/schema\/logo\/image\/"}}]}},"_links":{"self":[{"href":"https:\/\/actitudpro.com\/en\/wp-json\/wp\/v2\/pages\/7443","targetHints":{"allow":["GET"]}}],"collection":[{"href":"https:\/\/actitudpro.com\/en\/wp-json\/wp\/v2\/pages"}],"about":[{"href":"https:\/\/actitudpro.com\/en\/wp-json\/wp\/v2\/types\/page"}],"author":[{"embeddable":true,"href":"https:\/\/actitudpro.com\/en\/wp-json\/wp\/v2\/users\/2"}],"replies":[{"embeddable":true,"href":"https:\/\/actitudpro.com\/en\/wp-json\/wp\/v2\/comments?post=7443"}],"version-history":[{"count":4,"href":"https:\/\/actitudpro.com\/en\/wp-json\/wp\/v2\/pages\/7443\/revisions"}],"predecessor-version":[{"id":8661,"href":"https:\/\/actitudpro.com\/en\/wp-json\/wp\/v2\/pages\/7443\/revisions\/8661"}],"wp:attachment":[{"href":"https:\/\/actitudpro.com\/en\/wp-json\/wp\/v2\/media?parent=7443"}],"curies":[{"name":"wp","href":"https:\/\/api.w.org\/{rel}","templated":true}]}}