{"id":7038,"date":"2018-05-28T15:25:57","date_gmt":"2018-05-28T15:25:57","guid":{"rendered":"http:\/\/actitudpro.com\/proteccion-de-datosproteccion-de-datos\/"},"modified":"2018-05-28T15:25:57","modified_gmt":"2018-05-28T15:25:57","slug":"proteccion-de-datosproteccion-de-datos","status":"publish","type":"page","link":"https:\/\/actitudpro.com\/en\/proteccion-de-datosproteccion-de-datos\/","title":{"rendered":"Pol\u00edtica de Protecci\u00f3n de datos de ActitudPro"},"content":{"rendered":"<p style=\"text-align: left;\">Su&nbsp;privacidad es muy importante para nosotros; mantener su total confianza es nuestro objetivo primordial.<\/p>\n<table class=\" alignleft\" style=\"width: 896.667px;\">\n<tbody>\n<tr style=\"height: 44px;\">\n<td style=\"width: 884.667px; height: 44px;\" colspan=\"2\"><strong>Informaci\u00f3n b\u00e1sica sobre Protecci\u00f3n de Datos<\/strong><\/td>\n<\/tr>\n<tr style=\"height: 22px;\">\n<td style=\"width: 116px; height: 22px;\">&nbsp;<span><strong>Responsable<\/strong><\/span><\/td>\n<td style=\"width: 768.667px; height: 22px;\">&nbsp;ACTITUDPRO \u00ae , una marca registrada de MARTRAT 4P SL<\/td>\n<\/tr>\n<tr style=\"height: 22px;\">\n<td style=\"width: 116px; height: 22px;\"><span><strong>&nbsp;Finalidad<\/strong><\/span><\/td>\n<td style=\"width: 768.667px; height: 22px;\">&nbsp;Gestionar el env\u00edo de informaci\u00f3n y prospecci\u00f3n comercial&nbsp;<span><u>+info<\/u><\/span><\/td>\n<\/tr>\n<tr style=\"height: 22px;\">\n<td style=\"width: 116px; height: 22px;\"><span><strong>&nbsp;Legitimaci\u00f3n<\/strong><\/span><\/td>\n<td style=\"width: 768.667px; height: 22px;\">&nbsp;Consentimiento del interesado&nbsp;<\/td>\n<\/tr>\n<tr style=\"height: 22px;\">\n<td style=\"width: 116px; height: 22px;\">&nbsp;<span><strong>Destinatarios<\/strong><\/span><\/td>\n<td style=\"width: 768.667px; height: 22px;\">&nbsp;Otras empresas del grupo y encargados del tratamiento que prestan servicio al responsable&nbsp;<span><u>+info<\/u><\/span><\/td>\n<\/tr>\n<tr style=\"height: 22px;\">\n<td style=\"width: 116px; height: 22px;\">&nbsp;<span><strong>Derechos<\/strong><\/span><\/td>\n<td style=\"width: 768.667px; height: 22px;\">&nbsp;Acceder, rectificar y suprimir los datos, as\u00ed com&nbsp;<span>+info<\/span><\/td>\n<\/tr>\n<\/tbody>\n<\/table>\n<h3 style=\"text-align: left;\">Uso y finalidades de los datos personales recabados<\/h3>\n<p style=\"text-align: left;\">Le informamos que los datos personales que nos facilite telem\u00e1tica o presencialmente&nbsp;ser\u00e1n destinados a los fines propios de la compa\u00f1\u00eda, relacionados con nuestra administraci\u00f3n general y a informar de los servicios que ofrecemos.<\/p>\n<p style=\"text-align: left;\"><span>ACTITUDPRO en ning\u00fan caso solicita datos de tipo personal a los usuarios a trav\u00e9s de la web salvo los m\u00ednimos necesarios para la correcta comunicaci\u00f3n entre ACTITUDPRO y el usuario.&nbsp;La informaci\u00f3n de car\u00e1cter personal recabada es empleada para las siguientes finalidades:<\/span><\/p>\n<ul style=\"text-align: left;\">\n<li><span>Atender, por correo electr\u00f3nico o tel\u00e9fono, las consultas realizadas a trav\u00e9s de los formularios de la web, el correo electr\u00f3nico o su registro de asistencia a un evento de ACTITUDPRO.<\/span><\/li>\n<li><span>Env\u00edo de una newsletter peri\u00f3dica con informes, art\u00edculos, y comunicados sobre servicios de de ACTITUDPRO.<\/span><\/li>\n<li><span>Enviar invitaciones a eventos de ACTITUDPRO.<\/span><\/li>\n<\/ul>\n<p style=\"text-align: left;\">&nbsp;<\/p>\n<p style=\"text-align: left;\"><span>En nuestra p\u00e1gina web no hay ning\u00fan enlace que permita la comunicaci\u00f3n de sus datos a cualquier otra entidad o empresa de terceros. Asimismo, le informamos de que sus datos personales no ser\u00e1n segmentados ni utilizados con otros fines que no sean la mera informaci\u00f3n de los servicios y de las actividades que ACTITUDPRO ofrece y que pretendemos que sean de su utilidad.<\/span><\/p>\n<p style=\"text-align: left;\"><span>El usuario responder\u00e1, en cualquier caso, de la veracidad de los datos facilitados, y ACTITUDPRO se reserva el derecho a excluir de los servicios registrados a cualquier usuario que haya facilitado datos falsos, sin perjuicios de las dem\u00e1s acciones legales.<\/span><\/p>\n<h3 style=\"text-align: left;\">Seguridad de la informaci\u00f3n<\/h3>\n<p style=\"text-align: left;\"><span>ACTITUDPRO cumple todos los requisitos establecidos por la normativa vigente en materia de protecci\u00f3n de datos personales, y todos los datos bajo nuestra responsabilidad ser\u00e1n tratados conforme a las exigencias legales, manteni\u00e9ndose las medidas de seguridad debidas, tanto t\u00e9cnicas como organizativas, que garanticen su confidencialidad y la protecci\u00f3n de sus datos personales.<\/span><\/p>\n<h3 style=\"text-align: left;\">Derechos sobre sus&nbsp;datos personales<\/h3>\n<p style=\"text-align: left;\"><span>Si desea ejercitar sus derechos de acceso, rectificaci\u00f3n, limitaci\u00f3n u&nbsp;oposici\u00f3n, puede usted dirigirse&nbsp;de las siguientes maneras:<\/span><\/p>\n<ul style=\"text-align: left;\">\n<li><span>Por escrito a ACTITUDPRO, con domicilio en el n\u00famero 245 6\u00ba 1a de la calle Balmes, 08025, de Barcelona, indicando en el sobre \u00abPol\u00edtica de privacidad\u00bb,<\/span><\/li>\n<li><span>A la atenci\u00f3n del Delegado de Protecci\u00f3n de Datos de ActitudPro a trav\u00e9s de la direcci\u00f3n de correo electr\u00f3nico&nbsp;<\/span><a href=\"mailto:lopd@actitudpro.com%20\">lopd@actitudpro.com <\/a><span>indicando en el asunto \u00abPol\u00edtica de privacidad\u00bb.<\/span><\/li>\n<\/ul>\n<p style=\"text-align: left;\">&nbsp;<\/p>\n<h3 style=\"text-align: left;\">Aviso para Cookies<\/h3>\n<p style=\"text-align: left;\"><span>ACTITUDPRO recoge informaci\u00f3n de tipo estad\u00edstico en los env\u00edos de correos electr\u00f3nicos con el fin de valorar el \u00e9xito de sus campa\u00f1as. Estas estad\u00edsticas son de uso interno de ACTITUDPRO y en ning\u00fan caso se ceder\u00e1n a terceros.<\/span><\/p>\n<p style=\"text-align: left;\"><span>Por todo ello, entendemos que en el supuesto de que nos facilite sus datos nos concede su autorizaci\u00f3n expresa para realizar un tratamiento de los mismos conforme a lo descrito m\u00e1s arriba, y que, en cualquier momento, puede revocar la citada autorizaci\u00f3n. (Observe que si utiliza la configuraci\u00f3n de su navegador para bloquear todas las cookies es posible que no pueda a acceder a determinadas secciones de nuestro sitio web.)<\/span><\/p>\n<p style=\"text-align: left;\"><span>Los siguientes sitios web ofrecen informaci\u00f3n para configurar las cookies en algunos de los navegadores m\u00e1s conocidos:<\/span><\/p>\n<ul style=\"text-align: left;\">\n<li><a href=\"http:\/\/support.apple.com\/kb\/PH5042\">Apple Safari<\/a><\/li>\n<li><a href=\"https:\/\/support.google.com\/chrome\/bin\/answer.py?hl=en&amp;answer=95647&amp;p=cpn_cookies\">Google Chrome<\/a><\/li>\n<li><a href=\"https:\/\/www.microsoft.com\/info\/cookies.mspx\">Microsoft Edge<\/a><\/li>\n<li><a href=\"http:\/\/www.microsoft.com\/info\/cookies.mspx\">Microsoft Internet Explorer<\/a><\/li>\n<li><a href=\"http:\/\/support.mozilla.org\/en-US\/kb\/Cookies\">Mozilla Firefox<\/a><\/li>\n<\/ul>\n<p style=\"text-align: left;\">&nbsp;<\/p>\n<p style=\"text-align: left;\"><span>Para darse de baja de las cookies anal\u00edticas de Google Analytics visite&nbsp;<\/span><a href=\"http:\/\/tools.google.com\/dlpage\/gaoptout\">http:\/\/tools.google.com\/dlpage\/gaoptout<\/a><\/p>\n<h3 style=\"text-align: left;\">Proveedores terceros<\/h3>\n<p style=\"text-align: left;\"><span>ACTITUDPRO utiliza proveedores terceros para recabar y tratar los datos personales por nuestra cuenta. Nuestra pr\u00e1ctica consiste en exigir que dichos proveedores manejen los datos personales conforme a la pol\u00edtica de protecci\u00f3n de datos vigente.<\/span><\/p>\n","protected":false},"excerpt":{"rendered":"<p>Su&nbsp;privacidad es muy importante para nosotros; mantener su total confianza es nuestro objetivo primordial. Informaci\u00f3n b\u00e1sica sobre Protecci\u00f3n de Datos &nbsp;Responsable &nbsp;ACTITUDPRO \u00ae , una marca registrada de MARTRAT 4P SL &nbsp;Finalidad &nbsp;Gestionar el env\u00edo de informaci\u00f3n y prospecci\u00f3n comercial&nbsp;+info &nbsp;Legitimaci\u00f3n &nbsp;Consentimiento del interesado&nbsp; &nbsp;Destinatarios &nbsp;Otras empresas del grupo y encargados del tratamiento que prestan [&hellip;]<\/p>\n","protected":false},"author":2,"featured_media":7039,"parent":0,"menu_order":0,"comment_status":"closed","ping_status":"closed","template":"templates\/simple.php","meta":{"_acf_changed":false,"ngg_post_thumbnail":0,"footnotes":""},"class_list":["post-7038","page","type-page","status-publish","has-post-thumbnail","hentry"],"acf":[],"yoast_head":"<!-- This site is optimized with the Yoast SEO plugin v25.3.1 - https:\/\/yoast.com\/wordpress\/plugins\/seo\/ -->\n<title>Pol\u00edtica de Protecci\u00f3n de datos de ActitudPro - ActitudPro<\/title>\n<meta name=\"robots\" content=\"index, follow, max-snippet:-1, max-image-preview:large, max-video-preview:-1\" \/>\n<link rel=\"canonical\" href=\"https:\/\/actitudpro.com\/en\/proteccion-de-datosproteccion-de-datos\/\" \/>\n<meta property=\"og:locale\" content=\"en_US\" \/>\n<meta property=\"og:type\" content=\"article\" \/>\n<meta property=\"og:title\" content=\"Pol\u00edtica de Protecci\u00f3n de datos de ActitudPro - ActitudPro\" \/>\n<meta property=\"og:description\" content=\"Su&nbsp;privacidad es muy importante para nosotros; mantener su total confianza es nuestro objetivo primordial. Informaci\u00f3n b\u00e1sica sobre Protecci\u00f3n de Datos &nbsp;Responsable &nbsp;ACTITUDPRO \u00ae , una marca registrada de MARTRAT 4P SL &nbsp;Finalidad &nbsp;Gestionar el env\u00edo de informaci\u00f3n y prospecci\u00f3n comercial&nbsp;+info &nbsp;Legitimaci\u00f3n &nbsp;Consentimiento del interesado&nbsp; &nbsp;Destinatarios &nbsp;Otras empresas del grupo y encargados del tratamiento que prestan [&hellip;]\" \/>\n<meta property=\"og:url\" content=\"https:\/\/actitudpro.com\/en\/proteccion-de-datosproteccion-de-datos\/\" \/>\n<meta property=\"og:site_name\" content=\"ActitudPro\" \/>\n<meta property=\"og:image\" content=\"https:\/\/actitudpro.com\/wp-content\/uploads\/2018\/05\/privacy-header-1.jpg\" \/>\n\t<meta property=\"og:image:width\" content=\"600\" \/>\n\t<meta property=\"og:image:height\" content=\"250\" \/>\n\t<meta property=\"og:image:type\" content=\"image\/jpeg\" \/>\n<meta name=\"twitter:label1\" content=\"Est. reading time\" \/>\n\t<meta name=\"twitter:data1\" content=\"3 minutes\" \/>\n<script type=\"application\/ld+json\" class=\"yoast-schema-graph\">{\"@context\":\"https:\/\/schema.org\",\"@graph\":[{\"@type\":\"WebPage\",\"@id\":\"https:\/\/actitudpro.com\/en\/proteccion-de-datosproteccion-de-datos\/\",\"url\":\"https:\/\/actitudpro.com\/en\/proteccion-de-datosproteccion-de-datos\/\",\"name\":\"Pol\u00edtica de Protecci\u00f3n de datos de ActitudPro - ActitudPro\",\"isPartOf\":{\"@id\":\"https:\/\/actitudpro.com\/#website\"},\"primaryImageOfPage\":{\"@id\":\"https:\/\/actitudpro.com\/en\/proteccion-de-datosproteccion-de-datos\/#primaryimage\"},\"image\":{\"@id\":\"https:\/\/actitudpro.com\/en\/proteccion-de-datosproteccion-de-datos\/#primaryimage\"},\"thumbnailUrl\":\"https:\/\/actitudpro.com\/wp-content\/uploads\/2018\/05\/privacy-header-1.jpg\",\"datePublished\":\"2018-05-28T15:25:57+00:00\",\"breadcrumb\":{\"@id\":\"https:\/\/actitudpro.com\/en\/proteccion-de-datosproteccion-de-datos\/#breadcrumb\"},\"inLanguage\":\"en-US\",\"potentialAction\":[{\"@type\":\"ReadAction\",\"target\":[\"https:\/\/actitudpro.com\/en\/proteccion-de-datosproteccion-de-datos\/\"]}]},{\"@type\":\"ImageObject\",\"inLanguage\":\"en-US\",\"@id\":\"https:\/\/actitudpro.com\/en\/proteccion-de-datosproteccion-de-datos\/#primaryimage\",\"url\":\"https:\/\/actitudpro.com\/wp-content\/uploads\/2018\/05\/privacy-header-1.jpg\",\"contentUrl\":\"https:\/\/actitudpro.com\/wp-content\/uploads\/2018\/05\/privacy-header-1.jpg\",\"width\":600,\"height\":250},{\"@type\":\"BreadcrumbList\",\"@id\":\"https:\/\/actitudpro.com\/en\/proteccion-de-datosproteccion-de-datos\/#breadcrumb\",\"itemListElement\":[{\"@type\":\"ListItem\",\"position\":1,\"name\":\"Portada\",\"item\":\"https:\/\/actitudpro.com\/en\/\"},{\"@type\":\"ListItem\",\"position\":2,\"name\":\"Pol\u00edtica de Protecci\u00f3n de datos de ActitudPro\"}]},{\"@type\":\"WebSite\",\"@id\":\"https:\/\/actitudpro.com\/#website\",\"url\":\"https:\/\/actitudpro.com\/\",\"name\":\"ActitudPro\",\"description\":\"Attitude for growth\",\"publisher\":{\"@id\":\"https:\/\/actitudpro.com\/#organization\"},\"potentialAction\":[{\"@type\":\"SearchAction\",\"target\":{\"@type\":\"EntryPoint\",\"urlTemplate\":\"https:\/\/actitudpro.com\/?s={search_term_string}\"},\"query-input\":{\"@type\":\"PropertyValueSpecification\",\"valueRequired\":true,\"valueName\":\"search_term_string\"}}],\"inLanguage\":\"en-US\"},{\"@type\":\"Organization\",\"@id\":\"https:\/\/actitudpro.com\/#organization\",\"name\":\"ActitudPro\",\"url\":\"https:\/\/actitudpro.com\/\",\"logo\":{\"@type\":\"ImageObject\",\"inLanguage\":\"en-US\",\"@id\":\"https:\/\/actitudpro.com\/#\/schema\/logo\/image\/\",\"url\":\"http:\/\/actitudpro.com\/wp-content\/uploads\/2017\/07\/logo.jpg\",\"contentUrl\":\"http:\/\/actitudpro.com\/wp-content\/uploads\/2017\/07\/logo.jpg\",\"width\":307,\"height\":70,\"caption\":\"ActitudPro\"},\"image\":{\"@id\":\"https:\/\/actitudpro.com\/#\/schema\/logo\/image\/\"}}]}<\/script>\n<!-- \/ Yoast SEO plugin. -->","yoast_head_json":{"title":"Pol\u00edtica de Protecci\u00f3n de datos de ActitudPro - ActitudPro","robots":{"index":"index","follow":"follow","max-snippet":"max-snippet:-1","max-image-preview":"max-image-preview:large","max-video-preview":"max-video-preview:-1"},"canonical":"https:\/\/actitudpro.com\/en\/proteccion-de-datosproteccion-de-datos\/","og_locale":"en_US","og_type":"article","og_title":"Pol\u00edtica de Protecci\u00f3n de datos de ActitudPro - ActitudPro","og_description":"Su&nbsp;privacidad es muy importante para nosotros; mantener su total confianza es nuestro objetivo primordial. Informaci\u00f3n b\u00e1sica sobre Protecci\u00f3n de Datos &nbsp;Responsable &nbsp;ACTITUDPRO \u00ae , una marca registrada de MARTRAT 4P SL &nbsp;Finalidad &nbsp;Gestionar el env\u00edo de informaci\u00f3n y prospecci\u00f3n comercial&nbsp;+info &nbsp;Legitimaci\u00f3n &nbsp;Consentimiento del interesado&nbsp; &nbsp;Destinatarios &nbsp;Otras empresas del grupo y encargados del tratamiento que prestan [&hellip;]","og_url":"https:\/\/actitudpro.com\/en\/proteccion-de-datosproteccion-de-datos\/","og_site_name":"ActitudPro","og_image":[{"width":600,"height":250,"url":"https:\/\/actitudpro.com\/wp-content\/uploads\/2018\/05\/privacy-header-1.jpg","type":"image\/jpeg"}],"twitter_misc":{"Est. reading time":"3 minutes"},"schema":{"@context":"https:\/\/schema.org","@graph":[{"@type":"WebPage","@id":"https:\/\/actitudpro.com\/en\/proteccion-de-datosproteccion-de-datos\/","url":"https:\/\/actitudpro.com\/en\/proteccion-de-datosproteccion-de-datos\/","name":"Pol\u00edtica de Protecci\u00f3n de datos de ActitudPro - ActitudPro","isPartOf":{"@id":"https:\/\/actitudpro.com\/#website"},"primaryImageOfPage":{"@id":"https:\/\/actitudpro.com\/en\/proteccion-de-datosproteccion-de-datos\/#primaryimage"},"image":{"@id":"https:\/\/actitudpro.com\/en\/proteccion-de-datosproteccion-de-datos\/#primaryimage"},"thumbnailUrl":"https:\/\/actitudpro.com\/wp-content\/uploads\/2018\/05\/privacy-header-1.jpg","datePublished":"2018-05-28T15:25:57+00:00","breadcrumb":{"@id":"https:\/\/actitudpro.com\/en\/proteccion-de-datosproteccion-de-datos\/#breadcrumb"},"inLanguage":"en-US","potentialAction":[{"@type":"ReadAction","target":["https:\/\/actitudpro.com\/en\/proteccion-de-datosproteccion-de-datos\/"]}]},{"@type":"ImageObject","inLanguage":"en-US","@id":"https:\/\/actitudpro.com\/en\/proteccion-de-datosproteccion-de-datos\/#primaryimage","url":"https:\/\/actitudpro.com\/wp-content\/uploads\/2018\/05\/privacy-header-1.jpg","contentUrl":"https:\/\/actitudpro.com\/wp-content\/uploads\/2018\/05\/privacy-header-1.jpg","width":600,"height":250},{"@type":"BreadcrumbList","@id":"https:\/\/actitudpro.com\/en\/proteccion-de-datosproteccion-de-datos\/#breadcrumb","itemListElement":[{"@type":"ListItem","position":1,"name":"Portada","item":"https:\/\/actitudpro.com\/en\/"},{"@type":"ListItem","position":2,"name":"Pol\u00edtica de Protecci\u00f3n de datos de ActitudPro"}]},{"@type":"WebSite","@id":"https:\/\/actitudpro.com\/#website","url":"https:\/\/actitudpro.com\/","name":"ActitudPro","description":"Attitude for growth","publisher":{"@id":"https:\/\/actitudpro.com\/#organization"},"potentialAction":[{"@type":"SearchAction","target":{"@type":"EntryPoint","urlTemplate":"https:\/\/actitudpro.com\/?s={search_term_string}"},"query-input":{"@type":"PropertyValueSpecification","valueRequired":true,"valueName":"search_term_string"}}],"inLanguage":"en-US"},{"@type":"Organization","@id":"https:\/\/actitudpro.com\/#organization","name":"ActitudPro","url":"https:\/\/actitudpro.com\/","logo":{"@type":"ImageObject","inLanguage":"en-US","@id":"https:\/\/actitudpro.com\/#\/schema\/logo\/image\/","url":"http:\/\/actitudpro.com\/wp-content\/uploads\/2017\/07\/logo.jpg","contentUrl":"http:\/\/actitudpro.com\/wp-content\/uploads\/2017\/07\/logo.jpg","width":307,"height":70,"caption":"ActitudPro"},"image":{"@id":"https:\/\/actitudpro.com\/#\/schema\/logo\/image\/"}}]}},"_links":{"self":[{"href":"https:\/\/actitudpro.com\/en\/wp-json\/wp\/v2\/pages\/7038","targetHints":{"allow":["GET"]}}],"collection":[{"href":"https:\/\/actitudpro.com\/en\/wp-json\/wp\/v2\/pages"}],"about":[{"href":"https:\/\/actitudpro.com\/en\/wp-json\/wp\/v2\/types\/page"}],"author":[{"embeddable":true,"href":"https:\/\/actitudpro.com\/en\/wp-json\/wp\/v2\/users\/2"}],"replies":[{"embeddable":true,"href":"https:\/\/actitudpro.com\/en\/wp-json\/wp\/v2\/comments?post=7038"}],"version-history":[{"count":1,"href":"https:\/\/actitudpro.com\/en\/wp-json\/wp\/v2\/pages\/7038\/revisions"}],"predecessor-version":[{"id":9709,"href":"https:\/\/actitudpro.com\/en\/wp-json\/wp\/v2\/pages\/7038\/revisions\/9709"}],"wp:featuredmedia":[{"embeddable":true,"href":"https:\/\/actitudpro.com\/en\/wp-json\/wp\/v2\/media\/7039"}],"wp:attachment":[{"href":"https:\/\/actitudpro.com\/en\/wp-json\/wp\/v2\/media?parent=7038"}],"curies":[{"name":"wp","href":"https:\/\/api.w.org\/{rel}","templated":true}]}}