{"id":6451,"date":"2021-10-06T16:37:12","date_gmt":"2021-10-06T16:37:12","guid":{"rendered":"http:\/\/actitudpro.com\/consultoria-y-formacion-comercial\/otros\/academia-de-gestion-comercial-copy-copy-copy\/"},"modified":"2024-10-14T15:42:24","modified_gmt":"2024-10-14T13:42:24","slug":"public-sector-and-institutions","status":"publish","type":"page","link":"https:\/\/actitudpro.com\/en\/public-sector-and-institutions\/","title":{"rendered":"Public Sector and Institutions"},"content":{"rendered":"","protected":false},"excerpt":{"rendered":"","protected":false},"author":2,"featured_media":0,"parent":0,"menu_order":0,"comment_status":"open","ping_status":"closed","template":"templates\/projects.php","meta":{"_acf_changed":false,"ngg_post_thumbnail":0,"footnotes":""},"class_list":["post-6451","page","type-page","status-publish","hentry"],"acf":[],"yoast_head":"<!-- This site is optimized with the Yoast SEO plugin v25.3.1 - https:\/\/yoast.com\/wordpress\/plugins\/seo\/ -->\n<title>Sector P\u00fablico e Instituciones- ActitudPro<\/title>\n<meta name=\"description\" content=\"Les secteurs de la construction et de l&#039;industrie continuent de subir des changements acc\u00e9l\u00e9r\u00e9s tout au long de leur cha\u00eene de valeur, sous l&#039;impulsion de la num\u00e9risation et de la comp\u00e9titivit\u00e9.\" \/>\n<meta name=\"robots\" content=\"index, follow, max-snippet:-1, max-image-preview:large, max-video-preview:-1\" \/>\n<link rel=\"canonical\" href=\"https:\/\/actitudpro.com\/en\/public-sector-and-institutions\/\" \/>\n<meta property=\"og:locale\" content=\"en_US\" \/>\n<meta property=\"og:type\" content=\"article\" \/>\n<meta property=\"og:title\" content=\"Sector P\u00fablico e Instituciones- ActitudPro\" \/>\n<meta property=\"og:description\" content=\"Les secteurs de la construction et de l&#039;industrie continuent de subir des changements acc\u00e9l\u00e9r\u00e9s tout au long de leur cha\u00eene de valeur, sous l&#039;impulsion de la num\u00e9risation et de la comp\u00e9titivit\u00e9.\" \/>\n<meta property=\"og:url\" content=\"https:\/\/actitudpro.com\/en\/public-sector-and-institutions\/\" \/>\n<meta property=\"og:site_name\" content=\"ActitudPro\" \/>\n<meta property=\"article:modified_time\" content=\"2024-10-14T13:42:24+00:00\" \/>\n<script type=\"application\/ld+json\" class=\"yoast-schema-graph\">{\"@context\":\"https:\/\/schema.org\",\"@graph\":[{\"@type\":\"WebPage\",\"@id\":\"https:\/\/actitudpro.com\/en\/public-sector-and-institutions\/\",\"url\":\"https:\/\/actitudpro.com\/en\/public-sector-and-institutions\/\",\"name\":\"Sector P\u00fablico e Instituciones- ActitudPro\",\"isPartOf\":{\"@id\":\"https:\/\/actitudpro.com\/#website\"},\"datePublished\":\"2021-10-06T16:37:12+00:00\",\"dateModified\":\"2024-10-14T13:42:24+00:00\",\"description\":\"Les secteurs de la construction et de l'industrie continuent de subir des changements acc\u00e9l\u00e9r\u00e9s tout au long de leur cha\u00eene de valeur, sous l'impulsion de la num\u00e9risation et de la comp\u00e9titivit\u00e9.\",\"breadcrumb\":{\"@id\":\"https:\/\/actitudpro.com\/en\/public-sector-and-institutions\/#breadcrumb\"},\"inLanguage\":\"en-US\",\"potentialAction\":[{\"@type\":\"ReadAction\",\"target\":[\"https:\/\/actitudpro.com\/en\/public-sector-and-institutions\/\"]}]},{\"@type\":\"BreadcrumbList\",\"@id\":\"https:\/\/actitudpro.com\/en\/public-sector-and-institutions\/#breadcrumb\",\"itemListElement\":[{\"@type\":\"ListItem\",\"position\":1,\"name\":\"Portada\",\"item\":\"https:\/\/actitudpro.com\/en\/\"},{\"@type\":\"ListItem\",\"position\":2,\"name\":\"Public Sector and Institutions\"}]},{\"@type\":\"WebSite\",\"@id\":\"https:\/\/actitudpro.com\/#website\",\"url\":\"https:\/\/actitudpro.com\/\",\"name\":\"ActitudPro\",\"description\":\"Attitude for growth\",\"publisher\":{\"@id\":\"https:\/\/actitudpro.com\/#organization\"},\"potentialAction\":[{\"@type\":\"SearchAction\",\"target\":{\"@type\":\"EntryPoint\",\"urlTemplate\":\"https:\/\/actitudpro.com\/?s={search_term_string}\"},\"query-input\":{\"@type\":\"PropertyValueSpecification\",\"valueRequired\":true,\"valueName\":\"search_term_string\"}}],\"inLanguage\":\"en-US\"},{\"@type\":\"Organization\",\"@id\":\"https:\/\/actitudpro.com\/#organization\",\"name\":\"ActitudPro\",\"url\":\"https:\/\/actitudpro.com\/\",\"logo\":{\"@type\":\"ImageObject\",\"inLanguage\":\"en-US\",\"@id\":\"https:\/\/actitudpro.com\/#\/schema\/logo\/image\/\",\"url\":\"http:\/\/actitudpro.com\/wp-content\/uploads\/2017\/07\/logo.jpg\",\"contentUrl\":\"http:\/\/actitudpro.com\/wp-content\/uploads\/2017\/07\/logo.jpg\",\"width\":307,\"height\":70,\"caption\":\"ActitudPro\"},\"image\":{\"@id\":\"https:\/\/actitudpro.com\/#\/schema\/logo\/image\/\"}}]}<\/script>\n<!-- \/ Yoast SEO plugin. -->","yoast_head_json":{"title":"Sector P\u00fablico e Instituciones- ActitudPro","description":"Les secteurs de la construction et de l'industrie continuent de subir des changements acc\u00e9l\u00e9r\u00e9s tout au long de leur cha\u00eene de valeur, sous l'impulsion de la num\u00e9risation et de la comp\u00e9titivit\u00e9.","robots":{"index":"index","follow":"follow","max-snippet":"max-snippet:-1","max-image-preview":"max-image-preview:large","max-video-preview":"max-video-preview:-1"},"canonical":"https:\/\/actitudpro.com\/en\/public-sector-and-institutions\/","og_locale":"en_US","og_type":"article","og_title":"Sector P\u00fablico e Instituciones- ActitudPro","og_description":"Les secteurs de la construction et de l'industrie continuent de subir des changements acc\u00e9l\u00e9r\u00e9s tout au long de leur cha\u00eene de valeur, sous l'impulsion de la num\u00e9risation et de la comp\u00e9titivit\u00e9.","og_url":"https:\/\/actitudpro.com\/en\/public-sector-and-institutions\/","og_site_name":"ActitudPro","article_modified_time":"2024-10-14T13:42:24+00:00","schema":{"@context":"https:\/\/schema.org","@graph":[{"@type":"WebPage","@id":"https:\/\/actitudpro.com\/en\/public-sector-and-institutions\/","url":"https:\/\/actitudpro.com\/en\/public-sector-and-institutions\/","name":"Sector P\u00fablico e Instituciones- ActitudPro","isPartOf":{"@id":"https:\/\/actitudpro.com\/#website"},"datePublished":"2021-10-06T16:37:12+00:00","dateModified":"2024-10-14T13:42:24+00:00","description":"Les secteurs de la construction et de l'industrie continuent de subir des changements acc\u00e9l\u00e9r\u00e9s tout au long de leur cha\u00eene de valeur, sous l'impulsion de la num\u00e9risation et de la comp\u00e9titivit\u00e9.","breadcrumb":{"@id":"https:\/\/actitudpro.com\/en\/public-sector-and-institutions\/#breadcrumb"},"inLanguage":"en-US","potentialAction":[{"@type":"ReadAction","target":["https:\/\/actitudpro.com\/en\/public-sector-and-institutions\/"]}]},{"@type":"BreadcrumbList","@id":"https:\/\/actitudpro.com\/en\/public-sector-and-institutions\/#breadcrumb","itemListElement":[{"@type":"ListItem","position":1,"name":"Portada","item":"https:\/\/actitudpro.com\/en\/"},{"@type":"ListItem","position":2,"name":"Public Sector and Institutions"}]},{"@type":"WebSite","@id":"https:\/\/actitudpro.com\/#website","url":"https:\/\/actitudpro.com\/","name":"ActitudPro","description":"Attitude for growth","publisher":{"@id":"https:\/\/actitudpro.com\/#organization"},"potentialAction":[{"@type":"SearchAction","target":{"@type":"EntryPoint","urlTemplate":"https:\/\/actitudpro.com\/?s={search_term_string}"},"query-input":{"@type":"PropertyValueSpecification","valueRequired":true,"valueName":"search_term_string"}}],"inLanguage":"en-US"},{"@type":"Organization","@id":"https:\/\/actitudpro.com\/#organization","name":"ActitudPro","url":"https:\/\/actitudpro.com\/","logo":{"@type":"ImageObject","inLanguage":"en-US","@id":"https:\/\/actitudpro.com\/#\/schema\/logo\/image\/","url":"http:\/\/actitudpro.com\/wp-content\/uploads\/2017\/07\/logo.jpg","contentUrl":"http:\/\/actitudpro.com\/wp-content\/uploads\/2017\/07\/logo.jpg","width":307,"height":70,"caption":"ActitudPro"},"image":{"@id":"https:\/\/actitudpro.com\/#\/schema\/logo\/image\/"}}]}},"_links":{"self":[{"href":"https:\/\/actitudpro.com\/en\/wp-json\/wp\/v2\/pages\/6451","targetHints":{"allow":["GET"]}}],"collection":[{"href":"https:\/\/actitudpro.com\/en\/wp-json\/wp\/v2\/pages"}],"about":[{"href":"https:\/\/actitudpro.com\/en\/wp-json\/wp\/v2\/types\/page"}],"author":[{"embeddable":true,"href":"https:\/\/actitudpro.com\/en\/wp-json\/wp\/v2\/users\/2"}],"replies":[{"embeddable":true,"href":"https:\/\/actitudpro.com\/en\/wp-json\/wp\/v2\/comments?post=6451"}],"version-history":[{"count":15,"href":"https:\/\/actitudpro.com\/en\/wp-json\/wp\/v2\/pages\/6451\/revisions"}],"predecessor-version":[{"id":10880,"href":"https:\/\/actitudpro.com\/en\/wp-json\/wp\/v2\/pages\/6451\/revisions\/10880"}],"wp:attachment":[{"href":"https:\/\/actitudpro.com\/en\/wp-json\/wp\/v2\/media?parent=6451"}],"curies":[{"name":"wp","href":"https:\/\/api.w.org\/{rel}","templated":true}]}}