{"id":866,"date":"2014-05-27T15:25:20","date_gmt":"2014-05-27T15:25:20","guid":{"rendered":"http:\/\/actitudpro.com\/?page_id=866"},"modified":"2017-07-18T15:23:26","modified_gmt":"2017-07-18T15:23:26","slug":"schulung-verkaufstechniken","status":"publish","type":"page","link":"https:\/\/actitudpro.com\/de\/vertrieb\/coaching\/schulung-verkaufstechniken\/","title":{"rendered":"Verkaufstechniken"},"content":{"rendered":"","protected":false},"excerpt":{"rendered":"","protected":false},"author":2,"featured_media":0,"parent":767,"menu_order":3,"comment_status":"open","ping_status":"closed","template":"templates\/projects.php","meta":{"_acf_changed":false,"ngg_post_thumbnail":0,"footnotes":""},"class_list":["post-866","page","type-page","status-publish","hentry"],"acf":[],"yoast_head":"<!-- This site is optimized with the Yoast SEO plugin v25.3.1 - https:\/\/yoast.com\/wordpress\/plugins\/seo\/ -->\n<title>Vertriebscoaching Verkaufstechniken - ActitudPro<\/title>\n<meta name=\"description\" content=\"Kennenlernen der pers\u00f6nlichen St\u00e4rken und Schw\u00e4chen im Hinblick auf die notwendigen Kompetenzen im Verkaufsprozess, Anfertigung eines Entwicklungsplans sowie Durchf\u00fchrung von Workshops zur Verbesserung der Verkaufstechniken. Entwicklung Verkaufstechniken, Vertriebstechniken, Vertriebsmethoden, Workshop Verkauf, Vertriebsworkshops, Vertriebscoaching, Begleitung im Vertrieb\" \/>\n<meta name=\"robots\" content=\"index, follow, max-snippet:-1, max-image-preview:large, max-video-preview:-1\" \/>\n<link rel=\"canonical\" href=\"https:\/\/actitudpro.com\/de\/vertrieb\/coaching\/schulung-verkaufstechniken\/\" \/>\n<meta property=\"og:locale\" content=\"de_DE\" \/>\n<meta property=\"og:type\" content=\"article\" \/>\n<meta property=\"og:title\" content=\"Vertriebscoaching Verkaufstechniken - ActitudPro\" \/>\n<meta property=\"og:description\" content=\"Kennenlernen der pers\u00f6nlichen St\u00e4rken und Schw\u00e4chen im Hinblick auf die notwendigen Kompetenzen im Verkaufsprozess, Anfertigung eines Entwicklungsplans sowie Durchf\u00fchrung von Workshops zur Verbesserung der Verkaufstechniken. Entwicklung Verkaufstechniken, Vertriebstechniken, Vertriebsmethoden, Workshop Verkauf, Vertriebsworkshops, Vertriebscoaching, Begleitung im Vertrieb\" \/>\n<meta property=\"og:url\" content=\"https:\/\/actitudpro.com\/de\/vertrieb\/coaching\/schulung-verkaufstechniken\/\" \/>\n<meta property=\"og:site_name\" content=\"ActitudPro\" \/>\n<meta property=\"article:modified_time\" content=\"2017-07-18T15:23:26+00:00\" \/>\n<script type=\"application\/ld+json\" class=\"yoast-schema-graph\">{\"@context\":\"https:\/\/schema.org\",\"@graph\":[{\"@type\":\"WebPage\",\"@id\":\"https:\/\/actitudpro.com\/de\/vertrieb\/coaching\/schulung-verkaufstechniken\/\",\"url\":\"https:\/\/actitudpro.com\/de\/vertrieb\/coaching\/schulung-verkaufstechniken\/\",\"name\":\"Vertriebscoaching Verkaufstechniken - ActitudPro\",\"isPartOf\":{\"@id\":\"https:\/\/actitudpro.com\/#website\"},\"datePublished\":\"2014-05-27T15:25:20+00:00\",\"dateModified\":\"2017-07-18T15:23:26+00:00\",\"description\":\"Kennenlernen der pers\u00f6nlichen St\u00e4rken und Schw\u00e4chen im Hinblick auf die notwendigen Kompetenzen im Verkaufsprozess, Anfertigung eines Entwicklungsplans sowie Durchf\u00fchrung von Workshops zur Verbesserung der Verkaufstechniken. Entwicklung Verkaufstechniken, Vertriebstechniken, Vertriebsmethoden, Workshop Verkauf, Vertriebsworkshops, Vertriebscoaching, Begleitung im Vertrieb\",\"breadcrumb\":{\"@id\":\"https:\/\/actitudpro.com\/de\/vertrieb\/coaching\/schulung-verkaufstechniken\/#breadcrumb\"},\"inLanguage\":\"de\",\"potentialAction\":[{\"@type\":\"ReadAction\",\"target\":[\"https:\/\/actitudpro.com\/de\/vertrieb\/coaching\/schulung-verkaufstechniken\/\"]}]},{\"@type\":\"BreadcrumbList\",\"@id\":\"https:\/\/actitudpro.com\/de\/vertrieb\/coaching\/schulung-verkaufstechniken\/#breadcrumb\",\"itemListElement\":[{\"@type\":\"ListItem\",\"position\":1,\"name\":\"Portada\",\"item\":\"https:\/\/actitudpro.com\/de\/\"},{\"@type\":\"ListItem\",\"position\":2,\"name\":\"Vertrieb\",\"item\":\"https:\/\/actitudpro.com\/de\/vertrieb\/\"},{\"@type\":\"ListItem\",\"position\":3,\"name\":\"Coaching\",\"item\":\"https:\/\/actitudpro.com\/de\/vertrieb\/coaching\/\"},{\"@type\":\"ListItem\",\"position\":4,\"name\":\"Verkaufstechniken\"}]},{\"@type\":\"WebSite\",\"@id\":\"https:\/\/actitudpro.com\/#website\",\"url\":\"https:\/\/actitudpro.com\/\",\"name\":\"ActitudPro\",\"description\":\"Attitude for growth\",\"publisher\":{\"@id\":\"https:\/\/actitudpro.com\/#organization\"},\"potentialAction\":[{\"@type\":\"SearchAction\",\"target\":{\"@type\":\"EntryPoint\",\"urlTemplate\":\"https:\/\/actitudpro.com\/?s={search_term_string}\"},\"query-input\":{\"@type\":\"PropertyValueSpecification\",\"valueRequired\":true,\"valueName\":\"search_term_string\"}}],\"inLanguage\":\"de\"},{\"@type\":\"Organization\",\"@id\":\"https:\/\/actitudpro.com\/#organization\",\"name\":\"ActitudPro\",\"url\":\"https:\/\/actitudpro.com\/\",\"logo\":{\"@type\":\"ImageObject\",\"inLanguage\":\"de\",\"@id\":\"https:\/\/actitudpro.com\/#\/schema\/logo\/image\/\",\"url\":\"http:\/\/actitudpro.com\/wp-content\/uploads\/2017\/07\/logo.jpg\",\"contentUrl\":\"http:\/\/actitudpro.com\/wp-content\/uploads\/2017\/07\/logo.jpg\",\"width\":307,\"height\":70,\"caption\":\"ActitudPro\"},\"image\":{\"@id\":\"https:\/\/actitudpro.com\/#\/schema\/logo\/image\/\"}}]}<\/script>\n<!-- \/ Yoast SEO plugin. -->","yoast_head_json":{"title":"Vertriebscoaching Verkaufstechniken - ActitudPro","description":"Kennenlernen der pers\u00f6nlichen St\u00e4rken und Schw\u00e4chen im Hinblick auf die notwendigen Kompetenzen im Verkaufsprozess, Anfertigung eines Entwicklungsplans sowie Durchf\u00fchrung von Workshops zur Verbesserung der Verkaufstechniken. Entwicklung Verkaufstechniken, Vertriebstechniken, Vertriebsmethoden, Workshop Verkauf, Vertriebsworkshops, Vertriebscoaching, Begleitung im Vertrieb","robots":{"index":"index","follow":"follow","max-snippet":"max-snippet:-1","max-image-preview":"max-image-preview:large","max-video-preview":"max-video-preview:-1"},"canonical":"https:\/\/actitudpro.com\/de\/vertrieb\/coaching\/schulung-verkaufstechniken\/","og_locale":"de_DE","og_type":"article","og_title":"Vertriebscoaching Verkaufstechniken - ActitudPro","og_description":"Kennenlernen der pers\u00f6nlichen St\u00e4rken und Schw\u00e4chen im Hinblick auf die notwendigen Kompetenzen im Verkaufsprozess, Anfertigung eines Entwicklungsplans sowie Durchf\u00fchrung von Workshops zur Verbesserung der Verkaufstechniken. Entwicklung Verkaufstechniken, Vertriebstechniken, Vertriebsmethoden, Workshop Verkauf, Vertriebsworkshops, Vertriebscoaching, Begleitung im Vertrieb","og_url":"https:\/\/actitudpro.com\/de\/vertrieb\/coaching\/schulung-verkaufstechniken\/","og_site_name":"ActitudPro","article_modified_time":"2017-07-18T15:23:26+00:00","schema":{"@context":"https:\/\/schema.org","@graph":[{"@type":"WebPage","@id":"https:\/\/actitudpro.com\/de\/vertrieb\/coaching\/schulung-verkaufstechniken\/","url":"https:\/\/actitudpro.com\/de\/vertrieb\/coaching\/schulung-verkaufstechniken\/","name":"Vertriebscoaching Verkaufstechniken - ActitudPro","isPartOf":{"@id":"https:\/\/actitudpro.com\/#website"},"datePublished":"2014-05-27T15:25:20+00:00","dateModified":"2017-07-18T15:23:26+00:00","description":"Kennenlernen der pers\u00f6nlichen St\u00e4rken und Schw\u00e4chen im Hinblick auf die notwendigen Kompetenzen im Verkaufsprozess, Anfertigung eines Entwicklungsplans sowie Durchf\u00fchrung von Workshops zur Verbesserung der Verkaufstechniken. Entwicklung Verkaufstechniken, Vertriebstechniken, Vertriebsmethoden, Workshop Verkauf, Vertriebsworkshops, Vertriebscoaching, Begleitung im Vertrieb","breadcrumb":{"@id":"https:\/\/actitudpro.com\/de\/vertrieb\/coaching\/schulung-verkaufstechniken\/#breadcrumb"},"inLanguage":"de","potentialAction":[{"@type":"ReadAction","target":["https:\/\/actitudpro.com\/de\/vertrieb\/coaching\/schulung-verkaufstechniken\/"]}]},{"@type":"BreadcrumbList","@id":"https:\/\/actitudpro.com\/de\/vertrieb\/coaching\/schulung-verkaufstechniken\/#breadcrumb","itemListElement":[{"@type":"ListItem","position":1,"name":"Portada","item":"https:\/\/actitudpro.com\/de\/"},{"@type":"ListItem","position":2,"name":"Vertrieb","item":"https:\/\/actitudpro.com\/de\/vertrieb\/"},{"@type":"ListItem","position":3,"name":"Coaching","item":"https:\/\/actitudpro.com\/de\/vertrieb\/coaching\/"},{"@type":"ListItem","position":4,"name":"Verkaufstechniken"}]},{"@type":"WebSite","@id":"https:\/\/actitudpro.com\/#website","url":"https:\/\/actitudpro.com\/","name":"ActitudPro","description":"Attitude for growth","publisher":{"@id":"https:\/\/actitudpro.com\/#organization"},"potentialAction":[{"@type":"SearchAction","target":{"@type":"EntryPoint","urlTemplate":"https:\/\/actitudpro.com\/?s={search_term_string}"},"query-input":{"@type":"PropertyValueSpecification","valueRequired":true,"valueName":"search_term_string"}}],"inLanguage":"de"},{"@type":"Organization","@id":"https:\/\/actitudpro.com\/#organization","name":"ActitudPro","url":"https:\/\/actitudpro.com\/","logo":{"@type":"ImageObject","inLanguage":"de","@id":"https:\/\/actitudpro.com\/#\/schema\/logo\/image\/","url":"http:\/\/actitudpro.com\/wp-content\/uploads\/2017\/07\/logo.jpg","contentUrl":"http:\/\/actitudpro.com\/wp-content\/uploads\/2017\/07\/logo.jpg","width":307,"height":70,"caption":"ActitudPro"},"image":{"@id":"https:\/\/actitudpro.com\/#\/schema\/logo\/image\/"}}]}},"_links":{"self":[{"href":"https:\/\/actitudpro.com\/de\/wp-json\/wp\/v2\/pages\/866","targetHints":{"allow":["GET"]}}],"collection":[{"href":"https:\/\/actitudpro.com\/de\/wp-json\/wp\/v2\/pages"}],"about":[{"href":"https:\/\/actitudpro.com\/de\/wp-json\/wp\/v2\/types\/page"}],"author":[{"embeddable":true,"href":"https:\/\/actitudpro.com\/de\/wp-json\/wp\/v2\/users\/2"}],"replies":[{"embeddable":true,"href":"https:\/\/actitudpro.com\/de\/wp-json\/wp\/v2\/comments?post=866"}],"version-history":[{"count":7,"href":"https:\/\/actitudpro.com\/de\/wp-json\/wp\/v2\/pages\/866\/revisions"}],"predecessor-version":[{"id":2065,"href":"https:\/\/actitudpro.com\/de\/wp-json\/wp\/v2\/pages\/866\/revisions\/2065"}],"up":[{"embeddable":true,"href":"https:\/\/actitudpro.com\/de\/wp-json\/wp\/v2\/pages\/767"}],"wp:attachment":[{"href":"https:\/\/actitudpro.com\/de\/wp-json\/wp\/v2\/media?parent=866"}],"curies":[{"name":"wp","href":"https:\/\/api.w.org\/{rel}","templated":true}]}}