{"id":731,"date":"2014-05-23T14:27:38","date_gmt":"2014-05-23T14:27:38","guid":{"rendered":"http:\/\/actitudpro.com\/?page_id=731"},"modified":"2017-07-18T15:06:12","modified_gmt":"2017-07-18T15:06:12","slug":"emotionen-als-erfolgsfaktor-im-verkauf","status":"publish","type":"page","link":"https:\/\/actitudpro.com\/de\/vertrieb\/training\/emotionen-als-erfolgsfaktor-im-verkauf\/","title":{"rendered":"Verkaufspsychologie"},"content":{"rendered":"","protected":false},"excerpt":{"rendered":"","protected":false},"author":2,"featured_media":0,"parent":1143,"menu_order":0,"comment_status":"open","ping_status":"closed","template":"templates\/projects.php","meta":{"_acf_changed":false,"ngg_post_thumbnail":0,"footnotes":""},"class_list":["post-731","page","type-page","status-publish","hentry"],"acf":[],"yoast_head":"<!-- This site is optimized with the Yoast SEO plugin v25.3.1 - https:\/\/yoast.com\/wordpress\/plugins\/seo\/ -->\n<title>Schulung Verkaufspsychologie - ActitudPro<\/title>\n<meta name=\"description\" content=\"Einbeziehung der Emotionen im Verkaufsprozess und in der Kommunikation des Verk\u00e4ufers, um die Kundenpotenziale auszusch\u00f6pfen. Einbeziehung eines Pers\u00f6nlichkeitstests InsightsPro in das Training. Motivation im Verkauf, innere Einstellungen, innere Haltung, Verkaufspsychologie, Motivation im Verkauf, Einwandbehandlung, Kaufentscheidung, Emotionen im Verkauf, Pers\u00f6nlichkeitstest, InsightsPro\" \/>\n<meta name=\"robots\" content=\"index, follow, max-snippet:-1, max-image-preview:large, max-video-preview:-1\" \/>\n<link rel=\"canonical\" href=\"https:\/\/actitudpro.com\/de\/vertrieb\/training\/emotionen-als-erfolgsfaktor-im-verkauf\/\" \/>\n<meta property=\"og:locale\" content=\"de_DE\" \/>\n<meta property=\"og:type\" content=\"article\" \/>\n<meta property=\"og:title\" content=\"Schulung Verkaufspsychologie - ActitudPro\" \/>\n<meta property=\"og:description\" content=\"Einbeziehung der Emotionen im Verkaufsprozess und in der Kommunikation des Verk\u00e4ufers, um die Kundenpotenziale auszusch\u00f6pfen. Einbeziehung eines Pers\u00f6nlichkeitstests InsightsPro in das Training. Motivation im Verkauf, innere Einstellungen, innere Haltung, Verkaufspsychologie, Motivation im Verkauf, Einwandbehandlung, Kaufentscheidung, Emotionen im Verkauf, Pers\u00f6nlichkeitstest, InsightsPro\" \/>\n<meta property=\"og:url\" content=\"https:\/\/actitudpro.com\/de\/vertrieb\/training\/emotionen-als-erfolgsfaktor-im-verkauf\/\" \/>\n<meta property=\"og:site_name\" content=\"ActitudPro\" \/>\n<meta property=\"article:modified_time\" content=\"2017-07-18T15:06:12+00:00\" \/>\n<script type=\"application\/ld+json\" class=\"yoast-schema-graph\">{\"@context\":\"https:\/\/schema.org\",\"@graph\":[{\"@type\":\"WebPage\",\"@id\":\"https:\/\/actitudpro.com\/de\/vertrieb\/training\/emotionen-als-erfolgsfaktor-im-verkauf\/\",\"url\":\"https:\/\/actitudpro.com\/de\/vertrieb\/training\/emotionen-als-erfolgsfaktor-im-verkauf\/\",\"name\":\"Schulung Verkaufspsychologie - ActitudPro\",\"isPartOf\":{\"@id\":\"https:\/\/actitudpro.com\/#website\"},\"datePublished\":\"2014-05-23T14:27:38+00:00\",\"dateModified\":\"2017-07-18T15:06:12+00:00\",\"description\":\"Einbeziehung der Emotionen im Verkaufsprozess und in der Kommunikation des Verk\u00e4ufers, um die Kundenpotenziale auszusch\u00f6pfen. Einbeziehung eines Pers\u00f6nlichkeitstests InsightsPro in das Training. Motivation im Verkauf, innere Einstellungen, innere Haltung, Verkaufspsychologie, Motivation im Verkauf, Einwandbehandlung, Kaufentscheidung, Emotionen im Verkauf, Pers\u00f6nlichkeitstest, InsightsPro\",\"breadcrumb\":{\"@id\":\"https:\/\/actitudpro.com\/de\/vertrieb\/training\/emotionen-als-erfolgsfaktor-im-verkauf\/#breadcrumb\"},\"inLanguage\":\"de\",\"potentialAction\":[{\"@type\":\"ReadAction\",\"target\":[\"https:\/\/actitudpro.com\/de\/vertrieb\/training\/emotionen-als-erfolgsfaktor-im-verkauf\/\"]}]},{\"@type\":\"BreadcrumbList\",\"@id\":\"https:\/\/actitudpro.com\/de\/vertrieb\/training\/emotionen-als-erfolgsfaktor-im-verkauf\/#breadcrumb\",\"itemListElement\":[{\"@type\":\"ListItem\",\"position\":1,\"name\":\"Portada\",\"item\":\"https:\/\/actitudpro.com\/de\/\"},{\"@type\":\"ListItem\",\"position\":2,\"name\":\"Vertrieb\",\"item\":\"https:\/\/actitudpro.com\/de\/vertrieb\/\"},{\"@type\":\"ListItem\",\"position\":3,\"name\":\"Training\",\"item\":\"https:\/\/actitudpro.com\/de\/vertrieb\/training\/\"},{\"@type\":\"ListItem\",\"position\":4,\"name\":\"Verkaufspsychologie\"}]},{\"@type\":\"WebSite\",\"@id\":\"https:\/\/actitudpro.com\/#website\",\"url\":\"https:\/\/actitudpro.com\/\",\"name\":\"ActitudPro\",\"description\":\"Attitude for growth\",\"publisher\":{\"@id\":\"https:\/\/actitudpro.com\/#organization\"},\"potentialAction\":[{\"@type\":\"SearchAction\",\"target\":{\"@type\":\"EntryPoint\",\"urlTemplate\":\"https:\/\/actitudpro.com\/?s={search_term_string}\"},\"query-input\":{\"@type\":\"PropertyValueSpecification\",\"valueRequired\":true,\"valueName\":\"search_term_string\"}}],\"inLanguage\":\"de\"},{\"@type\":\"Organization\",\"@id\":\"https:\/\/actitudpro.com\/#organization\",\"name\":\"ActitudPro\",\"url\":\"https:\/\/actitudpro.com\/\",\"logo\":{\"@type\":\"ImageObject\",\"inLanguage\":\"de\",\"@id\":\"https:\/\/actitudpro.com\/#\/schema\/logo\/image\/\",\"url\":\"http:\/\/actitudpro.com\/wp-content\/uploads\/2017\/07\/logo.jpg\",\"contentUrl\":\"http:\/\/actitudpro.com\/wp-content\/uploads\/2017\/07\/logo.jpg\",\"width\":307,\"height\":70,\"caption\":\"ActitudPro\"},\"image\":{\"@id\":\"https:\/\/actitudpro.com\/#\/schema\/logo\/image\/\"}}]}<\/script>\n<!-- \/ Yoast SEO plugin. -->","yoast_head_json":{"title":"Schulung Verkaufspsychologie - ActitudPro","description":"Einbeziehung der Emotionen im Verkaufsprozess und in der Kommunikation des Verk\u00e4ufers, um die Kundenpotenziale auszusch\u00f6pfen. Einbeziehung eines Pers\u00f6nlichkeitstests InsightsPro in das Training. Motivation im Verkauf, innere Einstellungen, innere Haltung, Verkaufspsychologie, Motivation im Verkauf, Einwandbehandlung, Kaufentscheidung, Emotionen im Verkauf, Pers\u00f6nlichkeitstest, InsightsPro","robots":{"index":"index","follow":"follow","max-snippet":"max-snippet:-1","max-image-preview":"max-image-preview:large","max-video-preview":"max-video-preview:-1"},"canonical":"https:\/\/actitudpro.com\/de\/vertrieb\/training\/emotionen-als-erfolgsfaktor-im-verkauf\/","og_locale":"de_DE","og_type":"article","og_title":"Schulung Verkaufspsychologie - ActitudPro","og_description":"Einbeziehung der Emotionen im Verkaufsprozess und in der Kommunikation des Verk\u00e4ufers, um die Kundenpotenziale auszusch\u00f6pfen. Einbeziehung eines Pers\u00f6nlichkeitstests InsightsPro in das Training. Motivation im Verkauf, innere Einstellungen, innere Haltung, Verkaufspsychologie, Motivation im Verkauf, Einwandbehandlung, Kaufentscheidung, Emotionen im Verkauf, Pers\u00f6nlichkeitstest, InsightsPro","og_url":"https:\/\/actitudpro.com\/de\/vertrieb\/training\/emotionen-als-erfolgsfaktor-im-verkauf\/","og_site_name":"ActitudPro","article_modified_time":"2017-07-18T15:06:12+00:00","schema":{"@context":"https:\/\/schema.org","@graph":[{"@type":"WebPage","@id":"https:\/\/actitudpro.com\/de\/vertrieb\/training\/emotionen-als-erfolgsfaktor-im-verkauf\/","url":"https:\/\/actitudpro.com\/de\/vertrieb\/training\/emotionen-als-erfolgsfaktor-im-verkauf\/","name":"Schulung Verkaufspsychologie - ActitudPro","isPartOf":{"@id":"https:\/\/actitudpro.com\/#website"},"datePublished":"2014-05-23T14:27:38+00:00","dateModified":"2017-07-18T15:06:12+00:00","description":"Einbeziehung der Emotionen im Verkaufsprozess und in der Kommunikation des Verk\u00e4ufers, um die Kundenpotenziale auszusch\u00f6pfen. Einbeziehung eines Pers\u00f6nlichkeitstests InsightsPro in das Training. Motivation im Verkauf, innere Einstellungen, innere Haltung, Verkaufspsychologie, Motivation im Verkauf, Einwandbehandlung, Kaufentscheidung, Emotionen im Verkauf, Pers\u00f6nlichkeitstest, InsightsPro","breadcrumb":{"@id":"https:\/\/actitudpro.com\/de\/vertrieb\/training\/emotionen-als-erfolgsfaktor-im-verkauf\/#breadcrumb"},"inLanguage":"de","potentialAction":[{"@type":"ReadAction","target":["https:\/\/actitudpro.com\/de\/vertrieb\/training\/emotionen-als-erfolgsfaktor-im-verkauf\/"]}]},{"@type":"BreadcrumbList","@id":"https:\/\/actitudpro.com\/de\/vertrieb\/training\/emotionen-als-erfolgsfaktor-im-verkauf\/#breadcrumb","itemListElement":[{"@type":"ListItem","position":1,"name":"Portada","item":"https:\/\/actitudpro.com\/de\/"},{"@type":"ListItem","position":2,"name":"Vertrieb","item":"https:\/\/actitudpro.com\/de\/vertrieb\/"},{"@type":"ListItem","position":3,"name":"Training","item":"https:\/\/actitudpro.com\/de\/vertrieb\/training\/"},{"@type":"ListItem","position":4,"name":"Verkaufspsychologie"}]},{"@type":"WebSite","@id":"https:\/\/actitudpro.com\/#website","url":"https:\/\/actitudpro.com\/","name":"ActitudPro","description":"Attitude for growth","publisher":{"@id":"https:\/\/actitudpro.com\/#organization"},"potentialAction":[{"@type":"SearchAction","target":{"@type":"EntryPoint","urlTemplate":"https:\/\/actitudpro.com\/?s={search_term_string}"},"query-input":{"@type":"PropertyValueSpecification","valueRequired":true,"valueName":"search_term_string"}}],"inLanguage":"de"},{"@type":"Organization","@id":"https:\/\/actitudpro.com\/#organization","name":"ActitudPro","url":"https:\/\/actitudpro.com\/","logo":{"@type":"ImageObject","inLanguage":"de","@id":"https:\/\/actitudpro.com\/#\/schema\/logo\/image\/","url":"http:\/\/actitudpro.com\/wp-content\/uploads\/2017\/07\/logo.jpg","contentUrl":"http:\/\/actitudpro.com\/wp-content\/uploads\/2017\/07\/logo.jpg","width":307,"height":70,"caption":"ActitudPro"},"image":{"@id":"https:\/\/actitudpro.com\/#\/schema\/logo\/image\/"}}]}},"_links":{"self":[{"href":"https:\/\/actitudpro.com\/de\/wp-json\/wp\/v2\/pages\/731","targetHints":{"allow":["GET"]}}],"collection":[{"href":"https:\/\/actitudpro.com\/de\/wp-json\/wp\/v2\/pages"}],"about":[{"href":"https:\/\/actitudpro.com\/de\/wp-json\/wp\/v2\/types\/page"}],"author":[{"embeddable":true,"href":"https:\/\/actitudpro.com\/de\/wp-json\/wp\/v2\/users\/2"}],"replies":[{"embeddable":true,"href":"https:\/\/actitudpro.com\/de\/wp-json\/wp\/v2\/comments?post=731"}],"version-history":[{"count":6,"href":"https:\/\/actitudpro.com\/de\/wp-json\/wp\/v2\/pages\/731\/revisions"}],"predecessor-version":[{"id":2086,"href":"https:\/\/actitudpro.com\/de\/wp-json\/wp\/v2\/pages\/731\/revisions\/2086"}],"up":[{"embeddable":true,"href":"https:\/\/actitudpro.com\/de\/wp-json\/wp\/v2\/pages\/1143"}],"wp:attachment":[{"href":"https:\/\/actitudpro.com\/de\/wp-json\/wp\/v2\/media?parent=731"}],"curies":[{"name":"wp","href":"https:\/\/api.w.org\/{rel}","templated":true}]}}