{"id":722,"date":"2014-05-23T13:56:42","date_gmt":"2014-05-23T13:56:42","guid":{"rendered":"http:\/\/actitudpro.com\/?page_id=722"},"modified":"2018-07-09T11:59:33","modified_gmt":"2018-07-09T11:59:33","slug":"schulung-und-beratung-im-business-excellence","status":"publish","type":"page","link":"https:\/\/actitudpro.com\/de\/","title":{"rendered":"Schulung und Beratung im Business Excellence"},"content":{"rendered":"","protected":false},"excerpt":{"rendered":"","protected":false},"author":2,"featured_media":0,"parent":0,"menu_order":0,"comment_status":"open","ping_status":"closed","template":"templates\/home.php","meta":{"_acf_changed":false,"ngg_post_thumbnail":0,"footnotes":""},"class_list":["post-722","page","type-page","status-publish","hentry"],"acf":[],"yoast_head":"<!-- This site is optimized with the Yoast SEO plugin v25.3.1 - https:\/\/yoast.com\/wordpress\/plugins\/seo\/ -->\n<title>Schulung und Beratung im Business Excellence - ActitudPro<\/title>\n<meta name=\"description\" content=\"ActitudPro Consultants ist ein auf Schulungen, Coaching und Beratung fokussiertes Unternehmen f\u00fcr die Themenbereiche im Vertrieb und Marketing und hilft Fach- und F\u00fchrungskr\u00e4ften dabei, ihre Kompetenzen weiterzuentwickeln.\" \/>\n<meta name=\"robots\" content=\"index, follow, max-snippet:-1, max-image-preview:large, max-video-preview:-1\" \/>\n<link rel=\"canonical\" href=\"https:\/\/actitudpro.com\/de\/\" \/>\n<meta property=\"og:locale\" content=\"de_DE\" \/>\n<meta property=\"og:type\" content=\"article\" \/>\n<meta property=\"og:title\" content=\"Schulung und Beratung im Business Excellence - ActitudPro\" \/>\n<meta property=\"og:description\" content=\"ActitudPro Consultants ist ein auf Schulungen, Coaching und Beratung fokussiertes Unternehmen f\u00fcr die Themenbereiche im Vertrieb und Marketing und hilft Fach- und F\u00fchrungskr\u00e4ften dabei, ihre Kompetenzen weiterzuentwickeln.\" \/>\n<meta property=\"og:url\" content=\"https:\/\/actitudpro.com\/de\/\" \/>\n<meta property=\"og:site_name\" content=\"ActitudPro\" \/>\n<meta property=\"article:modified_time\" content=\"2018-07-09T11:59:33+00:00\" \/>\n<script type=\"application\/ld+json\" class=\"yoast-schema-graph\">{\"@context\":\"https:\/\/schema.org\",\"@graph\":[{\"@type\":\"WebPage\",\"@id\":\"https:\/\/actitudpro.com\/de\/\",\"url\":\"https:\/\/actitudpro.com\/de\/\",\"name\":\"Schulung und Beratung im Business Excellence - ActitudPro\",\"isPartOf\":{\"@id\":\"https:\/\/actitudpro.com\/#website\"},\"datePublished\":\"2014-05-23T13:56:42+00:00\",\"dateModified\":\"2018-07-09T11:59:33+00:00\",\"description\":\"ActitudPro Consultants ist ein auf Schulungen, Coaching und Beratung fokussiertes Unternehmen f\u00fcr die Themenbereiche im Vertrieb und Marketing und hilft Fach- und F\u00fchrungskr\u00e4ften dabei, ihre Kompetenzen weiterzuentwickeln.\",\"breadcrumb\":{\"@id\":\"https:\/\/actitudpro.com\/de\/#breadcrumb\"},\"inLanguage\":\"de\",\"potentialAction\":[{\"@type\":\"ReadAction\",\"target\":[\"https:\/\/actitudpro.com\/de\/\"]}]},{\"@type\":\"BreadcrumbList\",\"@id\":\"https:\/\/actitudpro.com\/de\/#breadcrumb\",\"itemListElement\":[{\"@type\":\"ListItem\",\"position\":1,\"name\":\"Portada\",\"item\":\"https:\/\/actitudpro.com\/de\/\"},{\"@type\":\"ListItem\",\"position\":2,\"name\":\"Schulung und Beratung im Business Excellence\"}]},{\"@type\":\"WebSite\",\"@id\":\"https:\/\/actitudpro.com\/#website\",\"url\":\"https:\/\/actitudpro.com\/\",\"name\":\"ActitudPro\",\"description\":\"Attitude for growth\",\"publisher\":{\"@id\":\"https:\/\/actitudpro.com\/#organization\"},\"potentialAction\":[{\"@type\":\"SearchAction\",\"target\":{\"@type\":\"EntryPoint\",\"urlTemplate\":\"https:\/\/actitudpro.com\/?s={search_term_string}\"},\"query-input\":{\"@type\":\"PropertyValueSpecification\",\"valueRequired\":true,\"valueName\":\"search_term_string\"}}],\"inLanguage\":\"de\"},{\"@type\":\"Organization\",\"@id\":\"https:\/\/actitudpro.com\/#organization\",\"name\":\"ActitudPro\",\"url\":\"https:\/\/actitudpro.com\/\",\"logo\":{\"@type\":\"ImageObject\",\"inLanguage\":\"de\",\"@id\":\"https:\/\/actitudpro.com\/#\/schema\/logo\/image\/\",\"url\":\"http:\/\/actitudpro.com\/wp-content\/uploads\/2017\/07\/logo.jpg\",\"contentUrl\":\"http:\/\/actitudpro.com\/wp-content\/uploads\/2017\/07\/logo.jpg\",\"width\":307,\"height\":70,\"caption\":\"ActitudPro\"},\"image\":{\"@id\":\"https:\/\/actitudpro.com\/#\/schema\/logo\/image\/\"}}]}<\/script>\n<!-- \/ Yoast SEO plugin. -->","yoast_head_json":{"title":"Schulung und Beratung im Business Excellence - ActitudPro","description":"ActitudPro Consultants ist ein auf Schulungen, Coaching und Beratung fokussiertes Unternehmen f\u00fcr die Themenbereiche im Vertrieb und Marketing und hilft Fach- und F\u00fchrungskr\u00e4ften dabei, ihre Kompetenzen weiterzuentwickeln.","robots":{"index":"index","follow":"follow","max-snippet":"max-snippet:-1","max-image-preview":"max-image-preview:large","max-video-preview":"max-video-preview:-1"},"canonical":"https:\/\/actitudpro.com\/de\/","og_locale":"de_DE","og_type":"article","og_title":"Schulung und Beratung im Business Excellence - ActitudPro","og_description":"ActitudPro Consultants ist ein auf Schulungen, Coaching und Beratung fokussiertes Unternehmen f\u00fcr die Themenbereiche im Vertrieb und Marketing und hilft Fach- und F\u00fchrungskr\u00e4ften dabei, ihre Kompetenzen weiterzuentwickeln.","og_url":"https:\/\/actitudpro.com\/de\/","og_site_name":"ActitudPro","article_modified_time":"2018-07-09T11:59:33+00:00","schema":{"@context":"https:\/\/schema.org","@graph":[{"@type":"WebPage","@id":"https:\/\/actitudpro.com\/de\/","url":"https:\/\/actitudpro.com\/de\/","name":"Schulung und Beratung im Business Excellence - ActitudPro","isPartOf":{"@id":"https:\/\/actitudpro.com\/#website"},"datePublished":"2014-05-23T13:56:42+00:00","dateModified":"2018-07-09T11:59:33+00:00","description":"ActitudPro Consultants ist ein auf Schulungen, Coaching und Beratung fokussiertes Unternehmen f\u00fcr die Themenbereiche im Vertrieb und Marketing und hilft Fach- und F\u00fchrungskr\u00e4ften dabei, ihre Kompetenzen weiterzuentwickeln.","breadcrumb":{"@id":"https:\/\/actitudpro.com\/de\/#breadcrumb"},"inLanguage":"de","potentialAction":[{"@type":"ReadAction","target":["https:\/\/actitudpro.com\/de\/"]}]},{"@type":"BreadcrumbList","@id":"https:\/\/actitudpro.com\/de\/#breadcrumb","itemListElement":[{"@type":"ListItem","position":1,"name":"Portada","item":"https:\/\/actitudpro.com\/de\/"},{"@type":"ListItem","position":2,"name":"Schulung und Beratung im Business Excellence"}]},{"@type":"WebSite","@id":"https:\/\/actitudpro.com\/#website","url":"https:\/\/actitudpro.com\/","name":"ActitudPro","description":"Attitude for growth","publisher":{"@id":"https:\/\/actitudpro.com\/#organization"},"potentialAction":[{"@type":"SearchAction","target":{"@type":"EntryPoint","urlTemplate":"https:\/\/actitudpro.com\/?s={search_term_string}"},"query-input":{"@type":"PropertyValueSpecification","valueRequired":true,"valueName":"search_term_string"}}],"inLanguage":"de"},{"@type":"Organization","@id":"https:\/\/actitudpro.com\/#organization","name":"ActitudPro","url":"https:\/\/actitudpro.com\/","logo":{"@type":"ImageObject","inLanguage":"de","@id":"https:\/\/actitudpro.com\/#\/schema\/logo\/image\/","url":"http:\/\/actitudpro.com\/wp-content\/uploads\/2017\/07\/logo.jpg","contentUrl":"http:\/\/actitudpro.com\/wp-content\/uploads\/2017\/07\/logo.jpg","width":307,"height":70,"caption":"ActitudPro"},"image":{"@id":"https:\/\/actitudpro.com\/#\/schema\/logo\/image\/"}}]}},"_links":{"self":[{"href":"https:\/\/actitudpro.com\/de\/wp-json\/wp\/v2\/pages\/722","targetHints":{"allow":["GET"]}}],"collection":[{"href":"https:\/\/actitudpro.com\/de\/wp-json\/wp\/v2\/pages"}],"about":[{"href":"https:\/\/actitudpro.com\/de\/wp-json\/wp\/v2\/types\/page"}],"author":[{"embeddable":true,"href":"https:\/\/actitudpro.com\/de\/wp-json\/wp\/v2\/users\/2"}],"replies":[{"embeddable":true,"href":"https:\/\/actitudpro.com\/de\/wp-json\/wp\/v2\/comments?post=722"}],"version-history":[{"count":18,"href":"https:\/\/actitudpro.com\/de\/wp-json\/wp\/v2\/pages\/722\/revisions"}],"predecessor-version":[{"id":3971,"href":"https:\/\/actitudpro.com\/de\/wp-json\/wp\/v2\/pages\/722\/revisions\/3971"}],"wp:attachment":[{"href":"https:\/\/actitudpro.com\/de\/wp-json\/wp\/v2\/media?parent=722"}],"curies":[{"name":"wp","href":"https:\/\/api.w.org\/{rel}","templated":true}]}}