{"id":714,"date":"2014-05-23T11:55:07","date_gmt":"2014-05-23T11:55:07","guid":{"rendered":"http:\/\/actitudpro.com\/?page_id=714"},"modified":"2021-09-07T09:40:16","modified_gmt":"2021-09-07T09:40:16","slug":"fuhrungskrafte-coaching-im-vertrieb","status":"publish","type":"page","link":"https:\/\/actitudpro.com\/de\/vertrieb\/coaching\/fuhrungskrafte-coaching-im-vertrieb\/","title":{"rendered":"Vertriebsleitung"},"content":{"rendered":"","protected":false},"excerpt":{"rendered":"","protected":false},"author":2,"featured_media":0,"parent":767,"menu_order":2,"comment_status":"open","ping_status":"closed","template":"templates\/projects.php","meta":{"_acf_changed":false,"ngg_post_thumbnail":0,"footnotes":""},"class_list":["post-714","page","type-page","status-publish","hentry"],"acf":[],"yoast_head":"<!-- This site is optimized with the Yoast SEO plugin v25.3.1 - https:\/\/yoast.com\/wordpress\/plugins\/seo\/ -->\n<title>Coaching Vertriebsf\u00fchrungskr\u00e4fte - ActitudPro<\/title>\n<meta name=\"description\" content=\"Analyse der Pers\u00f6nlichkeit, der Kompetenzen und pers\u00f6nlichen St\u00e4rken und Schw\u00e4chen der F\u00fchrungskraft, Feedbackgespr\u00e4che, Kl\u00e4rung der pers\u00f6nlichen Ziele des Coachees, Anfertigung eines Aktionsplans in verschiedenen Sitzungen zur St\u00e4rkung und Verbesserung der Kompetenzen und F\u00e4higkeiten sowie zur Erh\u00f6hung der Selbstsicherheit. Vertriebscoaching, F\u00fchrungskr\u00e4ftecoaching, koaktives Coaching, Pers\u00f6nlichkeitstest InsightsPro, Aktionsplan Coaching, Coachingprozess\" \/>\n<meta name=\"robots\" content=\"index, follow, max-snippet:-1, max-image-preview:large, max-video-preview:-1\" \/>\n<link rel=\"canonical\" href=\"https:\/\/actitudpro.com\/de\/vertrieb\/coaching\/fuhrungskrafte-coaching-im-vertrieb\/\" \/>\n<meta property=\"og:locale\" content=\"de_DE\" \/>\n<meta property=\"og:type\" content=\"article\" \/>\n<meta property=\"og:title\" content=\"Coaching Vertriebsf\u00fchrungskr\u00e4fte - ActitudPro\" \/>\n<meta property=\"og:description\" content=\"Analyse der Pers\u00f6nlichkeit, der Kompetenzen und pers\u00f6nlichen St\u00e4rken und Schw\u00e4chen der F\u00fchrungskraft, Feedbackgespr\u00e4che, Kl\u00e4rung der pers\u00f6nlichen Ziele des Coachees, Anfertigung eines Aktionsplans in verschiedenen Sitzungen zur St\u00e4rkung und Verbesserung der Kompetenzen und F\u00e4higkeiten sowie zur Erh\u00f6hung der Selbstsicherheit. Vertriebscoaching, F\u00fchrungskr\u00e4ftecoaching, koaktives Coaching, Pers\u00f6nlichkeitstest InsightsPro, Aktionsplan Coaching, Coachingprozess\" \/>\n<meta property=\"og:url\" content=\"https:\/\/actitudpro.com\/de\/vertrieb\/coaching\/fuhrungskrafte-coaching-im-vertrieb\/\" \/>\n<meta property=\"og:site_name\" content=\"ActitudPro\" \/>\n<meta property=\"article:modified_time\" content=\"2021-09-07T09:40:16+00:00\" \/>\n<script type=\"application\/ld+json\" class=\"yoast-schema-graph\">{\"@context\":\"https:\/\/schema.org\",\"@graph\":[{\"@type\":\"WebPage\",\"@id\":\"https:\/\/actitudpro.com\/de\/vertrieb\/coaching\/fuhrungskrafte-coaching-im-vertrieb\/\",\"url\":\"https:\/\/actitudpro.com\/de\/vertrieb\/coaching\/fuhrungskrafte-coaching-im-vertrieb\/\",\"name\":\"Coaching Vertriebsf\u00fchrungskr\u00e4fte - ActitudPro\",\"isPartOf\":{\"@id\":\"https:\/\/actitudpro.com\/#website\"},\"datePublished\":\"2014-05-23T11:55:07+00:00\",\"dateModified\":\"2021-09-07T09:40:16+00:00\",\"description\":\"Analyse der Pers\u00f6nlichkeit, der Kompetenzen und pers\u00f6nlichen St\u00e4rken und Schw\u00e4chen der F\u00fchrungskraft, Feedbackgespr\u00e4che, Kl\u00e4rung der pers\u00f6nlichen Ziele des Coachees, Anfertigung eines Aktionsplans in verschiedenen Sitzungen zur St\u00e4rkung und Verbesserung der Kompetenzen und F\u00e4higkeiten sowie zur Erh\u00f6hung der Selbstsicherheit. Vertriebscoaching, F\u00fchrungskr\u00e4ftecoaching, koaktives Coaching, Pers\u00f6nlichkeitstest InsightsPro, Aktionsplan Coaching, Coachingprozess\",\"breadcrumb\":{\"@id\":\"https:\/\/actitudpro.com\/de\/vertrieb\/coaching\/fuhrungskrafte-coaching-im-vertrieb\/#breadcrumb\"},\"inLanguage\":\"de\",\"potentialAction\":[{\"@type\":\"ReadAction\",\"target\":[\"https:\/\/actitudpro.com\/de\/vertrieb\/coaching\/fuhrungskrafte-coaching-im-vertrieb\/\"]}]},{\"@type\":\"BreadcrumbList\",\"@id\":\"https:\/\/actitudpro.com\/de\/vertrieb\/coaching\/fuhrungskrafte-coaching-im-vertrieb\/#breadcrumb\",\"itemListElement\":[{\"@type\":\"ListItem\",\"position\":1,\"name\":\"Portada\",\"item\":\"https:\/\/actitudpro.com\/de\/\"},{\"@type\":\"ListItem\",\"position\":2,\"name\":\"Vertrieb\",\"item\":\"https:\/\/actitudpro.com\/de\/vertrieb\/\"},{\"@type\":\"ListItem\",\"position\":3,\"name\":\"Coaching\",\"item\":\"https:\/\/actitudpro.com\/de\/vertrieb\/coaching\/\"},{\"@type\":\"ListItem\",\"position\":4,\"name\":\"Vertriebsleitung\"}]},{\"@type\":\"WebSite\",\"@id\":\"https:\/\/actitudpro.com\/#website\",\"url\":\"https:\/\/actitudpro.com\/\",\"name\":\"ActitudPro\",\"description\":\"Attitude for growth\",\"publisher\":{\"@id\":\"https:\/\/actitudpro.com\/#organization\"},\"potentialAction\":[{\"@type\":\"SearchAction\",\"target\":{\"@type\":\"EntryPoint\",\"urlTemplate\":\"https:\/\/actitudpro.com\/?s={search_term_string}\"},\"query-input\":{\"@type\":\"PropertyValueSpecification\",\"valueRequired\":true,\"valueName\":\"search_term_string\"}}],\"inLanguage\":\"de\"},{\"@type\":\"Organization\",\"@id\":\"https:\/\/actitudpro.com\/#organization\",\"name\":\"ActitudPro\",\"url\":\"https:\/\/actitudpro.com\/\",\"logo\":{\"@type\":\"ImageObject\",\"inLanguage\":\"de\",\"@id\":\"https:\/\/actitudpro.com\/#\/schema\/logo\/image\/\",\"url\":\"http:\/\/actitudpro.com\/wp-content\/uploads\/2017\/07\/logo.jpg\",\"contentUrl\":\"http:\/\/actitudpro.com\/wp-content\/uploads\/2017\/07\/logo.jpg\",\"width\":307,\"height\":70,\"caption\":\"ActitudPro\"},\"image\":{\"@id\":\"https:\/\/actitudpro.com\/#\/schema\/logo\/image\/\"}}]}<\/script>\n<!-- \/ Yoast SEO plugin. -->","yoast_head_json":{"title":"Coaching Vertriebsf\u00fchrungskr\u00e4fte - ActitudPro","description":"Analyse der Pers\u00f6nlichkeit, der Kompetenzen und pers\u00f6nlichen St\u00e4rken und Schw\u00e4chen der F\u00fchrungskraft, Feedbackgespr\u00e4che, Kl\u00e4rung der pers\u00f6nlichen Ziele des Coachees, Anfertigung eines Aktionsplans in verschiedenen Sitzungen zur St\u00e4rkung und Verbesserung der Kompetenzen und F\u00e4higkeiten sowie zur Erh\u00f6hung der Selbstsicherheit. Vertriebscoaching, F\u00fchrungskr\u00e4ftecoaching, koaktives Coaching, Pers\u00f6nlichkeitstest InsightsPro, Aktionsplan Coaching, Coachingprozess","robots":{"index":"index","follow":"follow","max-snippet":"max-snippet:-1","max-image-preview":"max-image-preview:large","max-video-preview":"max-video-preview:-1"},"canonical":"https:\/\/actitudpro.com\/de\/vertrieb\/coaching\/fuhrungskrafte-coaching-im-vertrieb\/","og_locale":"de_DE","og_type":"article","og_title":"Coaching Vertriebsf\u00fchrungskr\u00e4fte - ActitudPro","og_description":"Analyse der Pers\u00f6nlichkeit, der Kompetenzen und pers\u00f6nlichen St\u00e4rken und Schw\u00e4chen der F\u00fchrungskraft, Feedbackgespr\u00e4che, Kl\u00e4rung der pers\u00f6nlichen Ziele des Coachees, Anfertigung eines Aktionsplans in verschiedenen Sitzungen zur St\u00e4rkung und Verbesserung der Kompetenzen und F\u00e4higkeiten sowie zur Erh\u00f6hung der Selbstsicherheit. Vertriebscoaching, F\u00fchrungskr\u00e4ftecoaching, koaktives Coaching, Pers\u00f6nlichkeitstest InsightsPro, Aktionsplan Coaching, Coachingprozess","og_url":"https:\/\/actitudpro.com\/de\/vertrieb\/coaching\/fuhrungskrafte-coaching-im-vertrieb\/","og_site_name":"ActitudPro","article_modified_time":"2021-09-07T09:40:16+00:00","schema":{"@context":"https:\/\/schema.org","@graph":[{"@type":"WebPage","@id":"https:\/\/actitudpro.com\/de\/vertrieb\/coaching\/fuhrungskrafte-coaching-im-vertrieb\/","url":"https:\/\/actitudpro.com\/de\/vertrieb\/coaching\/fuhrungskrafte-coaching-im-vertrieb\/","name":"Coaching Vertriebsf\u00fchrungskr\u00e4fte - ActitudPro","isPartOf":{"@id":"https:\/\/actitudpro.com\/#website"},"datePublished":"2014-05-23T11:55:07+00:00","dateModified":"2021-09-07T09:40:16+00:00","description":"Analyse der Pers\u00f6nlichkeit, der Kompetenzen und pers\u00f6nlichen St\u00e4rken und Schw\u00e4chen der F\u00fchrungskraft, Feedbackgespr\u00e4che, Kl\u00e4rung der pers\u00f6nlichen Ziele des Coachees, Anfertigung eines Aktionsplans in verschiedenen Sitzungen zur St\u00e4rkung und Verbesserung der Kompetenzen und F\u00e4higkeiten sowie zur Erh\u00f6hung der Selbstsicherheit. Vertriebscoaching, F\u00fchrungskr\u00e4ftecoaching, koaktives Coaching, Pers\u00f6nlichkeitstest InsightsPro, Aktionsplan Coaching, Coachingprozess","breadcrumb":{"@id":"https:\/\/actitudpro.com\/de\/vertrieb\/coaching\/fuhrungskrafte-coaching-im-vertrieb\/#breadcrumb"},"inLanguage":"de","potentialAction":[{"@type":"ReadAction","target":["https:\/\/actitudpro.com\/de\/vertrieb\/coaching\/fuhrungskrafte-coaching-im-vertrieb\/"]}]},{"@type":"BreadcrumbList","@id":"https:\/\/actitudpro.com\/de\/vertrieb\/coaching\/fuhrungskrafte-coaching-im-vertrieb\/#breadcrumb","itemListElement":[{"@type":"ListItem","position":1,"name":"Portada","item":"https:\/\/actitudpro.com\/de\/"},{"@type":"ListItem","position":2,"name":"Vertrieb","item":"https:\/\/actitudpro.com\/de\/vertrieb\/"},{"@type":"ListItem","position":3,"name":"Coaching","item":"https:\/\/actitudpro.com\/de\/vertrieb\/coaching\/"},{"@type":"ListItem","position":4,"name":"Vertriebsleitung"}]},{"@type":"WebSite","@id":"https:\/\/actitudpro.com\/#website","url":"https:\/\/actitudpro.com\/","name":"ActitudPro","description":"Attitude for growth","publisher":{"@id":"https:\/\/actitudpro.com\/#organization"},"potentialAction":[{"@type":"SearchAction","target":{"@type":"EntryPoint","urlTemplate":"https:\/\/actitudpro.com\/?s={search_term_string}"},"query-input":{"@type":"PropertyValueSpecification","valueRequired":true,"valueName":"search_term_string"}}],"inLanguage":"de"},{"@type":"Organization","@id":"https:\/\/actitudpro.com\/#organization","name":"ActitudPro","url":"https:\/\/actitudpro.com\/","logo":{"@type":"ImageObject","inLanguage":"de","@id":"https:\/\/actitudpro.com\/#\/schema\/logo\/image\/","url":"http:\/\/actitudpro.com\/wp-content\/uploads\/2017\/07\/logo.jpg","contentUrl":"http:\/\/actitudpro.com\/wp-content\/uploads\/2017\/07\/logo.jpg","width":307,"height":70,"caption":"ActitudPro"},"image":{"@id":"https:\/\/actitudpro.com\/#\/schema\/logo\/image\/"}}]}},"_links":{"self":[{"href":"https:\/\/actitudpro.com\/de\/wp-json\/wp\/v2\/pages\/714","targetHints":{"allow":["GET"]}}],"collection":[{"href":"https:\/\/actitudpro.com\/de\/wp-json\/wp\/v2\/pages"}],"about":[{"href":"https:\/\/actitudpro.com\/de\/wp-json\/wp\/v2\/types\/page"}],"author":[{"embeddable":true,"href":"https:\/\/actitudpro.com\/de\/wp-json\/wp\/v2\/users\/2"}],"replies":[{"embeddable":true,"href":"https:\/\/actitudpro.com\/de\/wp-json\/wp\/v2\/comments?post=714"}],"version-history":[{"count":10,"href":"https:\/\/actitudpro.com\/de\/wp-json\/wp\/v2\/pages\/714\/revisions"}],"predecessor-version":[{"id":6285,"href":"https:\/\/actitudpro.com\/de\/wp-json\/wp\/v2\/pages\/714\/revisions\/6285"}],"up":[{"embeddable":true,"href":"https:\/\/actitudpro.com\/de\/wp-json\/wp\/v2\/pages\/767"}],"wp:attachment":[{"href":"https:\/\/actitudpro.com\/de\/wp-json\/wp\/v2\/media?parent=714"}],"curies":[{"name":"wp","href":"https:\/\/api.w.org\/{rel}","templated":true}]}}