{"id":7034,"date":"2017-02-07T14:33:47","date_gmt":"2017-02-07T14:33:47","guid":{"rendered":"http:\/\/actitudpro.com\/nuestras-publicaciones\/"},"modified":"2025-07-08T10:03:42","modified_gmt":"2025-07-08T08:03:42","slug":"nuestras-publicaciones","status":"publish","type":"page","link":"https:\/\/actitudpro.com\/de\/nuestras-publicaciones\/","title":{"rendered":"Investigaci\u00f3n y Publicaciones"},"content":{"rendered":"<p>En <strong>ActitudPro<\/strong> estamos altamente comprometidos con la <strong>investigaci\u00f3n en excelencia comercial y digitalizaci\u00f3n<\/strong>. Nuestro equipo est\u00e1 compuesto entre otros de doctores y colaboradores acad\u00e9micos de<strong> ESADE Business School<\/strong>. Publicamos estudios, libros y una publicaci\u00f3n trimestral con las \u00faltimas tendencias en excelencia comercial. Realizamos conferencias y eventos que permitan la divulgaci\u00f3n de dicho conocimiento en el mundo empresarial.<\/p>\n","protected":false},"excerpt":{"rendered":"<p>En ActitudPro estamos altamente comprometidos con la investigaci\u00f3n en excelencia comercial y digitalizaci\u00f3n. Nuestro equipo est\u00e1 compuesto entre otros de doctores y colaboradores acad\u00e9micos de ESADE Business School. Publicamos estudios, libros y una publicaci\u00f3n trimestral con las \u00faltimas tendencias en excelencia comercial. Realizamos conferencias y eventos que permitan la divulgaci\u00f3n de dicho conocimiento en el [&hellip;]<\/p>\n","protected":false},"author":2,"featured_media":0,"parent":0,"menu_order":0,"comment_status":"closed","ping_status":"closed","template":"templates\/simple.php","meta":{"_acf_changed":false,"ngg_post_thumbnail":0,"footnotes":""},"class_list":["post-7034","page","type-page","status-publish","hentry"],"acf":[],"yoast_head":"<!-- This site is optimized with the Yoast SEO plugin v25.3.1 - https:\/\/yoast.com\/wordpress\/plugins\/seo\/ -->\n<title>Investigaci\u00f3n y Publicaciones - ActitudPro<\/title>\n<meta name=\"description\" content=\"Blog y publicaciones de ActitudPro\" \/>\n<meta name=\"robots\" content=\"index, follow, max-snippet:-1, max-image-preview:large, max-video-preview:-1\" \/>\n<link rel=\"canonical\" href=\"https:\/\/actitudpro.com\/de\/nuestras-publicaciones\/\" \/>\n<meta property=\"og:locale\" content=\"de_DE\" \/>\n<meta property=\"og:type\" content=\"article\" \/>\n<meta property=\"og:title\" content=\"Investigaci\u00f3n y Publicaciones - ActitudPro\" \/>\n<meta property=\"og:description\" content=\"Blog y publicaciones de ActitudPro\" \/>\n<meta property=\"og:url\" content=\"https:\/\/actitudpro.com\/de\/nuestras-publicaciones\/\" \/>\n<meta property=\"og:site_name\" content=\"ActitudPro\" \/>\n<meta property=\"article:modified_time\" content=\"2025-07-08T08:03:42+00:00\" \/>\n<meta name=\"twitter:label1\" content=\"Gesch\u00e4tzte Lesezeit\" \/>\n\t<meta name=\"twitter:data1\" content=\"1\u00a0Minute\" \/>\n<script type=\"application\/ld+json\" class=\"yoast-schema-graph\">{\"@context\":\"https:\/\/schema.org\",\"@graph\":[{\"@type\":\"WebPage\",\"@id\":\"https:\/\/actitudpro.com\/de\/nuestras-publicaciones\/\",\"url\":\"https:\/\/actitudpro.com\/de\/nuestras-publicaciones\/\",\"name\":\"Investigaci\u00f3n y Publicaciones - ActitudPro\",\"isPartOf\":{\"@id\":\"https:\/\/actitudpro.com\/#website\"},\"datePublished\":\"2017-02-07T14:33:47+00:00\",\"dateModified\":\"2025-07-08T08:03:42+00:00\",\"description\":\"Blog y publicaciones de ActitudPro\",\"breadcrumb\":{\"@id\":\"https:\/\/actitudpro.com\/de\/nuestras-publicaciones\/#breadcrumb\"},\"inLanguage\":\"de\",\"potentialAction\":[{\"@type\":\"ReadAction\",\"target\":[\"https:\/\/actitudpro.com\/de\/nuestras-publicaciones\/\"]}]},{\"@type\":\"BreadcrumbList\",\"@id\":\"https:\/\/actitudpro.com\/de\/nuestras-publicaciones\/#breadcrumb\",\"itemListElement\":[{\"@type\":\"ListItem\",\"position\":1,\"name\":\"Portada\",\"item\":\"https:\/\/actitudpro.com\/de\/\"},{\"@type\":\"ListItem\",\"position\":2,\"name\":\"Investigaci\u00f3n y Publicaciones\"}]},{\"@type\":\"WebSite\",\"@id\":\"https:\/\/actitudpro.com\/#website\",\"url\":\"https:\/\/actitudpro.com\/\",\"name\":\"ActitudPro\",\"description\":\"Attitude for growth\",\"publisher\":{\"@id\":\"https:\/\/actitudpro.com\/#organization\"},\"potentialAction\":[{\"@type\":\"SearchAction\",\"target\":{\"@type\":\"EntryPoint\",\"urlTemplate\":\"https:\/\/actitudpro.com\/?s={search_term_string}\"},\"query-input\":{\"@type\":\"PropertyValueSpecification\",\"valueRequired\":true,\"valueName\":\"search_term_string\"}}],\"inLanguage\":\"de\"},{\"@type\":\"Organization\",\"@id\":\"https:\/\/actitudpro.com\/#organization\",\"name\":\"ActitudPro\",\"url\":\"https:\/\/actitudpro.com\/\",\"logo\":{\"@type\":\"ImageObject\",\"inLanguage\":\"de\",\"@id\":\"https:\/\/actitudpro.com\/#\/schema\/logo\/image\/\",\"url\":\"http:\/\/actitudpro.com\/wp-content\/uploads\/2017\/07\/logo.jpg\",\"contentUrl\":\"http:\/\/actitudpro.com\/wp-content\/uploads\/2017\/07\/logo.jpg\",\"width\":307,\"height\":70,\"caption\":\"ActitudPro\"},\"image\":{\"@id\":\"https:\/\/actitudpro.com\/#\/schema\/logo\/image\/\"}}]}<\/script>\n<!-- \/ Yoast SEO plugin. -->","yoast_head_json":{"title":"Investigaci\u00f3n y Publicaciones - ActitudPro","description":"Blog y publicaciones de ActitudPro","robots":{"index":"index","follow":"follow","max-snippet":"max-snippet:-1","max-image-preview":"max-image-preview:large","max-video-preview":"max-video-preview:-1"},"canonical":"https:\/\/actitudpro.com\/de\/nuestras-publicaciones\/","og_locale":"de_DE","og_type":"article","og_title":"Investigaci\u00f3n y Publicaciones - ActitudPro","og_description":"Blog y publicaciones de ActitudPro","og_url":"https:\/\/actitudpro.com\/de\/nuestras-publicaciones\/","og_site_name":"ActitudPro","article_modified_time":"2025-07-08T08:03:42+00:00","twitter_misc":{"Gesch\u00e4tzte Lesezeit":"1\u00a0Minute"},"schema":{"@context":"https:\/\/schema.org","@graph":[{"@type":"WebPage","@id":"https:\/\/actitudpro.com\/de\/nuestras-publicaciones\/","url":"https:\/\/actitudpro.com\/de\/nuestras-publicaciones\/","name":"Investigaci\u00f3n y Publicaciones - ActitudPro","isPartOf":{"@id":"https:\/\/actitudpro.com\/#website"},"datePublished":"2017-02-07T14:33:47+00:00","dateModified":"2025-07-08T08:03:42+00:00","description":"Blog y publicaciones de ActitudPro","breadcrumb":{"@id":"https:\/\/actitudpro.com\/de\/nuestras-publicaciones\/#breadcrumb"},"inLanguage":"de","potentialAction":[{"@type":"ReadAction","target":["https:\/\/actitudpro.com\/de\/nuestras-publicaciones\/"]}]},{"@type":"BreadcrumbList","@id":"https:\/\/actitudpro.com\/de\/nuestras-publicaciones\/#breadcrumb","itemListElement":[{"@type":"ListItem","position":1,"name":"Portada","item":"https:\/\/actitudpro.com\/de\/"},{"@type":"ListItem","position":2,"name":"Investigaci\u00f3n y Publicaciones"}]},{"@type":"WebSite","@id":"https:\/\/actitudpro.com\/#website","url":"https:\/\/actitudpro.com\/","name":"ActitudPro","description":"Attitude for growth","publisher":{"@id":"https:\/\/actitudpro.com\/#organization"},"potentialAction":[{"@type":"SearchAction","target":{"@type":"EntryPoint","urlTemplate":"https:\/\/actitudpro.com\/?s={search_term_string}"},"query-input":{"@type":"PropertyValueSpecification","valueRequired":true,"valueName":"search_term_string"}}],"inLanguage":"de"},{"@type":"Organization","@id":"https:\/\/actitudpro.com\/#organization","name":"ActitudPro","url":"https:\/\/actitudpro.com\/","logo":{"@type":"ImageObject","inLanguage":"de","@id":"https:\/\/actitudpro.com\/#\/schema\/logo\/image\/","url":"http:\/\/actitudpro.com\/wp-content\/uploads\/2017\/07\/logo.jpg","contentUrl":"http:\/\/actitudpro.com\/wp-content\/uploads\/2017\/07\/logo.jpg","width":307,"height":70,"caption":"ActitudPro"},"image":{"@id":"https:\/\/actitudpro.com\/#\/schema\/logo\/image\/"}}]}},"_links":{"self":[{"href":"https:\/\/actitudpro.com\/de\/wp-json\/wp\/v2\/pages\/7034","targetHints":{"allow":["GET"]}}],"collection":[{"href":"https:\/\/actitudpro.com\/de\/wp-json\/wp\/v2\/pages"}],"about":[{"href":"https:\/\/actitudpro.com\/de\/wp-json\/wp\/v2\/types\/page"}],"author":[{"embeddable":true,"href":"https:\/\/actitudpro.com\/de\/wp-json\/wp\/v2\/users\/2"}],"replies":[{"embeddable":true,"href":"https:\/\/actitudpro.com\/de\/wp-json\/wp\/v2\/comments?post=7034"}],"version-history":[{"count":25,"href":"https:\/\/actitudpro.com\/de\/wp-json\/wp\/v2\/pages\/7034\/revisions"}],"predecessor-version":[{"id":13346,"href":"https:\/\/actitudpro.com\/de\/wp-json\/wp\/v2\/pages\/7034\/revisions\/13346"}],"wp:attachment":[{"href":"https:\/\/actitudpro.com\/de\/wp-json\/wp\/v2\/media?parent=7034"}],"curies":[{"name":"wp","href":"https:\/\/api.w.org\/{rel}","templated":true}]}}