{"id":7027,"date":"2016-11-07T15:16:37","date_gmt":"2016-11-07T15:16:37","guid":{"rendered":"http:\/\/actitudpro.com\/sala-de-prensa\/"},"modified":"2024-07-17T09:27:34","modified_gmt":"2024-07-17T07:27:34","slug":"sala-de-prensa","status":"publish","type":"page","link":"https:\/\/actitudpro.com\/de\/sala-de-prensa\/","title":{"rendered":"Sala de Prensa"},"content":{"rendered":"","protected":false},"excerpt":{"rendered":"","protected":false},"author":2,"featured_media":0,"parent":0,"menu_order":0,"comment_status":"closed","ping_status":"closed","template":"templates\/twocolumns.php","meta":{"_acf_changed":false,"ngg_post_thumbnail":0,"footnotes":""},"class_list":["post-7027","page","type-page","status-publish","hentry"],"acf":[],"yoast_head":"<!-- This site is optimized with the Yoast SEO plugin v25.3.1 - https:\/\/yoast.com\/wordpress\/plugins\/seo\/ -->\n<title>Sala de Prensa - ActitudPro<\/title>\n<meta name=\"description\" content=\"ActitudPro acompa\u00f1a y colabora con las empresas en los momentos claves de la comercializaci\u00f3n, Llenamos las salas de periodistas en ruedas de prensa para impulsar la proyecci\u00f3n comercial.\" \/>\n<meta name=\"robots\" content=\"index, follow, max-snippet:-1, max-image-preview:large, max-video-preview:-1\" \/>\n<link rel=\"canonical\" href=\"https:\/\/actitudpro.com\/de\/sala-de-prensa\/\" \/>\n<meta property=\"og:locale\" content=\"de_DE\" \/>\n<meta property=\"og:type\" content=\"article\" \/>\n<meta property=\"og:title\" content=\"Sala de Prensa - ActitudPro\" \/>\n<meta property=\"og:description\" content=\"ActitudPro acompa\u00f1a y colabora con las empresas en los momentos claves de la comercializaci\u00f3n, Llenamos las salas de periodistas en ruedas de prensa para impulsar la proyecci\u00f3n comercial.\" \/>\n<meta property=\"og:url\" content=\"https:\/\/actitudpro.com\/de\/sala-de-prensa\/\" \/>\n<meta property=\"og:site_name\" content=\"ActitudPro\" \/>\n<meta property=\"article:modified_time\" content=\"2024-07-17T07:27:34+00:00\" \/>\n<script type=\"application\/ld+json\" class=\"yoast-schema-graph\">{\"@context\":\"https:\/\/schema.org\",\"@graph\":[{\"@type\":\"WebPage\",\"@id\":\"https:\/\/actitudpro.com\/de\/sala-de-prensa\/\",\"url\":\"https:\/\/actitudpro.com\/de\/sala-de-prensa\/\",\"name\":\"Sala de Prensa - ActitudPro\",\"isPartOf\":{\"@id\":\"https:\/\/actitudpro.com\/#website\"},\"datePublished\":\"2016-11-07T15:16:37+00:00\",\"dateModified\":\"2024-07-17T07:27:34+00:00\",\"description\":\"ActitudPro acompa\u00f1a y colabora con las empresas en los momentos claves de la comercializaci\u00f3n, Llenamos las salas de periodistas en ruedas de prensa para impulsar la proyecci\u00f3n comercial.\",\"breadcrumb\":{\"@id\":\"https:\/\/actitudpro.com\/de\/sala-de-prensa\/#breadcrumb\"},\"inLanguage\":\"de\",\"potentialAction\":[{\"@type\":\"ReadAction\",\"target\":[\"https:\/\/actitudpro.com\/de\/sala-de-prensa\/\"]}]},{\"@type\":\"BreadcrumbList\",\"@id\":\"https:\/\/actitudpro.com\/de\/sala-de-prensa\/#breadcrumb\",\"itemListElement\":[{\"@type\":\"ListItem\",\"position\":1,\"name\":\"Portada\",\"item\":\"https:\/\/actitudpro.com\/de\/\"},{\"@type\":\"ListItem\",\"position\":2,\"name\":\"Sala de Prensa\"}]},{\"@type\":\"WebSite\",\"@id\":\"https:\/\/actitudpro.com\/#website\",\"url\":\"https:\/\/actitudpro.com\/\",\"name\":\"ActitudPro\",\"description\":\"Attitude for growth\",\"publisher\":{\"@id\":\"https:\/\/actitudpro.com\/#organization\"},\"potentialAction\":[{\"@type\":\"SearchAction\",\"target\":{\"@type\":\"EntryPoint\",\"urlTemplate\":\"https:\/\/actitudpro.com\/?s={search_term_string}\"},\"query-input\":{\"@type\":\"PropertyValueSpecification\",\"valueRequired\":true,\"valueName\":\"search_term_string\"}}],\"inLanguage\":\"de\"},{\"@type\":\"Organization\",\"@id\":\"https:\/\/actitudpro.com\/#organization\",\"name\":\"ActitudPro\",\"url\":\"https:\/\/actitudpro.com\/\",\"logo\":{\"@type\":\"ImageObject\",\"inLanguage\":\"de\",\"@id\":\"https:\/\/actitudpro.com\/#\/schema\/logo\/image\/\",\"url\":\"http:\/\/actitudpro.com\/wp-content\/uploads\/2017\/07\/logo.jpg\",\"contentUrl\":\"http:\/\/actitudpro.com\/wp-content\/uploads\/2017\/07\/logo.jpg\",\"width\":307,\"height\":70,\"caption\":\"ActitudPro\"},\"image\":{\"@id\":\"https:\/\/actitudpro.com\/#\/schema\/logo\/image\/\"}}]}<\/script>\n<!-- \/ Yoast SEO plugin. -->","yoast_head_json":{"title":"Sala de Prensa - ActitudPro","description":"ActitudPro acompa\u00f1a y colabora con las empresas en los momentos claves de la comercializaci\u00f3n, Llenamos las salas de periodistas en ruedas de prensa para impulsar la proyecci\u00f3n comercial.","robots":{"index":"index","follow":"follow","max-snippet":"max-snippet:-1","max-image-preview":"max-image-preview:large","max-video-preview":"max-video-preview:-1"},"canonical":"https:\/\/actitudpro.com\/de\/sala-de-prensa\/","og_locale":"de_DE","og_type":"article","og_title":"Sala de Prensa - ActitudPro","og_description":"ActitudPro acompa\u00f1a y colabora con las empresas en los momentos claves de la comercializaci\u00f3n, Llenamos las salas de periodistas en ruedas de prensa para impulsar la proyecci\u00f3n comercial.","og_url":"https:\/\/actitudpro.com\/de\/sala-de-prensa\/","og_site_name":"ActitudPro","article_modified_time":"2024-07-17T07:27:34+00:00","schema":{"@context":"https:\/\/schema.org","@graph":[{"@type":"WebPage","@id":"https:\/\/actitudpro.com\/de\/sala-de-prensa\/","url":"https:\/\/actitudpro.com\/de\/sala-de-prensa\/","name":"Sala de Prensa - ActitudPro","isPartOf":{"@id":"https:\/\/actitudpro.com\/#website"},"datePublished":"2016-11-07T15:16:37+00:00","dateModified":"2024-07-17T07:27:34+00:00","description":"ActitudPro acompa\u00f1a y colabora con las empresas en los momentos claves de la comercializaci\u00f3n, Llenamos las salas de periodistas en ruedas de prensa para impulsar la proyecci\u00f3n comercial.","breadcrumb":{"@id":"https:\/\/actitudpro.com\/de\/sala-de-prensa\/#breadcrumb"},"inLanguage":"de","potentialAction":[{"@type":"ReadAction","target":["https:\/\/actitudpro.com\/de\/sala-de-prensa\/"]}]},{"@type":"BreadcrumbList","@id":"https:\/\/actitudpro.com\/de\/sala-de-prensa\/#breadcrumb","itemListElement":[{"@type":"ListItem","position":1,"name":"Portada","item":"https:\/\/actitudpro.com\/de\/"},{"@type":"ListItem","position":2,"name":"Sala de Prensa"}]},{"@type":"WebSite","@id":"https:\/\/actitudpro.com\/#website","url":"https:\/\/actitudpro.com\/","name":"ActitudPro","description":"Attitude for growth","publisher":{"@id":"https:\/\/actitudpro.com\/#organization"},"potentialAction":[{"@type":"SearchAction","target":{"@type":"EntryPoint","urlTemplate":"https:\/\/actitudpro.com\/?s={search_term_string}"},"query-input":{"@type":"PropertyValueSpecification","valueRequired":true,"valueName":"search_term_string"}}],"inLanguage":"de"},{"@type":"Organization","@id":"https:\/\/actitudpro.com\/#organization","name":"ActitudPro","url":"https:\/\/actitudpro.com\/","logo":{"@type":"ImageObject","inLanguage":"de","@id":"https:\/\/actitudpro.com\/#\/schema\/logo\/image\/","url":"http:\/\/actitudpro.com\/wp-content\/uploads\/2017\/07\/logo.jpg","contentUrl":"http:\/\/actitudpro.com\/wp-content\/uploads\/2017\/07\/logo.jpg","width":307,"height":70,"caption":"ActitudPro"},"image":{"@id":"https:\/\/actitudpro.com\/#\/schema\/logo\/image\/"}}]}},"_links":{"self":[{"href":"https:\/\/actitudpro.com\/de\/wp-json\/wp\/v2\/pages\/7027","targetHints":{"allow":["GET"]}}],"collection":[{"href":"https:\/\/actitudpro.com\/de\/wp-json\/wp\/v2\/pages"}],"about":[{"href":"https:\/\/actitudpro.com\/de\/wp-json\/wp\/v2\/types\/page"}],"author":[{"embeddable":true,"href":"https:\/\/actitudpro.com\/de\/wp-json\/wp\/v2\/users\/2"}],"replies":[{"embeddable":true,"href":"https:\/\/actitudpro.com\/de\/wp-json\/wp\/v2\/comments?post=7027"}],"version-history":[{"count":16,"href":"https:\/\/actitudpro.com\/de\/wp-json\/wp\/v2\/pages\/7027\/revisions"}],"predecessor-version":[{"id":10459,"href":"https:\/\/actitudpro.com\/de\/wp-json\/wp\/v2\/pages\/7027\/revisions\/10459"}],"wp:attachment":[{"href":"https:\/\/actitudpro.com\/de\/wp-json\/wp\/v2\/media?parent=7027"}],"curies":[{"name":"wp","href":"https:\/\/api.w.org\/{rel}","templated":true}]}}