{"id":693,"date":"2014-05-23T09:58:57","date_gmt":"2014-05-23T09:58:57","guid":{"rendered":"http:\/\/actitudpro.com\/?page_id=693"},"modified":"2021-09-06T14:15:25","modified_gmt":"2021-09-06T14:15:25","slug":"audit-vertriebseffizienz","status":"publish","type":"page","link":"https:\/\/actitudpro.com\/de\/vertrieb\/projekte\/audit-vertriebseffizienz\/","title":{"rendered":"Audit Vertriebseffizienz"},"content":{"rendered":"","protected":false},"excerpt":{"rendered":"","protected":false},"author":2,"featured_media":0,"parent":757,"menu_order":0,"comment_status":"closed","ping_status":"closed","template":"templates\/projects.php","meta":{"_acf_changed":false,"ngg_post_thumbnail":0,"footnotes":""},"class_list":["post-693","page","type-page","status-publish","hentry"],"acf":[],"yoast_head":"<!-- This site is optimized with the Yoast SEO plugin v25.3.1 - https:\/\/yoast.com\/wordpress\/plugins\/seo\/ -->\n<title>Audit Vertriebseffektivit\u00e4t - ActitudPro<\/title>\n<meta name=\"description\" content=\"Analyse der Organisation der Vertriebsabteilung, der Vertriebsf\u00fchrung, der pers\u00f6nlichen St\u00e4rken und Schw\u00e4chen der Vertriebsmitarbeiter, der Vertriebsmethoden und des Vertriebsprozesses sowie Herausarbeiten von Verbesserungspotenzial. Vertriebseffizienz, Vertriebseffektivit\u00e4t, Analyse Vertriebsabteilung, Analyse Vertriebsteam, Analyse Vertriebsf\u00fchrung, Verbesserungspotenzial im Vertriebs\" \/>\n<meta name=\"robots\" content=\"index, follow, max-snippet:-1, max-image-preview:large, max-video-preview:-1\" \/>\n<link rel=\"canonical\" href=\"https:\/\/actitudpro.com\/de\/vertrieb\/projekte\/audit-vertriebseffizienz\/\" \/>\n<meta property=\"og:locale\" content=\"de_DE\" \/>\n<meta property=\"og:type\" content=\"article\" \/>\n<meta property=\"og:title\" content=\"Audit Vertriebseffektivit\u00e4t - ActitudPro\" \/>\n<meta property=\"og:description\" content=\"Analyse der Organisation der Vertriebsabteilung, der Vertriebsf\u00fchrung, der pers\u00f6nlichen St\u00e4rken und Schw\u00e4chen der Vertriebsmitarbeiter, der Vertriebsmethoden und des Vertriebsprozesses sowie Herausarbeiten von Verbesserungspotenzial. Vertriebseffizienz, Vertriebseffektivit\u00e4t, Analyse Vertriebsabteilung, Analyse Vertriebsteam, Analyse Vertriebsf\u00fchrung, Verbesserungspotenzial im Vertriebs\" \/>\n<meta property=\"og:url\" content=\"https:\/\/actitudpro.com\/de\/vertrieb\/projekte\/audit-vertriebseffizienz\/\" \/>\n<meta property=\"og:site_name\" content=\"ActitudPro\" \/>\n<meta property=\"article:modified_time\" content=\"2021-09-06T14:15:25+00:00\" \/>\n<script type=\"application\/ld+json\" class=\"yoast-schema-graph\">{\"@context\":\"https:\/\/schema.org\",\"@graph\":[{\"@type\":\"WebPage\",\"@id\":\"https:\/\/actitudpro.com\/de\/vertrieb\/projekte\/audit-vertriebseffizienz\/\",\"url\":\"https:\/\/actitudpro.com\/de\/vertrieb\/projekte\/audit-vertriebseffizienz\/\",\"name\":\"Audit Vertriebseffektivit\u00e4t - ActitudPro\",\"isPartOf\":{\"@id\":\"https:\/\/actitudpro.com\/#website\"},\"datePublished\":\"2014-05-23T09:58:57+00:00\",\"dateModified\":\"2021-09-06T14:15:25+00:00\",\"description\":\"Analyse der Organisation der Vertriebsabteilung, der Vertriebsf\u00fchrung, der pers\u00f6nlichen St\u00e4rken und Schw\u00e4chen der Vertriebsmitarbeiter, der Vertriebsmethoden und des Vertriebsprozesses sowie Herausarbeiten von Verbesserungspotenzial. Vertriebseffizienz, Vertriebseffektivit\u00e4t, Analyse Vertriebsabteilung, Analyse Vertriebsteam, Analyse Vertriebsf\u00fchrung, Verbesserungspotenzial im Vertriebs\",\"breadcrumb\":{\"@id\":\"https:\/\/actitudpro.com\/de\/vertrieb\/projekte\/audit-vertriebseffizienz\/#breadcrumb\"},\"inLanguage\":\"de\",\"potentialAction\":[{\"@type\":\"ReadAction\",\"target\":[\"https:\/\/actitudpro.com\/de\/vertrieb\/projekte\/audit-vertriebseffizienz\/\"]}]},{\"@type\":\"BreadcrumbList\",\"@id\":\"https:\/\/actitudpro.com\/de\/vertrieb\/projekte\/audit-vertriebseffizienz\/#breadcrumb\",\"itemListElement\":[{\"@type\":\"ListItem\",\"position\":1,\"name\":\"Portada\",\"item\":\"https:\/\/actitudpro.com\/de\/\"},{\"@type\":\"ListItem\",\"position\":2,\"name\":\"Vertrieb\",\"item\":\"https:\/\/actitudpro.com\/de\/vertrieb\/\"},{\"@type\":\"ListItem\",\"position\":3,\"name\":\"Projekte\",\"item\":\"https:\/\/actitudpro.com\/de\/vertrieb\/projekte\/\"},{\"@type\":\"ListItem\",\"position\":4,\"name\":\"Audit Vertriebseffizienz\"}]},{\"@type\":\"WebSite\",\"@id\":\"https:\/\/actitudpro.com\/#website\",\"url\":\"https:\/\/actitudpro.com\/\",\"name\":\"ActitudPro\",\"description\":\"Attitude for growth\",\"publisher\":{\"@id\":\"https:\/\/actitudpro.com\/#organization\"},\"potentialAction\":[{\"@type\":\"SearchAction\",\"target\":{\"@type\":\"EntryPoint\",\"urlTemplate\":\"https:\/\/actitudpro.com\/?s={search_term_string}\"},\"query-input\":{\"@type\":\"PropertyValueSpecification\",\"valueRequired\":true,\"valueName\":\"search_term_string\"}}],\"inLanguage\":\"de\"},{\"@type\":\"Organization\",\"@id\":\"https:\/\/actitudpro.com\/#organization\",\"name\":\"ActitudPro\",\"url\":\"https:\/\/actitudpro.com\/\",\"logo\":{\"@type\":\"ImageObject\",\"inLanguage\":\"de\",\"@id\":\"https:\/\/actitudpro.com\/#\/schema\/logo\/image\/\",\"url\":\"http:\/\/actitudpro.com\/wp-content\/uploads\/2017\/07\/logo.jpg\",\"contentUrl\":\"http:\/\/actitudpro.com\/wp-content\/uploads\/2017\/07\/logo.jpg\",\"width\":307,\"height\":70,\"caption\":\"ActitudPro\"},\"image\":{\"@id\":\"https:\/\/actitudpro.com\/#\/schema\/logo\/image\/\"}}]}<\/script>\n<!-- \/ Yoast SEO plugin. -->","yoast_head_json":{"title":"Audit Vertriebseffektivit\u00e4t - ActitudPro","description":"Analyse der Organisation der Vertriebsabteilung, der Vertriebsf\u00fchrung, der pers\u00f6nlichen St\u00e4rken und Schw\u00e4chen der Vertriebsmitarbeiter, der Vertriebsmethoden und des Vertriebsprozesses sowie Herausarbeiten von Verbesserungspotenzial. Vertriebseffizienz, Vertriebseffektivit\u00e4t, Analyse Vertriebsabteilung, Analyse Vertriebsteam, Analyse Vertriebsf\u00fchrung, Verbesserungspotenzial im Vertriebs","robots":{"index":"index","follow":"follow","max-snippet":"max-snippet:-1","max-image-preview":"max-image-preview:large","max-video-preview":"max-video-preview:-1"},"canonical":"https:\/\/actitudpro.com\/de\/vertrieb\/projekte\/audit-vertriebseffizienz\/","og_locale":"de_DE","og_type":"article","og_title":"Audit Vertriebseffektivit\u00e4t - ActitudPro","og_description":"Analyse der Organisation der Vertriebsabteilung, der Vertriebsf\u00fchrung, der pers\u00f6nlichen St\u00e4rken und Schw\u00e4chen der Vertriebsmitarbeiter, der Vertriebsmethoden und des Vertriebsprozesses sowie Herausarbeiten von Verbesserungspotenzial. Vertriebseffizienz, Vertriebseffektivit\u00e4t, Analyse Vertriebsabteilung, Analyse Vertriebsteam, Analyse Vertriebsf\u00fchrung, Verbesserungspotenzial im Vertriebs","og_url":"https:\/\/actitudpro.com\/de\/vertrieb\/projekte\/audit-vertriebseffizienz\/","og_site_name":"ActitudPro","article_modified_time":"2021-09-06T14:15:25+00:00","schema":{"@context":"https:\/\/schema.org","@graph":[{"@type":"WebPage","@id":"https:\/\/actitudpro.com\/de\/vertrieb\/projekte\/audit-vertriebseffizienz\/","url":"https:\/\/actitudpro.com\/de\/vertrieb\/projekte\/audit-vertriebseffizienz\/","name":"Audit Vertriebseffektivit\u00e4t - ActitudPro","isPartOf":{"@id":"https:\/\/actitudpro.com\/#website"},"datePublished":"2014-05-23T09:58:57+00:00","dateModified":"2021-09-06T14:15:25+00:00","description":"Analyse der Organisation der Vertriebsabteilung, der Vertriebsf\u00fchrung, der pers\u00f6nlichen St\u00e4rken und Schw\u00e4chen der Vertriebsmitarbeiter, der Vertriebsmethoden und des Vertriebsprozesses sowie Herausarbeiten von Verbesserungspotenzial. Vertriebseffizienz, Vertriebseffektivit\u00e4t, Analyse Vertriebsabteilung, Analyse Vertriebsteam, Analyse Vertriebsf\u00fchrung, Verbesserungspotenzial im Vertriebs","breadcrumb":{"@id":"https:\/\/actitudpro.com\/de\/vertrieb\/projekte\/audit-vertriebseffizienz\/#breadcrumb"},"inLanguage":"de","potentialAction":[{"@type":"ReadAction","target":["https:\/\/actitudpro.com\/de\/vertrieb\/projekte\/audit-vertriebseffizienz\/"]}]},{"@type":"BreadcrumbList","@id":"https:\/\/actitudpro.com\/de\/vertrieb\/projekte\/audit-vertriebseffizienz\/#breadcrumb","itemListElement":[{"@type":"ListItem","position":1,"name":"Portada","item":"https:\/\/actitudpro.com\/de\/"},{"@type":"ListItem","position":2,"name":"Vertrieb","item":"https:\/\/actitudpro.com\/de\/vertrieb\/"},{"@type":"ListItem","position":3,"name":"Projekte","item":"https:\/\/actitudpro.com\/de\/vertrieb\/projekte\/"},{"@type":"ListItem","position":4,"name":"Audit Vertriebseffizienz"}]},{"@type":"WebSite","@id":"https:\/\/actitudpro.com\/#website","url":"https:\/\/actitudpro.com\/","name":"ActitudPro","description":"Attitude for growth","publisher":{"@id":"https:\/\/actitudpro.com\/#organization"},"potentialAction":[{"@type":"SearchAction","target":{"@type":"EntryPoint","urlTemplate":"https:\/\/actitudpro.com\/?s={search_term_string}"},"query-input":{"@type":"PropertyValueSpecification","valueRequired":true,"valueName":"search_term_string"}}],"inLanguage":"de"},{"@type":"Organization","@id":"https:\/\/actitudpro.com\/#organization","name":"ActitudPro","url":"https:\/\/actitudpro.com\/","logo":{"@type":"ImageObject","inLanguage":"de","@id":"https:\/\/actitudpro.com\/#\/schema\/logo\/image\/","url":"http:\/\/actitudpro.com\/wp-content\/uploads\/2017\/07\/logo.jpg","contentUrl":"http:\/\/actitudpro.com\/wp-content\/uploads\/2017\/07\/logo.jpg","width":307,"height":70,"caption":"ActitudPro"},"image":{"@id":"https:\/\/actitudpro.com\/#\/schema\/logo\/image\/"}}]}},"_links":{"self":[{"href":"https:\/\/actitudpro.com\/de\/wp-json\/wp\/v2\/pages\/693","targetHints":{"allow":["GET"]}}],"collection":[{"href":"https:\/\/actitudpro.com\/de\/wp-json\/wp\/v2\/pages"}],"about":[{"href":"https:\/\/actitudpro.com\/de\/wp-json\/wp\/v2\/types\/page"}],"author":[{"embeddable":true,"href":"https:\/\/actitudpro.com\/de\/wp-json\/wp\/v2\/users\/2"}],"replies":[{"embeddable":true,"href":"https:\/\/actitudpro.com\/de\/wp-json\/wp\/v2\/comments?post=693"}],"version-history":[{"count":4,"href":"https:\/\/actitudpro.com\/de\/wp-json\/wp\/v2\/pages\/693\/revisions"}],"predecessor-version":[{"id":6187,"href":"https:\/\/actitudpro.com\/de\/wp-json\/wp\/v2\/pages\/693\/revisions\/6187"}],"up":[{"embeddable":true,"href":"https:\/\/actitudpro.com\/de\/wp-json\/wp\/v2\/pages\/757"}],"wp:attachment":[{"href":"https:\/\/actitudpro.com\/de\/wp-json\/wp\/v2\/media?parent=693"}],"curies":[{"name":"wp","href":"https:\/\/api.w.org\/{rel}","templated":true}]}}