{"id":687,"date":"2014-05-23T09:45:37","date_gmt":"2014-05-23T09:45:37","guid":{"rendered":"http:\/\/actitudpro.com\/?page_id=687"},"modified":"2017-07-18T14:11:23","modified_gmt":"2017-07-18T14:11:23","slug":"werte","status":"publish","type":"page","link":"https:\/\/actitudpro.com\/de\/werte\/","title":{"rendered":"Unsere Werte"},"content":{"rendered":"<p><b><i>Welche Wertvorstellungen hat ActitudPro?&nbsp;<\/i><\/b><\/p>\n<p>Unsere Beratung, das Training\/Coaching und die Betreuung von ActitudPro orientiert sich an folgenden<b> Grundwerten:<\/b><\/p>\n<ul>\n<li>Wir helfen Unternehmen und Menschen in den Unternehmen der Kunden, sich weiterzuentwickeln, erfolgreich zu sein und ihre Vision und strategischen Ziele Realit\u00e4t werden zu lassen.<\/li>\n<li>Wir haben die Erfahrung, das Know-how, das Werkzeug, die Methoden und die Vision, um die Kundenprozesse in Bezug auf Menschen, Teams, und Prozessablauf zu optimieren.<\/li>\n<li>Wir entwickeln und optimieren unser Know-how und das Beratungsangebot st\u00e4ndig, damit wir den Kunden stets innovative Dienstleistungen anbieten.<\/li>\n<li>Unsere Haltung ist Professionalit\u00e4t, unsere Beziehung zu den Kunden streben wir als langfristig an mit offener Kommunikation, gegenseitiger Wertsch\u00e4tzung und Kooperation.<\/li>\n<\/ul>\n<p><b>Werte, die sich in unserer Arbeit widerspiegeln:<\/b><\/p>\n<p>Werte f\u00fcr alle Mitarbeiter im Unternehmeralltag.<\/p>\n<p>1 Begeisterung<\/p>\n<p>Begeistere mit Freundlichkeit, Engagement und Lebensfreude.<\/p>\n<p>2 Fairness<\/p>\n<p>Sei immer fair und halte deine Versprechen ein.<\/p>\n<p>3 Zuverl\u00e4ssigkeit<\/p>\n<p>L\u00f6se Probleme schnell und nachhaltig. \u201eGeht nicht, gibt`s nicht!\u201c<\/p>\n<p>4 Verantwortung<\/p>\n<p>\u00dcbernehme jeden Tag Verantwortung f\u00fcr dein Handeln.<\/p>\n<p>5 Ergebnisorientierung<\/p>\n<p>Sichere den wirtschaftlichen Erfolg des Unternehmens.<\/p>\n<p>6 Vertrauen<\/p>\n<p>Schaffe Vertrauen durch pers\u00f6nliche und fachliche Kompetenz.<\/p>\n<p>&nbsp;<\/p>\n<p><b>Werte, die den Zusammenhalt widerspiegeln:<\/b><\/p>\n<p>Pers\u00f6nliche Werte legen den Umgang der Mitarbeiter untereinander fest.<\/p>\n<p>1 Offenheit<\/p>\n<p>Sei offen f\u00fcr neue Ideen.<\/p>\n<p>2 Ehrlichkeit &amp; Loyalit\u00e4t<\/p>\n<p>Sei zu dir und anderen ehrlich und loyal.<\/p>\n<p>3 Anerkennung<\/p>\n<p>Gebe angemessene und echte Anerkennung.<\/p>\n<p>4 Entscheidungen<\/p>\n<p>Vertrete unpopul\u00e4re Entscheidungen, wenn es dem Wohle des Unternehmens hilft.<\/p>\n<p>5 Pers\u00f6nliches Wachstum<\/p>\n<p>Sehe jede neue Aufgabe als Herausforderung und als Chance zum Wachstum deiner<\/p>\n<p>Pers\u00f6nlichkeit an und zum Erreichen deiner gesteckten Ziele.<\/p>\n<p>6 Team<\/p>\n<p>Sei ein Mentor und unterst\u00fctze andere in ihrer pers\u00f6nlichen Entwicklung f\u00fcr das<\/p>\n<p>gemeinsame Wachstum.<\/p>\n<p>7 Selbstvertrauen<\/p>\n<p>Vertraue deinen Talenten und F\u00e4higkeiten.<\/p>\n<p>&nbsp;<\/p>\n<p><b><i>Erfolgsfaktoren<\/i><\/b><\/p>\n<p><b><i>Was sind unsere entscheidenden Erfolgsfaktoren?<\/i><\/b><\/p>\n<ul>\n<li><b>Berufung<\/b>. Unsere renommierten Berater sind seit mehr als 10 Jahren in der Unternehmensberatung t\u00e4tig.<\/li>\n<li><b>Multikompetenz Ansatz<\/b>. Wir beraten nachhaltig und abteilungs\u00fcbergreifend.<\/li>\n<li><b>Teamgeist<\/b>. Unser Team ist kompetent und \u00fcbernimmt Verantwortung auch f\u00fcr schwierige Aufgaben und Problemstellungen. Fehler sind erw\u00fcnscht und dazu da, daraus zu lernen und beim n\u00e4chsten Mal es besser zu machen.<\/li>\n<li>Der gro\u00dfe \u201e<b>Know-how-Strau\u00df\u201c<\/b> von Kenntnissen, Werkzeuge und Erfahrungen aus Beratungen der vielseitigen Branchen kommt unseren Kunden zu Gute.<\/li>\n<li><b>Weiterbildung<\/b> und <b>Wissensupdates<\/b> werden gro\u00df geschrieben. Unsere Mitarbeiter bilden sich regelm\u00e4\u00dfig fort und sind an Universit\u00e4ten und Hochschulen t\u00e4tig.<\/li>\n<li>Wir sind ein <b>inhabergef\u00fchrtes Unternehmen<\/b>. Die <b>Mitarbeiter sind unser wichtigstes Potential<\/b>. Wir sehen die Grunds\u00e4tze der Work Life Balance bei unseren Mitarbeitern von zentraler Bedeutung. Wir sind unabh\u00e4ngig und streben langfristigen und nachhaltigen Unternehmenserfolg an.<\/li>\n<li><b>Internationale<\/b> Pr\u00e4senz mit renommierten und qualifizierten Mitarbeitern, die insbesondere in ihrer jeweiligen Region t\u00e4tig sind.<\/li>\n<\/ul>\n<p><b><i>Unsere St\u00e4rken<\/i><\/b><\/p>\n<p><b><i>Welche Kernkompetenzen hat das Team von ActitudPro? Welche Wettbewerbsvorteile? Schw\u00e4chen? Kern-Zielgruppe?<\/i><\/b><\/p>\n<ul>\n<li><b>Mitarbeiter- und F\u00fchrungskr\u00e4ftetraining<\/b>: F\u00fchrungskr\u00e4fte sind die Multiplikatoren f\u00fcr die Teams.<\/li>\n<li><b>Teamentwicklung<\/b>: Die Koh\u00e4sion des Teams mit teamf\u00f6rdernden Ma\u00dfnahmen und Techniken zu f\u00f6rdern (1+1= eine gemeinsame Vision)<\/li>\n<li><b>Salestechnik<\/b>: Vertriebsgespr\u00e4ch, Fragetechnik, Pr\u00e4sentation, Zeitmanagement, Kundenakquise, Einstellung<\/li>\n<li><b>Marketing<\/b>: Erkennung neuer Gesch\u00e4ftsm\u00f6glichkeiten und \u2013Chancen, Kundenakquise Marketing, Go-to-Market-Projekte auf der Grundlage eines Marketingplans<\/li>\n<li><b>Vertriebsleitung<\/b>: Unterst\u00fctzung &amp; Motivation der Verk\u00e4ufer, Verkaufkorridor, Auswahl und Recruiting von Verk\u00e4ufern, Vertriebsorganisation, Teamf\u00fchrung, etc.<\/li>\n<\/ul>\n<p>&nbsp;<\/p>\n<p>Diese Kernkompetenzen wenden wir seit Jahren durch <b>Beratung, Training und Coaching<\/b> erfolgreich an.<\/p>\n","protected":false},"excerpt":{"rendered":"<p>Welche Wertvorstellungen hat ActitudPro?&nbsp; Unsere Beratung, das Training\/Coaching und die Betreuung von ActitudPro orientiert sich an folgenden Grundwerten: Wir helfen Unternehmen und Menschen in den Unternehmen der Kunden, sich weiterzuentwickeln, erfolgreich zu sein und ihre Vision und strategischen Ziele Realit\u00e4t werden zu lassen. Wir haben die Erfahrung, das Know-how, das Werkzeug, die Methoden und die [&hellip;]<\/p>\n","protected":false},"author":2,"featured_media":0,"parent":0,"menu_order":0,"comment_status":"open","ping_status":"closed","template":"templates\/threecolumns.php","meta":{"_acf_changed":false,"ngg_post_thumbnail":0,"footnotes":""},"class_list":["post-687","page","type-page","status-publish","hentry"],"acf":[],"yoast_head":"<!-- This site is optimized with the Yoast SEO plugin v25.3.1 - https:\/\/yoast.com\/wordpress\/plugins\/seo\/ -->\n<title>Unternehmenskultur - ActitudPro<\/title>\n<meta name=\"description\" content=\"Folgende Werte zeichen die Mitarbeiter von ActitudPro aus: Teamorientierung, Ergebnisorientierung, Verantwortungsbewusstsein, Begeisterung f\u00fcr die Arbeit, Offenheit und Gleichstellung aller Mitarbeiter im Team.\" \/>\n<meta name=\"robots\" content=\"index, follow, max-snippet:-1, max-image-preview:large, max-video-preview:-1\" \/>\n<link rel=\"canonical\" href=\"https:\/\/actitudpro.com\/valores\/\" \/>\n<meta property=\"og:locale\" content=\"de_DE\" \/>\n<meta property=\"og:type\" content=\"article\" \/>\n<meta property=\"og:title\" content=\"Unternehmenskultur - ActitudPro\" \/>\n<meta property=\"og:description\" content=\"Folgende Werte zeichen die Mitarbeiter von ActitudPro aus: Teamorientierung, Ergebnisorientierung, Verantwortungsbewusstsein, Begeisterung f\u00fcr die Arbeit, Offenheit und Gleichstellung aller Mitarbeiter im Team.\" \/>\n<meta property=\"og:url\" content=\"https:\/\/actitudpro.com\/valores\/\" \/>\n<meta property=\"og:site_name\" content=\"ActitudPro\" \/>\n<meta property=\"article:modified_time\" content=\"2017-07-18T14:11:23+00:00\" \/>\n<meta name=\"twitter:label1\" content=\"Gesch\u00e4tzte Lesezeit\" \/>\n\t<meta name=\"twitter:data1\" content=\"3\u00a0Minuten\" \/>\n<script type=\"application\/ld+json\" class=\"yoast-schema-graph\">{\"@context\":\"https:\/\/schema.org\",\"@graph\":[{\"@type\":\"WebPage\",\"@id\":\"https:\/\/actitudpro.com\/valores\/\",\"url\":\"https:\/\/actitudpro.com\/valores\/\",\"name\":\"Unternehmenskultur - ActitudPro\",\"isPartOf\":{\"@id\":\"https:\/\/actitudpro.com\/#website\"},\"datePublished\":\"2014-05-23T09:45:37+00:00\",\"dateModified\":\"2017-07-18T14:11:23+00:00\",\"description\":\"Folgende Werte zeichen die Mitarbeiter von ActitudPro aus: Teamorientierung, Ergebnisorientierung, Verantwortungsbewusstsein, Begeisterung f\u00fcr die Arbeit, Offenheit und Gleichstellung aller Mitarbeiter im Team.\",\"breadcrumb\":{\"@id\":\"https:\/\/actitudpro.com\/valores\/#breadcrumb\"},\"inLanguage\":\"de\",\"potentialAction\":[{\"@type\":\"ReadAction\",\"target\":[\"https:\/\/actitudpro.com\/valores\/\"]}]},{\"@type\":\"BreadcrumbList\",\"@id\":\"https:\/\/actitudpro.com\/valores\/#breadcrumb\",\"itemListElement\":[{\"@type\":\"ListItem\",\"position\":1,\"name\":\"Portada\",\"item\":\"https:\/\/actitudpro.com\/de\/\"},{\"@type\":\"ListItem\",\"position\":2,\"name\":\"Unsere Werte\"}]},{\"@type\":\"WebSite\",\"@id\":\"https:\/\/actitudpro.com\/#website\",\"url\":\"https:\/\/actitudpro.com\/\",\"name\":\"ActitudPro\",\"description\":\"Attitude for growth\",\"publisher\":{\"@id\":\"https:\/\/actitudpro.com\/#organization\"},\"potentialAction\":[{\"@type\":\"SearchAction\",\"target\":{\"@type\":\"EntryPoint\",\"urlTemplate\":\"https:\/\/actitudpro.com\/?s={search_term_string}\"},\"query-input\":{\"@type\":\"PropertyValueSpecification\",\"valueRequired\":true,\"valueName\":\"search_term_string\"}}],\"inLanguage\":\"de\"},{\"@type\":\"Organization\",\"@id\":\"https:\/\/actitudpro.com\/#organization\",\"name\":\"ActitudPro\",\"url\":\"https:\/\/actitudpro.com\/\",\"logo\":{\"@type\":\"ImageObject\",\"inLanguage\":\"de\",\"@id\":\"https:\/\/actitudpro.com\/#\/schema\/logo\/image\/\",\"url\":\"http:\/\/actitudpro.com\/wp-content\/uploads\/2017\/07\/logo.jpg\",\"contentUrl\":\"http:\/\/actitudpro.com\/wp-content\/uploads\/2017\/07\/logo.jpg\",\"width\":307,\"height\":70,\"caption\":\"ActitudPro\"},\"image\":{\"@id\":\"https:\/\/actitudpro.com\/#\/schema\/logo\/image\/\"}}]}<\/script>\n<!-- \/ Yoast SEO plugin. -->","yoast_head_json":{"title":"Unternehmenskultur - ActitudPro","description":"Folgende Werte zeichen die Mitarbeiter von ActitudPro aus: Teamorientierung, Ergebnisorientierung, Verantwortungsbewusstsein, Begeisterung f\u00fcr die Arbeit, Offenheit und Gleichstellung aller Mitarbeiter im Team.","robots":{"index":"index","follow":"follow","max-snippet":"max-snippet:-1","max-image-preview":"max-image-preview:large","max-video-preview":"max-video-preview:-1"},"canonical":"https:\/\/actitudpro.com\/valores\/","og_locale":"de_DE","og_type":"article","og_title":"Unternehmenskultur - ActitudPro","og_description":"Folgende Werte zeichen die Mitarbeiter von ActitudPro aus: Teamorientierung, Ergebnisorientierung, Verantwortungsbewusstsein, Begeisterung f\u00fcr die Arbeit, Offenheit und Gleichstellung aller Mitarbeiter im Team.","og_url":"https:\/\/actitudpro.com\/valores\/","og_site_name":"ActitudPro","article_modified_time":"2017-07-18T14:11:23+00:00","twitter_misc":{"Gesch\u00e4tzte Lesezeit":"3\u00a0Minuten"},"schema":{"@context":"https:\/\/schema.org","@graph":[{"@type":"WebPage","@id":"https:\/\/actitudpro.com\/valores\/","url":"https:\/\/actitudpro.com\/valores\/","name":"Unternehmenskultur - ActitudPro","isPartOf":{"@id":"https:\/\/actitudpro.com\/#website"},"datePublished":"2014-05-23T09:45:37+00:00","dateModified":"2017-07-18T14:11:23+00:00","description":"Folgende Werte zeichen die Mitarbeiter von ActitudPro aus: Teamorientierung, Ergebnisorientierung, Verantwortungsbewusstsein, Begeisterung f\u00fcr die Arbeit, Offenheit und Gleichstellung aller Mitarbeiter im Team.","breadcrumb":{"@id":"https:\/\/actitudpro.com\/valores\/#breadcrumb"},"inLanguage":"de","potentialAction":[{"@type":"ReadAction","target":["https:\/\/actitudpro.com\/valores\/"]}]},{"@type":"BreadcrumbList","@id":"https:\/\/actitudpro.com\/valores\/#breadcrumb","itemListElement":[{"@type":"ListItem","position":1,"name":"Portada","item":"https:\/\/actitudpro.com\/de\/"},{"@type":"ListItem","position":2,"name":"Unsere Werte"}]},{"@type":"WebSite","@id":"https:\/\/actitudpro.com\/#website","url":"https:\/\/actitudpro.com\/","name":"ActitudPro","description":"Attitude for growth","publisher":{"@id":"https:\/\/actitudpro.com\/#organization"},"potentialAction":[{"@type":"SearchAction","target":{"@type":"EntryPoint","urlTemplate":"https:\/\/actitudpro.com\/?s={search_term_string}"},"query-input":{"@type":"PropertyValueSpecification","valueRequired":true,"valueName":"search_term_string"}}],"inLanguage":"de"},{"@type":"Organization","@id":"https:\/\/actitudpro.com\/#organization","name":"ActitudPro","url":"https:\/\/actitudpro.com\/","logo":{"@type":"ImageObject","inLanguage":"de","@id":"https:\/\/actitudpro.com\/#\/schema\/logo\/image\/","url":"http:\/\/actitudpro.com\/wp-content\/uploads\/2017\/07\/logo.jpg","contentUrl":"http:\/\/actitudpro.com\/wp-content\/uploads\/2017\/07\/logo.jpg","width":307,"height":70,"caption":"ActitudPro"},"image":{"@id":"https:\/\/actitudpro.com\/#\/schema\/logo\/image\/"}}]}},"_links":{"self":[{"href":"https:\/\/actitudpro.com\/de\/wp-json\/wp\/v2\/pages\/687","targetHints":{"allow":["GET"]}}],"collection":[{"href":"https:\/\/actitudpro.com\/de\/wp-json\/wp\/v2\/pages"}],"about":[{"href":"https:\/\/actitudpro.com\/de\/wp-json\/wp\/v2\/types\/page"}],"author":[{"embeddable":true,"href":"https:\/\/actitudpro.com\/de\/wp-json\/wp\/v2\/users\/2"}],"replies":[{"embeddable":true,"href":"https:\/\/actitudpro.com\/de\/wp-json\/wp\/v2\/comments?post=687"}],"version-history":[{"count":16,"href":"https:\/\/actitudpro.com\/de\/wp-json\/wp\/v2\/pages\/687\/revisions"}],"predecessor-version":[{"id":3526,"href":"https:\/\/actitudpro.com\/de\/wp-json\/wp\/v2\/pages\/687\/revisions\/3526"}],"wp:attachment":[{"href":"https:\/\/actitudpro.com\/de\/wp-json\/wp\/v2\/media?parent=687"}],"curies":[{"name":"wp","href":"https:\/\/api.w.org\/{rel}","templated":true}]}}