{"id":681,"date":"2014-05-23T09:44:00","date_gmt":"2014-05-23T09:44:00","guid":{"rendered":"http:\/\/actitudpro.com\/?page_id=681"},"modified":"2021-09-06T14:46:48","modified_gmt":"2021-09-06T14:46:48","slug":"uber-uns","status":"publish","type":"page","link":"https:\/\/actitudpro.com\/de\/uber-uns\/","title":{"rendered":"\u00dcber uns"},"content":{"rendered":"<p>Wer ist ActitudPro? Was bieten wir an? Welche Vorteile haben unsere Kunden?<\/p>\n<p>ActitudPro Consultants hat als renommierter Spezialist mit einem gut ausgebildeten internationalen Expertenteam das Ziel, Unternehmen in ihren Schl\u00fcsselfunktionen Sales, Teams, Marketing durch exzellente Beratung, effizientes Training\/Coaching und zielorientierte Betreuung zu unterst\u00fctzen. Unsere aktuellen Projekte in Deutschland, Spanien Frankreich und Mexiko machen unsere nationale und internationale St\u00e4rke deutlich. Im Fokus stehen die Weiterentwicklung der Mitarbeiter sowie die Festigung ihrer pers\u00f6nlichen und beruflichen Projekte und Ziele.<br \/>\nWir verf\u00fcgen \u00fcber fundierte Erfahrung und Know-how, zielorientierte Methoden und die Visionen, um Unternehmen in Bezug auf Teams, Sales und Marketing zu f\u00f6rdern und zu optimieren.<\/p>\n<p><b>F\u00fcr unsere Kunden bedeutet das:<\/b><\/p>\n<p>Sie erhalten keine Standardberatung. Gemeinsam mit unseren Kunden entwickeln wir Konzepte und setzen Ma\u00dfnahmen um, die den Unternehmenserfolg nachhaltig steigern. So erhalten sie ma\u00dfgeschneiderte L\u00f6sungen, die in pers\u00f6nlichem Kontakt mit unseren Kunden auf die spezifischen Bedingungen des Unternehmens angepasst sind. Wir stellen sicher, dass Sie nach Abschluss unserer Beratungsarbeit auch ohne unsere direkte Unterst\u00fctzung die mit uns begonnenen Prozesse weiterf\u00fchren k\u00f6nnen. Schlie\u00dflich sind Sie die Experten in Ihren Unternehmen. Mit unserer Unterst\u00fctzung k\u00f6nnen Sie aber in den Schl\u00fcsselfunktionen Sales, Teamentwicklung und Marketing entscheidende Probleml\u00f6sungen effizient bearbeiten und erfolgreich gestalten.<\/p>\n<p><b>Einige Projekte in unseren Kernkompetenzen Sales, Teamentwicklung und Marketing:<\/b><\/p>\n<p><b>Sales:<\/b><\/p>\n<ul>\n<li>Vertriebsdiagnose und -effizienz steigern<\/li>\n<li>Vertriebstraining und \u2013begleitung zur Steigerung des Umsatzes<\/li>\n<li>Verkaufstechniken erweitern und anwenden<\/li>\n<li>Coaching f\u00fcr Vertriebsmanager<\/li>\n<li>Optimierung der wichtigen Etappen des Verkaufsprozesses<\/li>\n<li>Effektive Auswahl und St\u00e4rkung von Vertriebsleitern und Verk\u00e4ufern mit Hilfe Assessment<\/li>\n<\/ul>\n<p><b>Teams:<\/b><\/p>\n<ul>\n<li><i>F\u00f6rderung des Teamgeistes<\/i><\/li>\n<\/ul>\n<p>&#8211; Teamwork, emotionale Intelligenz, Empathie und aktives Zuh\u00f6ren<br \/>\n&#8211; Gutes Arbeitsklima mit tiefgreifender guter Kooperation<br \/>\n&#8211; Anerkennung und Motivation der jeweiligen Teammitglieder<br \/>\n&#8211; Umsetzung gemeinsamer strategischer Visionen<br \/>\n&#8211; Prozessoptimierung zum effizienteren Ablauf<br \/>\n&#8211; Wertsch\u00e4tzung im Team verbunden mit positiver Kommunikation<\/p>\n<ul>\n<li><i>Kompetenzentwicklung<\/i><\/li>\n<\/ul>\n<p>&#8211; Optimaler Einsatz der Mitarbeiter in Bezug auf Leistung und Potenzial<br \/>\n&#8211; Coaching des Vertriebs<br \/>\n&#8211; Ermittlung des Entwicklungs- und Weiterbildungsbedarfs<\/p>\n<p><b>Marketing<br \/>\n<\/b><\/p>\n<ul>\n<li>Erkennung neuer Gesch\u00e4ftsm\u00f6glichkeiten und \u2013chancen<\/li>\n<li>Kundenakquise Marketing<\/li>\n<li>Online Marketing<\/li>\n<li>Kundenbindungsstrategie<\/li>\n<li>Go-to-Market-Projekte auf der Grundlage eines Marketingplans<\/li>\n<\/ul>\n","protected":false},"excerpt":{"rendered":"<p>Wer ist ActitudPro? Was bieten wir an? Welche Vorteile haben unsere Kunden? ActitudPro Consultants hat als renommierter Spezialist mit einem gut ausgebildeten internationalen Expertenteam das Ziel, Unternehmen in ihren Schl\u00fcsselfunktionen Sales, Teams, Marketing durch exzellente Beratung, effizientes Training\/Coaching und zielorientierte Betreuung zu unterst\u00fctzen. Unsere aktuellen Projekte in Deutschland, Spanien Frankreich und Mexiko machen unsere nationale [&hellip;]<\/p>\n","protected":false},"author":2,"featured_media":0,"parent":0,"menu_order":0,"comment_status":"open","ping_status":"closed","template":"templates\/twocolumns.php","meta":{"_acf_changed":false,"ngg_post_thumbnail":0,"footnotes":""},"class_list":["post-681","page","type-page","status-publish","hentry"],"acf":[],"yoast_head":"<!-- This site is optimized with the Yoast SEO plugin v25.3.1 - https:\/\/yoast.com\/wordpress\/plugins\/seo\/ -->\n<title>\u00dcber uns - ActitudPro<\/title>\n<meta name=\"description\" content=\"ActitudPro unterst\u00fctzt Unternehmen mit einem Expertenteam in den Schl\u00fcsselfunktionen Vertrieb und Marketing. Expertenteam, Sales, Teams, Marketing, Training, Coaching\" \/>\n<meta name=\"robots\" content=\"index, follow, max-snippet:-1, max-image-preview:large, max-video-preview:-1\" \/>\n<link rel=\"canonical\" href=\"https:\/\/actitudpro.com\/donde-estamos-y-donde-trabajamos-copy\/quienes-somos\/\" \/>\n<meta property=\"og:locale\" content=\"de_DE\" \/>\n<meta property=\"og:type\" content=\"article\" \/>\n<meta property=\"og:title\" content=\"\u00dcber uns - ActitudPro\" \/>\n<meta property=\"og:description\" content=\"ActitudPro unterst\u00fctzt Unternehmen mit einem Expertenteam in den Schl\u00fcsselfunktionen Vertrieb und Marketing. Expertenteam, Sales, Teams, Marketing, Training, Coaching\" \/>\n<meta property=\"og:url\" content=\"https:\/\/actitudpro.com\/donde-estamos-y-donde-trabajamos-copy\/quienes-somos\/\" \/>\n<meta property=\"og:site_name\" content=\"ActitudPro\" \/>\n<meta property=\"article:modified_time\" content=\"2021-09-06T14:46:48+00:00\" \/>\n<meta name=\"twitter:label1\" content=\"Gesch\u00e4tzte Lesezeit\" \/>\n\t<meta name=\"twitter:data1\" content=\"2\u00a0Minuten\" \/>\n<script type=\"application\/ld+json\" class=\"yoast-schema-graph\">{\"@context\":\"https:\/\/schema.org\",\"@graph\":[{\"@type\":\"WebPage\",\"@id\":\"https:\/\/actitudpro.com\/donde-estamos-y-donde-trabajamos-copy\/quienes-somos\/\",\"url\":\"https:\/\/actitudpro.com\/donde-estamos-y-donde-trabajamos-copy\/quienes-somos\/\",\"name\":\"\u00dcber uns - ActitudPro\",\"isPartOf\":{\"@id\":\"https:\/\/actitudpro.com\/#website\"},\"datePublished\":\"2014-05-23T09:44:00+00:00\",\"dateModified\":\"2021-09-06T14:46:48+00:00\",\"description\":\"ActitudPro unterst\u00fctzt Unternehmen mit einem Expertenteam in den Schl\u00fcsselfunktionen Vertrieb und Marketing. Expertenteam, Sales, Teams, Marketing, Training, Coaching\",\"breadcrumb\":{\"@id\":\"https:\/\/actitudpro.com\/donde-estamos-y-donde-trabajamos-copy\/quienes-somos\/#breadcrumb\"},\"inLanguage\":\"de\",\"potentialAction\":[{\"@type\":\"ReadAction\",\"target\":[\"https:\/\/actitudpro.com\/donde-estamos-y-donde-trabajamos-copy\/quienes-somos\/\"]}]},{\"@type\":\"BreadcrumbList\",\"@id\":\"https:\/\/actitudpro.com\/donde-estamos-y-donde-trabajamos-copy\/quienes-somos\/#breadcrumb\",\"itemListElement\":[{\"@type\":\"ListItem\",\"position\":1,\"name\":\"Portada\",\"item\":\"https:\/\/actitudpro.com\/de\/\"},{\"@type\":\"ListItem\",\"position\":2,\"name\":\"\u00dcber uns\"}]},{\"@type\":\"WebSite\",\"@id\":\"https:\/\/actitudpro.com\/#website\",\"url\":\"https:\/\/actitudpro.com\/\",\"name\":\"ActitudPro\",\"description\":\"Attitude for growth\",\"publisher\":{\"@id\":\"https:\/\/actitudpro.com\/#organization\"},\"potentialAction\":[{\"@type\":\"SearchAction\",\"target\":{\"@type\":\"EntryPoint\",\"urlTemplate\":\"https:\/\/actitudpro.com\/?s={search_term_string}\"},\"query-input\":{\"@type\":\"PropertyValueSpecification\",\"valueRequired\":true,\"valueName\":\"search_term_string\"}}],\"inLanguage\":\"de\"},{\"@type\":\"Organization\",\"@id\":\"https:\/\/actitudpro.com\/#organization\",\"name\":\"ActitudPro\",\"url\":\"https:\/\/actitudpro.com\/\",\"logo\":{\"@type\":\"ImageObject\",\"inLanguage\":\"de\",\"@id\":\"https:\/\/actitudpro.com\/#\/schema\/logo\/image\/\",\"url\":\"http:\/\/actitudpro.com\/wp-content\/uploads\/2017\/07\/logo.jpg\",\"contentUrl\":\"http:\/\/actitudpro.com\/wp-content\/uploads\/2017\/07\/logo.jpg\",\"width\":307,\"height\":70,\"caption\":\"ActitudPro\"},\"image\":{\"@id\":\"https:\/\/actitudpro.com\/#\/schema\/logo\/image\/\"}}]}<\/script>\n<!-- \/ Yoast SEO plugin. -->","yoast_head_json":{"title":"\u00dcber uns - ActitudPro","description":"ActitudPro unterst\u00fctzt Unternehmen mit einem Expertenteam in den Schl\u00fcsselfunktionen Vertrieb und Marketing. Expertenteam, Sales, Teams, Marketing, Training, Coaching","robots":{"index":"index","follow":"follow","max-snippet":"max-snippet:-1","max-image-preview":"max-image-preview:large","max-video-preview":"max-video-preview:-1"},"canonical":"https:\/\/actitudpro.com\/donde-estamos-y-donde-trabajamos-copy\/quienes-somos\/","og_locale":"de_DE","og_type":"article","og_title":"\u00dcber uns - ActitudPro","og_description":"ActitudPro unterst\u00fctzt Unternehmen mit einem Expertenteam in den Schl\u00fcsselfunktionen Vertrieb und Marketing. Expertenteam, Sales, Teams, Marketing, Training, Coaching","og_url":"https:\/\/actitudpro.com\/donde-estamos-y-donde-trabajamos-copy\/quienes-somos\/","og_site_name":"ActitudPro","article_modified_time":"2021-09-06T14:46:48+00:00","twitter_misc":{"Gesch\u00e4tzte Lesezeit":"2\u00a0Minuten"},"schema":{"@context":"https:\/\/schema.org","@graph":[{"@type":"WebPage","@id":"https:\/\/actitudpro.com\/donde-estamos-y-donde-trabajamos-copy\/quienes-somos\/","url":"https:\/\/actitudpro.com\/donde-estamos-y-donde-trabajamos-copy\/quienes-somos\/","name":"\u00dcber uns - ActitudPro","isPartOf":{"@id":"https:\/\/actitudpro.com\/#website"},"datePublished":"2014-05-23T09:44:00+00:00","dateModified":"2021-09-06T14:46:48+00:00","description":"ActitudPro unterst\u00fctzt Unternehmen mit einem Expertenteam in den Schl\u00fcsselfunktionen Vertrieb und Marketing. Expertenteam, Sales, Teams, Marketing, Training, Coaching","breadcrumb":{"@id":"https:\/\/actitudpro.com\/donde-estamos-y-donde-trabajamos-copy\/quienes-somos\/#breadcrumb"},"inLanguage":"de","potentialAction":[{"@type":"ReadAction","target":["https:\/\/actitudpro.com\/donde-estamos-y-donde-trabajamos-copy\/quienes-somos\/"]}]},{"@type":"BreadcrumbList","@id":"https:\/\/actitudpro.com\/donde-estamos-y-donde-trabajamos-copy\/quienes-somos\/#breadcrumb","itemListElement":[{"@type":"ListItem","position":1,"name":"Portada","item":"https:\/\/actitudpro.com\/de\/"},{"@type":"ListItem","position":2,"name":"\u00dcber uns"}]},{"@type":"WebSite","@id":"https:\/\/actitudpro.com\/#website","url":"https:\/\/actitudpro.com\/","name":"ActitudPro","description":"Attitude for growth","publisher":{"@id":"https:\/\/actitudpro.com\/#organization"},"potentialAction":[{"@type":"SearchAction","target":{"@type":"EntryPoint","urlTemplate":"https:\/\/actitudpro.com\/?s={search_term_string}"},"query-input":{"@type":"PropertyValueSpecification","valueRequired":true,"valueName":"search_term_string"}}],"inLanguage":"de"},{"@type":"Organization","@id":"https:\/\/actitudpro.com\/#organization","name":"ActitudPro","url":"https:\/\/actitudpro.com\/","logo":{"@type":"ImageObject","inLanguage":"de","@id":"https:\/\/actitudpro.com\/#\/schema\/logo\/image\/","url":"http:\/\/actitudpro.com\/wp-content\/uploads\/2017\/07\/logo.jpg","contentUrl":"http:\/\/actitudpro.com\/wp-content\/uploads\/2017\/07\/logo.jpg","width":307,"height":70,"caption":"ActitudPro"},"image":{"@id":"https:\/\/actitudpro.com\/#\/schema\/logo\/image\/"}}]}},"_links":{"self":[{"href":"https:\/\/actitudpro.com\/de\/wp-json\/wp\/v2\/pages\/681","targetHints":{"allow":["GET"]}}],"collection":[{"href":"https:\/\/actitudpro.com\/de\/wp-json\/wp\/v2\/pages"}],"about":[{"href":"https:\/\/actitudpro.com\/de\/wp-json\/wp\/v2\/types\/page"}],"author":[{"embeddable":true,"href":"https:\/\/actitudpro.com\/de\/wp-json\/wp\/v2\/users\/2"}],"replies":[{"embeddable":true,"href":"https:\/\/actitudpro.com\/de\/wp-json\/wp\/v2\/comments?post=681"}],"version-history":[{"count":22,"href":"https:\/\/actitudpro.com\/de\/wp-json\/wp\/v2\/pages\/681\/revisions"}],"predecessor-version":[{"id":6203,"href":"https:\/\/actitudpro.com\/de\/wp-json\/wp\/v2\/pages\/681\/revisions\/6203"}],"wp:attachment":[{"href":"https:\/\/actitudpro.com\/de\/wp-json\/wp\/v2\/media?parent=681"}],"curies":[{"name":"wp","href":"https:\/\/api.w.org\/{rel}","templated":true}]}}