{"id":13021,"date":"2025-06-04T17:18:49","date_gmt":"2025-06-04T15:18:49","guid":{"rendered":"https:\/\/actitudpro.com\/?page_id=13021"},"modified":"2025-06-04T17:18:49","modified_gmt":"2025-06-04T15:18:49","slug":"zeitplan-calendly","status":"publish","type":"page","link":"https:\/\/actitudpro.com\/de\/zeitplan-calendly\/","title":{"rendered":"Zeitplan Calendly"},"content":{"rendered":"<p><iframe style=\"width: 100%; height: 80vh; border: none; display: block; margin: 0 auto;\" src=\"https:\/\/calendly.com\/jmartrat\/actitudpro\" frameborder=\"0\" allowfullscreen=\"allowfullscreen\"><span data-mce-type=\"bookmark\" style=\"display: inline-block; width: 0px; overflow: hidden; line-height: 0;\" class=\"mce_SELRES_start\">\ufeff<\/span><\/iframe><\/p>\n<p>&nbsp;<\/p>\n","protected":false},"excerpt":{"rendered":"<p>\ufeff &nbsp;<\/p>\n","protected":false},"author":2,"featured_media":0,"parent":0,"menu_order":0,"comment_status":"open","ping_status":"closed","template":"templates\/fullwidth.php","meta":{"_acf_changed":false,"ngg_post_thumbnail":0,"footnotes":""},"class_list":["post-13021","page","type-page","status-publish","hentry"],"acf":[],"yoast_head":"<!-- This site is optimized with the Yoast SEO plugin v25.3.1 - https:\/\/yoast.com\/wordpress\/plugins\/seo\/ -->\n<title>Zeitplan Calendly - ActitudPro<\/title>\n<meta name=\"description\" content=\"Wir st\u00e4rken die wirtschaftliche Leistungsf\u00e4higkeit unserer Kunden. Kontaktieren Sie uns und erfahren Sie mehr \u00fcber unser Beratungs-.\" \/>\n<meta name=\"robots\" content=\"index, follow, max-snippet:-1, max-image-preview:large, max-video-preview:-1\" \/>\n<link rel=\"canonical\" href=\"https:\/\/actitudpro.com\/de\/zeitplan-calendly\/\" \/>\n<meta property=\"og:locale\" content=\"de_DE\" \/>\n<meta property=\"og:type\" content=\"article\" \/>\n<meta property=\"og:title\" content=\"Zeitplan Calendly - ActitudPro\" \/>\n<meta property=\"og:description\" content=\"Wir st\u00e4rken die wirtschaftliche Leistungsf\u00e4higkeit unserer Kunden. Kontaktieren Sie uns und erfahren Sie mehr \u00fcber unser Beratungs-.\" \/>\n<meta property=\"og:url\" content=\"https:\/\/actitudpro.com\/de\/zeitplan-calendly\/\" \/>\n<meta property=\"og:site_name\" content=\"ActitudPro\" \/>\n<script type=\"application\/ld+json\" class=\"yoast-schema-graph\">{\"@context\":\"https:\/\/schema.org\",\"@graph\":[{\"@type\":\"WebPage\",\"@id\":\"https:\/\/actitudpro.com\/de\/zeitplan-calendly\/\",\"url\":\"https:\/\/actitudpro.com\/de\/zeitplan-calendly\/\",\"name\":\"Zeitplan Calendly - ActitudPro\",\"isPartOf\":{\"@id\":\"https:\/\/actitudpro.com\/#website\"},\"datePublished\":\"2025-06-04T15:18:49+00:00\",\"description\":\"Wir st\u00e4rken die wirtschaftliche Leistungsf\u00e4higkeit unserer Kunden. Kontaktieren Sie uns und erfahren Sie mehr \u00fcber unser Beratungs-.\",\"breadcrumb\":{\"@id\":\"https:\/\/actitudpro.com\/de\/zeitplan-calendly\/#breadcrumb\"},\"inLanguage\":\"de\",\"potentialAction\":[{\"@type\":\"ReadAction\",\"target\":[\"https:\/\/actitudpro.com\/de\/zeitplan-calendly\/\"]}]},{\"@type\":\"BreadcrumbList\",\"@id\":\"https:\/\/actitudpro.com\/de\/zeitplan-calendly\/#breadcrumb\",\"itemListElement\":[{\"@type\":\"ListItem\",\"position\":1,\"name\":\"Portada\",\"item\":\"https:\/\/actitudpro.com\/de\/\"},{\"@type\":\"ListItem\",\"position\":2,\"name\":\"Zeitplan Calendly\"}]},{\"@type\":\"WebSite\",\"@id\":\"https:\/\/actitudpro.com\/#website\",\"url\":\"https:\/\/actitudpro.com\/\",\"name\":\"ActitudPro\",\"description\":\"Attitude for growth\",\"publisher\":{\"@id\":\"https:\/\/actitudpro.com\/#organization\"},\"potentialAction\":[{\"@type\":\"SearchAction\",\"target\":{\"@type\":\"EntryPoint\",\"urlTemplate\":\"https:\/\/actitudpro.com\/?s={search_term_string}\"},\"query-input\":{\"@type\":\"PropertyValueSpecification\",\"valueRequired\":true,\"valueName\":\"search_term_string\"}}],\"inLanguage\":\"de\"},{\"@type\":\"Organization\",\"@id\":\"https:\/\/actitudpro.com\/#organization\",\"name\":\"ActitudPro\",\"url\":\"https:\/\/actitudpro.com\/\",\"logo\":{\"@type\":\"ImageObject\",\"inLanguage\":\"de\",\"@id\":\"https:\/\/actitudpro.com\/#\/schema\/logo\/image\/\",\"url\":\"http:\/\/actitudpro.com\/wp-content\/uploads\/2017\/07\/logo.jpg\",\"contentUrl\":\"http:\/\/actitudpro.com\/wp-content\/uploads\/2017\/07\/logo.jpg\",\"width\":307,\"height\":70,\"caption\":\"ActitudPro\"},\"image\":{\"@id\":\"https:\/\/actitudpro.com\/#\/schema\/logo\/image\/\"}}]}<\/script>\n<!-- \/ Yoast SEO plugin. -->","yoast_head_json":{"title":"Zeitplan Calendly - ActitudPro","description":"Wir st\u00e4rken die wirtschaftliche Leistungsf\u00e4higkeit unserer Kunden. Kontaktieren Sie uns und erfahren Sie mehr \u00fcber unser Beratungs-.","robots":{"index":"index","follow":"follow","max-snippet":"max-snippet:-1","max-image-preview":"max-image-preview:large","max-video-preview":"max-video-preview:-1"},"canonical":"https:\/\/actitudpro.com\/de\/zeitplan-calendly\/","og_locale":"de_DE","og_type":"article","og_title":"Zeitplan Calendly - ActitudPro","og_description":"Wir st\u00e4rken die wirtschaftliche Leistungsf\u00e4higkeit unserer Kunden. Kontaktieren Sie uns und erfahren Sie mehr \u00fcber unser Beratungs-.","og_url":"https:\/\/actitudpro.com\/de\/zeitplan-calendly\/","og_site_name":"ActitudPro","schema":{"@context":"https:\/\/schema.org","@graph":[{"@type":"WebPage","@id":"https:\/\/actitudpro.com\/de\/zeitplan-calendly\/","url":"https:\/\/actitudpro.com\/de\/zeitplan-calendly\/","name":"Zeitplan Calendly - ActitudPro","isPartOf":{"@id":"https:\/\/actitudpro.com\/#website"},"datePublished":"2025-06-04T15:18:49+00:00","description":"Wir st\u00e4rken die wirtschaftliche Leistungsf\u00e4higkeit unserer Kunden. Kontaktieren Sie uns und erfahren Sie mehr \u00fcber unser Beratungs-.","breadcrumb":{"@id":"https:\/\/actitudpro.com\/de\/zeitplan-calendly\/#breadcrumb"},"inLanguage":"de","potentialAction":[{"@type":"ReadAction","target":["https:\/\/actitudpro.com\/de\/zeitplan-calendly\/"]}]},{"@type":"BreadcrumbList","@id":"https:\/\/actitudpro.com\/de\/zeitplan-calendly\/#breadcrumb","itemListElement":[{"@type":"ListItem","position":1,"name":"Portada","item":"https:\/\/actitudpro.com\/de\/"},{"@type":"ListItem","position":2,"name":"Zeitplan Calendly"}]},{"@type":"WebSite","@id":"https:\/\/actitudpro.com\/#website","url":"https:\/\/actitudpro.com\/","name":"ActitudPro","description":"Attitude for growth","publisher":{"@id":"https:\/\/actitudpro.com\/#organization"},"potentialAction":[{"@type":"SearchAction","target":{"@type":"EntryPoint","urlTemplate":"https:\/\/actitudpro.com\/?s={search_term_string}"},"query-input":{"@type":"PropertyValueSpecification","valueRequired":true,"valueName":"search_term_string"}}],"inLanguage":"de"},{"@type":"Organization","@id":"https:\/\/actitudpro.com\/#organization","name":"ActitudPro","url":"https:\/\/actitudpro.com\/","logo":{"@type":"ImageObject","inLanguage":"de","@id":"https:\/\/actitudpro.com\/#\/schema\/logo\/image\/","url":"http:\/\/actitudpro.com\/wp-content\/uploads\/2017\/07\/logo.jpg","contentUrl":"http:\/\/actitudpro.com\/wp-content\/uploads\/2017\/07\/logo.jpg","width":307,"height":70,"caption":"ActitudPro"},"image":{"@id":"https:\/\/actitudpro.com\/#\/schema\/logo\/image\/"}}]}},"_links":{"self":[{"href":"https:\/\/actitudpro.com\/de\/wp-json\/wp\/v2\/pages\/13021","targetHints":{"allow":["GET"]}}],"collection":[{"href":"https:\/\/actitudpro.com\/de\/wp-json\/wp\/v2\/pages"}],"about":[{"href":"https:\/\/actitudpro.com\/de\/wp-json\/wp\/v2\/types\/page"}],"author":[{"embeddable":true,"href":"https:\/\/actitudpro.com\/de\/wp-json\/wp\/v2\/users\/2"}],"replies":[{"embeddable":true,"href":"https:\/\/actitudpro.com\/de\/wp-json\/wp\/v2\/comments?post=13021"}],"version-history":[{"count":1,"href":"https:\/\/actitudpro.com\/de\/wp-json\/wp\/v2\/pages\/13021\/revisions"}],"predecessor-version":[{"id":13022,"href":"https:\/\/actitudpro.com\/de\/wp-json\/wp\/v2\/pages\/13021\/revisions\/13022"}],"wp:attachment":[{"href":"https:\/\/actitudpro.com\/de\/wp-json\/wp\/v2\/media?parent=13021"}],"curies":[{"name":"wp","href":"https:\/\/api.w.org\/{rel}","templated":true}]}}