{"id":1139,"date":"2014-07-01T09:53:33","date_gmt":"2014-07-01T09:53:33","guid":{"rendered":"http:\/\/actitudpro.com\/?page_id=1139"},"modified":"2021-09-07T11:04:24","modified_gmt":"2021-09-07T11:04:24","slug":"multichannel-marketingstrategie","status":"publish","type":"page","link":"https:\/\/actitudpro.com\/de\/marketing\/projekte\/multichannel-marketingstrategie\/","title":{"rendered":"Multichannel-Marketingstrategie"},"content":{"rendered":"","protected":false},"excerpt":{"rendered":"","protected":false},"author":2,"featured_media":0,"parent":1135,"menu_order":0,"comment_status":"open","ping_status":"closed","template":"templates\/projects.php","meta":{"_acf_changed":false,"ngg_post_thumbnail":0,"footnotes":""},"class_list":["post-1139","page","type-page","status-publish","hentry"],"acf":[],"yoast_head":"<!-- This site is optimized with the Yoast SEO plugin v25.3.1 - https:\/\/yoast.com\/wordpress\/plugins\/seo\/ -->\n<title>Entwicklung von Multichannel-Strategien - ActitudPro<\/title>\n<meta name=\"description\" content=\"Entwickeln von Strategien f\u00fcr exzellente Kundenerfahrungen in allen Kommunikationskan\u00e4len durch positive Kauferlebnisse und eine sich verst\u00e4rkende Marktpositionierung durch aktives Kundenfeedback. Customer Experience, Kundenerfahrungen, Kundenerlebnisse, Kauferlebnisse, Kundenfeedback, Marktpositionierung, Multichannel Marketing\" \/>\n<meta name=\"robots\" content=\"index, follow, max-snippet:-1, max-image-preview:large, max-video-preview:-1\" \/>\n<link rel=\"canonical\" href=\"https:\/\/actitudpro.com\/de\/marketing\/projekte\/multichannel-marketingstrategie\/\" \/>\n<meta property=\"og:locale\" content=\"de_DE\" \/>\n<meta property=\"og:type\" content=\"article\" \/>\n<meta property=\"og:title\" content=\"Entwicklung von Multichannel-Strategien - ActitudPro\" \/>\n<meta property=\"og:description\" content=\"Entwickeln von Strategien f\u00fcr exzellente Kundenerfahrungen in allen Kommunikationskan\u00e4len durch positive Kauferlebnisse und eine sich verst\u00e4rkende Marktpositionierung durch aktives Kundenfeedback. Customer Experience, Kundenerfahrungen, Kundenerlebnisse, Kauferlebnisse, Kundenfeedback, Marktpositionierung, Multichannel Marketing\" \/>\n<meta property=\"og:url\" content=\"https:\/\/actitudpro.com\/de\/marketing\/projekte\/multichannel-marketingstrategie\/\" \/>\n<meta property=\"og:site_name\" content=\"ActitudPro\" \/>\n<meta property=\"article:modified_time\" content=\"2021-09-07T11:04:24+00:00\" \/>\n<script type=\"application\/ld+json\" class=\"yoast-schema-graph\">{\"@context\":\"https:\/\/schema.org\",\"@graph\":[{\"@type\":\"WebPage\",\"@id\":\"https:\/\/actitudpro.com\/de\/marketing\/projekte\/multichannel-marketingstrategie\/\",\"url\":\"https:\/\/actitudpro.com\/de\/marketing\/projekte\/multichannel-marketingstrategie\/\",\"name\":\"Entwicklung von Multichannel-Strategien - ActitudPro\",\"isPartOf\":{\"@id\":\"https:\/\/actitudpro.com\/#website\"},\"datePublished\":\"2014-07-01T09:53:33+00:00\",\"dateModified\":\"2021-09-07T11:04:24+00:00\",\"description\":\"Entwickeln von Strategien f\u00fcr exzellente Kundenerfahrungen in allen Kommunikationskan\u00e4len durch positive Kauferlebnisse und eine sich verst\u00e4rkende Marktpositionierung durch aktives Kundenfeedback. Customer Experience, Kundenerfahrungen, Kundenerlebnisse, Kauferlebnisse, Kundenfeedback, Marktpositionierung, Multichannel Marketing\",\"breadcrumb\":{\"@id\":\"https:\/\/actitudpro.com\/de\/marketing\/projekte\/multichannel-marketingstrategie\/#breadcrumb\"},\"inLanguage\":\"de\",\"potentialAction\":[{\"@type\":\"ReadAction\",\"target\":[\"https:\/\/actitudpro.com\/de\/marketing\/projekte\/multichannel-marketingstrategie\/\"]}]},{\"@type\":\"BreadcrumbList\",\"@id\":\"https:\/\/actitudpro.com\/de\/marketing\/projekte\/multichannel-marketingstrategie\/#breadcrumb\",\"itemListElement\":[{\"@type\":\"ListItem\",\"position\":1,\"name\":\"Portada\",\"item\":\"https:\/\/actitudpro.com\/de\/\"},{\"@type\":\"ListItem\",\"position\":2,\"name\":\"Marketing\",\"item\":\"https:\/\/actitudpro.com\/de\/marketing\/\"},{\"@type\":\"ListItem\",\"position\":3,\"name\":\"Projekte\",\"item\":\"https:\/\/actitudpro.com\/de\/marketing\/projekte\/\"},{\"@type\":\"ListItem\",\"position\":4,\"name\":\"Multichannel-Marketingstrategie\"}]},{\"@type\":\"WebSite\",\"@id\":\"https:\/\/actitudpro.com\/#website\",\"url\":\"https:\/\/actitudpro.com\/\",\"name\":\"ActitudPro\",\"description\":\"Attitude for growth\",\"publisher\":{\"@id\":\"https:\/\/actitudpro.com\/#organization\"},\"potentialAction\":[{\"@type\":\"SearchAction\",\"target\":{\"@type\":\"EntryPoint\",\"urlTemplate\":\"https:\/\/actitudpro.com\/?s={search_term_string}\"},\"query-input\":{\"@type\":\"PropertyValueSpecification\",\"valueRequired\":true,\"valueName\":\"search_term_string\"}}],\"inLanguage\":\"de\"},{\"@type\":\"Organization\",\"@id\":\"https:\/\/actitudpro.com\/#organization\",\"name\":\"ActitudPro\",\"url\":\"https:\/\/actitudpro.com\/\",\"logo\":{\"@type\":\"ImageObject\",\"inLanguage\":\"de\",\"@id\":\"https:\/\/actitudpro.com\/#\/schema\/logo\/image\/\",\"url\":\"http:\/\/actitudpro.com\/wp-content\/uploads\/2017\/07\/logo.jpg\",\"contentUrl\":\"http:\/\/actitudpro.com\/wp-content\/uploads\/2017\/07\/logo.jpg\",\"width\":307,\"height\":70,\"caption\":\"ActitudPro\"},\"image\":{\"@id\":\"https:\/\/actitudpro.com\/#\/schema\/logo\/image\/\"}}]}<\/script>\n<!-- \/ Yoast SEO plugin. -->","yoast_head_json":{"title":"Entwicklung von Multichannel-Strategien - ActitudPro","description":"Entwickeln von Strategien f\u00fcr exzellente Kundenerfahrungen in allen Kommunikationskan\u00e4len durch positive Kauferlebnisse und eine sich verst\u00e4rkende Marktpositionierung durch aktives Kundenfeedback. Customer Experience, Kundenerfahrungen, Kundenerlebnisse, Kauferlebnisse, Kundenfeedback, Marktpositionierung, Multichannel Marketing","robots":{"index":"index","follow":"follow","max-snippet":"max-snippet:-1","max-image-preview":"max-image-preview:large","max-video-preview":"max-video-preview:-1"},"canonical":"https:\/\/actitudpro.com\/de\/marketing\/projekte\/multichannel-marketingstrategie\/","og_locale":"de_DE","og_type":"article","og_title":"Entwicklung von Multichannel-Strategien - ActitudPro","og_description":"Entwickeln von Strategien f\u00fcr exzellente Kundenerfahrungen in allen Kommunikationskan\u00e4len durch positive Kauferlebnisse und eine sich verst\u00e4rkende Marktpositionierung durch aktives Kundenfeedback. Customer Experience, Kundenerfahrungen, Kundenerlebnisse, Kauferlebnisse, Kundenfeedback, Marktpositionierung, Multichannel Marketing","og_url":"https:\/\/actitudpro.com\/de\/marketing\/projekte\/multichannel-marketingstrategie\/","og_site_name":"ActitudPro","article_modified_time":"2021-09-07T11:04:24+00:00","schema":{"@context":"https:\/\/schema.org","@graph":[{"@type":"WebPage","@id":"https:\/\/actitudpro.com\/de\/marketing\/projekte\/multichannel-marketingstrategie\/","url":"https:\/\/actitudpro.com\/de\/marketing\/projekte\/multichannel-marketingstrategie\/","name":"Entwicklung von Multichannel-Strategien - ActitudPro","isPartOf":{"@id":"https:\/\/actitudpro.com\/#website"},"datePublished":"2014-07-01T09:53:33+00:00","dateModified":"2021-09-07T11:04:24+00:00","description":"Entwickeln von Strategien f\u00fcr exzellente Kundenerfahrungen in allen Kommunikationskan\u00e4len durch positive Kauferlebnisse und eine sich verst\u00e4rkende Marktpositionierung durch aktives Kundenfeedback. Customer Experience, Kundenerfahrungen, Kundenerlebnisse, Kauferlebnisse, Kundenfeedback, Marktpositionierung, Multichannel Marketing","breadcrumb":{"@id":"https:\/\/actitudpro.com\/de\/marketing\/projekte\/multichannel-marketingstrategie\/#breadcrumb"},"inLanguage":"de","potentialAction":[{"@type":"ReadAction","target":["https:\/\/actitudpro.com\/de\/marketing\/projekte\/multichannel-marketingstrategie\/"]}]},{"@type":"BreadcrumbList","@id":"https:\/\/actitudpro.com\/de\/marketing\/projekte\/multichannel-marketingstrategie\/#breadcrumb","itemListElement":[{"@type":"ListItem","position":1,"name":"Portada","item":"https:\/\/actitudpro.com\/de\/"},{"@type":"ListItem","position":2,"name":"Marketing","item":"https:\/\/actitudpro.com\/de\/marketing\/"},{"@type":"ListItem","position":3,"name":"Projekte","item":"https:\/\/actitudpro.com\/de\/marketing\/projekte\/"},{"@type":"ListItem","position":4,"name":"Multichannel-Marketingstrategie"}]},{"@type":"WebSite","@id":"https:\/\/actitudpro.com\/#website","url":"https:\/\/actitudpro.com\/","name":"ActitudPro","description":"Attitude for growth","publisher":{"@id":"https:\/\/actitudpro.com\/#organization"},"potentialAction":[{"@type":"SearchAction","target":{"@type":"EntryPoint","urlTemplate":"https:\/\/actitudpro.com\/?s={search_term_string}"},"query-input":{"@type":"PropertyValueSpecification","valueRequired":true,"valueName":"search_term_string"}}],"inLanguage":"de"},{"@type":"Organization","@id":"https:\/\/actitudpro.com\/#organization","name":"ActitudPro","url":"https:\/\/actitudpro.com\/","logo":{"@type":"ImageObject","inLanguage":"de","@id":"https:\/\/actitudpro.com\/#\/schema\/logo\/image\/","url":"http:\/\/actitudpro.com\/wp-content\/uploads\/2017\/07\/logo.jpg","contentUrl":"http:\/\/actitudpro.com\/wp-content\/uploads\/2017\/07\/logo.jpg","width":307,"height":70,"caption":"ActitudPro"},"image":{"@id":"https:\/\/actitudpro.com\/#\/schema\/logo\/image\/"}}]}},"_links":{"self":[{"href":"https:\/\/actitudpro.com\/de\/wp-json\/wp\/v2\/pages\/1139","targetHints":{"allow":["GET"]}}],"collection":[{"href":"https:\/\/actitudpro.com\/de\/wp-json\/wp\/v2\/pages"}],"about":[{"href":"https:\/\/actitudpro.com\/de\/wp-json\/wp\/v2\/types\/page"}],"author":[{"embeddable":true,"href":"https:\/\/actitudpro.com\/de\/wp-json\/wp\/v2\/users\/2"}],"replies":[{"embeddable":true,"href":"https:\/\/actitudpro.com\/de\/wp-json\/wp\/v2\/comments?post=1139"}],"version-history":[{"count":5,"href":"https:\/\/actitudpro.com\/de\/wp-json\/wp\/v2\/pages\/1139\/revisions"}],"predecessor-version":[{"id":6330,"href":"https:\/\/actitudpro.com\/de\/wp-json\/wp\/v2\/pages\/1139\/revisions\/6330"}],"up":[{"embeddable":true,"href":"https:\/\/actitudpro.com\/de\/wp-json\/wp\/v2\/pages\/1135"}],"wp:attachment":[{"href":"https:\/\/actitudpro.com\/de\/wp-json\/wp\/v2\/media?parent=1139"}],"curies":[{"name":"wp","href":"https:\/\/api.w.org\/{rel}","templated":true}]}}