{"id":1122,"date":"2014-07-01T09:22:22","date_gmt":"2014-07-01T09:22:22","guid":{"rendered":"http:\/\/actitudpro.com\/?page_id=1122"},"modified":"2017-07-18T15:48:07","modified_gmt":"2017-07-18T15:48:07","slug":"shopper-marketing","status":"publish","type":"page","link":"https:\/\/actitudpro.com\/de\/vertrieb\/training\/shopper-marketing\/","title":{"rendered":"Shopper Marketing"},"content":{"rendered":"","protected":false},"excerpt":{"rendered":"","protected":false},"author":2,"featured_media":0,"parent":1143,"menu_order":0,"comment_status":"open","ping_status":"closed","template":"templates\/projects.php","meta":{"_acf_changed":false,"ngg_post_thumbnail":0,"footnotes":""},"class_list":["post-1122","page","type-page","status-publish","hentry"],"acf":[],"yoast_head":"<!-- This site is optimized with the Yoast SEO plugin v25.3.1 - https:\/\/yoast.com\/wordpress\/plugins\/seo\/ -->\n<title>Marketing f\u00fcr Konsumentengruppen - ActitudPro<\/title>\n<meta name=\"description\" content=\"Detaillierte Informationsgewinnung \u00fcber das Konsumentenverhalten und Abstimmung der Marketing-Ma\u00dfnahmen sowie Anpassung der genutzten Kommunikationskan\u00e4le auf die Konsumentenpr\u00e4ferenzen. Konsumentenverhalten, Konsumentengruppen, Shopper Marketing, Points of Sale, Kommunikationskan\u00e4le, Multichannel Marketing\" \/>\n<meta name=\"robots\" content=\"index, follow, max-snippet:-1, max-image-preview:large, max-video-preview:-1\" \/>\n<link rel=\"canonical\" href=\"https:\/\/actitudpro.com\/de\/vertrieb\/training\/shopper-marketing\/\" \/>\n<meta property=\"og:locale\" content=\"de_DE\" \/>\n<meta property=\"og:type\" content=\"article\" \/>\n<meta property=\"og:title\" content=\"Marketing f\u00fcr Konsumentengruppen - ActitudPro\" \/>\n<meta property=\"og:description\" content=\"Detaillierte Informationsgewinnung \u00fcber das Konsumentenverhalten und Abstimmung der Marketing-Ma\u00dfnahmen sowie Anpassung der genutzten Kommunikationskan\u00e4le auf die Konsumentenpr\u00e4ferenzen. Konsumentenverhalten, Konsumentengruppen, Shopper Marketing, Points of Sale, Kommunikationskan\u00e4le, Multichannel Marketing\" \/>\n<meta property=\"og:url\" content=\"https:\/\/actitudpro.com\/de\/vertrieb\/training\/shopper-marketing\/\" \/>\n<meta property=\"og:site_name\" content=\"ActitudPro\" \/>\n<meta property=\"article:modified_time\" content=\"2017-07-18T15:48:07+00:00\" \/>\n<script type=\"application\/ld+json\" class=\"yoast-schema-graph\">{\"@context\":\"https:\/\/schema.org\",\"@graph\":[{\"@type\":\"WebPage\",\"@id\":\"https:\/\/actitudpro.com\/de\/vertrieb\/training\/shopper-marketing\/\",\"url\":\"https:\/\/actitudpro.com\/de\/vertrieb\/training\/shopper-marketing\/\",\"name\":\"Marketing f\u00fcr Konsumentengruppen - ActitudPro\",\"isPartOf\":{\"@id\":\"https:\/\/actitudpro.com\/#website\"},\"datePublished\":\"2014-07-01T09:22:22+00:00\",\"dateModified\":\"2017-07-18T15:48:07+00:00\",\"description\":\"Detaillierte Informationsgewinnung \u00fcber das Konsumentenverhalten und Abstimmung der Marketing-Ma\u00dfnahmen sowie Anpassung der genutzten Kommunikationskan\u00e4le auf die Konsumentenpr\u00e4ferenzen. Konsumentenverhalten, Konsumentengruppen, Shopper Marketing, Points of Sale, Kommunikationskan\u00e4le, Multichannel Marketing\",\"breadcrumb\":{\"@id\":\"https:\/\/actitudpro.com\/de\/vertrieb\/training\/shopper-marketing\/#breadcrumb\"},\"inLanguage\":\"de\",\"potentialAction\":[{\"@type\":\"ReadAction\",\"target\":[\"https:\/\/actitudpro.com\/de\/vertrieb\/training\/shopper-marketing\/\"]}]},{\"@type\":\"BreadcrumbList\",\"@id\":\"https:\/\/actitudpro.com\/de\/vertrieb\/training\/shopper-marketing\/#breadcrumb\",\"itemListElement\":[{\"@type\":\"ListItem\",\"position\":1,\"name\":\"Portada\",\"item\":\"https:\/\/actitudpro.com\/de\/\"},{\"@type\":\"ListItem\",\"position\":2,\"name\":\"Vertrieb\",\"item\":\"https:\/\/actitudpro.com\/de\/vertrieb\/\"},{\"@type\":\"ListItem\",\"position\":3,\"name\":\"Training\",\"item\":\"https:\/\/actitudpro.com\/de\/vertrieb\/training\/\"},{\"@type\":\"ListItem\",\"position\":4,\"name\":\"Shopper Marketing\"}]},{\"@type\":\"WebSite\",\"@id\":\"https:\/\/actitudpro.com\/#website\",\"url\":\"https:\/\/actitudpro.com\/\",\"name\":\"ActitudPro\",\"description\":\"Attitude for growth\",\"publisher\":{\"@id\":\"https:\/\/actitudpro.com\/#organization\"},\"potentialAction\":[{\"@type\":\"SearchAction\",\"target\":{\"@type\":\"EntryPoint\",\"urlTemplate\":\"https:\/\/actitudpro.com\/?s={search_term_string}\"},\"query-input\":{\"@type\":\"PropertyValueSpecification\",\"valueRequired\":true,\"valueName\":\"search_term_string\"}}],\"inLanguage\":\"de\"},{\"@type\":\"Organization\",\"@id\":\"https:\/\/actitudpro.com\/#organization\",\"name\":\"ActitudPro\",\"url\":\"https:\/\/actitudpro.com\/\",\"logo\":{\"@type\":\"ImageObject\",\"inLanguage\":\"de\",\"@id\":\"https:\/\/actitudpro.com\/#\/schema\/logo\/image\/\",\"url\":\"http:\/\/actitudpro.com\/wp-content\/uploads\/2017\/07\/logo.jpg\",\"contentUrl\":\"http:\/\/actitudpro.com\/wp-content\/uploads\/2017\/07\/logo.jpg\",\"width\":307,\"height\":70,\"caption\":\"ActitudPro\"},\"image\":{\"@id\":\"https:\/\/actitudpro.com\/#\/schema\/logo\/image\/\"}}]}<\/script>\n<!-- \/ Yoast SEO plugin. -->","yoast_head_json":{"title":"Marketing f\u00fcr Konsumentengruppen - ActitudPro","description":"Detaillierte Informationsgewinnung \u00fcber das Konsumentenverhalten und Abstimmung der Marketing-Ma\u00dfnahmen sowie Anpassung der genutzten Kommunikationskan\u00e4le auf die Konsumentenpr\u00e4ferenzen. Konsumentenverhalten, Konsumentengruppen, Shopper Marketing, Points of Sale, Kommunikationskan\u00e4le, Multichannel Marketing","robots":{"index":"index","follow":"follow","max-snippet":"max-snippet:-1","max-image-preview":"max-image-preview:large","max-video-preview":"max-video-preview:-1"},"canonical":"https:\/\/actitudpro.com\/de\/vertrieb\/training\/shopper-marketing\/","og_locale":"de_DE","og_type":"article","og_title":"Marketing f\u00fcr Konsumentengruppen - ActitudPro","og_description":"Detaillierte Informationsgewinnung \u00fcber das Konsumentenverhalten und Abstimmung der Marketing-Ma\u00dfnahmen sowie Anpassung der genutzten Kommunikationskan\u00e4le auf die Konsumentenpr\u00e4ferenzen. Konsumentenverhalten, Konsumentengruppen, Shopper Marketing, Points of Sale, Kommunikationskan\u00e4le, Multichannel Marketing","og_url":"https:\/\/actitudpro.com\/de\/vertrieb\/training\/shopper-marketing\/","og_site_name":"ActitudPro","article_modified_time":"2017-07-18T15:48:07+00:00","schema":{"@context":"https:\/\/schema.org","@graph":[{"@type":"WebPage","@id":"https:\/\/actitudpro.com\/de\/vertrieb\/training\/shopper-marketing\/","url":"https:\/\/actitudpro.com\/de\/vertrieb\/training\/shopper-marketing\/","name":"Marketing f\u00fcr Konsumentengruppen - ActitudPro","isPartOf":{"@id":"https:\/\/actitudpro.com\/#website"},"datePublished":"2014-07-01T09:22:22+00:00","dateModified":"2017-07-18T15:48:07+00:00","description":"Detaillierte Informationsgewinnung \u00fcber das Konsumentenverhalten und Abstimmung der Marketing-Ma\u00dfnahmen sowie Anpassung der genutzten Kommunikationskan\u00e4le auf die Konsumentenpr\u00e4ferenzen. Konsumentenverhalten, Konsumentengruppen, Shopper Marketing, Points of Sale, Kommunikationskan\u00e4le, Multichannel Marketing","breadcrumb":{"@id":"https:\/\/actitudpro.com\/de\/vertrieb\/training\/shopper-marketing\/#breadcrumb"},"inLanguage":"de","potentialAction":[{"@type":"ReadAction","target":["https:\/\/actitudpro.com\/de\/vertrieb\/training\/shopper-marketing\/"]}]},{"@type":"BreadcrumbList","@id":"https:\/\/actitudpro.com\/de\/vertrieb\/training\/shopper-marketing\/#breadcrumb","itemListElement":[{"@type":"ListItem","position":1,"name":"Portada","item":"https:\/\/actitudpro.com\/de\/"},{"@type":"ListItem","position":2,"name":"Vertrieb","item":"https:\/\/actitudpro.com\/de\/vertrieb\/"},{"@type":"ListItem","position":3,"name":"Training","item":"https:\/\/actitudpro.com\/de\/vertrieb\/training\/"},{"@type":"ListItem","position":4,"name":"Shopper Marketing"}]},{"@type":"WebSite","@id":"https:\/\/actitudpro.com\/#website","url":"https:\/\/actitudpro.com\/","name":"ActitudPro","description":"Attitude for growth","publisher":{"@id":"https:\/\/actitudpro.com\/#organization"},"potentialAction":[{"@type":"SearchAction","target":{"@type":"EntryPoint","urlTemplate":"https:\/\/actitudpro.com\/?s={search_term_string}"},"query-input":{"@type":"PropertyValueSpecification","valueRequired":true,"valueName":"search_term_string"}}],"inLanguage":"de"},{"@type":"Organization","@id":"https:\/\/actitudpro.com\/#organization","name":"ActitudPro","url":"https:\/\/actitudpro.com\/","logo":{"@type":"ImageObject","inLanguage":"de","@id":"https:\/\/actitudpro.com\/#\/schema\/logo\/image\/","url":"http:\/\/actitudpro.com\/wp-content\/uploads\/2017\/07\/logo.jpg","contentUrl":"http:\/\/actitudpro.com\/wp-content\/uploads\/2017\/07\/logo.jpg","width":307,"height":70,"caption":"ActitudPro"},"image":{"@id":"https:\/\/actitudpro.com\/#\/schema\/logo\/image\/"}}]}},"_links":{"self":[{"href":"https:\/\/actitudpro.com\/de\/wp-json\/wp\/v2\/pages\/1122","targetHints":{"allow":["GET"]}}],"collection":[{"href":"https:\/\/actitudpro.com\/de\/wp-json\/wp\/v2\/pages"}],"about":[{"href":"https:\/\/actitudpro.com\/de\/wp-json\/wp\/v2\/types\/page"}],"author":[{"embeddable":true,"href":"https:\/\/actitudpro.com\/de\/wp-json\/wp\/v2\/users\/2"}],"replies":[{"embeddable":true,"href":"https:\/\/actitudpro.com\/de\/wp-json\/wp\/v2\/comments?post=1122"}],"version-history":[{"count":4,"href":"https:\/\/actitudpro.com\/de\/wp-json\/wp\/v2\/pages\/1122\/revisions"}],"predecessor-version":[{"id":1126,"href":"https:\/\/actitudpro.com\/de\/wp-json\/wp\/v2\/pages\/1122\/revisions\/1126"}],"up":[{"embeddable":true,"href":"https:\/\/actitudpro.com\/de\/wp-json\/wp\/v2\/pages\/1143"}],"wp:attachment":[{"href":"https:\/\/actitudpro.com\/de\/wp-json\/wp\/v2\/media?parent=1122"}],"curies":[{"name":"wp","href":"https:\/\/api.w.org\/{rel}","templated":true}]}}