{"id":1094,"date":"2014-07-01T08:46:06","date_gmt":"2014-07-01T08:46:06","guid":{"rendered":"http:\/\/actitudpro.com\/?page_id=1094"},"modified":"2017-07-18T15:50:17","modified_gmt":"2017-07-18T15:50:17","slug":"produkt-neueinfuhrungen","status":"publish","type":"page","link":"https:\/\/actitudpro.com\/de\/marketing\/coaching\/produkt-neueinfuhrungen\/","title":{"rendered":"Produkt-Neueinf\u00fchrungen"},"content":{"rendered":"","protected":false},"excerpt":{"rendered":"","protected":false},"author":2,"featured_media":0,"parent":1105,"menu_order":0,"comment_status":"open","ping_status":"closed","template":"templates\/projects.php","meta":{"_acf_changed":false,"ngg_post_thumbnail":0,"footnotes":""},"class_list":["post-1094","page","type-page","status-publish","hentry"],"acf":[],"yoast_head":"<!-- This site is optimized with the Yoast SEO plugin v25.3.1 - https:\/\/yoast.com\/wordpress\/plugins\/seo\/ -->\n<title>Testverk\u00e4ufe f\u00fcr Produkteinf\u00fchrungen - ActitudPro<\/title>\n<meta name=\"description\" content=\"Einsatz von Testprodukten zur \u00dcberpr\u00fcfung der Akzeptanz der Produkte bei Zielkunden und Realisierung von geeigneten Marktforschungsma\u00dfnahmen, um die Produkte noch mehr auf die Kundenw\u00fcnsche anpassen zu k\u00f6nnen vor der Massenproduktion. Testprodukte, Market-Neueinf\u00fchrung, Produkt-Neueinf\u00fchrung, Produkteinf\u00fchrungen\" \/>\n<meta name=\"robots\" content=\"index, follow, max-snippet:-1, max-image-preview:large, max-video-preview:-1\" \/>\n<link rel=\"canonical\" href=\"https:\/\/actitudpro.com\/de\/marketing\/coaching\/produkt-neueinfuhrungen\/\" \/>\n<meta property=\"og:locale\" content=\"de_DE\" \/>\n<meta property=\"og:type\" content=\"article\" \/>\n<meta property=\"og:title\" content=\"Testverk\u00e4ufe f\u00fcr Produkteinf\u00fchrungen - ActitudPro\" \/>\n<meta property=\"og:description\" content=\"Einsatz von Testprodukten zur \u00dcberpr\u00fcfung der Akzeptanz der Produkte bei Zielkunden und Realisierung von geeigneten Marktforschungsma\u00dfnahmen, um die Produkte noch mehr auf die Kundenw\u00fcnsche anpassen zu k\u00f6nnen vor der Massenproduktion. Testprodukte, Market-Neueinf\u00fchrung, Produkt-Neueinf\u00fchrung, Produkteinf\u00fchrungen\" \/>\n<meta property=\"og:url\" content=\"https:\/\/actitudpro.com\/de\/marketing\/coaching\/produkt-neueinfuhrungen\/\" \/>\n<meta property=\"og:site_name\" content=\"ActitudPro\" \/>\n<meta property=\"article:modified_time\" content=\"2017-07-18T15:50:17+00:00\" \/>\n<script type=\"application\/ld+json\" class=\"yoast-schema-graph\">{\"@context\":\"https:\/\/schema.org\",\"@graph\":[{\"@type\":\"WebPage\",\"@id\":\"https:\/\/actitudpro.com\/de\/marketing\/coaching\/produkt-neueinfuhrungen\/\",\"url\":\"https:\/\/actitudpro.com\/de\/marketing\/coaching\/produkt-neueinfuhrungen\/\",\"name\":\"Testverk\u00e4ufe f\u00fcr Produkteinf\u00fchrungen - ActitudPro\",\"isPartOf\":{\"@id\":\"https:\/\/actitudpro.com\/#website\"},\"datePublished\":\"2014-07-01T08:46:06+00:00\",\"dateModified\":\"2017-07-18T15:50:17+00:00\",\"description\":\"Einsatz von Testprodukten zur \u00dcberpr\u00fcfung der Akzeptanz der Produkte bei Zielkunden und Realisierung von geeigneten Marktforschungsma\u00dfnahmen, um die Produkte noch mehr auf die Kundenw\u00fcnsche anpassen zu k\u00f6nnen vor der Massenproduktion. Testprodukte, Market-Neueinf\u00fchrung, Produkt-Neueinf\u00fchrung, Produkteinf\u00fchrungen\",\"breadcrumb\":{\"@id\":\"https:\/\/actitudpro.com\/de\/marketing\/coaching\/produkt-neueinfuhrungen\/#breadcrumb\"},\"inLanguage\":\"de\",\"potentialAction\":[{\"@type\":\"ReadAction\",\"target\":[\"https:\/\/actitudpro.com\/de\/marketing\/coaching\/produkt-neueinfuhrungen\/\"]}]},{\"@type\":\"BreadcrumbList\",\"@id\":\"https:\/\/actitudpro.com\/de\/marketing\/coaching\/produkt-neueinfuhrungen\/#breadcrumb\",\"itemListElement\":[{\"@type\":\"ListItem\",\"position\":1,\"name\":\"Portada\",\"item\":\"https:\/\/actitudpro.com\/de\/\"},{\"@type\":\"ListItem\",\"position\":2,\"name\":\"Marketing\",\"item\":\"https:\/\/actitudpro.com\/de\/marketing\/\"},{\"@type\":\"ListItem\",\"position\":3,\"name\":\"Coaching\",\"item\":\"https:\/\/actitudpro.com\/de\/marketing\/coaching\/\"},{\"@type\":\"ListItem\",\"position\":4,\"name\":\"Produkt-Neueinf\u00fchrungen\"}]},{\"@type\":\"WebSite\",\"@id\":\"https:\/\/actitudpro.com\/#website\",\"url\":\"https:\/\/actitudpro.com\/\",\"name\":\"ActitudPro\",\"description\":\"Attitude for growth\",\"publisher\":{\"@id\":\"https:\/\/actitudpro.com\/#organization\"},\"potentialAction\":[{\"@type\":\"SearchAction\",\"target\":{\"@type\":\"EntryPoint\",\"urlTemplate\":\"https:\/\/actitudpro.com\/?s={search_term_string}\"},\"query-input\":{\"@type\":\"PropertyValueSpecification\",\"valueRequired\":true,\"valueName\":\"search_term_string\"}}],\"inLanguage\":\"de\"},{\"@type\":\"Organization\",\"@id\":\"https:\/\/actitudpro.com\/#organization\",\"name\":\"ActitudPro\",\"url\":\"https:\/\/actitudpro.com\/\",\"logo\":{\"@type\":\"ImageObject\",\"inLanguage\":\"de\",\"@id\":\"https:\/\/actitudpro.com\/#\/schema\/logo\/image\/\",\"url\":\"http:\/\/actitudpro.com\/wp-content\/uploads\/2017\/07\/logo.jpg\",\"contentUrl\":\"http:\/\/actitudpro.com\/wp-content\/uploads\/2017\/07\/logo.jpg\",\"width\":307,\"height\":70,\"caption\":\"ActitudPro\"},\"image\":{\"@id\":\"https:\/\/actitudpro.com\/#\/schema\/logo\/image\/\"}}]}<\/script>\n<!-- \/ Yoast SEO plugin. -->","yoast_head_json":{"title":"Testverk\u00e4ufe f\u00fcr Produkteinf\u00fchrungen - ActitudPro","description":"Einsatz von Testprodukten zur \u00dcberpr\u00fcfung der Akzeptanz der Produkte bei Zielkunden und Realisierung von geeigneten Marktforschungsma\u00dfnahmen, um die Produkte noch mehr auf die Kundenw\u00fcnsche anpassen zu k\u00f6nnen vor der Massenproduktion. Testprodukte, Market-Neueinf\u00fchrung, Produkt-Neueinf\u00fchrung, Produkteinf\u00fchrungen","robots":{"index":"index","follow":"follow","max-snippet":"max-snippet:-1","max-image-preview":"max-image-preview:large","max-video-preview":"max-video-preview:-1"},"canonical":"https:\/\/actitudpro.com\/de\/marketing\/coaching\/produkt-neueinfuhrungen\/","og_locale":"de_DE","og_type":"article","og_title":"Testverk\u00e4ufe f\u00fcr Produkteinf\u00fchrungen - ActitudPro","og_description":"Einsatz von Testprodukten zur \u00dcberpr\u00fcfung der Akzeptanz der Produkte bei Zielkunden und Realisierung von geeigneten Marktforschungsma\u00dfnahmen, um die Produkte noch mehr auf die Kundenw\u00fcnsche anpassen zu k\u00f6nnen vor der Massenproduktion. Testprodukte, Market-Neueinf\u00fchrung, Produkt-Neueinf\u00fchrung, Produkteinf\u00fchrungen","og_url":"https:\/\/actitudpro.com\/de\/marketing\/coaching\/produkt-neueinfuhrungen\/","og_site_name":"ActitudPro","article_modified_time":"2017-07-18T15:50:17+00:00","schema":{"@context":"https:\/\/schema.org","@graph":[{"@type":"WebPage","@id":"https:\/\/actitudpro.com\/de\/marketing\/coaching\/produkt-neueinfuhrungen\/","url":"https:\/\/actitudpro.com\/de\/marketing\/coaching\/produkt-neueinfuhrungen\/","name":"Testverk\u00e4ufe f\u00fcr Produkteinf\u00fchrungen - ActitudPro","isPartOf":{"@id":"https:\/\/actitudpro.com\/#website"},"datePublished":"2014-07-01T08:46:06+00:00","dateModified":"2017-07-18T15:50:17+00:00","description":"Einsatz von Testprodukten zur \u00dcberpr\u00fcfung der Akzeptanz der Produkte bei Zielkunden und Realisierung von geeigneten Marktforschungsma\u00dfnahmen, um die Produkte noch mehr auf die Kundenw\u00fcnsche anpassen zu k\u00f6nnen vor der Massenproduktion. Testprodukte, Market-Neueinf\u00fchrung, Produkt-Neueinf\u00fchrung, Produkteinf\u00fchrungen","breadcrumb":{"@id":"https:\/\/actitudpro.com\/de\/marketing\/coaching\/produkt-neueinfuhrungen\/#breadcrumb"},"inLanguage":"de","potentialAction":[{"@type":"ReadAction","target":["https:\/\/actitudpro.com\/de\/marketing\/coaching\/produkt-neueinfuhrungen\/"]}]},{"@type":"BreadcrumbList","@id":"https:\/\/actitudpro.com\/de\/marketing\/coaching\/produkt-neueinfuhrungen\/#breadcrumb","itemListElement":[{"@type":"ListItem","position":1,"name":"Portada","item":"https:\/\/actitudpro.com\/de\/"},{"@type":"ListItem","position":2,"name":"Marketing","item":"https:\/\/actitudpro.com\/de\/marketing\/"},{"@type":"ListItem","position":3,"name":"Coaching","item":"https:\/\/actitudpro.com\/de\/marketing\/coaching\/"},{"@type":"ListItem","position":4,"name":"Produkt-Neueinf\u00fchrungen"}]},{"@type":"WebSite","@id":"https:\/\/actitudpro.com\/#website","url":"https:\/\/actitudpro.com\/","name":"ActitudPro","description":"Attitude for growth","publisher":{"@id":"https:\/\/actitudpro.com\/#organization"},"potentialAction":[{"@type":"SearchAction","target":{"@type":"EntryPoint","urlTemplate":"https:\/\/actitudpro.com\/?s={search_term_string}"},"query-input":{"@type":"PropertyValueSpecification","valueRequired":true,"valueName":"search_term_string"}}],"inLanguage":"de"},{"@type":"Organization","@id":"https:\/\/actitudpro.com\/#organization","name":"ActitudPro","url":"https:\/\/actitudpro.com\/","logo":{"@type":"ImageObject","inLanguage":"de","@id":"https:\/\/actitudpro.com\/#\/schema\/logo\/image\/","url":"http:\/\/actitudpro.com\/wp-content\/uploads\/2017\/07\/logo.jpg","contentUrl":"http:\/\/actitudpro.com\/wp-content\/uploads\/2017\/07\/logo.jpg","width":307,"height":70,"caption":"ActitudPro"},"image":{"@id":"https:\/\/actitudpro.com\/#\/schema\/logo\/image\/"}}]}},"_links":{"self":[{"href":"https:\/\/actitudpro.com\/de\/wp-json\/wp\/v2\/pages\/1094","targetHints":{"allow":["GET"]}}],"collection":[{"href":"https:\/\/actitudpro.com\/de\/wp-json\/wp\/v2\/pages"}],"about":[{"href":"https:\/\/actitudpro.com\/de\/wp-json\/wp\/v2\/types\/page"}],"author":[{"embeddable":true,"href":"https:\/\/actitudpro.com\/de\/wp-json\/wp\/v2\/users\/2"}],"replies":[{"embeddable":true,"href":"https:\/\/actitudpro.com\/de\/wp-json\/wp\/v2\/comments?post=1094"}],"version-history":[{"count":3,"href":"https:\/\/actitudpro.com\/de\/wp-json\/wp\/v2\/pages\/1094\/revisions"}],"predecessor-version":[{"id":1231,"href":"https:\/\/actitudpro.com\/de\/wp-json\/wp\/v2\/pages\/1094\/revisions\/1231"}],"up":[{"embeddable":true,"href":"https:\/\/actitudpro.com\/de\/wp-json\/wp\/v2\/pages\/1105"}],"wp:attachment":[{"href":"https:\/\/actitudpro.com\/de\/wp-json\/wp\/v2\/media?parent=1094"}],"curies":[{"name":"wp","href":"https:\/\/api.w.org\/{rel}","templated":true}]}}