{"id":1298,"date":"2014-07-29T10:51:38","date_gmt":"2014-07-29T10:51:38","guid":{"rendered":"http:\/\/actitudpro.com\/?page_id=1298"},"modified":"2014-07-29T10:51:38","modified_gmt":"2014-07-29T10:51:38","slug":"marqueting","status":"publish","type":"page","link":"https:\/\/actitudpro.com\/ca\/marqueting\/","title":{"rendered":"M\u00e0rqueting"},"content":{"rendered":"<h2><img decoding=\"async\" class=\"size-full wp-image-227 aligncenter\" alt=\"idea\" src=\"https:\/\/actitudpro.com\/wp-content\/uploads\/2013\/10\/idea1.png\" width=\"149\" height=\"99\" \/><\/h2>\n<h2>M\u00c0RQUETING<\/h2>\n<p>&nbsp;<\/p>\n<h3>L&#8217;objectiu d&#8217;ActitudPro en l&#8217;\u00e0mbit de M\u00e0rqueting \u00e9s potenciar l&#8217;\u00e8xit comercial, identificar oportunitats de negoci i donar suport en llan\u00e7aments mitjan\u00e7ant eines de m\u00e0rqueting estrat\u00e8gic i m\u00e0rqueting operatiu.<\/h3>\n","protected":false},"excerpt":{"rendered":"<p>M\u00c0RQUETING &nbsp; L&#8217;objectiu d&#8217;ActitudPro en l&#8217;\u00e0mbit de M\u00e0rqueting \u00e9s potenciar l&#8217;\u00e8xit comercial, identificar oportunitats de negoci i donar suport en llan\u00e7aments mitjan\u00e7ant eines de m\u00e0rqueting estrat\u00e8gic i m\u00e0rqueting operatiu.<\/p>\n","protected":false},"author":2,"featured_media":0,"parent":0,"menu_order":0,"comment_status":"open","ping_status":"closed","template":"templates\/twocolumns.php","meta":{"_acf_changed":false,"ngg_post_thumbnail":0,"footnotes":""},"class_list":["post-1298","page","type-page","status-publish","hentry"],"acf":[],"yoast_head":"<!-- This site is optimized with the Yoast SEO plugin v25.3.1 - https:\/\/yoast.com\/wordpress\/plugins\/seo\/ -->\n<title>M\u00e0rqueting - ActitudPro<\/title>\n<meta name=\"robots\" content=\"index, follow, max-snippet:-1, max-image-preview:large, max-video-preview:-1\" \/>\n<link rel=\"canonical\" href=\"https:\/\/actitudpro.com\/ca\/marqueting\/\" \/>\n<meta property=\"og:locale\" content=\"ca_ES\" \/>\n<meta property=\"og:type\" content=\"article\" \/>\n<meta property=\"og:title\" content=\"M\u00e0rqueting - ActitudPro\" \/>\n<meta property=\"og:description\" content=\"M\u00c0RQUETING &nbsp; L&#8217;objectiu d&#8217;ActitudPro en l&#8217;\u00e0mbit de M\u00e0rqueting \u00e9s potenciar l&#8217;\u00e8xit comercial, identificar oportunitats de negoci i donar suport en llan\u00e7aments mitjan\u00e7ant eines de m\u00e0rqueting estrat\u00e8gic i m\u00e0rqueting operatiu.\" \/>\n<meta property=\"og:url\" content=\"https:\/\/actitudpro.com\/ca\/marqueting\/\" \/>\n<meta property=\"og:site_name\" content=\"ActitudPro\" \/>\n<meta property=\"og:image\" content=\"http:\/\/actitudpro.com\/wp-content\/uploads\/2013\/10\/idea1.png\" \/>\n<script type=\"application\/ld+json\" class=\"yoast-schema-graph\">{\"@context\":\"https:\/\/schema.org\",\"@graph\":[{\"@type\":\"WebPage\",\"@id\":\"https:\/\/actitudpro.com\/ca\/marqueting\/\",\"url\":\"https:\/\/actitudpro.com\/ca\/marqueting\/\",\"name\":\"M\u00e0rqueting - ActitudPro\",\"isPartOf\":{\"@id\":\"https:\/\/actitudpro.com\/#website\"},\"primaryImageOfPage\":{\"@id\":\"https:\/\/actitudpro.com\/ca\/marqueting\/#primaryimage\"},\"image\":{\"@id\":\"https:\/\/actitudpro.com\/ca\/marqueting\/#primaryimage\"},\"thumbnailUrl\":\"http:\/\/actitudpro.com\/wp-content\/uploads\/2013\/10\/idea1.png\",\"datePublished\":\"2014-07-29T10:51:38+00:00\",\"breadcrumb\":{\"@id\":\"https:\/\/actitudpro.com\/ca\/marqueting\/#breadcrumb\"},\"inLanguage\":\"ca\",\"potentialAction\":[{\"@type\":\"ReadAction\",\"target\":[\"https:\/\/actitudpro.com\/ca\/marqueting\/\"]}]},{\"@type\":\"ImageObject\",\"inLanguage\":\"ca\",\"@id\":\"https:\/\/actitudpro.com\/ca\/marqueting\/#primaryimage\",\"url\":\"http:\/\/actitudpro.com\/wp-content\/uploads\/2013\/10\/idea1.png\",\"contentUrl\":\"http:\/\/actitudpro.com\/wp-content\/uploads\/2013\/10\/idea1.png\"},{\"@type\":\"BreadcrumbList\",\"@id\":\"https:\/\/actitudpro.com\/ca\/marqueting\/#breadcrumb\",\"itemListElement\":[{\"@type\":\"ListItem\",\"position\":1,\"name\":\"Portada\",\"item\":\"https:\/\/actitudpro.com\/ca\/\"},{\"@type\":\"ListItem\",\"position\":2,\"name\":\"M\u00e0rqueting\"}]},{\"@type\":\"WebSite\",\"@id\":\"https:\/\/actitudpro.com\/#website\",\"url\":\"https:\/\/actitudpro.com\/\",\"name\":\"ActitudPro\",\"description\":\"Attitude for growth\",\"publisher\":{\"@id\":\"https:\/\/actitudpro.com\/#organization\"},\"potentialAction\":[{\"@type\":\"SearchAction\",\"target\":{\"@type\":\"EntryPoint\",\"urlTemplate\":\"https:\/\/actitudpro.com\/?s={search_term_string}\"},\"query-input\":{\"@type\":\"PropertyValueSpecification\",\"valueRequired\":true,\"valueName\":\"search_term_string\"}}],\"inLanguage\":\"ca\"},{\"@type\":\"Organization\",\"@id\":\"https:\/\/actitudpro.com\/#organization\",\"name\":\"ActitudPro\",\"url\":\"https:\/\/actitudpro.com\/\",\"logo\":{\"@type\":\"ImageObject\",\"inLanguage\":\"ca\",\"@id\":\"https:\/\/actitudpro.com\/#\/schema\/logo\/image\/\",\"url\":\"http:\/\/actitudpro.com\/wp-content\/uploads\/2017\/07\/logo.jpg\",\"contentUrl\":\"http:\/\/actitudpro.com\/wp-content\/uploads\/2017\/07\/logo.jpg\",\"width\":307,\"height\":70,\"caption\":\"ActitudPro\"},\"image\":{\"@id\":\"https:\/\/actitudpro.com\/#\/schema\/logo\/image\/\"}}]}<\/script>\n<!-- \/ Yoast SEO plugin. -->","yoast_head_json":{"title":"M\u00e0rqueting - ActitudPro","robots":{"index":"index","follow":"follow","max-snippet":"max-snippet:-1","max-image-preview":"max-image-preview:large","max-video-preview":"max-video-preview:-1"},"canonical":"https:\/\/actitudpro.com\/ca\/marqueting\/","og_locale":"ca_ES","og_type":"article","og_title":"M\u00e0rqueting - ActitudPro","og_description":"M\u00c0RQUETING &nbsp; L&#8217;objectiu d&#8217;ActitudPro en l&#8217;\u00e0mbit de M\u00e0rqueting \u00e9s potenciar l&#8217;\u00e8xit comercial, identificar oportunitats de negoci i donar suport en llan\u00e7aments mitjan\u00e7ant eines de m\u00e0rqueting estrat\u00e8gic i m\u00e0rqueting operatiu.","og_url":"https:\/\/actitudpro.com\/ca\/marqueting\/","og_site_name":"ActitudPro","og_image":[{"url":"http:\/\/actitudpro.com\/wp-content\/uploads\/2013\/10\/idea1.png","type":"","width":"","height":""}],"schema":{"@context":"https:\/\/schema.org","@graph":[{"@type":"WebPage","@id":"https:\/\/actitudpro.com\/ca\/marqueting\/","url":"https:\/\/actitudpro.com\/ca\/marqueting\/","name":"M\u00e0rqueting - ActitudPro","isPartOf":{"@id":"https:\/\/actitudpro.com\/#website"},"primaryImageOfPage":{"@id":"https:\/\/actitudpro.com\/ca\/marqueting\/#primaryimage"},"image":{"@id":"https:\/\/actitudpro.com\/ca\/marqueting\/#primaryimage"},"thumbnailUrl":"http:\/\/actitudpro.com\/wp-content\/uploads\/2013\/10\/idea1.png","datePublished":"2014-07-29T10:51:38+00:00","breadcrumb":{"@id":"https:\/\/actitudpro.com\/ca\/marqueting\/#breadcrumb"},"inLanguage":"ca","potentialAction":[{"@type":"ReadAction","target":["https:\/\/actitudpro.com\/ca\/marqueting\/"]}]},{"@type":"ImageObject","inLanguage":"ca","@id":"https:\/\/actitudpro.com\/ca\/marqueting\/#primaryimage","url":"http:\/\/actitudpro.com\/wp-content\/uploads\/2013\/10\/idea1.png","contentUrl":"http:\/\/actitudpro.com\/wp-content\/uploads\/2013\/10\/idea1.png"},{"@type":"BreadcrumbList","@id":"https:\/\/actitudpro.com\/ca\/marqueting\/#breadcrumb","itemListElement":[{"@type":"ListItem","position":1,"name":"Portada","item":"https:\/\/actitudpro.com\/ca\/"},{"@type":"ListItem","position":2,"name":"M\u00e0rqueting"}]},{"@type":"WebSite","@id":"https:\/\/actitudpro.com\/#website","url":"https:\/\/actitudpro.com\/","name":"ActitudPro","description":"Attitude for growth","publisher":{"@id":"https:\/\/actitudpro.com\/#organization"},"potentialAction":[{"@type":"SearchAction","target":{"@type":"EntryPoint","urlTemplate":"https:\/\/actitudpro.com\/?s={search_term_string}"},"query-input":{"@type":"PropertyValueSpecification","valueRequired":true,"valueName":"search_term_string"}}],"inLanguage":"ca"},{"@type":"Organization","@id":"https:\/\/actitudpro.com\/#organization","name":"ActitudPro","url":"https:\/\/actitudpro.com\/","logo":{"@type":"ImageObject","inLanguage":"ca","@id":"https:\/\/actitudpro.com\/#\/schema\/logo\/image\/","url":"http:\/\/actitudpro.com\/wp-content\/uploads\/2017\/07\/logo.jpg","contentUrl":"http:\/\/actitudpro.com\/wp-content\/uploads\/2017\/07\/logo.jpg","width":307,"height":70,"caption":"ActitudPro"},"image":{"@id":"https:\/\/actitudpro.com\/#\/schema\/logo\/image\/"}}]}},"_links":{"self":[{"href":"https:\/\/actitudpro.com\/ca\/wp-json\/wp\/v2\/pages\/1298","targetHints":{"allow":["GET"]}}],"collection":[{"href":"https:\/\/actitudpro.com\/ca\/wp-json\/wp\/v2\/pages"}],"about":[{"href":"https:\/\/actitudpro.com\/ca\/wp-json\/wp\/v2\/types\/page"}],"author":[{"embeddable":true,"href":"https:\/\/actitudpro.com\/ca\/wp-json\/wp\/v2\/users\/2"}],"replies":[{"embeddable":true,"href":"https:\/\/actitudpro.com\/ca\/wp-json\/wp\/v2\/comments?post=1298"}],"version-history":[{"count":1,"href":"https:\/\/actitudpro.com\/ca\/wp-json\/wp\/v2\/pages\/1298\/revisions"}],"predecessor-version":[{"id":1299,"href":"https:\/\/actitudpro.com\/ca\/wp-json\/wp\/v2\/pages\/1298\/revisions\/1299"}],"wp:attachment":[{"href":"https:\/\/actitudpro.com\/ca\/wp-json\/wp\/v2\/media?parent=1298"}],"curies":[{"name":"wp","href":"https:\/\/api.w.org\/{rel}","templated":true}]}}